{"id":1522,"date":"2022-07-10T17:08:55","date_gmt":"2022-07-10T20:08:55","guid":{"rendered":"http:\/\/fotodoc.com.br\/?page_id=1522"},"modified":"2025-02-09T12:05:39","modified_gmt":"2025-02-09T15:05:39","slug":"panamericana","status":"publish","type":"page","link":"https:\/\/fotodoc.com.br\/en\/panamericana\/","title":{"rendered":"Panamericana"},"content":{"rendered":"<div class=\"wpb-content-wrapper\"><p>[vc_row][vc_column][vc_single_image image=&#8221;1323&#8243; img_size=&#8221;full&#8221; add_caption=&#8221;yes&#8221; alignment=&#8221;center&#8221; onclick=&#8221;link_image&#8221;][vc_empty_space height=&#8221;20px&#8221;][vc_single_image image=&#8221;1333&#8243; img_size=&#8221;medium&#8221; css=&#8221;.vc_custom_1657150732673{padding-left: 30px !important;}&#8221;][vc_column_text css=&#8221;.vc_custom_1739113187197{padding-right: 30px !important;padding-left: 30px !important;}&#8221;]<\/p>\n<h1>Festival de Fotografia Documental<\/h1>\n<h3>De 4 a 8 de novembro de 2025<br \/>\nExposi\u00e7\u00f5es abertas at\u00e9 10 de janeiro de 2026<br \/>\nS\u00e3o Paulo (SP)<\/h3>\n<p>[\/vc_column_text][vc_column_text css=&#8221;.vc_custom_1657565556918{padding-right: 30px !important;padding-left: 30px !important;}&#8221;]<\/p>\n<h3 class=\"p1\"><em><span class=\"s1\"><b>PANAMERICANA ESCOLA DE ARTE E DESIGN<\/b><\/span><\/em><\/h3>\n<h4 class=\"p3\"><span class=\"s2\">A vontade de ser a mais importante e moderna Escola de Arte e Design foi o que motivou a Panamericana a abrir suas portas em 7 de abril de 1963. E, logo no in\u00edcio, mantendo sua voca\u00e7\u00e3o para o pioneirismo, nasceu aquela que seria considerada a primeira e \u00fanica Escola de Cria\u00e7\u00e3o Profissional do Brasil.<\/span><\/h4>\n<h4 class=\"p3\"><span class=\"s2\">Usando os mais modernos m\u00e9todos pedag\u00f3gicos, a Panamericana recebeu e formou ao longo dos anos profissionais que se destacam nas \u00e1reas de Artes Pl\u00e1sticas, Fotografia, Design de Interiores, Publicidade e Cria\u00e7\u00e3o, Design Gr\u00e1fico, Design Digital, Design de Moda e Design de Anima\u00e7\u00e3o e Games. <\/span><\/h4>\n<h4 class=\"p3\"><span class=\"s2\">A Panamericana est\u00e1 sediada no bairro de Higien\u00f3polis, pr\u00f3ximo \u00e0s principais atra\u00e7\u00f5es culturais da cidade. Seu pr\u00e9dio \u00e9 um verdadeiro marco da arquitetura e design de S\u00e3o Paulo. N\u00e3o \u00e9 exagero nenhum dizer que, hoje, a hist\u00f3ria da Panamericana se confunde com a hist\u00f3ria do criador profissional brasileiro.<span class=\"Apple-converted-space\">\u00a0<\/span><\/span><\/h4>\n<p>[\/vc_column_text]<div  class=\"jeg_block_heading jeg_block_heading_9 jeg_alignleft jnews_module__0_69d04d2abb282   \">\n                <h3 class=\"jeg_block_title\"><span>ENDERE\u00c7O PANAMERICANA<\/span><\/h3>\n                \n            <\/div>[vc_column_text css=&#8221;.vc_custom_1657565568844{padding-right: 30px !important;padding-left: 30px !important;}&#8221;]<\/p>\n<h4>Av. Ang\u00e9lica, 1900 &#8211; Higien\u00f3polis<br \/>\nS\u00e3o Paulo &#8211; SP<br \/>\nCEP 01228-200<\/h4>\n<p>[\/vc_column_text][vc_gmaps link=&#8221;#E-8_JTNDaWZyYW1lJTIwc3JjJTNEJTIyaHR0cHMlM0ElMkYlMkZ3d3cuZ29vZ2xlLmNvbSUyRm1hcHMlMkZlbWJlZCUzRnBiJTNEJTIxMW0xOCUyMTFtMTIlMjExbTMlMjExZDM2NTcuNTQxMjI4NjY3MzEyNyUyMTJkLTQ2LjY2MTgwOTk4NDc5NzE4JTIxM2QtMjMuNTQ4OTk3NTY3MDIxNDY2JTIxMm0zJTIxMWYwJTIxMmYwJTIxM2YwJTIxM20yJTIxMWkxMDI0JTIxMmk3NjglMjE0ZjEzLjElMjEzbTMlMjExbTIlMjExczB4OTRjZTU4MzA0OGEzMGQ2ZCUyNTNBMHg5MDdiNTY3Y2JiYmQwY2U2JTIxMnNQYW5hbWVyaWNhbmElMjUyMEVzY29sYSUyNTIwZGUlMjUyMEFydGUlMjUyMGUlMjUyMERlc2lnbiUyMTVlMCUyMTNtMiUyMTFzZW4lMjEyc2JyJTIxNHYxNjU3NDgzNTQ2MjUyJTIxNW0yJTIxMXNlbiUyMTJzYnIlMjIlMjB3aWR0aCUzRCUyMjYwMCUyMiUyMGhlaWdodCUzRCUyMjQ1MCUyMiUyMHN0eWxlJTNEJTIyYm9yZGVyJTNBMCUzQiUyMiUyMGFsbG93ZnVsbHNjcmVlbiUzRCUyMiUyMiUyMGxvYWRpbmclM0QlMjJsYXp5JTIyJTIwcmVmZXJyZXJwb2xpY3klM0QlMjJuby1yZWZlcnJlci13aGVuLWRvd25ncmFkZSUyMiUzRSUzQyUyRmlmcmFtZSUzRQ==&#8221;][vc_separator][vc_empty_space height=&#8221;20px&#8221;]<div  class='jeg_ad jeg_ad_module jnews_module__1_69d04d2abb730   '><div class='ads-wrapper'><a href='https:\/\/fotodoc.com.br\/premio\/' aria-label=\"Visit advertisement link\" target='_self' rel=\"noopener\" class='adlink ads_image '>\n\t\t\t\t\t\t\t\t<img width=\"1920\" height=\"1195\" src='data:image\/gif;base64,R0lGODlhAQABAIAAAP\/\/\/wAAACH5BAEAAAAALAAAAAABAAEAAAICRAEAOw==' class='lazyload' data-src='https:\/\/fotodoc.com.br\/wp-content\/uploads\/2024\/11\/Premio-Portfolio-Fotodoc-2025-INSCRICOES-ABERTAS.jpg' alt='' data-pin-no-hover=\"true\">\n\t\t\t\t\t\t\t<\/a><a href='https:\/\/fotodoc.com.br\/premio\/' aria-label=\"Visit advertisement link\" target='_self' rel=\"noopener\" class='adlink ads_image_tablet '>\n\t\t\t\t\t\t\t\t<img width=\"1920\" height=\"1195\" src='data:image\/gif;base64,R0lGODlhAQABAIAAAP\/\/\/wAAACH5BAEAAAAALAAAAAABAAEAAAICRAEAOw==' class='lazyload' data-src='https:\/\/fotodoc.com.br\/wp-content\/uploads\/2024\/11\/Premio-Portfolio-Fotodoc-2025-INSCRICOES-ABERTAS.jpg' alt='' data-pin-no-hover=\"true\">\n\t\t\t\t\t\t\t<\/a><a href='https:\/\/fotodoc.com.br\/premio\/' aria-label=\"Visit advertisement link\" target='_self' rel=\"noopener\" class='adlink ads_image_phone '>\n\t\t\t\t\t\t\t\t<img width=\"1920\" height=\"1195\" src='data:image\/gif;base64,R0lGODlhAQABAIAAAP\/\/\/wAAACH5BAEAAAAALAAAAAABAAEAAAICRAEAOw==' class='lazyload' data-src='https:\/\/fotodoc.com.br\/wp-content\/uploads\/2024\/11\/Premio-Portfolio-Fotodoc-2025-INSCRICOES-ABERTAS.jpg' alt='' data-pin-no-hover=\"true\">\n\t\t\t\t\t\t\t<\/a><\/div><\/div>[vc_row_inner][vc_column_inner][vc_empty_space height=&#8221;20px&#8221;]<div  class=\"jeg_block_heading jeg_block_heading_9 jeg_alignleft jnews_module__2_69d04d2abbb82   \">\n                <h3 class=\"jeg_block_title\"><span>HIST\u00d3RICO FESTIVAL FOTODOC<\/span><\/h3>\n                \n            <\/div>[\/vc_column_inner][\/vc_row_inner][vc_row_inner][vc_column_inner width=&#8221;1\/2&#8243;][vc_single_image image=&#8221;17988&#8243; img_size=&#8221;full&#8221; onclick=&#8221;custom_link&#8221; css=&#8221;&#8221; link=&#8221;https:\/\/fotodoc.com.br\/festival&#8221;][\/vc_column_inner][vc_column_inner width=&#8221;1\/2&#8243;][vc_column_text]<\/p>\n<h2><span style=\"color: #000000;\"><a style=\"color: #000000;\" href=\"https:\/\/fotodoc.com.br\/festival\"><strong>Festival FotoDoc 2024<\/strong><\/a><\/span><\/h2>\n<p>[\/vc_column_text][vc_column_text]<\/p>\n<h4><span style=\"color: #000000;\"><a style=\"color: #000000;\" href=\"https:\/\/fotodoc.com.br\/festival\/\"><strong>Na era da intelig\u00eancia artificial, nunca foi t\u00e3o necess\u00e1rio debru\u00e7ar-se sobre o real.<\/strong> Em sua terceira edi\u00e7\u00e3o, o Festival FotoDoc prop\u00f5e-se a debater os desdobramentos trazidos com as novas tecnologias para o campo da fotografia documental.<\/a><\/span><\/h4>\n<p>[\/vc_column_text][\/vc_column_inner][\/vc_row_inner][vc_separator][vc_row_inner][vc_column_inner width=&#8221;1\/2&#8243;][vc_single_image image=&#8221;7611&#8243; img_size=&#8221;full&#8221; onclick=&#8221;custom_link&#8221; link=&#8221;https:\/\/fotodoc.com.br\/festival-2023\/&#8221;][\/vc_column_inner][vc_column_inner width=&#8221;1\/2&#8243;][vc_column_text]<\/p>\n<h2><span style=\"color: #000000;\"><a style=\"color: #000000;\" href=\"https:\/\/fotodoc.com.br\/festival-2023\/\"><strong>Festival FotoDoc 2023<\/strong><\/a><\/span><\/h2>\n<p>[\/vc_column_text][vc_column_text]<\/p>\n<h4><span style=\"color: #000000;\"><a style=\"color: #000000;\" href=\"https:\/\/fotodoc.com.br\/festival-2023\/\"><strong><em>Centro perif\u00e9rico<\/em><\/strong> &#8211; O Festival FotoDoc est\u00e1 sediado em S\u00e3o Paulo (SP), maior metr\u00f3pole e centro econ\u00f4mico de um pa\u00eds perif\u00e9rico. \u00c9 desde esse ponto de vista que se prop\u00f4s a discutir as rela\u00e7\u00f5es entre centro e periferia<\/a><\/span><\/h4>\n<p>[\/vc_column_text][\/vc_column_inner][\/vc_row_inner][vc_separator][vc_row_inner][vc_column_inner width=&#8221;1\/2&#8243;][vc_single_image image=&#8221;2154&#8243; img_size=&#8221;full&#8221; onclick=&#8221;custom_link&#8221; link=&#8221;https:\/\/fotodoc.com.br\/festival-2022\/&#8221;][\/vc_column_inner][vc_column_inner width=&#8221;1\/2&#8243;][vc_column_text]<\/p>\n<h2><span style=\"color: #000000;\"><a style=\"color: #000000;\" href=\"https:\/\/fotodoc.com.br\/festival-2022\/\"><strong>Festival FotoDoc 2022<\/strong><\/a><\/span><\/h2>\n<p>[\/vc_column_text][vc_column_text]<\/p>\n<h4><span style=\"color: #000000;\"><a style=\"color: #000000;\" href=\"https:\/\/fotodoc.com.br\/festival-2022\/\"><strong><em>No futuro p\u00f3s-pand\u00eamico, se \u00e9 que ele chegar\u00e1, um outro mundo \u00e9 poss\u00edvel?<\/em><\/strong> Essa \u00e9 a quest\u00e3o que lan\u00e7ou o FotoDoc \u2013 Festival de Fotografia Documental, em sua primeira edi\u00e7\u00e3o.<\/a><\/span><\/h4>\n<p>[\/vc_column_text][\/vc_column_inner][\/vc_row_inner][vc_separator][vc_row_inner][vc_column_inner][vc_empty_space height=&#8221;20px&#8221;]<div  class=\"jeg_block_heading jeg_block_heading_9 jeg_alignleft jnews_module__3_69d04d2abbbf2   \">\n                <h3 class=\"jeg_block_title\"><span>SOBRE O FESTIVAL<\/span><\/h3>\n                \n            <\/div>[\/vc_column_inner][\/vc_row_inner][vc_row_inner][vc_column_inner width=&#8221;1\/2&#8243;][vc_single_image image=&#8221;1322&#8243; img_size=&#8221;full&#8221; onclick=&#8221;custom_link&#8221; link=&#8221;http:\/\/fotodoc.com.br\/sobre\/&#8221;][\/vc_column_inner][vc_column_inner width=&#8221;1\/2&#8243;][vc_column_text]<\/p>\n<h2><span style=\"color: #000000;\"><a style=\"color: #000000;\" href=\"http:\/\/fotodoc.com.br\/sobre\/\"><strong>Festival de Fotografia Documental<\/strong><\/a><\/span><\/h2>\n<p>[\/vc_column_text][vc_column_text]<\/p>\n<h4><span style=\"color: #000000;\"><a style=\"color: #000000;\" href=\"http:\/\/fotodoc.com.br\/sobre\/\">Miss\u00e3o, hist\u00f3rico, equipe, contato, al\u00e9m de informa\u00e7\u00f5es pr\u00e1ticas sobre o Festival de Fotografia Documental<\/a><\/span><\/h4>\n<p>[\/vc_column_text][\/vc_column_inner][\/vc_row_inner][\/vc_column][\/vc_row][vc_row][vc_column][vc_empty_space height=&#8221;20px&#8221;][vc_separator][vc_empty_space height=&#8221;20px&#8221;][vc_raw_html css=&#8221;&#8221;]JTVCbmluamFfZm9ybSUyMGlkJTNEMSU1RA==[\/vc_raw_html][vc_empty_space height=&#8221;40px&#8221;][vc_separator][\/vc_column][\/vc_row]<\/p>\n<\/div>","protected":false},"excerpt":{"rendered":"<p>[vc_row][vc_column][vc_single_image image=&#8221;1323&#8243; img_size=&#8221;full&#8221; add_caption=&#8221;yes&#8221; alignment=&#8221;center&#8221; onclick=&#8221;link_image&#8221;][vc_empty_space height=&#8221;20px&#8221;][vc_single_image image=&#8221;1333&#8243; img_size=&#8221;medium&#8221; css=&#8221;.vc_custom_1657150732673{padding-left: 30px !important;}&#8221;][vc_column_text css=&#8221;.vc_custom_1739113187197{padding-right: 30px !important;padding-left: 30px !important;}&#8221;] Festival de Fotografia Documental De 4 a 8 de novembro de 2025 Exposi\u00e7\u00f5es abertas at\u00e9 10 de janeiro de 2026 S\u00e3o Paulo (SP) [\/vc_column_text][vc_column_text css=&#8221;.vc_custom_1657565556918{padding-right: 30px !important;padding-left: 30px !important;}&#8221;] PANAMERICANA ESCOLA DE ARTE E DESIGN A vontade de [&hellip;]<\/p>\n","protected":false},"author":2,"featured_media":1322,"parent":0,"menu_order":0,"comment_status":"closed","ping_status":"closed","template":"","meta":{"_acf_changed":false,"jnews_page_loop":{"enable_page_loop":"0","first_title":"Latest Post","second_title":"","header_type":"heading_6","header_background":"","header_text_color":"","layout":"right-sidebar","sidebar":"default-sidebar","second_sidebar":"default-sidebar","sticky_sidebar":"1","module":"3","boxed":"0","boxed_shadow":"0","box_shadow":"0","excerpt_length":"20","content_date":"default","date_custom":"Y\/m\/d","content_pagination":"nav_1","pagination_align":"center","show_navtext":"0","show_pageinfo":"0","post_offset":"0","posts_per_page":"5","include_post":"","exclude_post":"","include_category":"","exclude_category":"","include_author":"","include_tag":"","exclude_tag":"","sort_by":"latest","post_sticky":"0"},"jnews_single_page":{"layout":"no-sidebar","sidebar":"default-sidebar","second_sidebar":"default-sidebar","sticky_sidebar":"1","show_post_featured":"0","show_post_meta":"0","share_position":"hide","share_color":"share-monocrhome","show_post_title":"1","show_post_breadcrumbs":"1"},"jnews_social_meta":{"fb_title":"","fb_description":"","fb_image":"","twitter_title":"","twitter_description":"","twitter_image":""},"footnotes":""},"coauthors":[771],"class_list":["post-1522","page","type-page","status-publish","has-post-thumbnail","hentry"],"acf":[],"yoast_head":"<!-- This site is optimized with the Yoast SEO plugin v27.3 - https:\/\/yoast.com\/product\/yoast-seo-wordpress\/ -->\n<title>Panamericana - FotoDoc<\/title>\n<meta name=\"description\" content=\"PANAMERICANA ESCOLA DE ARTE E DESIGN - A vontade de ser a mais importante e moderna Escola de Arte e Design foi o que motivou a Panamericana a abrir suas portas em 7 de abril de 1963. E, logo no in\u00edcio, mantendo sua voca\u00e7\u00e3o para o pioneirismo, nasceu aquela que seria considerada a primeira e \u00fanica Escola de Cria\u00e7\u00e3o Profissional do Brasil.\" \/>\n<meta name=\"robots\" content=\"index, follow, max-snippet:-1, max-image-preview:large, max-video-preview:-1\" \/>\n<link rel=\"canonical\" href=\"https:\/\/fotodoc.com.br\/panamericana\/\" \/>\n<meta property=\"og:locale\" content=\"en_US\" \/>\n<meta property=\"og:type\" content=\"article\" \/>\n<meta property=\"og:title\" content=\"Panamericana - FotoDoc\" \/>\n<meta property=\"og:description\" content=\"PANAMERICANA ESCOLA DE ARTE E DESIGN - A vontade de ser a mais importante e moderna Escola de Arte e Design foi o que motivou a Panamericana a abrir suas portas em 7 de abril de 1963. E, logo no in\u00edcio, mantendo sua voca\u00e7\u00e3o para o pioneirismo, nasceu aquela que seria considerada a primeira e \u00fanica Escola de Cria\u00e7\u00e3o Profissional do Brasil.\" \/>\n<meta property=\"og:url\" content=\"https:\/\/fotodoc.com.br\/panamericana\/\" \/>\n<meta property=\"og:site_name\" content=\"FotoDoc\" \/>\n<meta property=\"article:publisher\" content=\"https:\/\/www.facebook.com\/festivalfotodoc\" \/>\n<meta property=\"article:modified_time\" content=\"2025-02-09T15:05:39+00:00\" \/>\n<meta property=\"og:image\" content=\"https:\/\/fotodoc.com.br\/wp-content\/uploads\/2022\/07\/logo_9120.jpg\" \/>\n\t<meta property=\"og:image:width\" content=\"1920\" \/>\n\t<meta property=\"og:image:height\" content=\"1080\" \/>\n\t<meta property=\"og:image:type\" content=\"image\/jpeg\" \/>\n<meta name=\"twitter:card\" content=\"summary_large_image\" \/>\n<meta name=\"twitter:label1\" content=\"Est. reading time\" \/>\n\t<meta name=\"twitter:data1\" content=\"5 minutes\" \/>\n\t<meta name=\"twitter:label2\" content=\"Written by\" \/>\n\t<meta name=\"twitter:data2\" content=\"FotoDoc\" \/>\n<script type=\"application\/ld+json\" class=\"yoast-schema-graph\">{\"@context\":\"https:\\\/\\\/schema.org\",\"@graph\":[{\"@type\":\"WebPage\",\"@id\":\"https:\\\/\\\/fotodoc.com.br\\\/panamericana\\\/\",\"url\":\"https:\\\/\\\/fotodoc.com.br\\\/panamericana\\\/\",\"name\":\"Panamericana - FotoDoc\",\"isPartOf\":{\"@id\":\"https:\\\/\\\/fotodoc.com.br\\\/#website\"},\"primaryImageOfPage\":{\"@id\":\"https:\\\/\\\/fotodoc.com.br\\\/panamericana\\\/#primaryimage\"},\"image\":{\"@id\":\"https:\\\/\\\/fotodoc.com.br\\\/panamericana\\\/#primaryimage\"},\"thumbnailUrl\":\"https:\\\/\\\/fotodoc.com.br\\\/wp-content\\\/uploads\\\/2022\\\/07\\\/logo_9120.jpg\",\"datePublished\":\"2022-07-10T20:08:55+00:00\",\"dateModified\":\"2025-02-09T15:05:39+00:00\",\"description\":\"PANAMERICANA ESCOLA DE ARTE E DESIGN - A vontade de ser a mais importante e moderna Escola de Arte e Design foi o que motivou a Panamericana a abrir suas portas em 7 de abril de 1963. E, logo no in\u00edcio, mantendo sua voca\u00e7\u00e3o para o pioneirismo, nasceu aquela que seria considerada a primeira e \u00fanica Escola de Cria\u00e7\u00e3o Profissional do Brasil.\",\"breadcrumb\":{\"@id\":\"https:\\\/\\\/fotodoc.com.br\\\/panamericana\\\/#breadcrumb\"},\"inLanguage\":\"en-US\",\"potentialAction\":[{\"@type\":\"ReadAction\",\"target\":[\"https:\\\/\\\/fotodoc.com.br\\\/panamericana\\\/\"]}]},{\"@type\":\"ImageObject\",\"inLanguage\":\"en-US\",\"@id\":\"https:\\\/\\\/fotodoc.com.br\\\/panamericana\\\/#primaryimage\",\"url\":\"https:\\\/\\\/fotodoc.com.br\\\/wp-content\\\/uploads\\\/2022\\\/07\\\/logo_9120.jpg\",\"contentUrl\":\"https:\\\/\\\/fotodoc.com.br\\\/wp-content\\\/uploads\\\/2022\\\/07\\\/logo_9120.jpg\",\"width\":1920,\"height\":1080},{\"@type\":\"BreadcrumbList\",\"@id\":\"https:\\\/\\\/fotodoc.com.br\\\/panamericana\\\/#breadcrumb\",\"itemListElement\":[{\"@type\":\"ListItem\",\"position\":1,\"name\":\"In\u00edcio\",\"item\":\"https:\\\/\\\/fotodoc.com.br\\\/en\\\/\"},{\"@type\":\"ListItem\",\"position\":2,\"name\":\"Panamericana\"}]},{\"@type\":\"WebSite\",\"@id\":\"https:\\\/\\\/fotodoc.com.br\\\/#website\",\"url\":\"https:\\\/\\\/fotodoc.com.br\\\/\",\"name\":\"FotoDoc\",\"description\":\"Festival de Fotografia Documental\",\"publisher\":{\"@id\":\"https:\\\/\\\/fotodoc.com.br\\\/#organization\"},\"potentialAction\":[{\"@type\":\"SearchAction\",\"target\":{\"@type\":\"EntryPoint\",\"urlTemplate\":\"https:\\\/\\\/fotodoc.com.br\\\/?s={search_term_string}\"},\"query-input\":{\"@type\":\"PropertyValueSpecification\",\"valueRequired\":true,\"valueName\":\"search_term_string\"}}],\"inLanguage\":\"en-US\"},{\"@type\":\"Organization\",\"@id\":\"https:\\\/\\\/fotodoc.com.br\\\/#organization\",\"name\":\"Festival Fotodoc\",\"url\":\"https:\\\/\\\/fotodoc.com.br\\\/\",\"logo\":{\"@type\":\"ImageObject\",\"inLanguage\":\"en-US\",\"@id\":\"https:\\\/\\\/fotodoc.com.br\\\/#\\\/schema\\\/logo\\\/image\\\/\",\"url\":\"https:\\\/\\\/fotodoc.com.br\\\/wp-content\\\/uploads\\\/2022\\\/03\\\/FotoDoc-224px.png\",\"contentUrl\":\"https:\\\/\\\/fotodoc.com.br\\\/wp-content\\\/uploads\\\/2022\\\/03\\\/FotoDoc-224px.png\",\"width\":224,\"height\":90,\"caption\":\"Festival Fotodoc\"},\"image\":{\"@id\":\"https:\\\/\\\/fotodoc.com.br\\\/#\\\/schema\\\/logo\\\/image\\\/\"},\"sameAs\":[\"https:\\\/\\\/www.facebook.com\\\/festivalfotodoc\",\"https:\\\/\\\/www.instagram.com\\\/festivalfotodoc\\\/\"]}]}<\/script>\n<!-- \/ Yoast SEO plugin. -->","yoast_head_json":{"title":"Panamericana - FotoDoc","description":"PANAMERICANA ESCOLA DE ARTE E DESIGN - A vontade de ser a mais importante e moderna Escola de Arte e Design foi o que motivou a Panamericana a abrir suas portas em 7 de abril de 1963. E, logo no in\u00edcio, mantendo sua voca\u00e7\u00e3o para o pioneirismo, nasceu aquela que seria considerada a primeira e \u00fanica Escola de Cria\u00e7\u00e3o Profissional do Brasil.","robots":{"index":"index","follow":"follow","max-snippet":"max-snippet:-1","max-image-preview":"max-image-preview:large","max-video-preview":"max-video-preview:-1"},"canonical":"https:\/\/fotodoc.com.br\/panamericana\/","og_locale":"en_US","og_type":"article","og_title":"Panamericana - FotoDoc","og_description":"PANAMERICANA ESCOLA DE ARTE E DESIGN - A vontade de ser a mais importante e moderna Escola de Arte e Design foi o que motivou a Panamericana a abrir suas portas em 7 de abril de 1963. E, logo no in\u00edcio, mantendo sua voca\u00e7\u00e3o para o pioneirismo, nasceu aquela que seria considerada a primeira e \u00fanica Escola de Cria\u00e7\u00e3o Profissional do Brasil.","og_url":"https:\/\/fotodoc.com.br\/panamericana\/","og_site_name":"FotoDoc","article_publisher":"https:\/\/www.facebook.com\/festivalfotodoc","article_modified_time":"2025-02-09T15:05:39+00:00","og_image":[{"width":1920,"height":1080,"url":"https:\/\/fotodoc.com.br\/wp-content\/uploads\/2022\/07\/logo_9120.jpg","type":"image\/jpeg"}],"twitter_card":"summary_large_image","twitter_misc":{"Est. reading time":"5 minutes","Written by":"FotoDoc"},"schema":{"@context":"https:\/\/schema.org","@graph":[{"@type":"WebPage","@id":"https:\/\/fotodoc.com.br\/panamericana\/","url":"https:\/\/fotodoc.com.br\/panamericana\/","name":"Panamericana - FotoDoc","isPartOf":{"@id":"https:\/\/fotodoc.com.br\/#website"},"primaryImageOfPage":{"@id":"https:\/\/fotodoc.com.br\/panamericana\/#primaryimage"},"image":{"@id":"https:\/\/fotodoc.com.br\/panamericana\/#primaryimage"},"thumbnailUrl":"https:\/\/fotodoc.com.br\/wp-content\/uploads\/2022\/07\/logo_9120.jpg","datePublished":"2022-07-10T20:08:55+00:00","dateModified":"2025-02-09T15:05:39+00:00","description":"PANAMERICANA ESCOLA DE ARTE E DESIGN - A vontade de ser a mais importante e moderna Escola de Arte e Design foi o que motivou a Panamericana a abrir suas portas em 7 de abril de 1963. E, logo no in\u00edcio, mantendo sua voca\u00e7\u00e3o para o pioneirismo, nasceu aquela que seria considerada a primeira e \u00fanica Escola de Cria\u00e7\u00e3o Profissional do Brasil.","breadcrumb":{"@id":"https:\/\/fotodoc.com.br\/panamericana\/#breadcrumb"},"inLanguage":"en-US","potentialAction":[{"@type":"ReadAction","target":["https:\/\/fotodoc.com.br\/panamericana\/"]}]},{"@type":"ImageObject","inLanguage":"en-US","@id":"https:\/\/fotodoc.com.br\/panamericana\/#primaryimage","url":"https:\/\/fotodoc.com.br\/wp-content\/uploads\/2022\/07\/logo_9120.jpg","contentUrl":"https:\/\/fotodoc.com.br\/wp-content\/uploads\/2022\/07\/logo_9120.jpg","width":1920,"height":1080},{"@type":"BreadcrumbList","@id":"https:\/\/fotodoc.com.br\/panamericana\/#breadcrumb","itemListElement":[{"@type":"ListItem","position":1,"name":"In\u00edcio","item":"https:\/\/fotodoc.com.br\/en\/"},{"@type":"ListItem","position":2,"name":"Panamericana"}]},{"@type":"WebSite","@id":"https:\/\/fotodoc.com.br\/#website","url":"https:\/\/fotodoc.com.br\/","name":"FotoDoc","description":"Festival de Fotografia Documental","publisher":{"@id":"https:\/\/fotodoc.com.br\/#organization"},"potentialAction":[{"@type":"SearchAction","target":{"@type":"EntryPoint","urlTemplate":"https:\/\/fotodoc.com.br\/?s={search_term_string}"},"query-input":{"@type":"PropertyValueSpecification","valueRequired":true,"valueName":"search_term_string"}}],"inLanguage":"en-US"},{"@type":"Organization","@id":"https:\/\/fotodoc.com.br\/#organization","name":"Festival Fotodoc","url":"https:\/\/fotodoc.com.br\/","logo":{"@type":"ImageObject","inLanguage":"en-US","@id":"https:\/\/fotodoc.com.br\/#\/schema\/logo\/image\/","url":"https:\/\/fotodoc.com.br\/wp-content\/uploads\/2022\/03\/FotoDoc-224px.png","contentUrl":"https:\/\/fotodoc.com.br\/wp-content\/uploads\/2022\/03\/FotoDoc-224px.png","width":224,"height":90,"caption":"Festival Fotodoc"},"image":{"@id":"https:\/\/fotodoc.com.br\/#\/schema\/logo\/image\/"},"sameAs":["https:\/\/www.facebook.com\/festivalfotodoc","https:\/\/www.instagram.com\/festivalfotodoc\/"]}]}},"_links":{"self":[{"href":"https:\/\/fotodoc.com.br\/en\/wp-json\/wp\/v2\/pages\/1522","targetHints":{"allow":["GET"]}}],"collection":[{"href":"https:\/\/fotodoc.com.br\/en\/wp-json\/wp\/v2\/pages"}],"about":[{"href":"https:\/\/fotodoc.com.br\/en\/wp-json\/wp\/v2\/types\/page"}],"author":[{"embeddable":true,"href":"https:\/\/fotodoc.com.br\/en\/wp-json\/wp\/v2\/users\/2"}],"replies":[{"embeddable":true,"href":"https:\/\/fotodoc.com.br\/en\/wp-json\/wp\/v2\/comments?post=1522"}],"version-history":[{"count":18,"href":"https:\/\/fotodoc.com.br\/en\/wp-json\/wp\/v2\/pages\/1522\/revisions"}],"predecessor-version":[{"id":33195,"href":"https:\/\/fotodoc.com.br\/en\/wp-json\/wp\/v2\/pages\/1522\/revisions\/33195"}],"wp:featuredmedia":[{"embeddable":true,"href":"https:\/\/fotodoc.com.br\/en\/wp-json\/wp\/v2\/media\/1322"}],"wp:attachment":[{"href":"https:\/\/fotodoc.com.br\/en\/wp-json\/wp\/v2\/media?parent=1522"}],"wp:term":[{"taxonomy":"author","embeddable":true,"href":"https:\/\/fotodoc.com.br\/en\/wp-json\/wp\/v2\/coauthors?post=1522"}],"curies":[{"name":"wp","href":"https:\/\/api.w.org\/{rel}","templated":true}]}}