{"id":17675,"date":"2024-09-08T15:04:16","date_gmt":"2024-09-08T18:04:16","guid":{"rendered":"https:\/\/fotodoc.com.br\/?page_id=17675"},"modified":"2024-12-17T18:12:31","modified_gmt":"2024-12-17T21:12:31","slug":"artescambo-2024","status":"publish","type":"page","link":"https:\/\/fotodoc.com.br\/en\/artescambo-2024\/","title":{"rendered":"Artescambo 2024"},"content":{"rendered":"<div class=\"wpb-content-wrapper\"><p>[vc_row][vc_column][vc_single_image image=&#8221;17695&#8243; img_size=&#8221;full&#8221; add_caption=&#8221;yes&#8221; alignment=&#8221;center&#8221;][vc_empty_space height=&#8221;20px&#8221;][vc_single_image image=&#8221;1333&#8243; img_size=&#8221;medium&#8221; css=&#8221;.vc_custom_1657150732673{padding-left: 30px !important;}&#8221;][vc_column_text css=&#8221;.vc_custom_1725815832971{padding-right: 30px !important;padding-left: 30px !important;}&#8221;]<\/p>\n<h1>Festival de Fotografia Documental<\/h1>\n<h3>De 26 a 30 de novembro de 2024<br \/>\n<a href=\"https:\/\/fotodoc.com.br\/panamericana\/\" target=\"_blank\" rel=\"noopener\"><span style=\"color: #000000;\">Panamericana Escola de Arte e Design<\/span><\/a><br \/>\nS\u00e3o Paulo (SP)<\/h3>\n<p>[\/vc_column_text][vc_column_text css=&#8221;.vc_custom_1734469950633{padding-right: 30px !important;padding-left: 30px !important;}&#8221;]<\/p>\n<h2 class=\"p1\"><em><span class=\"s1\"><b>ARTESCAMBO 2024<\/b><\/span><\/em><\/h2>\n<h3>Atividade dedicada \u00e0 <strong>troca cega de tiragens fotogr\u00e1ficas, ilustra\u00e7\u00f5es e gravuras<\/strong> entre os participantes do festival, com a presen\u00e7a tamb\u00e9m de artistas convidados. Al\u00e9m de ser uma atividade de confraterniza\u00e7\u00e3o, trata-se de um est\u00edmulo ao colecionismo e ao interc\u00e2mbio entre artistas.<\/h3>\n<h3>Aconteceu no <strong>s\u00e1bado, dia 30 de novembro, das 14h \u00e0s 16h<\/strong>, na cobertura da Escola, marcando o encerramento do festival. N\u00e3o era necess\u00e1rio fazer inscri\u00e7\u00e3o pr\u00e9via, bastava chegar com as tiragens.<\/h3>\n<h3>As tiragens deviam estar em formato A3. O participante entregava de 1 a 3 tiragens e recebia o n\u00famero correspondente de vouchers. Com os vouchers, ele podia retirar tiragens escolhidas no painel. A autoria das imagens s\u00f3 foi revelada ao final.<b><\/b><\/h3>\n<p>[\/vc_column_text][vc_empty_space]<div  class=\"jeg_block_heading jeg_block_heading_9 jeg_alignleft jnews_module__0_69d038a38a151   \">\n                <h3 class=\"jeg_block_title\"><span>OUTRAS ATIVIDADES DO FOTODOC 2024<\/span><\/h3>\n                \n            <\/div>[vc_row_inner][vc_column_inner width=&#8221;1\/2&#8243;][vc_single_image image=&#8221;17679&#8243; img_size=&#8221;1920&#215;1280&#8243; onclick=&#8221;custom_link&#8221; link=&#8221;http:\/\/fotodoc.com.br\/workshops-2024\/&#8221;][vc_column_text]<\/p>\n<h2><span style=\"color: #000000;\"><a style=\"color: #000000;\" href=\"http:\/\/fotodoc.com.br\/workshops-2024\/\"><strong>Workshops<\/strong><\/a><\/span><\/h2>\n<p>[\/vc_column_text][vc_column_text]<\/p>\n<h4><span style=\"color: #000000;\"><a style=\"color: #000000;\" href=\"http:\/\/fotodoc.com.br\/workshops-2024\/\">Cursos voltados \u00e0 forma\u00e7\u00e3o pr\u00e1tica, t\u00e9cnica para fot\u00f3grafos profissionais e amadores avan\u00e7ados<\/a><\/span><\/h4>\n<p>[\/vc_column_text][vc_separator][vc_single_image image=&#8221;17681&#8243; img_size=&#8221;1920&#215;1280&#8243; onclick=&#8221;custom_link&#8221; link=&#8221;http:\/\/fotodoc.com.br\/encontros-2024\/&#8221;][vc_column_text]<\/p>\n<h2><strong><span style=\"color: #000000;\"><a style=\"color: #000000;\" href=\"http:\/\/fotodoc.com.br\/encontros-2024\/\">Encontros<\/a><\/span><\/strong><\/h2>\n<p>[\/vc_column_text][vc_column_text]<\/p>\n<h4><span style=\"color: #000000;\"><a style=\"color: #000000;\" href=\"http:\/\/fotodoc.com.br\/encontros-2024\/\">Encontros memor\u00e1veis de grandes nomes da fotografia, dois pontos de vista mediados por um entrevistador<\/a><\/span><\/h4>\n<p>[\/vc_column_text][vc_separator][vc_single_image image=&#8221;17683&#8243; img_size=&#8221;1920&#215;1280&#8243; onclick=&#8221;custom_link&#8221; link=&#8221;http:\/\/fotodoc.com.br\/livraria-2024\/&#8221;][vc_column_text]<\/p>\n<h2><span style=\"color: #000000;\"><a style=\"color: #000000;\" href=\"http:\/\/fotodoc.com.br\/livraria-2024\/\"><strong>Livraria<\/strong><\/a><\/span><\/h2>\n<p>[\/vc_column_text][vc_column_text]<\/p>\n<h4><span style=\"color: #000000;\"><a style=\"color: #000000;\" href=\"http:\/\/fotodoc.com.br\/livraria-2024\/\">Acervo de livros de fotografia e artes, espa\u00e7o para editores e fot\u00f3grafos promoverem lan\u00e7amentos e sess\u00f5es de aut\u00f3grafo<\/a><\/span><\/h4>\n<p>[\/vc_column_text][vc_separator][\/vc_column_inner][vc_column_inner width=&#8221;1\/2&#8243;][vc_single_image image=&#8221;17680&#8243; img_size=&#8221;1920&#215;1280&#8243; onclick=&#8221;custom_link&#8221; link=&#8221;https:\/\/fotodoc.com.br\/leituras-de-portfolio-2024\/&#8221;][vc_column_text]<\/p>\n<h2><span style=\"color: #000000;\"><a style=\"color: #000000;\" href=\"https:\/\/fotodoc.com.br\/leituras-de-portfolio-2024\/\"><strong>Leituras de Portf\u00f3lio<\/strong><\/a><\/span><\/h2>\n<p>[\/vc_column_text][vc_column_text]<\/p>\n<h4><span style=\"color: #000000;\"><a style=\"color: #000000;\" href=\"https:\/\/fotodoc.com.br\/leituras-de-portfolio-2024\/\">Curadores analisam e trazem contribui\u00e7\u00f5es ao trabalho dos participantes<\/a><\/span><\/h4>\n<p>[\/vc_column_text][vc_separator][vc_single_image image=&#8221;17682&#8243; img_size=&#8221;1920&#215;1280&#8243; onclick=&#8221;custom_link&#8221; link=&#8221;https:\/\/fotodoc.com.br\/exposicoes-2024\/&#8221;][vc_column_text]<\/p>\n<h2><strong><span style=\"color: #000000;\"><a style=\"color: #000000;\" href=\"https:\/\/fotodoc.com.br\/exposicoes-2024\/\">Exposi\u00e7\u00f5es<\/a><\/span><\/strong><\/h2>\n<p>[\/vc_column_text][vc_column_text]<\/p>\n<h4><span style=\"color: #000000;\"><a style=\"color: #000000;\" href=\"http:\/\/fotodoc.com.br\/exposicoes-2024\/\">Exposi\u00e7\u00e3o com os 20 ganhadores do Pr\u00eamio Portf\u00f3lio FotoDoc 2024 e outras mostras de fotografia<\/a><\/span><\/h4>\n<p>[\/vc_column_text][vc_separator][vc_single_image image=&#8221;17989&#8243; img_size=&#8221;1920&#215;1280&#8243; onclick=&#8221;custom_link&#8221; link=&#8221;https:\/\/fotodoc.com.br\/festival&#8221;][vc_column_text]<\/p>\n<h2><span style=\"color: #000000;\"><a style=\"color: #000000;\" href=\"https:\/\/fotodoc.com.br\/festival\"><strong>FotoDoc 2024<\/strong><\/a><\/span><\/h2>\n<p>[\/vc_column_text][vc_column_text]<\/p>\n<h4><span style=\"color: #000000;\"><a style=\"color: #000000;\" href=\"https:\/\/fotodoc.com.br\/festival\">Festival FotoDoc 2024 &#8211; &#8220;Para\u00edsos artificiais&#8221; &#8211; Na era da intelig\u00eancia artificial, nunca foi t\u00e3o necess\u00e1rio debru\u00e7ar-se sobre o real.<\/a><\/span><\/h4>\n<p>[\/vc_column_text][vc_separator][\/vc_column_inner][\/vc_row_inner][vc_row_inner][vc_column_inner][vc_empty_space height=&#8221;20px&#8221;]<div  class=\"jeg_block_heading jeg_block_heading_9 jeg_alignleft jnews_module__1_69d038a38a231   \">\n                <h3 class=\"jeg_block_title\"><span>SOBRE O FESTIVAL<\/span><\/h3>\n                \n            <\/div>[\/vc_column_inner][\/vc_row_inner][vc_row_inner][vc_column_inner width=&#8221;1\/2&#8243;][vc_single_image image=&#8221;1322&#8243; img_size=&#8221;full&#8221; onclick=&#8221;custom_link&#8221; link=&#8221;http:\/\/fotodoc.com.br\/sobre\/&#8221;][vc_column_text]<\/p>\n<h2><span style=\"color: #000000;\"><a style=\"color: #000000;\" href=\"http:\/\/fotodoc.com.br\/sobre\/\"><strong>O Festival<\/strong><\/a><\/span><\/h2>\n<p>[\/vc_column_text][vc_column_text]<\/p>\n<h4><span style=\"color: #000000;\"><a style=\"color: #000000;\" href=\"http:\/\/fotodoc.com.br\/sobre\/\">Miss\u00e3o, hist\u00f3rico, equipe, contato, al\u00e9m de informa\u00e7\u00f5es pr\u00e1ticas sobre o Festival de Fotografia Documental<\/a><\/span><\/h4>\n<p>[\/vc_column_text][vc_separator][\/vc_column_inner][vc_column_inner width=&#8221;1\/2&#8243;][vc_single_image image=&#8221;1323&#8243; img_size=&#8221;full&#8221; onclick=&#8221;custom_link&#8221; link=&#8221;http:\/\/fotodoc.com.br\/panamericana\/&#8221;][vc_column_text]<\/p>\n<h2><span style=\"color: #000000;\"><a style=\"color: #000000;\" href=\"http:\/\/fotodoc.com.br\/panamericana\/\"><strong>Panamericana<\/strong><\/a><\/span><\/h2>\n<p>[\/vc_column_text][vc_column_text]<\/p>\n<h4><span style=\"color: #000000;\"><a style=\"color: #000000;\" href=\"http:\/\/fotodoc.com.br\/panamericana\/\">Fundada em 1963, a Panamericana Escola de Arte e Design \u00e9 um espa\u00e7o privilegiado para o ensino da fotografia<\/a><\/span><\/h4>\n<p>[\/vc_column_text][vc_separator][\/vc_column_inner][\/vc_row_inner][\/vc_column][\/vc_row][vc_row][vc_column][vc_empty_space height=&#8221;40px&#8221;][vc_separator][\/vc_column][\/vc_row]<\/p>\n<\/div>","protected":false},"excerpt":{"rendered":"<p>[vc_row][vc_column][vc_single_image image=&#8221;17695&#8243; img_size=&#8221;full&#8221; add_caption=&#8221;yes&#8221; alignment=&#8221;center&#8221;][vc_empty_space height=&#8221;20px&#8221;][vc_single_image image=&#8221;1333&#8243; img_size=&#8221;medium&#8221; css=&#8221;.vc_custom_1657150732673{padding-left: 30px !important;}&#8221;][vc_column_text css=&#8221;.vc_custom_1725815832971{padding-right: 30px !important;padding-left: 30px !important;}&#8221;] Festival de Fotografia Documental De 26 a 30 de novembro de 2024 Panamericana Escola de Arte e Design S\u00e3o Paulo (SP) [\/vc_column_text][vc_column_text css=&#8221;.vc_custom_1734469950633{padding-right: 30px !important;padding-left: 30px !important;}&#8221;] ARTESCAMBO 2024 Atividade dedicada \u00e0 troca cega de tiragens fotogr\u00e1ficas, ilustra\u00e7\u00f5es e [&hellip;]<\/p>\n","protected":false},"author":2,"featured_media":1322,"parent":0,"menu_order":0,"comment_status":"closed","ping_status":"closed","template":"","meta":{"_acf_changed":false,"jnews_page_loop":{"enable_page_loop":"0","first_title":"Latest Post","second_title":"","header_type":"heading_6","header_background":"","header_text_color":"","layout":"right-sidebar","sidebar":"default-sidebar","second_sidebar":"default-sidebar","sticky_sidebar":"1","module":"3","boxed":"0","boxed_shadow":"0","box_shadow":"0","excerpt_length":"20","content_date":"default","date_custom":"Y\/m\/d","content_pagination":"nav_1","pagination_align":"center","show_navtext":"0","show_pageinfo":"0","post_offset":"0","posts_per_page":"5","include_post":"","exclude_post":"","include_category":"","exclude_category":"","include_author":"","include_tag":"","exclude_tag":"","sort_by":"latest"},"jnews_single_page":{"layout":"no-sidebar","sidebar":"default-sidebar","second_sidebar":"default-sidebar","sticky_sidebar":"1","show_post_featured":"0","show_post_meta":"0","share_position":"hide","share_color":"share-monocrhome"},"jnews_social_meta":{"fb_title":"","fb_description":"","fb_image":"","twitter_title":"","twitter_description":"","twitter_image":""},"footnotes":""},"coauthors":[],"class_list":["post-17675","page","type-page","status-publish","has-post-thumbnail","hentry"],"acf":[],"yoast_head":"<!-- This site is optimized with the Yoast SEO plugin v27.3 - https:\/\/yoast.com\/product\/yoast-seo-wordpress\/ -->\n<title>Artescambo 2024 - FotoDoc<\/title>\n<meta name=\"robots\" content=\"index, follow, max-snippet:-1, max-image-preview:large, max-video-preview:-1\" \/>\n<link rel=\"canonical\" href=\"https:\/\/fotodoc.com.br\/artescambo-2024\/\" \/>\n<meta property=\"og:locale\" content=\"en_US\" \/>\n<meta property=\"og:type\" content=\"article\" \/>\n<meta property=\"og:title\" content=\"Artescambo 2024 - FotoDoc\" \/>\n<meta property=\"og:description\" content=\"[vc_row][vc_column][vc_single_image image=&#8221;17695&#8243; img_size=&#8221;full&#8221; add_caption=&#8221;yes&#8221; alignment=&#8221;center&#8221;][vc_empty_space height=&#8221;20px&#8221;][vc_single_image image=&#8221;1333&#8243; img_size=&#8221;medium&#8221; css=&#8221;.vc_custom_1657150732673{padding-left: 30px !important;}&#8221;][vc_column_text css=&#8221;.vc_custom_1725815832971{padding-right: 30px !important;padding-left: 30px !important;}&#8221;] Festival de Fotografia Documental De 26 a 30 de novembro de 2024 Panamericana Escola de Arte e Design S\u00e3o Paulo (SP) [\/vc_column_text][vc_column_text css=&#8221;.vc_custom_1734469950633{padding-right: 30px !important;padding-left: 30px !important;}&#8221;] ARTESCAMBO 2024 Atividade dedicada \u00e0 troca cega de tiragens fotogr\u00e1ficas, ilustra\u00e7\u00f5es e [&hellip;]\" \/>\n<meta property=\"og:url\" content=\"https:\/\/fotodoc.com.br\/artescambo-2024\/\" \/>\n<meta property=\"og:site_name\" content=\"FotoDoc\" \/>\n<meta property=\"article:publisher\" content=\"https:\/\/www.facebook.com\/festivalfotodoc\" \/>\n<meta property=\"article:modified_time\" content=\"2024-12-17T21:12:31+00:00\" \/>\n<meta property=\"og:image\" content=\"https:\/\/fotodoc.com.br\/wp-content\/uploads\/2022\/07\/logo_9120.jpg\" \/>\n\t<meta property=\"og:image:width\" content=\"1920\" \/>\n\t<meta property=\"og:image:height\" content=\"1080\" \/>\n\t<meta property=\"og:image:type\" content=\"image\/jpeg\" \/>\n<meta name=\"twitter:card\" content=\"summary_large_image\" \/>\n<meta name=\"twitter:label1\" content=\"Est. reading time\" \/>\n\t<meta name=\"twitter:data1\" content=\"2 minutes\" \/>\n\t<meta name=\"twitter:label2\" content=\"Written by\" \/>\n\t<meta name=\"twitter:data2\" content=\"FotoDoc\" \/>\n<script type=\"application\/ld+json\" class=\"yoast-schema-graph\">{\"@context\":\"https:\\\/\\\/schema.org\",\"@graph\":[{\"@type\":\"WebPage\",\"@id\":\"https:\\\/\\\/fotodoc.com.br\\\/artescambo-2024\\\/\",\"url\":\"https:\\\/\\\/fotodoc.com.br\\\/artescambo-2024\\\/\",\"name\":\"Artescambo 2024 - FotoDoc\",\"isPartOf\":{\"@id\":\"https:\\\/\\\/fotodoc.com.br\\\/#website\"},\"primaryImageOfPage\":{\"@id\":\"https:\\\/\\\/fotodoc.com.br\\\/artescambo-2024\\\/#primaryimage\"},\"image\":{\"@id\":\"https:\\\/\\\/fotodoc.com.br\\\/artescambo-2024\\\/#primaryimage\"},\"thumbnailUrl\":\"https:\\\/\\\/fotodoc.com.br\\\/wp-content\\\/uploads\\\/2022\\\/07\\\/logo_9120.jpg\",\"datePublished\":\"2024-09-08T18:04:16+00:00\",\"dateModified\":\"2024-12-17T21:12:31+00:00\",\"breadcrumb\":{\"@id\":\"https:\\\/\\\/fotodoc.com.br\\\/artescambo-2024\\\/#breadcrumb\"},\"inLanguage\":\"en-US\",\"potentialAction\":[{\"@type\":\"ReadAction\",\"target\":[\"https:\\\/\\\/fotodoc.com.br\\\/artescambo-2024\\\/\"]}]},{\"@type\":\"ImageObject\",\"inLanguage\":\"en-US\",\"@id\":\"https:\\\/\\\/fotodoc.com.br\\\/artescambo-2024\\\/#primaryimage\",\"url\":\"https:\\\/\\\/fotodoc.com.br\\\/wp-content\\\/uploads\\\/2022\\\/07\\\/logo_9120.jpg\",\"contentUrl\":\"https:\\\/\\\/fotodoc.com.br\\\/wp-content\\\/uploads\\\/2022\\\/07\\\/logo_9120.jpg\",\"width\":1920,\"height\":1080},{\"@type\":\"BreadcrumbList\",\"@id\":\"https:\\\/\\\/fotodoc.com.br\\\/artescambo-2024\\\/#breadcrumb\",\"itemListElement\":[{\"@type\":\"ListItem\",\"position\":1,\"name\":\"In\u00edcio\",\"item\":\"https:\\\/\\\/fotodoc.com.br\\\/en\\\/\"},{\"@type\":\"ListItem\",\"position\":2,\"name\":\"Artescambo 2024\"}]},{\"@type\":\"WebSite\",\"@id\":\"https:\\\/\\\/fotodoc.com.br\\\/#website\",\"url\":\"https:\\\/\\\/fotodoc.com.br\\\/\",\"name\":\"FotoDoc\",\"description\":\"Festival de Fotografia Documental\",\"publisher\":{\"@id\":\"https:\\\/\\\/fotodoc.com.br\\\/#organization\"},\"potentialAction\":[{\"@type\":\"SearchAction\",\"target\":{\"@type\":\"EntryPoint\",\"urlTemplate\":\"https:\\\/\\\/fotodoc.com.br\\\/?s={search_term_string}\"},\"query-input\":{\"@type\":\"PropertyValueSpecification\",\"valueRequired\":true,\"valueName\":\"search_term_string\"}}],\"inLanguage\":\"en-US\"},{\"@type\":\"Organization\",\"@id\":\"https:\\\/\\\/fotodoc.com.br\\\/#organization\",\"name\":\"Festival Fotodoc\",\"url\":\"https:\\\/\\\/fotodoc.com.br\\\/\",\"logo\":{\"@type\":\"ImageObject\",\"inLanguage\":\"en-US\",\"@id\":\"https:\\\/\\\/fotodoc.com.br\\\/#\\\/schema\\\/logo\\\/image\\\/\",\"url\":\"https:\\\/\\\/fotodoc.com.br\\\/wp-content\\\/uploads\\\/2022\\\/03\\\/FotoDoc-224px.png\",\"contentUrl\":\"https:\\\/\\\/fotodoc.com.br\\\/wp-content\\\/uploads\\\/2022\\\/03\\\/FotoDoc-224px.png\",\"width\":224,\"height\":90,\"caption\":\"Festival Fotodoc\"},\"image\":{\"@id\":\"https:\\\/\\\/fotodoc.com.br\\\/#\\\/schema\\\/logo\\\/image\\\/\"},\"sameAs\":[\"https:\\\/\\\/www.facebook.com\\\/festivalfotodoc\",\"https:\\\/\\\/www.instagram.com\\\/festivalfotodoc\\\/\"]}]}<\/script>\n<!-- \/ Yoast SEO plugin. -->","yoast_head_json":{"title":"Artescambo 2024 - FotoDoc","robots":{"index":"index","follow":"follow","max-snippet":"max-snippet:-1","max-image-preview":"max-image-preview:large","max-video-preview":"max-video-preview:-1"},"canonical":"https:\/\/fotodoc.com.br\/artescambo-2024\/","og_locale":"en_US","og_type":"article","og_title":"Artescambo 2024 - FotoDoc","og_description":"[vc_row][vc_column][vc_single_image image=&#8221;17695&#8243; img_size=&#8221;full&#8221; add_caption=&#8221;yes&#8221; alignment=&#8221;center&#8221;][vc_empty_space height=&#8221;20px&#8221;][vc_single_image image=&#8221;1333&#8243; img_size=&#8221;medium&#8221; css=&#8221;.vc_custom_1657150732673{padding-left: 30px !important;}&#8221;][vc_column_text css=&#8221;.vc_custom_1725815832971{padding-right: 30px !important;padding-left: 30px !important;}&#8221;] Festival de Fotografia Documental De 26 a 30 de novembro de 2024 Panamericana Escola de Arte e Design S\u00e3o Paulo (SP) [\/vc_column_text][vc_column_text css=&#8221;.vc_custom_1734469950633{padding-right: 30px !important;padding-left: 30px !important;}&#8221;] ARTESCAMBO 2024 Atividade dedicada \u00e0 troca cega de tiragens fotogr\u00e1ficas, ilustra\u00e7\u00f5es e [&hellip;]","og_url":"https:\/\/fotodoc.com.br\/artescambo-2024\/","og_site_name":"FotoDoc","article_publisher":"https:\/\/www.facebook.com\/festivalfotodoc","article_modified_time":"2024-12-17T21:12:31+00:00","og_image":[{"width":1920,"height":1080,"url":"https:\/\/fotodoc.com.br\/wp-content\/uploads\/2022\/07\/logo_9120.jpg","type":"image\/jpeg"}],"twitter_card":"summary_large_image","twitter_misc":{"Est. reading time":"2 minutes","Written by":"FotoDoc"},"schema":{"@context":"https:\/\/schema.org","@graph":[{"@type":"WebPage","@id":"https:\/\/fotodoc.com.br\/artescambo-2024\/","url":"https:\/\/fotodoc.com.br\/artescambo-2024\/","name":"Artescambo 2024 - FotoDoc","isPartOf":{"@id":"https:\/\/fotodoc.com.br\/#website"},"primaryImageOfPage":{"@id":"https:\/\/fotodoc.com.br\/artescambo-2024\/#primaryimage"},"image":{"@id":"https:\/\/fotodoc.com.br\/artescambo-2024\/#primaryimage"},"thumbnailUrl":"https:\/\/fotodoc.com.br\/wp-content\/uploads\/2022\/07\/logo_9120.jpg","datePublished":"2024-09-08T18:04:16+00:00","dateModified":"2024-12-17T21:12:31+00:00","breadcrumb":{"@id":"https:\/\/fotodoc.com.br\/artescambo-2024\/#breadcrumb"},"inLanguage":"en-US","potentialAction":[{"@type":"ReadAction","target":["https:\/\/fotodoc.com.br\/artescambo-2024\/"]}]},{"@type":"ImageObject","inLanguage":"en-US","@id":"https:\/\/fotodoc.com.br\/artescambo-2024\/#primaryimage","url":"https:\/\/fotodoc.com.br\/wp-content\/uploads\/2022\/07\/logo_9120.jpg","contentUrl":"https:\/\/fotodoc.com.br\/wp-content\/uploads\/2022\/07\/logo_9120.jpg","width":1920,"height":1080},{"@type":"BreadcrumbList","@id":"https:\/\/fotodoc.com.br\/artescambo-2024\/#breadcrumb","itemListElement":[{"@type":"ListItem","position":1,"name":"In\u00edcio","item":"https:\/\/fotodoc.com.br\/en\/"},{"@type":"ListItem","position":2,"name":"Artescambo 2024"}]},{"@type":"WebSite","@id":"https:\/\/fotodoc.com.br\/#website","url":"https:\/\/fotodoc.com.br\/","name":"FotoDoc","description":"Festival de Fotografia Documental","publisher":{"@id":"https:\/\/fotodoc.com.br\/#organization"},"potentialAction":[{"@type":"SearchAction","target":{"@type":"EntryPoint","urlTemplate":"https:\/\/fotodoc.com.br\/?s={search_term_string}"},"query-input":{"@type":"PropertyValueSpecification","valueRequired":true,"valueName":"search_term_string"}}],"inLanguage":"en-US"},{"@type":"Organization","@id":"https:\/\/fotodoc.com.br\/#organization","name":"Festival Fotodoc","url":"https:\/\/fotodoc.com.br\/","logo":{"@type":"ImageObject","inLanguage":"en-US","@id":"https:\/\/fotodoc.com.br\/#\/schema\/logo\/image\/","url":"https:\/\/fotodoc.com.br\/wp-content\/uploads\/2022\/03\/FotoDoc-224px.png","contentUrl":"https:\/\/fotodoc.com.br\/wp-content\/uploads\/2022\/03\/FotoDoc-224px.png","width":224,"height":90,"caption":"Festival Fotodoc"},"image":{"@id":"https:\/\/fotodoc.com.br\/#\/schema\/logo\/image\/"},"sameAs":["https:\/\/www.facebook.com\/festivalfotodoc","https:\/\/www.instagram.com\/festivalfotodoc\/"]}]}},"_links":{"self":[{"href":"https:\/\/fotodoc.com.br\/en\/wp-json\/wp\/v2\/pages\/17675","targetHints":{"allow":["GET"]}}],"collection":[{"href":"https:\/\/fotodoc.com.br\/en\/wp-json\/wp\/v2\/pages"}],"about":[{"href":"https:\/\/fotodoc.com.br\/en\/wp-json\/wp\/v2\/types\/page"}],"author":[{"embeddable":true,"href":"https:\/\/fotodoc.com.br\/en\/wp-json\/wp\/v2\/users\/2"}],"replies":[{"embeddable":true,"href":"https:\/\/fotodoc.com.br\/en\/wp-json\/wp\/v2\/comments?post=17675"}],"version-history":[{"count":12,"href":"https:\/\/fotodoc.com.br\/en\/wp-json\/wp\/v2\/pages\/17675\/revisions"}],"predecessor-version":[{"id":18854,"href":"https:\/\/fotodoc.com.br\/en\/wp-json\/wp\/v2\/pages\/17675\/revisions\/18854"}],"wp:featuredmedia":[{"embeddable":true,"href":"https:\/\/fotodoc.com.br\/en\/wp-json\/wp\/v2\/media\/1322"}],"wp:attachment":[{"href":"https:\/\/fotodoc.com.br\/en\/wp-json\/wp\/v2\/media?parent=17675"}],"wp:term":[{"taxonomy":"author","embeddable":true,"href":"https:\/\/fotodoc.com.br\/en\/wp-json\/wp\/v2\/coauthors?post=17675"}],"curies":[{"name":"wp","href":"https:\/\/api.w.org\/{rel}","templated":true}]}}