{"id":17704,"date":"2024-09-09T07:39:55","date_gmt":"2024-09-09T10:39:55","guid":{"rendered":"https:\/\/fotodoc.com.br\/?page_id=17704"},"modified":"2024-12-29T12:20:52","modified_gmt":"2024-12-29T15:20:52","slug":"exposicoes-2024","status":"publish","type":"page","link":"https:\/\/fotodoc.com.br\/en\/exposicoes-2024\/","title":{"rendered":"Exposi\u00e7\u00f5es 2024"},"content":{"rendered":"<div class=\"wpb-content-wrapper\"><p>[vc_row][vc_column][vc_single_image image=&#8221;17682&#8243; img_size=&#8221;full&#8221; add_caption=&#8221;yes&#8221; alignment=&#8221;center&#8221;][vc_empty_space height=&#8221;20px&#8221;][vc_single_image image=&#8221;1333&#8243; img_size=&#8221;medium&#8221; css=&#8221;.vc_custom_1657150732673{padding-left: 30px !important;}&#8221;][vc_column_text css=&#8221;.vc_custom_1725878159902{padding-right: 30px !important;padding-left: 30px !important;}&#8221;]<\/p>\n<h1>Festival de Fotografia Documental<\/h1>\n<h3>De 26 a 30 de novembro de 2024<br \/>\nExposi\u00e7\u00f5es abertas at\u00e9 5 de janeiro de 2025<br \/>\n<a href=\"https:\/\/fotodoc.com.br\/panamericana\/\" target=\"_blank\" rel=\"noopener\"><span style=\"color: #000000;\">Panamericana Escola de Arte e Design<\/span><\/a><br \/>\nS\u00e3o Paulo (SP)<\/h3>\n<p>[\/vc_column_text][vc_column_text css=&#8221;.vc_custom_1734469712675{padding-right: 30px !important;padding-left: 30px !important;}&#8221;]<\/p>\n<h2 class=\"p1\"><em><span class=\"s1\"><b>EXPOSI\u00c7\u00d5ES 2024<\/b><\/span><\/em><\/h2>\n<h3>A abertura das exposi\u00e7\u00f5es, dia <strong>26 de novembro, das 18h \u00e0s 21h<\/strong>, marcou tamb\u00e9m a <strong>abertura do Festival FotoDoc 2024<\/strong>. Em cartaz na Galeria principal da <strong>Panamericana Escola de Arte e Design<\/strong>, as exposi\u00e7\u00f5es do FotoDoc ficam abertas at\u00e9 o dia <strong>5 de janeiro de 2025<\/strong>, com entrada gratuita.<\/h3>\n<h3>A exposi\u00e7\u00e3o <em><strong>Pr\u00eamio Portf\u00f3lio FotoDoc 2024<\/strong><\/em> \u00e9 um dos principais eixos do festival e se prop\u00f5e a dar visibilidade a talentos e tem\u00e1ticas candentes para a compreens\u00e3o da sociedade contempor\u00e2nea e seus desafios. Re\u00fane<strong> 20 trabalhos ganhadores<\/strong> nas tr\u00eas categorias da premia\u00e7\u00e3o, sendo 3 Portf\u00f3lios, 7 Ensaios e 10 Imagens Destacadas.<\/h3>\n<h3>O Festival FotoDoc conta ainda com outras duas exposi\u00e7\u00f5es, <em><strong>Utopia<\/strong><\/em>, <strong>individual de Lucas Lenci<\/strong>, e <em><strong>Distopia<\/strong><\/em>, de <strong>Carlos Macedo<\/strong> e <strong>Tadeu Vilani<\/strong>. Confira abaixo os detalhes.<\/h3>\n<p>[\/vc_column_text][\/vc_column][\/vc_row][vc_row][vc_column]<div  class=\"jeg_block_heading jeg_block_heading_9 jeg_alignleft jnews_module__0_69e1d9bf66562   \">\n                <h3 class=\"jeg_block_title\"><span>DE 26 DE NOVEMBRO A 5 DE JANEIRO - GALERIAS PANAMERICANA<\/span><\/h3>\n                \n            <\/div>[vc_row_inner][vc_column_inner width=&#8221;2\/3&#8243;][vc_single_image image=&#8221;18596&#8243; img_size=&#8221;full&#8221;][\/vc_column_inner][vc_column_inner width=&#8221;1\/3&#8243;][vc_column_text]<\/p>\n<h1><span style=\"color: #000000;\"><em>Pr\u00eamio Portf\u00f3lio FotoDoc 2024<\/em><\/span><\/h1>\n<h4>Exposi\u00e7\u00e3o com 20 trabalhos ganhadores do<a href=\"https:\/\/fotodoc.com.br\/premio\/ganhadores-2024\/\" target=\"_blank\" rel=\"noopener\"><strong> Pr\u00eamio Portf\u00f3lio FotoDoc 2024<\/strong><\/a>, premia\u00e7\u00e3o anual promovida pelo festival.<\/h4>\n<h4>Foto: <strong>Fabio Teixeira<\/strong>, imagem do Portf\u00f3lio &#8220;Entre a vida e a morte nas ruas&#8221;, ganhador geral.<\/h4>\n<p>[\/vc_column_text][\/vc_column_inner][\/vc_row_inner][vc_separator][vc_row_inner][vc_column_inner width=&#8221;2\/3&#8243;][vc_single_image image=&#8221;18522&#8243; img_size=&#8221;full&#8221;][\/vc_column_inner][vc_column_inner width=&#8221;1\/3&#8243;][vc_column_text]<\/p>\n<h1><em>Distopia<\/em><\/h1>\n<h4>Um dil\u00favio b\u00edblico se abateu sobre o Rio Grande do Sul em maio de 2024, soando o sinal de alerta para as mudan\u00e7as clim\u00e1ticas que j\u00e1 est\u00e3o a\u00ed e se fazem sentir, n\u00e3o fazem mais parte de um futuro dist\u00f3pico, s\u00e3o a pr\u00f3pria distopia tornada presente.<\/h4>\n<h4>Esta exposi\u00e7\u00e3o re\u00fane o olhar de dois fot\u00f3grafos. Baseado em Porto Alegre, Tadeu Vilani fotografou a cidade submersa. J\u00e1 Carlos Macedo, que est\u00e1 baseado em Canoas, aborda as chagas abertas ap\u00f3s a cat\u00e1strofe passar.<\/h4>\n<h4>Foto: <strong>Carlos Macedo<\/strong>.<\/h4>\n<p>[\/vc_column_text][\/vc_column_inner][\/vc_row_inner][vc_separator][vc_row_inner][vc_column_inner width=&#8221;2\/3&#8243;][vc_single_image image=&#8221;17503&#8243; img_size=&#8221;full&#8221;][\/vc_column_inner][vc_column_inner width=&#8221;1\/3&#8243;][vc_column_text]<\/p>\n<h1><em>Utopia<\/em>, de <strong>Lucas Lenci<\/strong><\/h1>\n<h4>\u00c9 poss\u00edvel unir harmonicamente a paisagem urbana e a paisagem rural? As popula\u00e7\u00f5es se concentram cada vez mais em cidades, enquanto o campo se torna despovoado e mecanizado.<\/h4>\n<h4>A exposi\u00e7\u00e3o da s\u00e9rie <strong>Utopia<\/strong>, de <strong>Lucas Lenci<\/strong> se prop\u00f5e a abordar essa cis\u00e3o por meio de uma fus\u00e3o tornada poss\u00edvel pela edi\u00e7\u00e3o de imagem. O espectador \u00e9 provocado pela sutileza das sobreposi\u00e7\u00f5es. Da fus\u00e3o de dois espa\u00e7os distintos nasce uma abordagem amb\u00edgua.<\/h4>\n<p>[\/vc_column_text][\/vc_column_inner][\/vc_row_inner][vc_separator][\/vc_column][\/vc_row][vc_row][vc_column][vc_empty_space]<div  class=\"jeg_block_heading jeg_block_heading_9 jeg_alignleft jnews_module__1_69e1d9bf66655   \">\n                <h3 class=\"jeg_block_title\"><span>OUTRAS ATIVIDADES DO FOTODOC 2024<\/span><\/h3>\n                \n            <\/div>[vc_row_inner][vc_column_inner width=&#8221;1\/2&#8243;][vc_single_image image=&#8221;17679&#8243; img_size=&#8221;1920&#215;1280&#8243; onclick=&#8221;custom_link&#8221; link=&#8221;http:\/\/fotodoc.com.br\/workshops-2024\/&#8221;][vc_column_text]<\/p>\n<h2><span style=\"color: #000000;\"><a style=\"color: #000000;\" href=\"http:\/\/fotodoc.com.br\/workshops-2024\/\"><strong>Workshops<\/strong><\/a><\/span><\/h2>\n<p>[\/vc_column_text][vc_column_text]<\/p>\n<h4><span style=\"color: #000000;\"><a style=\"color: #000000;\" href=\"http:\/\/fotodoc.com.br\/workshops-2024\/\">Cursos voltados \u00e0 forma\u00e7\u00e3o pr\u00e1tica, t\u00e9cnica para fot\u00f3grafos profissionais e amadores avan\u00e7ados<\/a><\/span><\/h4>\n<p>[\/vc_column_text][vc_separator][vc_single_image image=&#8221;17695&#8243; img_size=&#8221;1920&#215;1280&#8243; onclick=&#8221;custom_link&#8221; link=&#8221;http:\/\/fotodoc.com.br\/artescambo-2024\/&#8221;][vc_column_text]<\/p>\n<h2><strong><span style=\"color: #000000;\"><a style=\"color: #000000;\" href=\"http:\/\/fotodoc.com.br\/artescambo-2024\/\">Artescambo<\/a><\/span><\/strong><\/h2>\n<p>[\/vc_column_text][vc_column_text]<\/p>\n<h4><span style=\"color: #000000;\"><a style=\"color: #000000;\" href=\"http:\/\/fotodoc.com.br\/artescambo-2024\/\">Troca cega de tiragens entre participantes do festival, com participa\u00e7\u00e3o de fot\u00f3grafos convidados<\/a><\/span><\/h4>\n<p>[\/vc_column_text][vc_separator][vc_single_image image=&#8221;17683&#8243; img_size=&#8221;1920&#215;1280&#8243; onclick=&#8221;custom_link&#8221; link=&#8221;http:\/\/fotodoc.com.br\/livraria-2024\/&#8221;][vc_column_text]<\/p>\n<h2><span style=\"color: #000000;\"><a style=\"color: #000000;\" href=\"http:\/\/fotodoc.com.br\/livraria-2024\/\"><strong>Livraria<\/strong><\/a><\/span><\/h2>\n<p>[\/vc_column_text][vc_column_text]<\/p>\n<h4><span style=\"color: #000000;\"><a style=\"color: #000000;\" href=\"http:\/\/fotodoc.com.br\/livraria-2024\/\">Acervo de livros de fotografia e artes, espa\u00e7o para editores e fot\u00f3grafos promoverem lan\u00e7amentos e sess\u00f5es de aut\u00f3grafo<\/a><\/span><\/h4>\n<p>[\/vc_column_text][vc_separator][\/vc_column_inner][vc_column_inner width=&#8221;1\/2&#8243;][vc_single_image image=&#8221;17680&#8243; img_size=&#8221;1920&#215;1280&#8243; onclick=&#8221;custom_link&#8221; link=&#8221;https:\/\/fotodoc.com.br\/leituras-de-portfolio-2024\/&#8221;][vc_column_text]<\/p>\n<h2><span style=\"color: #000000;\"><a style=\"color: #000000;\" href=\"https:\/\/fotodoc.com.br\/leituras-de-portfolio-2024\/\"><strong>Leituras de Portf\u00f3lio<\/strong><\/a><\/span><\/h2>\n<p>[\/vc_column_text][vc_column_text]<\/p>\n<h4><span style=\"color: #000000;\"><a style=\"color: #000000;\" href=\"https:\/\/fotodoc.com.br\/leituras-de-portfolio-2024\/\">Curadores analisam e trazem contribui\u00e7\u00f5es ao trabalho dos participantes<\/a><\/span><\/h4>\n<p>[\/vc_column_text][vc_separator][vc_single_image image=&#8221;17681&#8243; img_size=&#8221;1920&#215;1280&#8243; onclick=&#8221;custom_link&#8221; link=&#8221;https:\/\/fotodoc.com.br\/exposicoes-2024\/&#8221;][vc_column_text]<\/p>\n<h2><strong><span style=\"color: #000000;\"><a style=\"color: #000000;\" href=\"http:\/\/fotodoc.com.br\/encontros-2024\/\">Encontros<\/a><\/span><\/strong><\/h2>\n<p>[\/vc_column_text][vc_column_text]<\/p>\n<h4><span style=\"color: #000000;\"><a style=\"color: #000000;\" href=\"http:\/\/fotodoc.com.br\/encontros-2024\/\">Encontros memor\u00e1veis de grandes nomes da fotografia, dois pontos de vista mediados por um entrevistador<\/a><\/span><\/h4>\n<p>[\/vc_column_text][vc_separator][vc_single_image image=&#8221;17989&#8243; img_size=&#8221;1920&#215;1280&#8243; onclick=&#8221;custom_link&#8221; link=&#8221;https:\/\/fotodoc.com.br\/festival&#8221;][vc_column_text]<\/p>\n<h2><span style=\"color: #000000;\"><a style=\"color: #000000;\" href=\"https:\/\/fotodoc.com.br\/festival\"><strong>FotoDoc 2024<\/strong><\/a><\/span><\/h2>\n<p>[\/vc_column_text][vc_column_text]<\/p>\n<h4><span style=\"color: #000000;\"><a style=\"color: #000000;\" href=\"https:\/\/fotodoc.com.br\/festival\">Festival FotoDoc 2024 &#8211; &#8220;Para\u00edsos artificiais&#8221; &#8211; Na era da intelig\u00eancia artificial, nunca foi t\u00e3o necess\u00e1rio debru\u00e7ar-se sobre o real.<\/a><\/span><\/h4>\n<p>[\/vc_column_text][vc_separator][\/vc_column_inner][\/vc_row_inner][vc_row_inner][vc_column_inner][vc_empty_space height=&#8221;20px&#8221;]<div  class=\"jeg_block_heading jeg_block_heading_9 jeg_alignleft jnews_module__2_69e1d9bf666b8   \">\n                <h3 class=\"jeg_block_title\"><span>SOBRE O FESTIVAL<\/span><\/h3>\n                \n            <\/div>[\/vc_column_inner][\/vc_row_inner][vc_row_inner][vc_column_inner width=&#8221;1\/2&#8243;][vc_single_image image=&#8221;1322&#8243; img_size=&#8221;full&#8221; onclick=&#8221;custom_link&#8221; link=&#8221;http:\/\/fotodoc.com.br\/sobre\/&#8221;][vc_column_text]<\/p>\n<h2><span style=\"color: #000000;\"><a style=\"color: #000000;\" href=\"http:\/\/fotodoc.com.br\/sobre\/\"><strong>O Festival<\/strong><\/a><\/span><\/h2>\n<p>[\/vc_column_text][vc_column_text]<\/p>\n<h4><span style=\"color: #000000;\"><a style=\"color: #000000;\" href=\"http:\/\/fotodoc.com.br\/sobre\/\">Miss\u00e3o, hist\u00f3rico, equipe, contato, al\u00e9m de informa\u00e7\u00f5es pr\u00e1ticas sobre o Festival de Fotografia Documental<\/a><\/span><\/h4>\n<p>[\/vc_column_text][vc_separator][\/vc_column_inner][vc_column_inner width=&#8221;1\/2&#8243;][vc_single_image image=&#8221;1323&#8243; img_size=&#8221;full&#8221; onclick=&#8221;custom_link&#8221; link=&#8221;http:\/\/fotodoc.com.br\/panamericana\/&#8221;][vc_column_text]<\/p>\n<h2><span style=\"color: #000000;\"><a style=\"color: #000000;\" href=\"http:\/\/fotodoc.com.br\/panamericana\/\"><strong>Panamericana<\/strong><\/a><\/span><\/h2>\n<p>[\/vc_column_text][vc_column_text]<\/p>\n<h4><span style=\"color: #000000;\"><a style=\"color: #000000;\" href=\"http:\/\/fotodoc.com.br\/panamericana\/\">Fundada em 1963, a Panamericana Escola de Arte e Design \u00e9 um espa\u00e7o privilegiado para o ensino da fotografia<\/a><\/span><\/h4>\n<p>[\/vc_column_text][vc_separator][\/vc_column_inner][\/vc_row_inner][\/vc_column][\/vc_row][vc_row][vc_column][vc_empty_space height=&#8221;40px&#8221;][vc_separator][\/vc_column][\/vc_row]<\/p>\n<\/div>","protected":false},"excerpt":{"rendered":"<p>[vc_row][vc_column][vc_single_image image=&#8221;17682&#8243; img_size=&#8221;full&#8221; add_caption=&#8221;yes&#8221; alignment=&#8221;center&#8221;][vc_empty_space height=&#8221;20px&#8221;][vc_single_image image=&#8221;1333&#8243; img_size=&#8221;medium&#8221; css=&#8221;.vc_custom_1657150732673{padding-left: 30px !important;}&#8221;][vc_column_text css=&#8221;.vc_custom_1725878159902{padding-right: 30px !important;padding-left: 30px !important;}&#8221;] Festival de Fotografia Documental De 26 a 30 de novembro de 2024 Exposi\u00e7\u00f5es abertas at\u00e9 5 de janeiro de 2025 Panamericana Escola de Arte e Design S\u00e3o Paulo (SP) [\/vc_column_text][vc_column_text css=&#8221;.vc_custom_1734469712675{padding-right: 30px !important;padding-left: 30px !important;}&#8221;] EXPOSI\u00c7\u00d5ES 2024 A abertura [&hellip;]<\/p>\n","protected":false},"author":2,"featured_media":0,"parent":0,"menu_order":0,"comment_status":"closed","ping_status":"closed","template":"","meta":{"_acf_changed":false,"jnews_page_loop":{"enable_page_loop":"0","first_title":"Latest Post","second_title":"","header_type":"heading_6","header_background":"","header_text_color":"","layout":"right-sidebar","sidebar":"default-sidebar","second_sidebar":"default-sidebar","sticky_sidebar":"1","module":"3","boxed":"0","boxed_shadow":"0","box_shadow":"0","excerpt_length":"20","content_date":"default","date_custom":"Y\/m\/d","content_pagination":"nav_1","pagination_align":"center","show_navtext":"0","show_pageinfo":"0","post_offset":"0","posts_per_page":"5","include_post":"","exclude_post":"","include_category":"","exclude_category":"","include_author":"","include_tag":"","exclude_tag":"","sort_by":"latest"},"jnews_single_page":{"layout":"no-sidebar","sidebar":"default-sidebar","second_sidebar":"default-sidebar","sticky_sidebar":"1","show_post_featured":"0","show_post_meta":"0","share_position":"hide","share_color":"share-monocrhome"},"jnews_social_meta":{"fb_title":"","fb_description":"","fb_image":"","twitter_title":"","twitter_description":"","twitter_image":""},"footnotes":""},"coauthors":[],"class_list":["post-17704","page","type-page","status-publish","hentry"],"acf":[],"yoast_head":"<!-- This site is optimized with the Yoast SEO plugin v27.4 - https:\/\/yoast.com\/product\/yoast-seo-wordpress\/ -->\n<title>Exposi\u00e7\u00f5es 2024 - FotoDoc<\/title>\n<meta name=\"robots\" content=\"index, follow, max-snippet:-1, max-image-preview:large, max-video-preview:-1\" \/>\n<link rel=\"canonical\" href=\"https:\/\/fotodoc.com.br\/exposicoes-2024\/\" \/>\n<meta property=\"og:locale\" content=\"en_US\" \/>\n<meta property=\"og:type\" content=\"article\" \/>\n<meta property=\"og:title\" content=\"Exposi\u00e7\u00f5es 2024 - FotoDoc\" \/>\n<meta property=\"og:description\" content=\"[vc_row][vc_column][vc_single_image image=&#8221;17682&#8243; img_size=&#8221;full&#8221; add_caption=&#8221;yes&#8221; alignment=&#8221;center&#8221;][vc_empty_space height=&#8221;20px&#8221;][vc_single_image image=&#8221;1333&#8243; img_size=&#8221;medium&#8221; css=&#8221;.vc_custom_1657150732673{padding-left: 30px !important;}&#8221;][vc_column_text css=&#8221;.vc_custom_1725878159902{padding-right: 30px !important;padding-left: 30px !important;}&#8221;] Festival de Fotografia Documental De 26 a 30 de novembro de 2024 Exposi\u00e7\u00f5es abertas at\u00e9 5 de janeiro de 2025 Panamericana Escola de Arte e Design S\u00e3o Paulo (SP) [\/vc_column_text][vc_column_text css=&#8221;.vc_custom_1734469712675{padding-right: 30px !important;padding-left: 30px !important;}&#8221;] EXPOSI\u00c7\u00d5ES 2024 A abertura [&hellip;]\" \/>\n<meta property=\"og:url\" content=\"https:\/\/fotodoc.com.br\/exposicoes-2024\/\" \/>\n<meta property=\"og:site_name\" content=\"FotoDoc\" \/>\n<meta property=\"article:publisher\" content=\"https:\/\/www.facebook.com\/festivalfotodoc\" \/>\n<meta property=\"article:modified_time\" content=\"2024-12-29T15:20:52+00:00\" \/>\n<meta name=\"twitter:card\" content=\"summary_large_image\" \/>\n<meta name=\"twitter:label1\" content=\"Est. reading time\" \/>\n\t<meta name=\"twitter:data1\" content=\"4 minutes\" \/>\n\t<meta name=\"twitter:label2\" content=\"Written by\" \/>\n\t<meta name=\"twitter:data2\" content=\"FotoDoc\" \/>\n<script type=\"application\/ld+json\" class=\"yoast-schema-graph\">{\"@context\":\"https:\\\/\\\/schema.org\",\"@graph\":[{\"@type\":\"WebPage\",\"@id\":\"https:\\\/\\\/fotodoc.com.br\\\/exposicoes-2024\\\/\",\"url\":\"https:\\\/\\\/fotodoc.com.br\\\/exposicoes-2024\\\/\",\"name\":\"Exposi\u00e7\u00f5es 2024 - FotoDoc\",\"isPartOf\":{\"@id\":\"https:\\\/\\\/fotodoc.com.br\\\/#website\"},\"datePublished\":\"2024-09-09T10:39:55+00:00\",\"dateModified\":\"2024-12-29T15:20:52+00:00\",\"breadcrumb\":{\"@id\":\"https:\\\/\\\/fotodoc.com.br\\\/exposicoes-2024\\\/#breadcrumb\"},\"inLanguage\":\"en-US\",\"potentialAction\":[{\"@type\":\"ReadAction\",\"target\":[\"https:\\\/\\\/fotodoc.com.br\\\/exposicoes-2024\\\/\"]}]},{\"@type\":\"BreadcrumbList\",\"@id\":\"https:\\\/\\\/fotodoc.com.br\\\/exposicoes-2024\\\/#breadcrumb\",\"itemListElement\":[{\"@type\":\"ListItem\",\"position\":1,\"name\":\"In\u00edcio\",\"item\":\"https:\\\/\\\/fotodoc.com.br\\\/en\\\/\"},{\"@type\":\"ListItem\",\"position\":2,\"name\":\"Exposi\u00e7\u00f5es 2024\"}]},{\"@type\":\"WebSite\",\"@id\":\"https:\\\/\\\/fotodoc.com.br\\\/#website\",\"url\":\"https:\\\/\\\/fotodoc.com.br\\\/\",\"name\":\"FotoDoc\",\"description\":\"Festival de Fotografia Documental\",\"publisher\":{\"@id\":\"https:\\\/\\\/fotodoc.com.br\\\/#organization\"},\"potentialAction\":[{\"@type\":\"SearchAction\",\"target\":{\"@type\":\"EntryPoint\",\"urlTemplate\":\"https:\\\/\\\/fotodoc.com.br\\\/?s={search_term_string}\"},\"query-input\":{\"@type\":\"PropertyValueSpecification\",\"valueRequired\":true,\"valueName\":\"search_term_string\"}}],\"inLanguage\":\"en-US\"},{\"@type\":\"Organization\",\"@id\":\"https:\\\/\\\/fotodoc.com.br\\\/#organization\",\"name\":\"Festival Fotodoc\",\"url\":\"https:\\\/\\\/fotodoc.com.br\\\/\",\"logo\":{\"@type\":\"ImageObject\",\"inLanguage\":\"en-US\",\"@id\":\"https:\\\/\\\/fotodoc.com.br\\\/#\\\/schema\\\/logo\\\/image\\\/\",\"url\":\"https:\\\/\\\/fotodoc.com.br\\\/wp-content\\\/uploads\\\/2022\\\/03\\\/FotoDoc-224px.png\",\"contentUrl\":\"https:\\\/\\\/fotodoc.com.br\\\/wp-content\\\/uploads\\\/2022\\\/03\\\/FotoDoc-224px.png\",\"width\":224,\"height\":90,\"caption\":\"Festival Fotodoc\"},\"image\":{\"@id\":\"https:\\\/\\\/fotodoc.com.br\\\/#\\\/schema\\\/logo\\\/image\\\/\"},\"sameAs\":[\"https:\\\/\\\/www.facebook.com\\\/festivalfotodoc\",\"https:\\\/\\\/www.instagram.com\\\/festivalfotodoc\\\/\"]}]}<\/script>\n<!-- \/ Yoast SEO plugin. -->","yoast_head_json":{"title":"Exposi\u00e7\u00f5es 2024 - FotoDoc","robots":{"index":"index","follow":"follow","max-snippet":"max-snippet:-1","max-image-preview":"max-image-preview:large","max-video-preview":"max-video-preview:-1"},"canonical":"https:\/\/fotodoc.com.br\/exposicoes-2024\/","og_locale":"en_US","og_type":"article","og_title":"Exposi\u00e7\u00f5es 2024 - FotoDoc","og_description":"[vc_row][vc_column][vc_single_image image=&#8221;17682&#8243; img_size=&#8221;full&#8221; add_caption=&#8221;yes&#8221; alignment=&#8221;center&#8221;][vc_empty_space height=&#8221;20px&#8221;][vc_single_image image=&#8221;1333&#8243; img_size=&#8221;medium&#8221; css=&#8221;.vc_custom_1657150732673{padding-left: 30px !important;}&#8221;][vc_column_text css=&#8221;.vc_custom_1725878159902{padding-right: 30px !important;padding-left: 30px !important;}&#8221;] Festival de Fotografia Documental De 26 a 30 de novembro de 2024 Exposi\u00e7\u00f5es abertas at\u00e9 5 de janeiro de 2025 Panamericana Escola de Arte e Design S\u00e3o Paulo (SP) [\/vc_column_text][vc_column_text css=&#8221;.vc_custom_1734469712675{padding-right: 30px !important;padding-left: 30px !important;}&#8221;] EXPOSI\u00c7\u00d5ES 2024 A abertura [&hellip;]","og_url":"https:\/\/fotodoc.com.br\/exposicoes-2024\/","og_site_name":"FotoDoc","article_publisher":"https:\/\/www.facebook.com\/festivalfotodoc","article_modified_time":"2024-12-29T15:20:52+00:00","twitter_card":"summary_large_image","twitter_misc":{"Est. reading time":"4 minutes","Written by":"FotoDoc"},"schema":{"@context":"https:\/\/schema.org","@graph":[{"@type":"WebPage","@id":"https:\/\/fotodoc.com.br\/exposicoes-2024\/","url":"https:\/\/fotodoc.com.br\/exposicoes-2024\/","name":"Exposi\u00e7\u00f5es 2024 - FotoDoc","isPartOf":{"@id":"https:\/\/fotodoc.com.br\/#website"},"datePublished":"2024-09-09T10:39:55+00:00","dateModified":"2024-12-29T15:20:52+00:00","breadcrumb":{"@id":"https:\/\/fotodoc.com.br\/exposicoes-2024\/#breadcrumb"},"inLanguage":"en-US","potentialAction":[{"@type":"ReadAction","target":["https:\/\/fotodoc.com.br\/exposicoes-2024\/"]}]},{"@type":"BreadcrumbList","@id":"https:\/\/fotodoc.com.br\/exposicoes-2024\/#breadcrumb","itemListElement":[{"@type":"ListItem","position":1,"name":"In\u00edcio","item":"https:\/\/fotodoc.com.br\/en\/"},{"@type":"ListItem","position":2,"name":"Exposi\u00e7\u00f5es 2024"}]},{"@type":"WebSite","@id":"https:\/\/fotodoc.com.br\/#website","url":"https:\/\/fotodoc.com.br\/","name":"FotoDoc","description":"Festival de Fotografia Documental","publisher":{"@id":"https:\/\/fotodoc.com.br\/#organization"},"potentialAction":[{"@type":"SearchAction","target":{"@type":"EntryPoint","urlTemplate":"https:\/\/fotodoc.com.br\/?s={search_term_string}"},"query-input":{"@type":"PropertyValueSpecification","valueRequired":true,"valueName":"search_term_string"}}],"inLanguage":"en-US"},{"@type":"Organization","@id":"https:\/\/fotodoc.com.br\/#organization","name":"Festival Fotodoc","url":"https:\/\/fotodoc.com.br\/","logo":{"@type":"ImageObject","inLanguage":"en-US","@id":"https:\/\/fotodoc.com.br\/#\/schema\/logo\/image\/","url":"https:\/\/fotodoc.com.br\/wp-content\/uploads\/2022\/03\/FotoDoc-224px.png","contentUrl":"https:\/\/fotodoc.com.br\/wp-content\/uploads\/2022\/03\/FotoDoc-224px.png","width":224,"height":90,"caption":"Festival Fotodoc"},"image":{"@id":"https:\/\/fotodoc.com.br\/#\/schema\/logo\/image\/"},"sameAs":["https:\/\/www.facebook.com\/festivalfotodoc","https:\/\/www.instagram.com\/festivalfotodoc\/"]}]}},"_links":{"self":[{"href":"https:\/\/fotodoc.com.br\/en\/wp-json\/wp\/v2\/pages\/17704","targetHints":{"allow":["GET"]}}],"collection":[{"href":"https:\/\/fotodoc.com.br\/en\/wp-json\/wp\/v2\/pages"}],"about":[{"href":"https:\/\/fotodoc.com.br\/en\/wp-json\/wp\/v2\/types\/page"}],"author":[{"embeddable":true,"href":"https:\/\/fotodoc.com.br\/en\/wp-json\/wp\/v2\/users\/2"}],"replies":[{"embeddable":true,"href":"https:\/\/fotodoc.com.br\/en\/wp-json\/wp\/v2\/comments?post=17704"}],"version-history":[{"count":14,"href":"https:\/\/fotodoc.com.br\/en\/wp-json\/wp\/v2\/pages\/17704\/revisions"}],"predecessor-version":[{"id":19409,"href":"https:\/\/fotodoc.com.br\/en\/wp-json\/wp\/v2\/pages\/17704\/revisions\/19409"}],"wp:attachment":[{"href":"https:\/\/fotodoc.com.br\/en\/wp-json\/wp\/v2\/media?parent=17704"}],"wp:term":[{"taxonomy":"author","embeddable":true,"href":"https:\/\/fotodoc.com.br\/en\/wp-json\/wp\/v2\/coauthors?post=17704"}],"curies":[{"name":"wp","href":"https:\/\/api.w.org\/{rel}","templated":true}]}}