{"id":1995,"date":"2022-11-06T13:24:52","date_gmt":"2022-11-06T16:24:52","guid":{"rendered":"https:\/\/fotodoc.com.br\/?page_id=1995"},"modified":"2024-07-23T12:45:52","modified_gmt":"2024-07-23T15:45:52","slug":"premio-2023","status":"publish","type":"page","link":"https:\/\/fotodoc.com.br\/en\/premio-2023\/","title":{"rendered":"Pr\u00eamio Portf\u00f3lio FotoDoc 2023"},"content":{"rendered":"<div class=\"wpb-content-wrapper\"><p>[vc_row][vc_column][vc_single_image image=&#8221;3605&#8243; img_size=&#8221;full&#8221;][vc_column_text]<\/p>\n<h2><a href=\"https:\/\/fotodoc.com.br\/premio-2023\/ganhadores-2023\/\"><em>ENCERRADAS AS INSCRI\u00c7\u00d5ES, CLIQUE AQUI PARA CONHECER OS GANHADORES!<\/em><\/a><\/h2>\n<h2><strong>Convocat\u00f3ria Internacional de Fotografia<\/strong><\/h2>\n<h3>Foram <strong>encerradas no dia 15 de junho<\/strong>\u00a0as inscri\u00e7\u00f5es para o <a href=\"https:\/\/fotodoc.com.br\/premio-2023\/ganhadores-2023\/\" target=\"_blank\" rel=\"noopener\"><strong>PR\u00caMIO PORTF\u00d3LIO FOTODOC<\/strong><\/a>, plataforma destinada \u00e0 publica\u00e7\u00e3o do trabalho de fot\u00f3grafos brasileiros e estrangeiros, com premia\u00e7\u00f5es anuais.<\/h3>\n<h3>Organizado pelo <strong>FotoDoc \u2013 Festival de Fotografia Documental<\/strong>, o concurso tem como proposta dar visibilidade \u00e0s mais variadas formas de express\u00e3o fotogr\u00e1fica, sem restri\u00e7\u00e3o de tem\u00e1tica ou de abordagem e sempre buscando a excel\u00eancia na forma e no conte\u00fado.<\/h3>\n<h2>Como funciona<\/h2>\n<h3>Os participantes podem enviar suas inscri\u00e7\u00f5es gratuitamente em tr\u00eas categorias: <strong>Imagem Destacada<\/strong>, <strong>Ensaio<\/strong> e <strong>Portf\u00f3lio<\/strong>. Todas as inscri\u00e7\u00f5es recebidas s\u00e3o avaliadas pela curadoria do festival. Em caso de aprova\u00e7\u00e3o, o trabalho \u00e9 publicado no site e nas redes sociais do <strong>Festival FotoDoc<\/strong> <strong>mediante o pagamento de uma taxa de R$ 89<\/strong>.<\/h3>\n<h3>A receita ser\u00e1 revertida para <strong>remunerar os envolvidos<\/strong>, <strong>cobrir custos<\/strong> com o pr\u00eamio e <strong>realizar investimentos<\/strong> na sua divulga\u00e7\u00e3o. <strong>O Pr\u00eamio Portf\u00f3lio FotoDoc \u00e9 uma iniciativa particular do Festival FotoDoc, sem qualquer tipo de financiamento via lei de incentivo \u00e0 cultura.<\/strong><\/h3>\n<h2>Inscri\u00e7\u00f5es em fluxo cont\u00ednuo<\/h2>\n<h3>Com <strong>inscri\u00e7\u00f5es abertas at\u00e9 15 de junho<\/strong>, a edi\u00e7\u00e3o 2023 do concurso ir\u00e1 <a href=\"https:\/\/fotodoc.com.br\/premio-2023\/selecionados-2023\" target=\"_blank\" rel=\"noopener\"><strong>publicar os trabalhos selecionados em fluxo cont\u00ednuo<\/strong><\/a>. Quanto antes voc\u00ea enviar sua inscri\u00e7\u00e3o, mais tempo ela ficar\u00e1 publicada em caso de aprova\u00e7\u00e3o.<\/h3>\n<h3>Ap\u00f3s o t\u00e9rmino das inscri\u00e7\u00f5es, ser\u00e3o indicados <a href=\"https:\/\/fotodoc.com.br\/premio-2023\/finalistas-2023\/\"><strong>51 finalistas<\/strong><\/a>, sendo 6 Portf\u00f3lios, 15 Ensaios e 30 Imagens Destacadas.<\/h3>\n<h3>Um J\u00fari composto por 5 membros vai se reunir presencialmente para analisar os finalistas e indicar dentre eles <a href=\"https:\/\/fotodoc.com.br\/premio-2023\/ganhadores-2023\/\"><strong>17 trabalhos ganhadores<\/strong><\/a>, sendo 2 Portf\u00f3lios, 5 Ensaios e 10 Imagens Destacadas. O J\u00fari tamb\u00e9m apontar\u00e1, dentre os 2 Portf\u00f3lios escolhidos, o ganhador geral, que receber\u00e1 o trof\u00e9u <strong>PR\u00caMIO PORTF\u00d3LIO FOTODOC 2023<\/strong>.<\/h3>\n<h2>Ganhadores expostos no Festival FotoDoc 2023<\/h2>\n<h3>O <strong>trabalhos ganhadores far\u00e3o parte de uma exposi\u00e7\u00e3o de destaque<\/strong> no <a href=\"https:\/\/fotodoc.com.br\/festival-2023\/\" target=\"_blank\" rel=\"noopener\"><strong>Festival FotoDoc 2023<\/strong><\/a>, programado para ocorrer de 21 a 25 novembro na Panamericana Escola de Arte e Design, em S\u00e3o Paulo (SP), com exposi\u00e7\u00f5es abertas at\u00e9 15 de janeiro de 2024. Caso n\u00e3o resida no estado de S\u00e3o Paulo, o ganhador geral receber\u00e1 passagem a\u00e9rea em trecho nacional para participar do festival.<\/h3>\n<h3>Todos os finalistas ser\u00e3o publicados na <strong>revista FotoDoc 2023<\/strong>, voltada \u00e0 divulga\u00e7\u00e3o das atividades do festival.<\/h3>\n<p>[\/vc_column_text][vc_single_image image=&#8221;2053&#8243; img_size=&#8221;full&#8221; alignment=&#8221;center&#8221; onclick=&#8221;link_image&#8221;][vc_separator][vc_column_text]<\/p>\n<h2><strong><em><a href=\"https:\/\/fotodoc.com.br\/premio\/regulamento\">CLIQUE NESTE LINK OU NO BOT\u00c3O ABAIXO PARA ACESSAR O REGULAMENTO E SE INSCREVER<\/a><\/em><\/strong><\/h2>\n<p>[\/vc_column_text][vc_btn title=&#8221;REGULAMENTO PR\u00caMIO PORTF\u00d3LIO FOTODOC 2023&#8243; color=&#8221;juicy-pink&#8221; link=&#8221;url:https%3A%2F%2Ffotodoc.com.br%2Fpremio%2Fregulamento&#8221;][vc_empty_space height=&#8221;25px&#8221;][\/vc_column][\/vc_row][vc_row][vc_column][\/vc_column][\/vc_row]<\/p>\n<\/div>","protected":false},"excerpt":{"rendered":"<p>[vc_row][vc_column][vc_single_image image=&#8221;3605&#8243; img_size=&#8221;full&#8221;][vc_column_text] ENCERRADAS AS INSCRI\u00c7\u00d5ES, CLIQUE AQUI PARA CONHECER OS GANHADORES! Convocat\u00f3ria Internacional de Fotografia Foram encerradas no dia 15 de junho\u00a0as inscri\u00e7\u00f5es para o PR\u00caMIO PORTF\u00d3LIO FOTODOC, plataforma destinada \u00e0 publica\u00e7\u00e3o do trabalho de fot\u00f3grafos brasileiros e estrangeiros, com premia\u00e7\u00f5es anuais. Organizado pelo FotoDoc \u2013 Festival de Fotografia Documental, o concurso tem como [&hellip;]<\/p>\n","protected":false},"author":2,"featured_media":1322,"parent":0,"menu_order":0,"comment_status":"closed","ping_status":"closed","template":"","meta":{"_acf_changed":false,"jnews_page_loop":{"enable_page_loop":"0","first_title":"Latest Post","second_title":"","header_type":"heading_6","header_background":"","header_text_color":"","layout":"right-sidebar","sidebar":"default-sidebar","second_sidebar":"default-sidebar","sticky_sidebar":"1","module":"3","boxed":"0","boxed_shadow":"0","box_shadow":"0","excerpt_length":"20","content_date":"default","date_custom":"Y\/m\/d","content_pagination":"nav_1","pagination_align":"center","show_navtext":"0","show_pageinfo":"0","post_offset":"0","posts_per_page":"5","include_post":"","exclude_post":"","include_category":"","exclude_category":"","include_author":"","include_tag":"","exclude_tag":"","sort_by":"latest","post_sticky":"0"},"jnews_single_page":{"layout":"no-sidebar","sidebar":"default-sidebar","second_sidebar":"default-sidebar","sticky_sidebar":"1","show_post_featured":"0","show_post_meta":"0","share_position":"hide","share_color":"share-monocrhome","show_post_title":"1","show_post_breadcrumbs":"0"},"jnews_social_meta":{"fb_title":"","fb_description":"","fb_image":"","twitter_title":"","twitter_description":"","twitter_image":""},"footnotes":""},"coauthors":[],"class_list":["post-1995","page","type-page","status-publish","has-post-thumbnail","hentry"],"acf":[],"yoast_head":"<!-- This site is optimized with the Yoast SEO plugin v27.3 - https:\/\/yoast.com\/product\/yoast-seo-wordpress\/ -->\n<title>Pr\u00eamio Portf\u00f3lio FotoDoc 2023 - FotoDoc<\/title>\n<meta name=\"description\" content=\"Pr\u00eamio Portf\u00f3lio Fotodoc 2023, concurso fotogr\u00e1fico aberto a fot\u00f3grafos amadores e profissionais. Ganhadores ser\u00e3o expostos no Festival FOTODOC\" \/>\n<meta name=\"robots\" content=\"index, follow, max-snippet:-1, max-image-preview:large, max-video-preview:-1\" \/>\n<link rel=\"canonical\" href=\"https:\/\/fotodoc.com.br\/premio-2023\/\" \/>\n<meta property=\"og:locale\" content=\"en_US\" \/>\n<meta property=\"og:type\" content=\"article\" \/>\n<meta property=\"og:title\" content=\"Pr\u00eamio Portf\u00f3lio FotoDoc 2023 - FotoDoc\" \/>\n<meta property=\"og:description\" content=\"Pr\u00eamio Portf\u00f3lio Fotodoc 2023, concurso fotogr\u00e1fico aberto a fot\u00f3grafos amadores e profissionais. Ganhadores ser\u00e3o expostos no Festival FOTODOC\" \/>\n<meta property=\"og:url\" content=\"https:\/\/fotodoc.com.br\/premio-2023\/\" \/>\n<meta property=\"og:site_name\" content=\"FotoDoc\" \/>\n<meta property=\"article:publisher\" content=\"https:\/\/www.facebook.com\/festivalfotodoc\" \/>\n<meta property=\"article:modified_time\" content=\"2024-07-23T15:45:52+00:00\" \/>\n<meta property=\"og:image\" content=\"https:\/\/fotodoc.com.br\/wp-content\/uploads\/2022\/07\/logo_9120.jpg\" \/>\n\t<meta property=\"og:image:width\" content=\"1920\" \/>\n\t<meta property=\"og:image:height\" content=\"1080\" \/>\n\t<meta property=\"og:image:type\" content=\"image\/jpeg\" \/>\n<meta name=\"twitter:card\" content=\"summary_large_image\" \/>\n<meta name=\"twitter:label1\" content=\"Est. reading time\" \/>\n\t<meta name=\"twitter:data1\" content=\"3 minutes\" \/>\n\t<meta name=\"twitter:label2\" content=\"Written by\" \/>\n\t<meta name=\"twitter:data2\" content=\"FotoDoc\" \/>\n<script type=\"application\/ld+json\" class=\"yoast-schema-graph\">{\"@context\":\"https:\\\/\\\/schema.org\",\"@graph\":[{\"@type\":\"WebPage\",\"@id\":\"https:\\\/\\\/fotodoc.com.br\\\/premio-2023\\\/\",\"url\":\"https:\\\/\\\/fotodoc.com.br\\\/premio-2023\\\/\",\"name\":\"Pr\u00eamio Portf\u00f3lio FotoDoc 2023 - FotoDoc\",\"isPartOf\":{\"@id\":\"https:\\\/\\\/fotodoc.com.br\\\/#website\"},\"primaryImageOfPage\":{\"@id\":\"https:\\\/\\\/fotodoc.com.br\\\/premio-2023\\\/#primaryimage\"},\"image\":{\"@id\":\"https:\\\/\\\/fotodoc.com.br\\\/premio-2023\\\/#primaryimage\"},\"thumbnailUrl\":\"https:\\\/\\\/fotodoc.com.br\\\/wp-content\\\/uploads\\\/2022\\\/07\\\/logo_9120.jpg\",\"datePublished\":\"2022-11-06T16:24:52+00:00\",\"dateModified\":\"2024-07-23T15:45:52+00:00\",\"description\":\"Pr\u00eamio Portf\u00f3lio Fotodoc 2023, concurso fotogr\u00e1fico aberto a fot\u00f3grafos amadores e profissionais. Ganhadores ser\u00e3o expostos no Festival FOTODOC\",\"breadcrumb\":{\"@id\":\"https:\\\/\\\/fotodoc.com.br\\\/premio-2023\\\/#breadcrumb\"},\"inLanguage\":\"en-US\",\"potentialAction\":[{\"@type\":\"ReadAction\",\"target\":[\"https:\\\/\\\/fotodoc.com.br\\\/premio-2023\\\/\"]}]},{\"@type\":\"ImageObject\",\"inLanguage\":\"en-US\",\"@id\":\"https:\\\/\\\/fotodoc.com.br\\\/premio-2023\\\/#primaryimage\",\"url\":\"https:\\\/\\\/fotodoc.com.br\\\/wp-content\\\/uploads\\\/2022\\\/07\\\/logo_9120.jpg\",\"contentUrl\":\"https:\\\/\\\/fotodoc.com.br\\\/wp-content\\\/uploads\\\/2022\\\/07\\\/logo_9120.jpg\",\"width\":1920,\"height\":1080},{\"@type\":\"BreadcrumbList\",\"@id\":\"https:\\\/\\\/fotodoc.com.br\\\/premio-2023\\\/#breadcrumb\",\"itemListElement\":[{\"@type\":\"ListItem\",\"position\":1,\"name\":\"In\u00edcio\",\"item\":\"https:\\\/\\\/fotodoc.com.br\\\/en\\\/\"},{\"@type\":\"ListItem\",\"position\":2,\"name\":\"Pr\u00eamio Portf\u00f3lio FotoDoc 2023\"}]},{\"@type\":\"WebSite\",\"@id\":\"https:\\\/\\\/fotodoc.com.br\\\/#website\",\"url\":\"https:\\\/\\\/fotodoc.com.br\\\/\",\"name\":\"FotoDoc\",\"description\":\"Festival de Fotografia Documental\",\"publisher\":{\"@id\":\"https:\\\/\\\/fotodoc.com.br\\\/#organization\"},\"potentialAction\":[{\"@type\":\"SearchAction\",\"target\":{\"@type\":\"EntryPoint\",\"urlTemplate\":\"https:\\\/\\\/fotodoc.com.br\\\/?s={search_term_string}\"},\"query-input\":{\"@type\":\"PropertyValueSpecification\",\"valueRequired\":true,\"valueName\":\"search_term_string\"}}],\"inLanguage\":\"en-US\"},{\"@type\":\"Organization\",\"@id\":\"https:\\\/\\\/fotodoc.com.br\\\/#organization\",\"name\":\"Festival Fotodoc\",\"url\":\"https:\\\/\\\/fotodoc.com.br\\\/\",\"logo\":{\"@type\":\"ImageObject\",\"inLanguage\":\"en-US\",\"@id\":\"https:\\\/\\\/fotodoc.com.br\\\/#\\\/schema\\\/logo\\\/image\\\/\",\"url\":\"https:\\\/\\\/fotodoc.com.br\\\/wp-content\\\/uploads\\\/2022\\\/03\\\/FotoDoc-224px.png\",\"contentUrl\":\"https:\\\/\\\/fotodoc.com.br\\\/wp-content\\\/uploads\\\/2022\\\/03\\\/FotoDoc-224px.png\",\"width\":224,\"height\":90,\"caption\":\"Festival Fotodoc\"},\"image\":{\"@id\":\"https:\\\/\\\/fotodoc.com.br\\\/#\\\/schema\\\/logo\\\/image\\\/\"},\"sameAs\":[\"https:\\\/\\\/www.facebook.com\\\/festivalfotodoc\",\"https:\\\/\\\/www.instagram.com\\\/festivalfotodoc\\\/\"]}]}<\/script>\n<!-- \/ Yoast SEO plugin. -->","yoast_head_json":{"title":"Pr\u00eamio Portf\u00f3lio FotoDoc 2023 - FotoDoc","description":"Pr\u00eamio Portf\u00f3lio Fotodoc 2023, concurso fotogr\u00e1fico aberto a fot\u00f3grafos amadores e profissionais. Ganhadores ser\u00e3o expostos no Festival FOTODOC","robots":{"index":"index","follow":"follow","max-snippet":"max-snippet:-1","max-image-preview":"max-image-preview:large","max-video-preview":"max-video-preview:-1"},"canonical":"https:\/\/fotodoc.com.br\/premio-2023\/","og_locale":"en_US","og_type":"article","og_title":"Pr\u00eamio Portf\u00f3lio FotoDoc 2023 - FotoDoc","og_description":"Pr\u00eamio Portf\u00f3lio Fotodoc 2023, concurso fotogr\u00e1fico aberto a fot\u00f3grafos amadores e profissionais. Ganhadores ser\u00e3o expostos no Festival FOTODOC","og_url":"https:\/\/fotodoc.com.br\/premio-2023\/","og_site_name":"FotoDoc","article_publisher":"https:\/\/www.facebook.com\/festivalfotodoc","article_modified_time":"2024-07-23T15:45:52+00:00","og_image":[{"width":1920,"height":1080,"url":"https:\/\/fotodoc.com.br\/wp-content\/uploads\/2022\/07\/logo_9120.jpg","type":"image\/jpeg"}],"twitter_card":"summary_large_image","twitter_misc":{"Est. reading time":"3 minutes","Written by":"FotoDoc"},"schema":{"@context":"https:\/\/schema.org","@graph":[{"@type":"WebPage","@id":"https:\/\/fotodoc.com.br\/premio-2023\/","url":"https:\/\/fotodoc.com.br\/premio-2023\/","name":"Pr\u00eamio Portf\u00f3lio FotoDoc 2023 - FotoDoc","isPartOf":{"@id":"https:\/\/fotodoc.com.br\/#website"},"primaryImageOfPage":{"@id":"https:\/\/fotodoc.com.br\/premio-2023\/#primaryimage"},"image":{"@id":"https:\/\/fotodoc.com.br\/premio-2023\/#primaryimage"},"thumbnailUrl":"https:\/\/fotodoc.com.br\/wp-content\/uploads\/2022\/07\/logo_9120.jpg","datePublished":"2022-11-06T16:24:52+00:00","dateModified":"2024-07-23T15:45:52+00:00","description":"Pr\u00eamio Portf\u00f3lio Fotodoc 2023, concurso fotogr\u00e1fico aberto a fot\u00f3grafos amadores e profissionais. Ganhadores ser\u00e3o expostos no Festival FOTODOC","breadcrumb":{"@id":"https:\/\/fotodoc.com.br\/premio-2023\/#breadcrumb"},"inLanguage":"en-US","potentialAction":[{"@type":"ReadAction","target":["https:\/\/fotodoc.com.br\/premio-2023\/"]}]},{"@type":"ImageObject","inLanguage":"en-US","@id":"https:\/\/fotodoc.com.br\/premio-2023\/#primaryimage","url":"https:\/\/fotodoc.com.br\/wp-content\/uploads\/2022\/07\/logo_9120.jpg","contentUrl":"https:\/\/fotodoc.com.br\/wp-content\/uploads\/2022\/07\/logo_9120.jpg","width":1920,"height":1080},{"@type":"BreadcrumbList","@id":"https:\/\/fotodoc.com.br\/premio-2023\/#breadcrumb","itemListElement":[{"@type":"ListItem","position":1,"name":"In\u00edcio","item":"https:\/\/fotodoc.com.br\/en\/"},{"@type":"ListItem","position":2,"name":"Pr\u00eamio Portf\u00f3lio FotoDoc 2023"}]},{"@type":"WebSite","@id":"https:\/\/fotodoc.com.br\/#website","url":"https:\/\/fotodoc.com.br\/","name":"FotoDoc","description":"Festival de Fotografia Documental","publisher":{"@id":"https:\/\/fotodoc.com.br\/#organization"},"potentialAction":[{"@type":"SearchAction","target":{"@type":"EntryPoint","urlTemplate":"https:\/\/fotodoc.com.br\/?s={search_term_string}"},"query-input":{"@type":"PropertyValueSpecification","valueRequired":true,"valueName":"search_term_string"}}],"inLanguage":"en-US"},{"@type":"Organization","@id":"https:\/\/fotodoc.com.br\/#organization","name":"Festival Fotodoc","url":"https:\/\/fotodoc.com.br\/","logo":{"@type":"ImageObject","inLanguage":"en-US","@id":"https:\/\/fotodoc.com.br\/#\/schema\/logo\/image\/","url":"https:\/\/fotodoc.com.br\/wp-content\/uploads\/2022\/03\/FotoDoc-224px.png","contentUrl":"https:\/\/fotodoc.com.br\/wp-content\/uploads\/2022\/03\/FotoDoc-224px.png","width":224,"height":90,"caption":"Festival Fotodoc"},"image":{"@id":"https:\/\/fotodoc.com.br\/#\/schema\/logo\/image\/"},"sameAs":["https:\/\/www.facebook.com\/festivalfotodoc","https:\/\/www.instagram.com\/festivalfotodoc\/"]}]}},"_links":{"self":[{"href":"https:\/\/fotodoc.com.br\/en\/wp-json\/wp\/v2\/pages\/1995","targetHints":{"allow":["GET"]}}],"collection":[{"href":"https:\/\/fotodoc.com.br\/en\/wp-json\/wp\/v2\/pages"}],"about":[{"href":"https:\/\/fotodoc.com.br\/en\/wp-json\/wp\/v2\/types\/page"}],"author":[{"embeddable":true,"href":"https:\/\/fotodoc.com.br\/en\/wp-json\/wp\/v2\/users\/2"}],"replies":[{"embeddable":true,"href":"https:\/\/fotodoc.com.br\/en\/wp-json\/wp\/v2\/comments?post=1995"}],"version-history":[{"count":38,"href":"https:\/\/fotodoc.com.br\/en\/wp-json\/wp\/v2\/pages\/1995\/revisions"}],"predecessor-version":[{"id":1999,"href":"https:\/\/fotodoc.com.br\/en\/wp-json\/wp\/v2\/pages\/1995\/revisions\/1999"}],"wp:featuredmedia":[{"embeddable":true,"href":"https:\/\/fotodoc.com.br\/en\/wp-json\/wp\/v2\/media\/1322"}],"wp:attachment":[{"href":"https:\/\/fotodoc.com.br\/en\/wp-json\/wp\/v2\/media?parent=1995"}],"wp:term":[{"taxonomy":"author","embeddable":true,"href":"https:\/\/fotodoc.com.br\/en\/wp-json\/wp\/v2\/coauthors?post=1995"}],"curies":[{"name":"wp","href":"https:\/\/api.w.org\/{rel}","templated":true}]}}