{"id":55669,"date":"2025-09-02T08:45:31","date_gmt":"2025-09-02T11:45:31","guid":{"rendered":"https:\/\/fotodoc.com.br\/?page_id=55669"},"modified":"2025-10-23T09:28:39","modified_gmt":"2025-10-23T12:28:39","slug":"livraria-2025","status":"publish","type":"page","link":"https:\/\/fotodoc.com.br\/en\/livraria-2025\/","title":{"rendered":"Livraria 2025"},"content":{"rendered":"<div class=\"wpb-content-wrapper\"><p>[vc_row][vc_column][vc_single_image image=&#8221;55640&#8243; img_size=&#8221;full&#8221; add_caption=&#8221;yes&#8221; alignment=&#8221;center&#8221; css=&#8221;&#8221;][vc_empty_space height=&#8221;20px&#8221;][vc_single_image image=&#8221;1333&#8243; img_size=&#8221;medium&#8221; css=&#8221;.vc_custom_1657150732673{padding-left: 30px !important;}&#8221;][vc_column_text css=&#8221;.vc_custom_1756813123116{padding-right: 30px !important;padding-left: 30px !important;}&#8221;]<\/p>\n<h1>Festival de Fotografia Documental<\/h1>\n<h3>De 4 a 8 de novembro de 2025<br \/>\n<a href=\"https:\/\/fotodoc.com.br\/panamericana\/\" target=\"_blank\" rel=\"noopener\"><span style=\"color: #000000;\">Panamericana Escola de Arte e Design<\/span><\/a><br \/>\nS\u00e3o Paulo (SP)<\/h3>\n<p>[\/vc_column_text][vc_column_text css=&#8221;.vc_custom_1761221825280{padding-right: 30px !important;padding-left: 30px !important;}&#8221;]<\/p>\n<h2 class=\"p1\"><em><span class=\"s1\"><b>LIVRARIA 2025<\/b><\/span><\/em><\/h2>\n<h3>Reconhecendo a import\u00e2ncia do livro como ve\u00edculo de difus\u00e3o de trabalhos fotogr\u00e1ficos, o <strong>Festival FotoDoc 2025<\/strong> contar\u00e1 com um amplo espa\u00e7o de Livraria na <strong>cobertura da Escola Panamericana<\/strong>.<\/h3>\n<h2>Conversas com o Autor<\/h2>\n<h3>No espa\u00e7o da Livraria ser\u00e1 realizada uma s\u00e9rie de \u201c<strong>Conversas com o Autor<\/strong>\u201d, para que fot\u00f3grafos apresentem seus fotolivros e contem sobre o processo criativo e tamb\u00e9m sobre as formas de viabilizar a publica\u00e7\u00e3o. Uma oportunidade para descobrir novas publica\u00e7\u00f5es, dialogar com seus autores, aprender com suas experi\u00eancias e ainda adquirir um livro autografado.<\/h3>\n<h3>Em 2025, as <strong>Conversas com o Autor<\/strong> ocorrer\u00e3o na <strong>quarta<\/strong>, 5 de novembro, <strong>das 18h \u00e0s 20h<\/strong>, na<strong> quinta e sexta<\/strong>, dias 6 e 7 de novembro, <strong>das 19h30 \u00e0s 20h30<\/strong>, no intervalo entre os Encontros, e no <strong>s\u00e1bado<\/strong>, dia 8 de novembro, em duas sess\u00f5es, das <strong>14h30 \u00e0s 15h<\/strong> e das <strong>15h30 \u00e0s 16h<\/strong>, acontecendo em combina\u00e7\u00e3o com o <strong>Artescambo<\/strong>, que marcar\u00e1 o encerramento do festival.<\/h3>\n<h2>Hor\u00e1rio de funcionamento da Livraria:<\/h2>\n<h4>Quarta a Sexta, de 4 a 7 de novembro, das 15h \u00e0s 21h<br \/>\nS\u00e1bado, dia 8 de novembro, das 10h \u00e0s 16h<\/h4>\n<p>[\/vc_column_text][vc_empty_space][\/vc_column][\/vc_row][vc_row][vc_column][vc_separator][vc_column_text]<\/p>\n<h2 class=\"p1\"><em><span class=\"s1\"><b>PROGRAMA\u00c7\u00c3O DAS CONVERSAS COM O AUTOR<\/b><\/span><\/em><\/h2>\n<p>[\/vc_column_text]<div  class=\"jeg_block_heading jeg_block_heading_3 jeg_alignleft jnews_module__0_69d70d18e8cd9   \">\n                <h3 class=\"jeg_block_title\"><span>Quarta, 5 de novembro<\/span><\/h3>\n                <style>.jnews_module__0_69d70d18e8cd9.jeg_block_heading_3 .jeg_block_title span, .jnews_module__0_69d70d18e8cd9.jeg_block_heading_3 .jeg_block_title i { color: #ffffff; }<\/style>\n            <\/div>[vc_column_text css=&#8221;&#8221;]<\/p>\n<h4 style=\"font-weight: 400;\">18h-20h:<\/h4>\n<h4 style=\"font-weight: 400;\"><a href=\"https:\/\/www.editoradeunatelha.com\/product-page\/vaqueiro-de-gibao\" target=\"_blank\" rel=\"noopener\"><strong>Pablo Pinheiro<\/strong> \u2013 <em>Vaqueiro de Gib\u00e3o<\/em><\/a><\/h4>\n<h4 style=\"font-weight: 400;\"><a href=\"https:\/\/www.cultura.pr.gov.br\/Noticia\/Fotografos-Walter-Firmo-e-Nilo-Biazzetto-Neto-lancam-antologia-visual-ONDE\" target=\"_blank\" rel=\"noopener\"><strong>Nilo Biazzetto Neto<\/strong> \u2013 <em>Onde<\/em><\/a><\/h4>\n<h4 style=\"font-weight: 400;\"><a href=\"https:\/\/www.ventoleste.com\/produto\/visoes-de-um-poema-sujo-16\" target=\"_blank\" rel=\"noopener\"><strong>M\u00e1rcio Vasconcelos<\/strong> \u2013 <em>Vis\u00f5es de um poema sujo<\/em><\/a><\/h4>\n<h4 style=\"font-weight: 400;\"><a href=\"https:\/\/www.ventoleste.com\/produto\/agua-brasil-34\" target=\"_blank\" rel=\"noopener\"><strong>\u00c9rico Hiller<\/strong> \u2013 <em>\u00c1gua: Brasil<\/em><\/a><\/h4>\n<p>[\/vc_column_text]<div  class=\"jeg_block_heading jeg_block_heading_3 jeg_alignleft jnews_module__1_69d70d18e8dde   \">\n                <h3 class=\"jeg_block_title\"><span>Quinta, 6 de novembro<\/span><\/h3>\n                <style>.jnews_module__1_69d70d18e8dde.jeg_block_heading_3 .jeg_block_title span, .jnews_module__1_69d70d18e8dde.jeg_block_heading_3 .jeg_block_title i { color: #ffffff; }<\/style>\n            <\/div>[vc_column_text css=&#8221;&#8221;]<\/p>\n<h4 style=\"font-weight: 400;\">19h30-20h30:<\/h4>\n<h4 style=\"font-weight: 400;\"><strong>Maria Eugenia Nabuco<\/strong> \u2013 <em>Conrado<\/em><\/h4>\n<h4 style=\"font-weight: 400;\"><strong>Emidio Luisi<\/strong> \u2013<em> Imagens de um tempo<\/em><\/h4>\n<p>[\/vc_column_text]<div  class=\"jeg_block_heading jeg_block_heading_3 jeg_alignleft jnews_module__2_69d70d18e8e50   \">\n                <h3 class=\"jeg_block_title\"><span>Sexta, 7 de novembro<\/span><\/h3>\n                <style>.jnews_module__2_69d70d18e8e50.jeg_block_heading_3 .jeg_block_title span, .jnews_module__2_69d70d18e8e50.jeg_block_heading_3 .jeg_block_title i { color: #ffffff; }<\/style>\n            <\/div>[vc_column_text css=&#8221;&#8221;]<\/p>\n<h4 style=\"font-weight: 400;\">19h30-20h30:<\/h4>\n<h4 style=\"font-weight: 400;\"><a href=\"https:\/\/www.amazon.com.br\/Chefs-Paulo-Vitale\/dp\/6587323235\" target=\"_blank\" rel=\"noopener\"><strong>Paulo Vitale<\/strong> \u2013 <em>Chefs<\/em><\/a><\/h4>\n<h4 style=\"font-weight: 400;\"><a href=\"https:\/\/www.amanuense.com.br\/produtos\/translucida\/\" target=\"_blank\" rel=\"noopener\"><strong>Seba Reis<\/strong> \u2013 <em>Transl\u00facida<\/em><\/a><\/h4>\n<p>[\/vc_column_text]<div  class=\"jeg_block_heading jeg_block_heading_3 jeg_alignleft jnews_module__3_69d70d18e8ea1   \">\n                <h3 class=\"jeg_block_title\"><span>S\u00e1bado, 8 de novembro<\/span><\/h3>\n                <style>.jnews_module__3_69d70d18e8ea1.jeg_block_heading_3 .jeg_block_title span, .jnews_module__3_69d70d18e8ea1.jeg_block_heading_3 .jeg_block_title i { color: #ffffff; }<\/style>\n            <\/div>[vc_column_text css=&#8221;&#8221;]<\/p>\n<h4 style=\"font-weight: 400;\">14h30-15h:<\/h4>\n<h4 style=\"font-weight: 400;\"><a href=\"https:\/\/www.editoraorigem.com.br\/product-page\/prainha-ana-carolina-fernandes?srsltid=AfmBOorgRZHLfXiZbPkZ7ToZWsnpR5iQ21cg9D3sGMYLXawI_WihrqkE\" target=\"_blank\" rel=\"noopener\"><strong>Ana Carolina Fernandes<\/strong> &#8211; <em>Prainha <\/em><\/a><\/h4>\n<h4 style=\"font-weight: 400;\">15h30-16h:<\/h4>\n<h4 style=\"font-weight: 400;\"><a href=\"https:\/\/hannibalbooks.be\/en\/the-sacrifice-zone\" target=\"_blank\" rel=\"noopener\"><strong>Eddo Hartmann<\/strong>\u00a0&#8211; <em>The Sacrifice Zone<\/em><\/a><\/h4>\n<hr \/>\n<p>[\/vc_column_text][\/vc_column][\/vc_row][vc_row][vc_column][vc_empty_space]<div  class=\"jeg_block_heading jeg_block_heading_9 jeg_alignleft jnews_module__4_69d70d18e8ee8   \">\n                <h3 class=\"jeg_block_title\"><span>OUTRAS ATIVIDADES DO FOTODOC 2025<\/span><\/h3>\n                \n            <\/div>[vc_row_inner][vc_column_inner width=&#8221;1\/2&#8243;][vc_single_image image=&#8221;55617&#8243; img_size=&#8221;1920&#215;1280&#8243; onclick=&#8221;custom_link&#8221; css=&#8221;&#8221; link=&#8221;http:\/\/fotodoc.com.br\/workshops-2025\/&#8221;][vc_column_text css=&#8221;&#8221;]<\/p>\n<h2><span style=\"color: #000000;\"><a style=\"color: #000000;\" href=\"http:\/\/fotodoc.com.br\/workshops-2025\/\"><strong>Workshops<\/strong><\/a><\/span><\/h2>\n<p>[\/vc_column_text][vc_column_text css=&#8221;&#8221;]<\/p>\n<h4><span style=\"color: #000000;\"><a style=\"color: #000000;\" href=\"http:\/\/fotodoc.com.br\/workshops-2025\/\">Cursos voltados \u00e0 forma\u00e7\u00e3o pr\u00e1tica, t\u00e9cnica para fot\u00f3grafos profissionais e amadores avan\u00e7ados<\/a><\/span><\/h4>\n<p>[\/vc_column_text][vc_separator][vc_single_image image=&#8221;55638&#8243; img_size=&#8221;1920&#215;1280&#8243; onclick=&#8221;custom_link&#8221; css=&#8221;&#8221; link=&#8221;http:\/\/fotodoc.com.br\/artescambo-2025\/&#8221;][vc_column_text css=&#8221;&#8221;]<\/p>\n<h2><span style=\"color: #000000;\"><a style=\"color: #000000;\" href=\"http:\/\/fotodoc.com.br\/artescambo-2025\/\"><strong>Artescambo<\/strong><\/a><\/span><\/h2>\n<p>[\/vc_column_text][vc_column_text css=&#8221;&#8221;]<\/p>\n<h4><span style=\"color: #000000;\"><a style=\"color: #000000;\" href=\"http:\/\/fotodoc.com.br\/artescambo-2025\/\">Troca cega de tiragens entre participantes do festival, com participa\u00e7\u00e3o de fot\u00f3grafos convidados<\/a><\/span><\/h4>\n<p>[\/vc_column_text][vc_separator][vc_single_image image=&#8221;55634&#8243; img_size=&#8221;1920&#215;1280&#8243; onclick=&#8221;custom_link&#8221; css=&#8221;&#8221; link=&#8221;http:\/\/fotodoc.com.br\/encontros-2025\/&#8221;][vc_column_text css=&#8221;&#8221;]<\/p>\n<h2><strong><span style=\"color: #000000;\"><a style=\"color: #000000;\" href=\"http:\/\/fotodoc.com.br\/encontros-2025\/\">Encontros<\/a><\/span><\/strong><\/h2>\n<h2><\/h2>\n<p>[\/vc_column_text][vc_column_text css=&#8221;&#8221;]<\/p>\n<h4><span style=\"color: #000000;\"><a style=\"color: #000000;\" href=\"http:\/\/fotodoc.com.br\/encontros-2025\/\">Encontros memor\u00e1veis de grandes nomes da fotografia, dois pontos de vista mediados por um entrevistador<\/a><\/span><\/h4>\n<p>[\/vc_column_text][vc_separator][\/vc_column_inner][vc_column_inner width=&#8221;1\/2&#8243;][vc_single_image image=&#8221;55646&#8243; img_size=&#8221;1920&#215;1280&#8243; onclick=&#8221;custom_link&#8221; css=&#8221;&#8221; link=&#8221;https:\/\/fotodoc.com.br\/leituras-de-portfolio-2025\/&#8221;][vc_column_text css=&#8221;&#8221;]<\/p>\n<h2><span style=\"color: #000000;\"><a style=\"color: #000000;\" href=\"https:\/\/fotodoc.com.br\/leituras-de-portfolio-2025\/\"><strong>Leituras de Portf\u00f3lio<\/strong><\/a><\/span><\/h2>\n<h2><\/h2>\n<p>[\/vc_column_text][vc_column_text css=&#8221;&#8221;]<\/p>\n<h4><span style=\"color: #000000;\"><a style=\"color: #000000;\" href=\"https:\/\/fotodoc.com.br\/leituras-de-portfolio-2025\/\">Curadores e editores analisam e trazem contribui\u00e7\u00f5es ao trabalho dos participantes<\/a><\/span><\/h4>\n<p>[\/vc_column_text][vc_separator][vc_single_image image=&#8221;55642&#8243; img_size=&#8221;1920&#215;1280&#8243; onclick=&#8221;custom_link&#8221; css=&#8221;&#8221; link=&#8221;https:\/\/fotodoc.com.br\/exposicoes-2025\/&#8221;][vc_column_text css=&#8221;&#8221;]<\/p>\n<h2><strong><span style=\"color: #000000;\"><a style=\"color: #000000;\" href=\"https:\/\/fotodoc.com.br\/exposicoes-2025\/\">Exposi\u00e7\u00f5es<\/a><\/span><\/strong><\/h2>\n<p>[\/vc_column_text][vc_column_text css=&#8221;&#8221;]<\/p>\n<h4><span style=\"color: #000000;\"><a style=\"color: #000000;\" href=\"http:\/\/fotodoc.com.br\/exposicoes-2025\/\">Exposi\u00e7\u00e3o com os 25 ganhadores do Pr\u00eamio Portf\u00f3lio FotoDoc 2025 e outras mostras de fotografia<\/a><\/span><\/h4>\n<p>[\/vc_column_text][vc_separator][vc_single_image image=&#8221;55652&#8243; img_size=&#8221;1920&#215;1280&#8243; onclick=&#8221;custom_link&#8221; css=&#8221;&#8221; link=&#8221;https:\/\/fotodoc.com.br\/festival\/&#8221;][vc_column_text css=&#8221;&#8221;]<\/p>\n<h2><span style=\"color: #000000;\"><a style=\"color: #000000;\" href=\"https:\/\/fotodoc.com.br\/festival\/\"><strong>FotoDoc 2025<\/strong><\/a><\/span><\/h2>\n<p>[\/vc_column_text][vc_column_text css=&#8221;&#8221;]<\/p>\n<h4><span style=\"color: #000000;\"><a style=\"color: #000000;\" href=\"https:\/\/fotodoc.com.br\/festival\/\">No ano em que o Brasil sedia a COP 30, o Festival FotoDoc se prop\u00f5e a debater a urg\u00eancia de medidas que possam ajudar a clarear nossos horizontes<\/a><\/span><\/h4>\n<p>[\/vc_column_text][vc_separator][\/vc_column_inner][\/vc_row_inner][vc_row_inner][vc_column_inner][vc_empty_space height=&#8221;20px&#8221;]<div  class=\"jeg_block_heading jeg_block_heading_9 jeg_alignleft jnews_module__5_69d70d18e8f2a   \">\n                <h3 class=\"jeg_block_title\"><span>SOBRE O FESTIVAL<\/span><\/h3>\n                \n            <\/div>[\/vc_column_inner][\/vc_row_inner][vc_row_inner][vc_column_inner width=&#8221;1\/2&#8243;][vc_single_image image=&#8221;1322&#8243; img_size=&#8221;full&#8221; onclick=&#8221;custom_link&#8221; link=&#8221;http:\/\/fotodoc.com.br\/sobre\/&#8221;][vc_column_text]<\/p>\n<h2><span style=\"color: #000000;\"><a style=\"color: #000000;\" href=\"http:\/\/fotodoc.com.br\/sobre\/\"><strong>O Festival<\/strong><\/a><\/span><\/h2>\n<p>[\/vc_column_text][vc_column_text]<\/p>\n<h4><span style=\"color: #000000;\"><a style=\"color: #000000;\" href=\"http:\/\/fotodoc.com.br\/sobre\/\">Miss\u00e3o, hist\u00f3rico, equipe, contato, al\u00e9m de informa\u00e7\u00f5es pr\u00e1ticas sobre o Festival de Fotografia Documental<\/a><\/span><\/h4>\n<p>[\/vc_column_text][vc_separator][\/vc_column_inner][vc_column_inner width=&#8221;1\/2&#8243;][vc_single_image image=&#8221;1323&#8243; img_size=&#8221;full&#8221; onclick=&#8221;custom_link&#8221; link=&#8221;http:\/\/fotodoc.com.br\/panamericana\/&#8221;][vc_column_text]<\/p>\n<h2><span style=\"color: #000000;\"><a style=\"color: #000000;\" href=\"http:\/\/fotodoc.com.br\/panamericana\/\"><strong>Panamericana<\/strong><\/a><\/span><\/h2>\n<p>[\/vc_column_text][vc_column_text]<\/p>\n<h4><span style=\"color: #000000;\"><a style=\"color: #000000;\" href=\"http:\/\/fotodoc.com.br\/panamericana\/\">Fundada em 1963, a Panamericana Escola de Arte e Design \u00e9 um espa\u00e7o privilegiado para o ensino da fotografia<\/a><\/span><\/h4>\n<p>[\/vc_column_text][vc_separator][\/vc_column_inner][\/vc_row_inner][\/vc_column][\/vc_row][vc_row][vc_column][vc_empty_space height=&#8221;40px&#8221;][\/vc_column][\/vc_row]<\/p>\n<\/div>","protected":false},"excerpt":{"rendered":"<p>[vc_row][vc_column][vc_single_image image=&#8221;55640&#8243; img_size=&#8221;full&#8221; add_caption=&#8221;yes&#8221; alignment=&#8221;center&#8221; css=&#8221;&#8221;][vc_empty_space height=&#8221;20px&#8221;][vc_single_image image=&#8221;1333&#8243; img_size=&#8221;medium&#8221; css=&#8221;.vc_custom_1657150732673{padding-left: 30px !important;}&#8221;][vc_column_text css=&#8221;.vc_custom_1756813123116{padding-right: 30px !important;padding-left: 30px !important;}&#8221;] Festival de Fotografia Documental De 4 a 8 de novembro de 2025 Panamericana Escola de Arte e Design S\u00e3o Paulo (SP) [\/vc_column_text][vc_column_text css=&#8221;.vc_custom_1761221825280{padding-right: 30px !important;padding-left: 30px !important;}&#8221;] LIVRARIA 2025 Reconhecendo a import\u00e2ncia do livro como ve\u00edculo de difus\u00e3o [&hellip;]<\/p>\n","protected":false},"author":2,"featured_media":1322,"parent":0,"menu_order":0,"comment_status":"closed","ping_status":"closed","template":"","meta":{"_acf_changed":false,"jnews_page_loop":{"first_title":"Latest Post","header_type":"heading_6","layout":"right-sidebar","sidebar":"default-sidebar","second_sidebar":"default-sidebar","sticky_sidebar":"1","module":"3","main_custom_image_size":"default","second_custom_image_size":"default","excerpt_length":"20","content_date":"default","date_custom":"Y\/m\/d","content_pagination":"nav_1","pagination_align":"center","post_sticky":"0","post_offset":"0","posts_per_page":"5","sort_by":"latest"},"jnews_single_page":{"layout":"no-sidebar","sidebar":"default-sidebar","second_sidebar":"default-sidebar","sticky_sidebar":"1","show_post_title":"1","show_post_breadcrumbs":"1","show_post_featured":"0","share_position":"hide","share_color":"share-monocrhome"},"jnews_social_meta":[],"footnotes":""},"coauthors":[771],"class_list":["post-55669","page","type-page","status-publish","has-post-thumbnail","hentry"],"acf":[],"yoast_head":"<!-- This site is optimized with the Yoast SEO plugin v27.3 - https:\/\/yoast.com\/product\/yoast-seo-wordpress\/ -->\n<title>Livraria 2025 - FotoDoc<\/title>\n<meta name=\"robots\" content=\"index, follow, max-snippet:-1, max-image-preview:large, max-video-preview:-1\" \/>\n<link rel=\"canonical\" href=\"https:\/\/fotodoc.com.br\/livraria-2025\/\" \/>\n<meta property=\"og:locale\" content=\"en_US\" \/>\n<meta property=\"og:type\" content=\"article\" \/>\n<meta property=\"og:title\" content=\"Livraria 2025 - FotoDoc\" \/>\n<meta property=\"og:description\" content=\"[vc_row][vc_column][vc_single_image image=&#8221;55640&#8243; img_size=&#8221;full&#8221; add_caption=&#8221;yes&#8221; alignment=&#8221;center&#8221; css=&#8221;&#8221;][vc_empty_space height=&#8221;20px&#8221;][vc_single_image image=&#8221;1333&#8243; img_size=&#8221;medium&#8221; css=&#8221;.vc_custom_1657150732673{padding-left: 30px !important;}&#8221;][vc_column_text css=&#8221;.vc_custom_1756813123116{padding-right: 30px !important;padding-left: 30px !important;}&#8221;] Festival de Fotografia Documental De 4 a 8 de novembro de 2025 Panamericana Escola de Arte e Design S\u00e3o Paulo (SP) [\/vc_column_text][vc_column_text css=&#8221;.vc_custom_1761221825280{padding-right: 30px !important;padding-left: 30px !important;}&#8221;] LIVRARIA 2025 Reconhecendo a import\u00e2ncia do livro como ve\u00edculo de difus\u00e3o [&hellip;]\" \/>\n<meta property=\"og:url\" content=\"https:\/\/fotodoc.com.br\/livraria-2025\/\" \/>\n<meta property=\"og:site_name\" content=\"FotoDoc\" \/>\n<meta property=\"article:publisher\" content=\"https:\/\/www.facebook.com\/festivalfotodoc\" \/>\n<meta property=\"article:modified_time\" content=\"2025-10-23T12:28:39+00:00\" \/>\n<meta property=\"og:image\" content=\"https:\/\/fotodoc.com.br\/wp-content\/uploads\/2022\/07\/logo_9120.jpg\" \/>\n\t<meta property=\"og:image:width\" content=\"1920\" \/>\n\t<meta property=\"og:image:height\" content=\"1080\" \/>\n\t<meta property=\"og:image:type\" content=\"image\/jpeg\" \/>\n<meta name=\"twitter:card\" content=\"summary_large_image\" \/>\n<meta name=\"twitter:label1\" content=\"Est. reading time\" \/>\n\t<meta name=\"twitter:data1\" content=\"6 minutes\" \/>\n\t<meta name=\"twitter:label2\" content=\"Written by\" \/>\n\t<meta name=\"twitter:data2\" content=\"FotoDoc\" \/>\n<script type=\"application\/ld+json\" class=\"yoast-schema-graph\">{\"@context\":\"https:\\\/\\\/schema.org\",\"@graph\":[{\"@type\":\"WebPage\",\"@id\":\"https:\\\/\\\/fotodoc.com.br\\\/livraria-2025\\\/\",\"url\":\"https:\\\/\\\/fotodoc.com.br\\\/livraria-2025\\\/\",\"name\":\"Livraria 2025 - FotoDoc\",\"isPartOf\":{\"@id\":\"https:\\\/\\\/fotodoc.com.br\\\/#website\"},\"primaryImageOfPage\":{\"@id\":\"https:\\\/\\\/fotodoc.com.br\\\/livraria-2025\\\/#primaryimage\"},\"image\":{\"@id\":\"https:\\\/\\\/fotodoc.com.br\\\/livraria-2025\\\/#primaryimage\"},\"thumbnailUrl\":\"https:\\\/\\\/fotodoc.com.br\\\/wp-content\\\/uploads\\\/2022\\\/07\\\/logo_9120.jpg\",\"datePublished\":\"2025-09-02T11:45:31+00:00\",\"dateModified\":\"2025-10-23T12:28:39+00:00\",\"breadcrumb\":{\"@id\":\"https:\\\/\\\/fotodoc.com.br\\\/livraria-2025\\\/#breadcrumb\"},\"inLanguage\":\"en-US\",\"potentialAction\":[{\"@type\":\"ReadAction\",\"target\":[\"https:\\\/\\\/fotodoc.com.br\\\/livraria-2025\\\/\"]}]},{\"@type\":\"ImageObject\",\"inLanguage\":\"en-US\",\"@id\":\"https:\\\/\\\/fotodoc.com.br\\\/livraria-2025\\\/#primaryimage\",\"url\":\"https:\\\/\\\/fotodoc.com.br\\\/wp-content\\\/uploads\\\/2022\\\/07\\\/logo_9120.jpg\",\"contentUrl\":\"https:\\\/\\\/fotodoc.com.br\\\/wp-content\\\/uploads\\\/2022\\\/07\\\/logo_9120.jpg\",\"width\":1920,\"height\":1080},{\"@type\":\"BreadcrumbList\",\"@id\":\"https:\\\/\\\/fotodoc.com.br\\\/livraria-2025\\\/#breadcrumb\",\"itemListElement\":[{\"@type\":\"ListItem\",\"position\":1,\"name\":\"In\u00edcio\",\"item\":\"https:\\\/\\\/fotodoc.com.br\\\/en\\\/\"},{\"@type\":\"ListItem\",\"position\":2,\"name\":\"Livraria 2025\"}]},{\"@type\":\"WebSite\",\"@id\":\"https:\\\/\\\/fotodoc.com.br\\\/#website\",\"url\":\"https:\\\/\\\/fotodoc.com.br\\\/\",\"name\":\"FotoDoc\",\"description\":\"Festival de Fotografia Documental\",\"publisher\":{\"@id\":\"https:\\\/\\\/fotodoc.com.br\\\/#organization\"},\"potentialAction\":[{\"@type\":\"SearchAction\",\"target\":{\"@type\":\"EntryPoint\",\"urlTemplate\":\"https:\\\/\\\/fotodoc.com.br\\\/?s={search_term_string}\"},\"query-input\":{\"@type\":\"PropertyValueSpecification\",\"valueRequired\":true,\"valueName\":\"search_term_string\"}}],\"inLanguage\":\"en-US\"},{\"@type\":\"Organization\",\"@id\":\"https:\\\/\\\/fotodoc.com.br\\\/#organization\",\"name\":\"Festival Fotodoc\",\"url\":\"https:\\\/\\\/fotodoc.com.br\\\/\",\"logo\":{\"@type\":\"ImageObject\",\"inLanguage\":\"en-US\",\"@id\":\"https:\\\/\\\/fotodoc.com.br\\\/#\\\/schema\\\/logo\\\/image\\\/\",\"url\":\"https:\\\/\\\/fotodoc.com.br\\\/wp-content\\\/uploads\\\/2022\\\/03\\\/FotoDoc-224px.png\",\"contentUrl\":\"https:\\\/\\\/fotodoc.com.br\\\/wp-content\\\/uploads\\\/2022\\\/03\\\/FotoDoc-224px.png\",\"width\":224,\"height\":90,\"caption\":\"Festival Fotodoc\"},\"image\":{\"@id\":\"https:\\\/\\\/fotodoc.com.br\\\/#\\\/schema\\\/logo\\\/image\\\/\"},\"sameAs\":[\"https:\\\/\\\/www.facebook.com\\\/festivalfotodoc\",\"https:\\\/\\\/www.instagram.com\\\/festivalfotodoc\\\/\"]}]}<\/script>\n<!-- \/ Yoast SEO plugin. -->","yoast_head_json":{"title":"Livraria 2025 - FotoDoc","robots":{"index":"index","follow":"follow","max-snippet":"max-snippet:-1","max-image-preview":"max-image-preview:large","max-video-preview":"max-video-preview:-1"},"canonical":"https:\/\/fotodoc.com.br\/livraria-2025\/","og_locale":"en_US","og_type":"article","og_title":"Livraria 2025 - FotoDoc","og_description":"[vc_row][vc_column][vc_single_image image=&#8221;55640&#8243; img_size=&#8221;full&#8221; add_caption=&#8221;yes&#8221; alignment=&#8221;center&#8221; css=&#8221;&#8221;][vc_empty_space height=&#8221;20px&#8221;][vc_single_image image=&#8221;1333&#8243; img_size=&#8221;medium&#8221; css=&#8221;.vc_custom_1657150732673{padding-left: 30px !important;}&#8221;][vc_column_text css=&#8221;.vc_custom_1756813123116{padding-right: 30px !important;padding-left: 30px !important;}&#8221;] Festival de Fotografia Documental De 4 a 8 de novembro de 2025 Panamericana Escola de Arte e Design S\u00e3o Paulo (SP) [\/vc_column_text][vc_column_text css=&#8221;.vc_custom_1761221825280{padding-right: 30px !important;padding-left: 30px !important;}&#8221;] LIVRARIA 2025 Reconhecendo a import\u00e2ncia do livro como ve\u00edculo de difus\u00e3o [&hellip;]","og_url":"https:\/\/fotodoc.com.br\/livraria-2025\/","og_site_name":"FotoDoc","article_publisher":"https:\/\/www.facebook.com\/festivalfotodoc","article_modified_time":"2025-10-23T12:28:39+00:00","og_image":[{"width":1920,"height":1080,"url":"https:\/\/fotodoc.com.br\/wp-content\/uploads\/2022\/07\/logo_9120.jpg","type":"image\/jpeg"}],"twitter_card":"summary_large_image","twitter_misc":{"Est. reading time":"6 minutes","Written by":"FotoDoc"},"schema":{"@context":"https:\/\/schema.org","@graph":[{"@type":"WebPage","@id":"https:\/\/fotodoc.com.br\/livraria-2025\/","url":"https:\/\/fotodoc.com.br\/livraria-2025\/","name":"Livraria 2025 - FotoDoc","isPartOf":{"@id":"https:\/\/fotodoc.com.br\/#website"},"primaryImageOfPage":{"@id":"https:\/\/fotodoc.com.br\/livraria-2025\/#primaryimage"},"image":{"@id":"https:\/\/fotodoc.com.br\/livraria-2025\/#primaryimage"},"thumbnailUrl":"https:\/\/fotodoc.com.br\/wp-content\/uploads\/2022\/07\/logo_9120.jpg","datePublished":"2025-09-02T11:45:31+00:00","dateModified":"2025-10-23T12:28:39+00:00","breadcrumb":{"@id":"https:\/\/fotodoc.com.br\/livraria-2025\/#breadcrumb"},"inLanguage":"en-US","potentialAction":[{"@type":"ReadAction","target":["https:\/\/fotodoc.com.br\/livraria-2025\/"]}]},{"@type":"ImageObject","inLanguage":"en-US","@id":"https:\/\/fotodoc.com.br\/livraria-2025\/#primaryimage","url":"https:\/\/fotodoc.com.br\/wp-content\/uploads\/2022\/07\/logo_9120.jpg","contentUrl":"https:\/\/fotodoc.com.br\/wp-content\/uploads\/2022\/07\/logo_9120.jpg","width":1920,"height":1080},{"@type":"BreadcrumbList","@id":"https:\/\/fotodoc.com.br\/livraria-2025\/#breadcrumb","itemListElement":[{"@type":"ListItem","position":1,"name":"In\u00edcio","item":"https:\/\/fotodoc.com.br\/en\/"},{"@type":"ListItem","position":2,"name":"Livraria 2025"}]},{"@type":"WebSite","@id":"https:\/\/fotodoc.com.br\/#website","url":"https:\/\/fotodoc.com.br\/","name":"FotoDoc","description":"Festival de Fotografia Documental","publisher":{"@id":"https:\/\/fotodoc.com.br\/#organization"},"potentialAction":[{"@type":"SearchAction","target":{"@type":"EntryPoint","urlTemplate":"https:\/\/fotodoc.com.br\/?s={search_term_string}"},"query-input":{"@type":"PropertyValueSpecification","valueRequired":true,"valueName":"search_term_string"}}],"inLanguage":"en-US"},{"@type":"Organization","@id":"https:\/\/fotodoc.com.br\/#organization","name":"Festival Fotodoc","url":"https:\/\/fotodoc.com.br\/","logo":{"@type":"ImageObject","inLanguage":"en-US","@id":"https:\/\/fotodoc.com.br\/#\/schema\/logo\/image\/","url":"https:\/\/fotodoc.com.br\/wp-content\/uploads\/2022\/03\/FotoDoc-224px.png","contentUrl":"https:\/\/fotodoc.com.br\/wp-content\/uploads\/2022\/03\/FotoDoc-224px.png","width":224,"height":90,"caption":"Festival Fotodoc"},"image":{"@id":"https:\/\/fotodoc.com.br\/#\/schema\/logo\/image\/"},"sameAs":["https:\/\/www.facebook.com\/festivalfotodoc","https:\/\/www.instagram.com\/festivalfotodoc\/"]}]}},"_links":{"self":[{"href":"https:\/\/fotodoc.com.br\/en\/wp-json\/wp\/v2\/pages\/55669","targetHints":{"allow":["GET"]}}],"collection":[{"href":"https:\/\/fotodoc.com.br\/en\/wp-json\/wp\/v2\/pages"}],"about":[{"href":"https:\/\/fotodoc.com.br\/en\/wp-json\/wp\/v2\/types\/page"}],"author":[{"embeddable":true,"href":"https:\/\/fotodoc.com.br\/en\/wp-json\/wp\/v2\/users\/2"}],"replies":[{"embeddable":true,"href":"https:\/\/fotodoc.com.br\/en\/wp-json\/wp\/v2\/comments?post=55669"}],"version-history":[{"count":5,"href":"https:\/\/fotodoc.com.br\/en\/wp-json\/wp\/v2\/pages\/55669\/revisions"}],"predecessor-version":[{"id":56701,"href":"https:\/\/fotodoc.com.br\/en\/wp-json\/wp\/v2\/pages\/55669\/revisions\/56701"}],"wp:featuredmedia":[{"embeddable":true,"href":"https:\/\/fotodoc.com.br\/en\/wp-json\/wp\/v2\/media\/1322"}],"wp:attachment":[{"href":"https:\/\/fotodoc.com.br\/en\/wp-json\/wp\/v2\/media?parent=55669"}],"wp:term":[{"taxonomy":"author","embeddable":true,"href":"https:\/\/fotodoc.com.br\/en\/wp-json\/wp\/v2\/coauthors?post=55669"}],"curies":[{"name":"wp","href":"https:\/\/api.w.org\/{rel}","templated":true}]}}