{"id":55672,"date":"2025-09-02T08:56:57","date_gmt":"2025-09-02T11:56:57","guid":{"rendered":"https:\/\/fotodoc.com.br\/?page_id=55672"},"modified":"2025-10-13T12:21:35","modified_gmt":"2025-10-13T15:21:35","slug":"exposicoes-2025","status":"publish","type":"page","link":"https:\/\/fotodoc.com.br\/en\/exposicoes-2025\/","title":{"rendered":"Exposi\u00e7\u00f5es 2025"},"content":{"rendered":"<div class=\"wpb-content-wrapper\"><p>[vc_row][vc_column][vc_single_image image=&#8221;55642&#8243; img_size=&#8221;full&#8221; add_caption=&#8221;yes&#8221; alignment=&#8221;center&#8221; css=&#8221;&#8221;][vc_empty_space height=&#8221;20px&#8221;][vc_single_image image=&#8221;1333&#8243; img_size=&#8221;medium&#8221; css=&#8221;.vc_custom_1657150732673{padding-left: 30px !important;}&#8221;][vc_column_text css=&#8221;.vc_custom_1756813767718{padding-right: 30px !important;padding-left: 30px !important;}&#8221;]<\/p>\n<h1>Festival de Fotografia Documental<\/h1>\n<h3>De 4 a 8 de novembro de 2025<br \/>\nExposi\u00e7\u00f5es abertas at\u00e9 10 de janeiro de 2026<br \/>\n<a href=\"https:\/\/fotodoc.com.br\/panamericana\/\" target=\"_blank\" rel=\"noopener\"><span style=\"color: #000000;\">Panamericana Escola de Arte e Design<\/span><\/a><br \/>\nS\u00e3o Paulo (SP)<\/h3>\n<p>[\/vc_column_text][vc_column_text css=&#8221;.vc_custom_1759694221402{padding-right: 30px !important;padding-left: 30px !important;}&#8221;]<\/p>\n<h2 class=\"p1\"><em><span class=\"s1\"><b>EXPOSI\u00c7\u00d5ES 2025<\/b><\/span><\/em><\/h2>\n<h3>A abertura das exposi\u00e7\u00f5es, dia <strong>4 de novembro, das 18h \u00e0s 21h<\/strong>, marcar\u00e1 tamb\u00e9m a <strong>abertura do Festival FotoDoc 2025<\/strong>. Em cartaz na Galeria principal e na pequena Galeria da <strong>Panamericana Escola de Arte e Design<\/strong>, as exposi\u00e7\u00f5es do FotoDoc ficam abertas at\u00e9 o dia <strong>10 de janeiro de 2026<\/strong>, com entrada gratuita.<\/h3>\n<h3>A exposi\u00e7\u00e3o <em><strong>Pr\u00eamio Portf\u00f3lio FotoDoc 2025<\/strong><\/em> \u00e9 um dos principais eixos do festival e se prop\u00f5e a dar visibilidade a talentos e tem\u00e1ticas candentes para a compreens\u00e3o da sociedade contempor\u00e2nea e seus desafios. Vai reunir<strong> 25 trabalhos ganhadores<\/strong> nas tr\u00eas categorias da premia\u00e7\u00e3o, sendo 3 Portf\u00f3lios, 7 Ensaios e 15 Imagens Destacadas.<\/h3>\n<h3>O Festival FotoDoc contar\u00e1 ainda com outras duas exposi\u00e7\u00f5es individuais, <em><strong>A Zona de Sacrif\u00edcio<\/strong><\/em>, <strong>de Eddo Hartmann<\/strong>, e <em><strong>\u00c1gua: Brasil<\/strong><\/em>, de <strong>\u00c9rico Hiller.<\/strong><\/h3>\n<h1><span style=\"color: #ff0000;\"><em>Confira abaixo os detalhes das Exposi\u00e7\u00f5es!<\/em><\/span><\/h1>\n<p>[\/vc_column_text][\/vc_column][\/vc_row][vc_row][vc_column]<div  class=\"jeg_block_heading jeg_block_heading_9 jeg_alignleft jnews_module__0_69d76947933a1   \">\n                <h3 class=\"jeg_block_title\"><span>DE 4 DE NOVEMBRO A 10 DE JANEIRO - GALERIAS PANAMERICANA<\/span><\/h3>\n                \n            <\/div>[vc_row_inner][vc_column_inner width=&#8221;2\/3&#8243;][vc_single_image image=&#8221;44759&#8243; img_size=&#8221;full&#8221; onclick=&#8221;custom_link&#8221; css=&#8221;&#8221; link=&#8221;https:\/\/fotodoc.com.br\/premio\/ganhadores-2025\/&#8221;][\/vc_column_inner][vc_column_inner width=&#8221;1\/3&#8243;][vc_column_text css=&#8221;&#8221;]<\/p>\n<h1><a href=\"https:\/\/fotodoc.com.br\/premio\/ganhadores-2025\/\"><span style=\"color: #000000;\"><em><span style=\"color: #ff0000;\">Pr\u00eamio Portf\u00f3lio FotoDoc 2025<\/span><\/em><\/span><\/a><\/h1>\n<h4>Exposi\u00e7\u00e3o com 25 trabalhos ganhadores do<strong> Pr\u00eamio Portf\u00f3lio FotoDoc 2025<\/strong>, premia\u00e7\u00e3o anual promovida pelo festival, vai contar com 3 Portf\u00f3lios, 7 Ensaios e 15 Imagens Destacadas.<\/h4>\n<h4>Foto: <strong>M\u00e1rcio Vasconcelos<\/strong>, imagem do Portf\u00f3lio &#8220;Bruxos e Curandeiros: a Magia Bantu entre \u00c1frica, Cuba e Maranh\u00e3o&#8221;, ganhador geral da premia\u00e7\u00e3o.<\/h4>\n<p>[\/vc_column_text][\/vc_column_inner][\/vc_row_inner][vc_separator][vc_row_inner][vc_column_inner width=&#8221;2\/3&#8243;][vc_single_image image=&#8221;56431&#8243; img_size=&#8221;full&#8221; onclick=&#8221;custom_link&#8221; css=&#8221;&#8221; link=&#8221;https:\/\/fotodoc.com.br\/exposicoes\/a-zona-de-sacrificio\/&#8221;][\/vc_column_inner][vc_column_inner width=&#8221;1\/3&#8243;][vc_column_text css=&#8221;&#8221;]<\/p>\n<h1><a href=\"https:\/\/fotodoc.com.br\/exposicoes\/a-zona-de-sacrificio\/\"><em>A Zona de Sacrif\u00edcio<\/em><\/a>, de <a href=\"https:\/\/fotodoc.com.br\/convidados\/eddo-hartmann\/\" target=\"_blank\" rel=\"noopener\"><strong>Eddo Hartmann<\/strong><\/a><\/h1>\n<h4>As imagens do projeto <strong>A Zona de Sacrif\u00edcio<\/strong>, de <strong>Eddo Hartmann<\/strong>, expostas no Festival FotoDoc, s\u00e3o capazes de fazer correr frio na espinha. De maneira precisa, sistem\u00e1tica e ao mesmo tempo emp\u00e1tica, documentam destro\u00e7os de instala\u00e7\u00f5es militares pilhadas, vilarejos abandonados e enorme crateras. Essa zona de alta radia\u00e7\u00e3o, chamada de Pol\u00edgono de Testes de Semipalatinsk, situada no Cazaquist\u00e3o, e que na \u00e9poca da Uni\u00e3o Sovi\u00e9tica era usada para testes nucleares, hoje \u00e9 uma \u00e1rea abandonada.<\/h4>\n<h4>Hartmann tamb\u00e9m fotografa a regi\u00e3o no entorno do pol\u00edgono e retrata pessoas que vivem ali, criando um poderoso libelo de alerta acerca dos riscos, cada vez mais iminentes, do emprego de armas nucleares.<\/h4>\n<p>[\/vc_column_text][\/vc_column_inner][\/vc_row_inner][vc_separator][vc_row_inner][vc_column_inner width=&#8221;2\/3&#8243;][vc_single_image image=&#8221;55565&#8243; img_size=&#8221;full&#8221; onclick=&#8221;custom_link&#8221; css=&#8221;&#8221; link=&#8221;https:\/\/fotodoc.com.br\/exposicoes\/agua-brasil\/&#8221;][\/vc_column_inner][vc_column_inner width=&#8221;1\/3&#8243;][vc_column_text css=&#8221;&#8221;]<\/p>\n<h1><a href=\"https:\/\/fotodoc.com.br\/exposicoes\/agua-brasil\/\"><em>\u00c1gua: Brasil<\/em><\/a>, de <a href=\"https:\/\/fotodoc.com.br\/convidados\/erico-hiller\/\" target=\"_blank\" rel=\"noopener\"><strong>\u00c9rico Hiller<\/strong><\/a><\/h1>\n<h4>Em um pa\u00eds que acaba de sair do Mapa da Fome pela segunda vez, milhares de pessoas ainda vivem sem acesso adequado \u00e0 \u00e1gua corrente. O n\u00famero de pessoas que n\u00e3o disp\u00f5em de liga\u00e7\u00e3o \u00e0 rede de saneamento b\u00e1sico \u00e9 ainda maior.<\/h4>\n<h4>Estamos cada vez mais sujeitos eventos clim\u00e1ticos extremos, secas severas e chuvas torrenciais. As cheias no Rio Grande do Sul e a seca no Amazonas foram recorde em 2024. <strong>\u00c9rico Hiller<\/strong> tra\u00e7a de forma extensiva e expressiva um panorama da realidade do acesso e da administra\u00e7\u00e3o dos recursos h\u00eddricos em territ\u00f3rio nacional no livro <strong>\u00c1gua: Brasil<\/strong>, de onde prov\u00e9m as imagens presentes na exposi\u00e7\u00e3o.<\/h4>\n<p>[\/vc_column_text][\/vc_column_inner][\/vc_row_inner][vc_separator][\/vc_column][\/vc_row][vc_row][vc_column][vc_empty_space]<div  class=\"jeg_block_heading jeg_block_heading_9 jeg_alignleft jnews_module__1_69d769479349e   \">\n                <h3 class=\"jeg_block_title\"><span>OUTRAS ATIVIDADES DO FOTODOC 2025<\/span><\/h3>\n                \n            <\/div>[vc_row_inner][vc_column_inner width=&#8221;1\/2&#8243;][vc_single_image image=&#8221;55617&#8243; img_size=&#8221;1920&#215;1280&#8243; onclick=&#8221;custom_link&#8221; css=&#8221;&#8221; link=&#8221;http:\/\/fotodoc.com.br\/workshops-2025\/&#8221;][vc_column_text css=&#8221;&#8221;]<\/p>\n<h2><span style=\"color: #000000;\"><a style=\"color: #000000;\" href=\"http:\/\/fotodoc.com.br\/workshops-2025\/\"><strong>Workshops<\/strong><\/a><\/span><\/h2>\n<p>[\/vc_column_text][vc_column_text css=&#8221;&#8221;]<\/p>\n<h4><span style=\"color: #000000;\"><a style=\"color: #000000;\" href=\"http:\/\/fotodoc.com.br\/workshops-2025\/\">Cursos voltados \u00e0 forma\u00e7\u00e3o pr\u00e1tica, t\u00e9cnica para fot\u00f3grafos profissionais e amadores avan\u00e7ados<\/a><\/span><\/h4>\n<p>[\/vc_column_text][vc_separator][vc_single_image image=&#8221;55634&#8243; img_size=&#8221;1920&#215;1280&#8243; onclick=&#8221;custom_link&#8221; css=&#8221;&#8221; link=&#8221;http:\/\/fotodoc.com.br\/encontros-2025\/&#8221;][vc_column_text css=&#8221;&#8221;]<\/p>\n<h2><strong><span style=\"color: #000000;\"><a style=\"color: #000000;\" href=\"http:\/\/fotodoc.com.br\/encontros-2025\/\">Encontros<\/a><\/span><\/strong><\/h2>\n<p>[\/vc_column_text][vc_column_text css=&#8221;&#8221;]<\/p>\n<h4><span style=\"color: #000000;\"><a style=\"color: #000000;\" href=\"http:\/\/fotodoc.com.br\/encontros-2025\/\">Encontros memor\u00e1veis de grandes nomes da fotografia, dois pontos de vista mediados por um entrevistador<\/a><\/span><\/h4>\n<h4><\/h4>\n<p>[\/vc_column_text][vc_separator][vc_single_image image=&#8221;55640&#8243; img_size=&#8221;1920&#215;1280&#8243; onclick=&#8221;custom_link&#8221; css=&#8221;&#8221; link=&#8221;http:\/\/fotodoc.com.br\/livraria-2025\/&#8221;][vc_column_text css=&#8221;&#8221;]<\/p>\n<h2><span style=\"color: #000000;\"><a style=\"color: #000000;\" href=\"http:\/\/fotodoc.com.br\/livraria-2025\/\"><strong>Livraria<\/strong><\/a><\/span><\/h2>\n<p>[\/vc_column_text][vc_column_text css=&#8221;&#8221;]<\/p>\n<h4><span style=\"color: #000000;\"><a style=\"color: #000000;\" href=\"http:\/\/fotodoc.com.br\/livraria-2025\/\">Acervo de livros de fotografia e artes, espa\u00e7o para editores e fot\u00f3grafos promoverem lan\u00e7amentos e sess\u00f5es de aut\u00f3grafo<\/a><\/span><\/h4>\n<p>[\/vc_column_text][vc_separator][\/vc_column_inner][vc_column_inner width=&#8221;1\/2&#8243;][vc_single_image image=&#8221;55646&#8243; img_size=&#8221;1920&#215;1280&#8243; onclick=&#8221;custom_link&#8221; css=&#8221;&#8221; link=&#8221;https:\/\/fotodoc.com.br\/leituras-de-portfolio-2025\/&#8221;][vc_column_text css=&#8221;&#8221;]<\/p>\n<h2><span style=\"color: #000000;\"><a style=\"color: #000000;\" href=\"https:\/\/fotodoc.com.br\/leituras-de-portfolio-2025\/\"><strong>Leituras de Portf\u00f3lio<\/strong><\/a><\/span><\/h2>\n<h2><\/h2>\n<p>[\/vc_column_text][vc_column_text css=&#8221;&#8221;]<\/p>\n<h4><span style=\"color: #000000;\"><a style=\"color: #000000;\" href=\"https:\/\/fotodoc.com.br\/leituras-de-portfolio-2025\/\">Curadores e editores analisam e trazem contribui\u00e7\u00f5es ao trabalho dos participantes<\/a><\/span><\/h4>\n<p>[\/vc_column_text][vc_separator][vc_single_image image=&#8221;55638&#8243; img_size=&#8221;1920&#215;1280&#8243; onclick=&#8221;custom_link&#8221; css=&#8221;&#8221; link=&#8221;https:\/\/fotodoc.com.br\/artescambo-2025\/&#8221;][vc_column_text css=&#8221;&#8221;]<\/p>\n<h2><span style=\"color: #000000;\"><a style=\"color: #000000;\" href=\"http:\/\/fotodoc.com.br\/artescambo-2025\/\"><strong>Artescambo<\/strong><\/a><\/span><\/h2>\n<h2><\/h2>\n<p>[\/vc_column_text][vc_column_text css=&#8221;&#8221;]<\/p>\n<h4><span style=\"color: #000000;\"><a style=\"color: #000000;\" href=\"http:\/\/fotodoc.com.br\/artescambo-2025\/\">Troca cega de tiragens entre participantes do festival, com participa\u00e7\u00e3o de fot\u00f3grafos convidados<\/a><\/span><\/h4>\n<p>[\/vc_column_text][vc_separator][vc_single_image image=&#8221;55652&#8243; img_size=&#8221;1920&#215;1280&#8243; onclick=&#8221;custom_link&#8221; css=&#8221;&#8221; link=&#8221;https:\/\/fotodoc.com.br\/festival\/&#8221;][vc_column_text css=&#8221;&#8221;]<\/p>\n<h2><span style=\"color: #000000;\"><a style=\"color: #000000;\" href=\"https:\/\/fotodoc.com.br\/festival\/\"><strong>FotoDoc 2025<\/strong><\/a><\/span><\/h2>\n<p>[\/vc_column_text][vc_column_text css=&#8221;&#8221;]<\/p>\n<h4><span style=\"color: #000000;\"><a style=\"color: #000000;\" href=\"https:\/\/fotodoc.com.br\/festival\/\">No ano em que o Brasil sedia a COP 30, o Festival FotoDoc se prop\u00f5e a debater a urg\u00eancia de medidas que possam ajudar a clarear nossos horizontes<\/a><\/span><\/h4>\n<p>[\/vc_column_text][vc_separator][\/vc_column_inner][\/vc_row_inner][vc_row_inner][vc_column_inner][vc_empty_space height=&#8221;20px&#8221;]<div  class=\"jeg_block_heading jeg_block_heading_9 jeg_alignleft jnews_module__2_69d76947934fd   \">\n                <h3 class=\"jeg_block_title\"><span>SOBRE O FESTIVAL<\/span><\/h3>\n                \n            <\/div>[\/vc_column_inner][\/vc_row_inner][vc_row_inner][vc_column_inner width=&#8221;1\/2&#8243;][vc_single_image image=&#8221;1322&#8243; img_size=&#8221;full&#8221; onclick=&#8221;custom_link&#8221; link=&#8221;http:\/\/fotodoc.com.br\/sobre\/&#8221;][vc_column_text]<\/p>\n<h2><span style=\"color: #000000;\"><a style=\"color: #000000;\" href=\"http:\/\/fotodoc.com.br\/sobre\/\"><strong>O Festival<\/strong><\/a><\/span><\/h2>\n<p>[\/vc_column_text][vc_column_text]<\/p>\n<h4><span style=\"color: #000000;\"><a style=\"color: #000000;\" href=\"http:\/\/fotodoc.com.br\/sobre\/\">Miss\u00e3o, hist\u00f3rico, equipe, contato, al\u00e9m de informa\u00e7\u00f5es pr\u00e1ticas sobre o Festival de Fotografia Documental<\/a><\/span><\/h4>\n<p>[\/vc_column_text][vc_separator][\/vc_column_inner][vc_column_inner width=&#8221;1\/2&#8243;][vc_single_image image=&#8221;1323&#8243; img_size=&#8221;full&#8221; onclick=&#8221;custom_link&#8221; link=&#8221;http:\/\/fotodoc.com.br\/panamericana\/&#8221;][vc_column_text]<\/p>\n<h2><span style=\"color: #000000;\"><a style=\"color: #000000;\" href=\"http:\/\/fotodoc.com.br\/panamericana\/\"><strong>Panamericana<\/strong><\/a><\/span><\/h2>\n<p>[\/vc_column_text][vc_column_text]<\/p>\n<h4><span style=\"color: #000000;\"><a style=\"color: #000000;\" href=\"http:\/\/fotodoc.com.br\/panamericana\/\">Fundada em 1963, a Panamericana Escola de Arte e Design \u00e9 um espa\u00e7o privilegiado para o ensino da fotografia<\/a><\/span><\/h4>\n<p>[\/vc_column_text][vc_separator][\/vc_column_inner][\/vc_row_inner][\/vc_column][\/vc_row][vc_row][vc_column][vc_empty_space height=&#8221;40px&#8221;][\/vc_column][\/vc_row]<\/p>\n<\/div>","protected":false},"excerpt":{"rendered":"<p>[vc_row][vc_column][vc_single_image image=&#8221;55642&#8243; img_size=&#8221;full&#8221; add_caption=&#8221;yes&#8221; alignment=&#8221;center&#8221; css=&#8221;&#8221;][vc_empty_space height=&#8221;20px&#8221;][vc_single_image image=&#8221;1333&#8243; img_size=&#8221;medium&#8221; css=&#8221;.vc_custom_1657150732673{padding-left: 30px !important;}&#8221;][vc_column_text css=&#8221;.vc_custom_1756813767718{padding-right: 30px !important;padding-left: 30px !important;}&#8221;] Festival de Fotografia Documental De 4 a 8 de novembro de 2025 Exposi\u00e7\u00f5es abertas at\u00e9 10 de janeiro de 2026 Panamericana Escola de Arte e Design S\u00e3o Paulo (SP) [\/vc_column_text][vc_column_text css=&#8221;.vc_custom_1759694221402{padding-right: 30px !important;padding-left: 30px !important;}&#8221;] EXPOSI\u00c7\u00d5ES 2025 A [&hellip;]<\/p>\n","protected":false},"author":2,"featured_media":1322,"parent":0,"menu_order":0,"comment_status":"closed","ping_status":"closed","template":"","meta":{"_acf_changed":false,"jnews_page_loop":{"first_title":"Latest Post","header_type":"heading_6","layout":"right-sidebar","sidebar":"default-sidebar","second_sidebar":"default-sidebar","sticky_sidebar":"1","module":"3","main_custom_image_size":"default","second_custom_image_size":"default","excerpt_length":"20","content_date":"default","date_custom":"Y\/m\/d","content_pagination":"nav_1","pagination_align":"center","post_sticky":"0","post_offset":"0","posts_per_page":"5","sort_by":"latest"},"jnews_single_page":{"layout":"no-sidebar","sidebar":"default-sidebar","second_sidebar":"default-sidebar","sticky_sidebar":"1","show_post_title":"1","show_post_breadcrumbs":"1","show_post_featured":"0","share_position":"hide","share_color":"share-monocrhome"},"jnews_social_meta":[],"footnotes":""},"coauthors":[771],"class_list":["post-55672","page","type-page","status-publish","has-post-thumbnail","hentry"],"acf":[],"yoast_head":"<!-- This site is optimized with the Yoast SEO plugin v27.3 - https:\/\/yoast.com\/product\/yoast-seo-wordpress\/ -->\n<title>Exposi\u00e7\u00f5es 2025 - FotoDoc<\/title>\n<meta name=\"robots\" content=\"index, follow, max-snippet:-1, max-image-preview:large, max-video-preview:-1\" \/>\n<link rel=\"canonical\" href=\"https:\/\/fotodoc.com.br\/exposicoes-2025\/\" \/>\n<meta property=\"og:locale\" content=\"en_US\" \/>\n<meta property=\"og:type\" content=\"article\" \/>\n<meta property=\"og:title\" content=\"Exposi\u00e7\u00f5es 2025 - FotoDoc\" \/>\n<meta property=\"og:description\" content=\"[vc_row][vc_column][vc_single_image image=&#8221;55642&#8243; img_size=&#8221;full&#8221; add_caption=&#8221;yes&#8221; alignment=&#8221;center&#8221; css=&#8221;&#8221;][vc_empty_space height=&#8221;20px&#8221;][vc_single_image image=&#8221;1333&#8243; img_size=&#8221;medium&#8221; css=&#8221;.vc_custom_1657150732673{padding-left: 30px !important;}&#8221;][vc_column_text css=&#8221;.vc_custom_1756813767718{padding-right: 30px !important;padding-left: 30px !important;}&#8221;] Festival de Fotografia Documental De 4 a 8 de novembro de 2025 Exposi\u00e7\u00f5es abertas at\u00e9 10 de janeiro de 2026 Panamericana Escola de Arte e Design S\u00e3o Paulo (SP) [\/vc_column_text][vc_column_text css=&#8221;.vc_custom_1759694221402{padding-right: 30px !important;padding-left: 30px !important;}&#8221;] EXPOSI\u00c7\u00d5ES 2025 A [&hellip;]\" \/>\n<meta property=\"og:url\" content=\"https:\/\/fotodoc.com.br\/exposicoes-2025\/\" \/>\n<meta property=\"og:site_name\" content=\"FotoDoc\" \/>\n<meta property=\"article:publisher\" content=\"https:\/\/www.facebook.com\/festivalfotodoc\" \/>\n<meta property=\"article:modified_time\" content=\"2025-10-13T15:21:35+00:00\" \/>\n<meta property=\"og:image\" content=\"https:\/\/fotodoc.com.br\/wp-content\/uploads\/2022\/07\/logo_9120.jpg\" \/>\n\t<meta property=\"og:image:width\" content=\"1920\" \/>\n\t<meta property=\"og:image:height\" content=\"1080\" \/>\n\t<meta property=\"og:image:type\" content=\"image\/jpeg\" \/>\n<meta name=\"twitter:card\" content=\"summary_large_image\" \/>\n<meta name=\"twitter:label1\" content=\"Est. reading time\" \/>\n\t<meta name=\"twitter:data1\" content=\"7 minutes\" \/>\n\t<meta name=\"twitter:label2\" content=\"Written by\" \/>\n\t<meta name=\"twitter:data2\" content=\"FotoDoc\" \/>\n<script type=\"application\/ld+json\" class=\"yoast-schema-graph\">{\"@context\":\"https:\\\/\\\/schema.org\",\"@graph\":[{\"@type\":\"WebPage\",\"@id\":\"https:\\\/\\\/fotodoc.com.br\\\/exposicoes-2025\\\/\",\"url\":\"https:\\\/\\\/fotodoc.com.br\\\/exposicoes-2025\\\/\",\"name\":\"Exposi\u00e7\u00f5es 2025 - FotoDoc\",\"isPartOf\":{\"@id\":\"https:\\\/\\\/fotodoc.com.br\\\/#website\"},\"primaryImageOfPage\":{\"@id\":\"https:\\\/\\\/fotodoc.com.br\\\/exposicoes-2025\\\/#primaryimage\"},\"image\":{\"@id\":\"https:\\\/\\\/fotodoc.com.br\\\/exposicoes-2025\\\/#primaryimage\"},\"thumbnailUrl\":\"https:\\\/\\\/fotodoc.com.br\\\/wp-content\\\/uploads\\\/2022\\\/07\\\/logo_9120.jpg\",\"datePublished\":\"2025-09-02T11:56:57+00:00\",\"dateModified\":\"2025-10-13T15:21:35+00:00\",\"breadcrumb\":{\"@id\":\"https:\\\/\\\/fotodoc.com.br\\\/exposicoes-2025\\\/#breadcrumb\"},\"inLanguage\":\"en-US\",\"potentialAction\":[{\"@type\":\"ReadAction\",\"target\":[\"https:\\\/\\\/fotodoc.com.br\\\/exposicoes-2025\\\/\"]}]},{\"@type\":\"ImageObject\",\"inLanguage\":\"en-US\",\"@id\":\"https:\\\/\\\/fotodoc.com.br\\\/exposicoes-2025\\\/#primaryimage\",\"url\":\"https:\\\/\\\/fotodoc.com.br\\\/wp-content\\\/uploads\\\/2022\\\/07\\\/logo_9120.jpg\",\"contentUrl\":\"https:\\\/\\\/fotodoc.com.br\\\/wp-content\\\/uploads\\\/2022\\\/07\\\/logo_9120.jpg\",\"width\":1920,\"height\":1080},{\"@type\":\"BreadcrumbList\",\"@id\":\"https:\\\/\\\/fotodoc.com.br\\\/exposicoes-2025\\\/#breadcrumb\",\"itemListElement\":[{\"@type\":\"ListItem\",\"position\":1,\"name\":\"In\u00edcio\",\"item\":\"https:\\\/\\\/fotodoc.com.br\\\/en\\\/\"},{\"@type\":\"ListItem\",\"position\":2,\"name\":\"Exposi\u00e7\u00f5es 2025\"}]},{\"@type\":\"WebSite\",\"@id\":\"https:\\\/\\\/fotodoc.com.br\\\/#website\",\"url\":\"https:\\\/\\\/fotodoc.com.br\\\/\",\"name\":\"FotoDoc\",\"description\":\"Festival de Fotografia Documental\",\"publisher\":{\"@id\":\"https:\\\/\\\/fotodoc.com.br\\\/#organization\"},\"potentialAction\":[{\"@type\":\"SearchAction\",\"target\":{\"@type\":\"EntryPoint\",\"urlTemplate\":\"https:\\\/\\\/fotodoc.com.br\\\/?s={search_term_string}\"},\"query-input\":{\"@type\":\"PropertyValueSpecification\",\"valueRequired\":true,\"valueName\":\"search_term_string\"}}],\"inLanguage\":\"en-US\"},{\"@type\":\"Organization\",\"@id\":\"https:\\\/\\\/fotodoc.com.br\\\/#organization\",\"name\":\"Festival Fotodoc\",\"url\":\"https:\\\/\\\/fotodoc.com.br\\\/\",\"logo\":{\"@type\":\"ImageObject\",\"inLanguage\":\"en-US\",\"@id\":\"https:\\\/\\\/fotodoc.com.br\\\/#\\\/schema\\\/logo\\\/image\\\/\",\"url\":\"https:\\\/\\\/fotodoc.com.br\\\/wp-content\\\/uploads\\\/2022\\\/03\\\/FotoDoc-224px.png\",\"contentUrl\":\"https:\\\/\\\/fotodoc.com.br\\\/wp-content\\\/uploads\\\/2022\\\/03\\\/FotoDoc-224px.png\",\"width\":224,\"height\":90,\"caption\":\"Festival Fotodoc\"},\"image\":{\"@id\":\"https:\\\/\\\/fotodoc.com.br\\\/#\\\/schema\\\/logo\\\/image\\\/\"},\"sameAs\":[\"https:\\\/\\\/www.facebook.com\\\/festivalfotodoc\",\"https:\\\/\\\/www.instagram.com\\\/festivalfotodoc\\\/\"]}]}<\/script>\n<!-- \/ Yoast SEO plugin. -->","yoast_head_json":{"title":"Exposi\u00e7\u00f5es 2025 - FotoDoc","robots":{"index":"index","follow":"follow","max-snippet":"max-snippet:-1","max-image-preview":"max-image-preview:large","max-video-preview":"max-video-preview:-1"},"canonical":"https:\/\/fotodoc.com.br\/exposicoes-2025\/","og_locale":"en_US","og_type":"article","og_title":"Exposi\u00e7\u00f5es 2025 - FotoDoc","og_description":"[vc_row][vc_column][vc_single_image image=&#8221;55642&#8243; img_size=&#8221;full&#8221; add_caption=&#8221;yes&#8221; alignment=&#8221;center&#8221; css=&#8221;&#8221;][vc_empty_space height=&#8221;20px&#8221;][vc_single_image image=&#8221;1333&#8243; img_size=&#8221;medium&#8221; css=&#8221;.vc_custom_1657150732673{padding-left: 30px !important;}&#8221;][vc_column_text css=&#8221;.vc_custom_1756813767718{padding-right: 30px !important;padding-left: 30px !important;}&#8221;] Festival de Fotografia Documental De 4 a 8 de novembro de 2025 Exposi\u00e7\u00f5es abertas at\u00e9 10 de janeiro de 2026 Panamericana Escola de Arte e Design S\u00e3o Paulo (SP) [\/vc_column_text][vc_column_text css=&#8221;.vc_custom_1759694221402{padding-right: 30px !important;padding-left: 30px !important;}&#8221;] EXPOSI\u00c7\u00d5ES 2025 A [&hellip;]","og_url":"https:\/\/fotodoc.com.br\/exposicoes-2025\/","og_site_name":"FotoDoc","article_publisher":"https:\/\/www.facebook.com\/festivalfotodoc","article_modified_time":"2025-10-13T15:21:35+00:00","og_image":[{"width":1920,"height":1080,"url":"https:\/\/fotodoc.com.br\/wp-content\/uploads\/2022\/07\/logo_9120.jpg","type":"image\/jpeg"}],"twitter_card":"summary_large_image","twitter_misc":{"Est. reading time":"7 minutes","Written by":"FotoDoc"},"schema":{"@context":"https:\/\/schema.org","@graph":[{"@type":"WebPage","@id":"https:\/\/fotodoc.com.br\/exposicoes-2025\/","url":"https:\/\/fotodoc.com.br\/exposicoes-2025\/","name":"Exposi\u00e7\u00f5es 2025 - FotoDoc","isPartOf":{"@id":"https:\/\/fotodoc.com.br\/#website"},"primaryImageOfPage":{"@id":"https:\/\/fotodoc.com.br\/exposicoes-2025\/#primaryimage"},"image":{"@id":"https:\/\/fotodoc.com.br\/exposicoes-2025\/#primaryimage"},"thumbnailUrl":"https:\/\/fotodoc.com.br\/wp-content\/uploads\/2022\/07\/logo_9120.jpg","datePublished":"2025-09-02T11:56:57+00:00","dateModified":"2025-10-13T15:21:35+00:00","breadcrumb":{"@id":"https:\/\/fotodoc.com.br\/exposicoes-2025\/#breadcrumb"},"inLanguage":"en-US","potentialAction":[{"@type":"ReadAction","target":["https:\/\/fotodoc.com.br\/exposicoes-2025\/"]}]},{"@type":"ImageObject","inLanguage":"en-US","@id":"https:\/\/fotodoc.com.br\/exposicoes-2025\/#primaryimage","url":"https:\/\/fotodoc.com.br\/wp-content\/uploads\/2022\/07\/logo_9120.jpg","contentUrl":"https:\/\/fotodoc.com.br\/wp-content\/uploads\/2022\/07\/logo_9120.jpg","width":1920,"height":1080},{"@type":"BreadcrumbList","@id":"https:\/\/fotodoc.com.br\/exposicoes-2025\/#breadcrumb","itemListElement":[{"@type":"ListItem","position":1,"name":"In\u00edcio","item":"https:\/\/fotodoc.com.br\/en\/"},{"@type":"ListItem","position":2,"name":"Exposi\u00e7\u00f5es 2025"}]},{"@type":"WebSite","@id":"https:\/\/fotodoc.com.br\/#website","url":"https:\/\/fotodoc.com.br\/","name":"FotoDoc","description":"Festival de Fotografia Documental","publisher":{"@id":"https:\/\/fotodoc.com.br\/#organization"},"potentialAction":[{"@type":"SearchAction","target":{"@type":"EntryPoint","urlTemplate":"https:\/\/fotodoc.com.br\/?s={search_term_string}"},"query-input":{"@type":"PropertyValueSpecification","valueRequired":true,"valueName":"search_term_string"}}],"inLanguage":"en-US"},{"@type":"Organization","@id":"https:\/\/fotodoc.com.br\/#organization","name":"Festival Fotodoc","url":"https:\/\/fotodoc.com.br\/","logo":{"@type":"ImageObject","inLanguage":"en-US","@id":"https:\/\/fotodoc.com.br\/#\/schema\/logo\/image\/","url":"https:\/\/fotodoc.com.br\/wp-content\/uploads\/2022\/03\/FotoDoc-224px.png","contentUrl":"https:\/\/fotodoc.com.br\/wp-content\/uploads\/2022\/03\/FotoDoc-224px.png","width":224,"height":90,"caption":"Festival Fotodoc"},"image":{"@id":"https:\/\/fotodoc.com.br\/#\/schema\/logo\/image\/"},"sameAs":["https:\/\/www.facebook.com\/festivalfotodoc","https:\/\/www.instagram.com\/festivalfotodoc\/"]}]}},"_links":{"self":[{"href":"https:\/\/fotodoc.com.br\/en\/wp-json\/wp\/v2\/pages\/55672","targetHints":{"allow":["GET"]}}],"collection":[{"href":"https:\/\/fotodoc.com.br\/en\/wp-json\/wp\/v2\/pages"}],"about":[{"href":"https:\/\/fotodoc.com.br\/en\/wp-json\/wp\/v2\/types\/page"}],"author":[{"embeddable":true,"href":"https:\/\/fotodoc.com.br\/en\/wp-json\/wp\/v2\/users\/2"}],"replies":[{"embeddable":true,"href":"https:\/\/fotodoc.com.br\/en\/wp-json\/wp\/v2\/comments?post=55672"}],"version-history":[{"count":7,"href":"https:\/\/fotodoc.com.br\/en\/wp-json\/wp\/v2\/pages\/55672\/revisions"}],"predecessor-version":[{"id":56565,"href":"https:\/\/fotodoc.com.br\/en\/wp-json\/wp\/v2\/pages\/55672\/revisions\/56565"}],"wp:featuredmedia":[{"embeddable":true,"href":"https:\/\/fotodoc.com.br\/en\/wp-json\/wp\/v2\/media\/1322"}],"wp:attachment":[{"href":"https:\/\/fotodoc.com.br\/en\/wp-json\/wp\/v2\/media?parent=55672"}],"wp:term":[{"taxonomy":"author","embeddable":true,"href":"https:\/\/fotodoc.com.br\/en\/wp-json\/wp\/v2\/coauthors?post=55672"}],"curies":[{"name":"wp","href":"https:\/\/api.w.org\/{rel}","templated":true}]}}