{"id":7875,"date":"2023-07-27T08:31:41","date_gmt":"2023-07-27T11:31:41","guid":{"rendered":"https:\/\/fotodoc.com.br\/?page_id=7875"},"modified":"2024-02-23T14:42:09","modified_gmt":"2024-02-23T17:42:09","slug":"leituras-de-portfolio-2023","status":"publish","type":"page","link":"https:\/\/fotodoc.com.br\/en\/leituras-de-portfolio-2023\/","title":{"rendered":"Leituras de Portf\u00f3lio 2023"},"content":{"rendered":"<div class=\"wpb-content-wrapper\"><p>[vc_row][vc_column][vc_single_image image=&#8221;3177&#8243; img_size=&#8221;full&#8221; add_caption=&#8221;yes&#8221; alignment=&#8221;center&#8221;][vc_empty_space height=&#8221;20px&#8221;][vc_single_image image=&#8221;1333&#8243; img_size=&#8221;medium&#8221; css=&#8221;.vc_custom_1657150732673{padding-left: 30px !important;}&#8221;][vc_column_text css=&#8221;.vc_custom_1690522093059{padding-right: 30px !important;padding-left: 30px !important;}&#8221;]<\/p>\n<h1>Festival de Fotografia Documental<\/h1>\n<h3>De 21 a 25 de novembro de 2023<br \/>\n<a href=\"https:\/\/fotodoc.com.br\/panamericana\/\" target=\"_blank\" rel=\"noopener\"><span style=\"color: #000000;\">Panamericana Escola de Arte e Design<\/span><\/a><br \/>\nS\u00e3o Paulo (SP)<\/h3>\n<p>[\/vc_column_text][vc_column_text css=&#8221;.vc_custom_1697900901058{padding-right: 30px !important;padding-left: 30px !important;}&#8221;]<\/p>\n<h2 class=\"p1\"><em><span class=\"s1\"><b>LEITURAS DE PORTF\u00d3LIO 2023<\/b><\/span><\/em><\/h2>\n<h3>As leituras de portf\u00f3lio s\u00e3o avalia\u00e7\u00f5es individuais de trabalhos de fot\u00f3grafos. Os participantes levam um conjunto <strong>de 15 a 30 imagens impressas<\/strong> e apresentam essas imagens em uma mesa a um profissional qualificado para analis\u00e1-las e trazer contribui\u00e7\u00f5es para a evolu\u00e7\u00e3o do trabalho e sua inser\u00e7\u00e3o no mercado. <strong>Cada leitura de portf\u00f3lio tem dura\u00e7\u00e3o de 20 minutos.<\/strong><\/h3>\n<h3>A atividade ocorre apenas de maneira presencial e \u00e9 realizada por curadores, editores e galeristas. A mesa para as Leituras de Portf\u00f3lio estar\u00e1 no espa\u00e7o da Galeria. <strong>Ser\u00e3o realizadas 48 Leituras de Portf\u00f3lio, no valor de R$ 80 cada, com bolsa integral para 50% das vagas, a partir de crit\u00e9rios s\u00f3cio-econ\u00f4micos.<\/strong><\/h3>\n<p>[\/vc_column_text][vc_separator][vc_column_text css=&#8221;.vc_custom_1702416619031{padding-right: 30px !important;padding-left: 30px !important;}&#8221;]<\/p>\n<h2 class=\"p1\"><em><span class=\"s1\"><b>PROGRAMA\u00c7\u00c3O LEITURAS DE PORTF\u00d3LIO &#8211; INSCRI\u00c7\u00d5ES ENCERRADAS<\/b><\/span><\/em><\/h2>\n<h3>QUARTA, 22 DE NOVEMBRO &#8211; DAS 13H \u00c0S 15H E DAS 15H30 \u00c0S 17H30<\/h3>\n<h3><a href=\"https:\/\/fotodoc.com.br\/convidados\/valdemir-cunha\/\" target=\"_blank\" rel=\"noopener\"><strong>VALDEMIR CUNHA<\/strong><\/a><\/h3>\n<h3>QUINTA, 23 DE NOVEMBRO &#8211; DAS 10H \u00c0S 12H<\/h3>\n<h3><a href=\"https:\/\/fotodoc.com.br\/convidados\/juan-esteves\/\" target=\"_blank\" rel=\"noopener\"><strong>JUAN ESTEVES<\/strong><\/a><\/h3>\n<h3>QUINTA, 23 DE NOVEMBRO &#8211; DAS 13H \u00c0S 15H E DAS 15H30 \u00c0S 17H30<\/h3>\n<h3><a href=\"https:\/\/fotodoc.com.br\/convidados\/paulo-marcos-de-mendonca-lima\/\" target=\"_blank\" rel=\"noopener\"><strong>PAULO MARCOS DE MENDON\u00c7A LIMA<\/strong><\/a><\/h3>\n<h3>SEXTA, 24 DE NOVEMBRO &#8211; DAS 10H \u00c0S 12H<\/h3>\n<h3><span style=\"color: #ffffff;\"><span style=\"color: #000000;\"><a href=\"https:\/\/fotodoc.com.br\/convidados\/juan-esteves\/\" target=\"_blank\" rel=\"noopener\"><strong>JUAN ESTEVES<\/strong><\/a>\u00a0<\/span><\/span><\/h3>\n<h3>SEXTA, 24 DE NOVEMBRO &#8211; DAS 13H \u00c0S 15H E DAS 15H30 \u00c0S 17H30<\/h3>\n<h3><a href=\"https:\/\/fotodoc.com.br\/convidados\/monica-maia\/\" target=\"_blank\" rel=\"noopener\"><strong>MONICA MAIA<\/strong><\/a><\/h3>\n<hr \/>\n<h1><a href=\"https:\/\/fotodoc.com.br\/novidades\/o-que-rolou-no-festival-fotodoc-2023\/\"><em>Confira tudo o que rolou no Festival FotoDoc 2023<\/em><\/a><\/h1>\n<p>[\/vc_column_text][vc_empty_space]<div  class=\"jeg_block_heading jeg_block_heading_9 jeg_alignleft jnews_module__0_69e280a755705   \">\n                <h3 class=\"jeg_block_title\"><span>OUTRAS ATIVIDADES DO FOTODOC 2023<\/span><\/h3>\n                \n            <\/div>[vc_row_inner][vc_column_inner width=&#8221;1\/2&#8243;][vc_single_image image=&#8221;3179&#8243; img_size=&#8221;1920&#215;1280&#8243; onclick=&#8221;custom_link&#8221; link=&#8221;http:\/\/fotodoc.com.br\/workshops-2023\/&#8221;][vc_column_text]<\/p>\n<h2><span style=\"color: #000000;\"><a style=\"color: #000000;\" href=\"http:\/\/fotodoc.com.br\/workshops-2023\/\"><strong>Workshops<\/strong><\/a><\/span><\/h2>\n<p>[\/vc_column_text][vc_column_text]<\/p>\n<h4><span style=\"color: #000000;\"><a style=\"color: #000000;\" href=\"http:\/\/fotodoc.com.br\/workshops-2023\/\">Cursos voltados \u00e0 forma\u00e7\u00e3o pr\u00e1tica, t\u00e9cnica para fot\u00f3grafos profissionais e amadores avan\u00e7ados<\/a><\/span><\/h4>\n<p>[\/vc_column_text][vc_separator][vc_single_image image=&#8221;3182&#8243; img_size=&#8221;1920&#215;1280&#8243; onclick=&#8221;custom_link&#8221; link=&#8221;http:\/\/fotodoc.com.br\/encontros-2023\/&#8221;][vc_column_text]<\/p>\n<h2><strong><span style=\"color: #000000;\"><a style=\"color: #000000;\" href=\"http:\/\/fotodoc.com.br\/encontros-2023\/\">Encontros<\/a><\/span><\/strong><\/h2>\n<p>[\/vc_column_text][vc_column_text]<\/p>\n<h4><span style=\"color: #000000;\"><a style=\"color: #000000;\" href=\"http:\/\/fotodoc.com.br\/encontros-2023\/\">Encontros memor\u00e1veis de grandes nomes da fotografia, dois pontos de vista mediados por um entrevistador<\/a><\/span><\/h4>\n<p>[\/vc_column_text][vc_separator][vc_single_image image=&#8221;3180&#8243; img_size=&#8221;1920&#215;1280&#8243; onclick=&#8221;custom_link&#8221; link=&#8221;http:\/\/fotodoc.com.br\/livraria-2023\/&#8221;][vc_column_text]<\/p>\n<h2><strong><span style=\"color: #000000;\"><a style=\"color: #000000;\" href=\"http:\/\/fotodoc.com.br\/livraria-2023\/\">Livraria<\/a><\/span><\/strong><\/h2>\n<p>[\/vc_column_text][vc_column_text]<\/p>\n<h4><span style=\"color: #000000;\"><a style=\"color: #000000;\" href=\"http:\/\/fotodoc.com.br\/livraria-2023\/\">Acervo de livros de fotografia e artes, espa\u00e7o para editores e fot\u00f3grafos promoverem lan\u00e7amentos e sess\u00f5es de aut\u00f3grafo<\/a><\/span><\/h4>\n<p>[\/vc_column_text][vc_separator][\/vc_column_inner][vc_column_inner width=&#8221;1\/2&#8243;][vc_single_image image=&#8221;3183&#8243; img_size=&#8221;1920&#215;1280&#8243; onclick=&#8221;custom_link&#8221; link=&#8221;http:\/\/fotodoc.com.br\/exposicoes-2023\/&#8221;][vc_column_text]<\/p>\n<h2><span style=\"color: #000000;\"><a style=\"color: #000000;\" href=\"http:\/\/fotodoc.com.br\/exposicoes-2023\/\"><strong>Exposi\u00e7\u00f5es<\/strong><\/a><\/span><\/h2>\n<p>[\/vc_column_text][vc_column_text]<\/p>\n<h4><span style=\"color: #000000;\"><a style=\"color: #000000;\" href=\"http:\/\/fotodoc.com.br\/exposicoes-2023\/\">Exposi\u00e7\u00e3o Ganhadores Pr\u00eamio Portf\u00f3lio FotoDoc 2023 e outras mostras de fotografia<\/a><\/span><\/h4>\n<p>[\/vc_column_text][vc_separator][vc_single_image image=&#8221;3178&#8243; img_size=&#8221;1920&#215;1280&#8243; onclick=&#8221;custom_link&#8221; link=&#8221;http:\/\/fotodoc.com.br\/artescambo-2023\/&#8221;][vc_column_text]<\/p>\n<h2><span style=\"color: #000000;\"><a style=\"color: #000000;\" href=\"http:\/\/fotodoc.com.br\/artescambo-2023\/\"><strong>Artescambo<\/strong><\/a><\/span><\/h2>\n<p>[\/vc_column_text][vc_column_text]<\/p>\n<h4><span style=\"color: #000000;\"><a style=\"color: #000000;\" href=\"http:\/\/fotodoc.com.br\/artescambo-2023\/\">Troca cega de tiragens entre participantes do festival, com participa\u00e7\u00e3o de fot\u00f3grafos convidados<\/a><\/span><\/h4>\n<p>[\/vc_column_text][vc_separator][vc_single_image image=&#8221;7611&#8243; img_size=&#8221;1920&#215;1280&#8243; onclick=&#8221;custom_link&#8221; link=&#8221;https:\/\/fotodoc.com.br\/festival-2023&#8243;][vc_column_text]<\/p>\n<h2><span style=\"color: #000000;\"><a style=\"color: #000000;\" href=\"https:\/\/fotodoc.com.br\/festival-2023\/\"><strong>FotoDoc 2023<\/strong><\/a><\/span><\/h2>\n<p>[\/vc_column_text][vc_column_text]<\/p>\n<h4><span style=\"color: #000000;\"><a style=\"color: #000000;\" href=\"https:\/\/fotodoc.com.br\/festival-2023\/\">Com o tema &#8220;Centro Perif\u00e9rico&#8221;, o festival se prop\u00f5e a debater as rela\u00e7\u00f5es entre centro e periferia<\/a><\/span><\/h4>\n<p>[\/vc_column_text][vc_separator][\/vc_column_inner][\/vc_row_inner][vc_row_inner][vc_column_inner][vc_empty_space height=&#8221;20px&#8221;]<div  class=\"jeg_block_heading jeg_block_heading_9 jeg_alignleft jnews_module__1_69e280a7557e5   \">\n                <h3 class=\"jeg_block_title\"><span>SOBRE O FESTIVAL<\/span><\/h3>\n                \n            <\/div>[\/vc_column_inner][\/vc_row_inner][vc_row_inner][vc_column_inner width=&#8221;1\/2&#8243;][vc_single_image image=&#8221;1322&#8243; img_size=&#8221;full&#8221; onclick=&#8221;custom_link&#8221; link=&#8221;http:\/\/fotodoc.com.br\/sobre\/&#8221;][vc_column_text]<\/p>\n<h2><span style=\"color: #000000;\"><a style=\"color: #000000;\" href=\"http:\/\/fotodoc.com.br\/sobre\/\"><strong>O Festival<\/strong><\/a><\/span><\/h2>\n<p>[\/vc_column_text][vc_column_text]<\/p>\n<h4><span style=\"color: #000000;\"><a style=\"color: #000000;\" href=\"http:\/\/fotodoc.com.br\/sobre\/\">Miss\u00e3o, hist\u00f3rico, equipe, contato, al\u00e9m de informa\u00e7\u00f5es pr\u00e1ticas sobre o Festival de Fotografia Documental<\/a><\/span><\/h4>\n<p>[\/vc_column_text][vc_separator][\/vc_column_inner][vc_column_inner width=&#8221;1\/2&#8243;][vc_single_image image=&#8221;1323&#8243; img_size=&#8221;full&#8221; onclick=&#8221;custom_link&#8221; link=&#8221;http:\/\/fotodoc.com.br\/panamericana\/&#8221;][vc_column_text]<\/p>\n<h2><span style=\"color: #000000;\"><a style=\"color: #000000;\" href=\"http:\/\/fotodoc.com.br\/panamericana\/\"><strong>Panamericana<\/strong><\/a><\/span><\/h2>\n<p>[\/vc_column_text][vc_column_text]<\/p>\n<h4><span style=\"color: #000000;\"><a style=\"color: #000000;\" href=\"http:\/\/fotodoc.com.br\/panamericana\/\">Fundada em 1963, a Panamericana Escola de Arte e Design \u00e9 um espa\u00e7o privilegiado para o ensino da fotografia<\/a><\/span><\/h4>\n<p>[\/vc_column_text][vc_separator][\/vc_column_inner][\/vc_row_inner][\/vc_column][\/vc_row][vc_row][vc_column][vc_empty_space height=&#8221;40px&#8221;][vc_separator][\/vc_column][\/vc_row]<\/p>\n<\/div>","protected":false},"excerpt":{"rendered":"<p>[vc_row][vc_column][vc_single_image image=&#8221;3177&#8243; img_size=&#8221;full&#8221; add_caption=&#8221;yes&#8221; alignment=&#8221;center&#8221;][vc_empty_space height=&#8221;20px&#8221;][vc_single_image image=&#8221;1333&#8243; img_size=&#8221;medium&#8221; css=&#8221;.vc_custom_1657150732673{padding-left: 30px !important;}&#8221;][vc_column_text css=&#8221;.vc_custom_1690522093059{padding-right: 30px !important;padding-left: 30px !important;}&#8221;] Festival de Fotografia Documental De 21 a 25 de novembro de 2023 Panamericana Escola de Arte e Design S\u00e3o Paulo (SP) [\/vc_column_text][vc_column_text css=&#8221;.vc_custom_1697900901058{padding-right: 30px !important;padding-left: 30px !important;}&#8221;] LEITURAS DE PORTF\u00d3LIO 2023 As leituras de portf\u00f3lio s\u00e3o avalia\u00e7\u00f5es individuais de [&hellip;]<\/p>\n","protected":false},"author":2,"featured_media":1322,"parent":0,"menu_order":0,"comment_status":"closed","ping_status":"closed","template":"","meta":{"_acf_changed":false,"jnews_page_loop":{"enable_page_loop":"0","first_title":"Latest Post","second_title":"","header_type":"heading_6","header_background":"","header_text_color":"","layout":"right-sidebar","sidebar":"default-sidebar","second_sidebar":"default-sidebar","sticky_sidebar":"1","module":"3","boxed":"0","boxed_shadow":"0","box_shadow":"0","excerpt_length":"20","content_date":"default","date_custom":"Y\/m\/d","content_pagination":"nav_1","pagination_align":"center","show_navtext":"0","show_pageinfo":"0","post_offset":"0","posts_per_page":"5","include_post":"","exclude_post":"","include_category":"","exclude_category":"","include_author":"","include_tag":"","exclude_tag":"","sort_by":"latest"},"jnews_single_page":{"layout":"no-sidebar","sidebar":"default-sidebar","second_sidebar":"default-sidebar","sticky_sidebar":"1","show_post_featured":"0","show_post_meta":"0","share_position":"hide","share_color":"share-monocrhome"},"jnews_social_meta":{"fb_title":"","fb_description":"","fb_image":"","twitter_title":"","twitter_description":"","twitter_image":""},"footnotes":""},"coauthors":[],"class_list":["post-7875","page","type-page","status-publish","has-post-thumbnail","hentry"],"acf":[],"yoast_head":"<!-- This site is optimized with the Yoast SEO plugin v27.4 - https:\/\/yoast.com\/product\/yoast-seo-wordpress\/ -->\n<title>Leituras de Portf\u00f3lio 2023 - FotoDoc<\/title>\n<meta name=\"robots\" content=\"index, follow, max-snippet:-1, max-image-preview:large, max-video-preview:-1\" \/>\n<link rel=\"canonical\" href=\"https:\/\/fotodoc.com.br\/leituras-de-portfolio-2023\/\" \/>\n<meta property=\"og:locale\" content=\"en_US\" \/>\n<meta property=\"og:type\" content=\"article\" \/>\n<meta property=\"og:title\" content=\"Leituras de Portf\u00f3lio 2023 - FotoDoc\" \/>\n<meta property=\"og:description\" content=\"[vc_row][vc_column][vc_single_image image=&#8221;3177&#8243; img_size=&#8221;full&#8221; add_caption=&#8221;yes&#8221; alignment=&#8221;center&#8221;][vc_empty_space height=&#8221;20px&#8221;][vc_single_image image=&#8221;1333&#8243; img_size=&#8221;medium&#8221; css=&#8221;.vc_custom_1657150732673{padding-left: 30px !important;}&#8221;][vc_column_text css=&#8221;.vc_custom_1690522093059{padding-right: 30px !important;padding-left: 30px !important;}&#8221;] Festival de Fotografia Documental De 21 a 25 de novembro de 2023 Panamericana Escola de Arte e Design S\u00e3o Paulo (SP) [\/vc_column_text][vc_column_text css=&#8221;.vc_custom_1697900901058{padding-right: 30px !important;padding-left: 30px !important;}&#8221;] LEITURAS DE PORTF\u00d3LIO 2023 As leituras de portf\u00f3lio s\u00e3o avalia\u00e7\u00f5es individuais de [&hellip;]\" \/>\n<meta property=\"og:url\" content=\"https:\/\/fotodoc.com.br\/leituras-de-portfolio-2023\/\" \/>\n<meta property=\"og:site_name\" content=\"FotoDoc\" \/>\n<meta property=\"article:publisher\" content=\"https:\/\/www.facebook.com\/festivalfotodoc\" \/>\n<meta property=\"article:modified_time\" content=\"2024-02-23T17:42:09+00:00\" \/>\n<meta property=\"og:image\" content=\"https:\/\/fotodoc.com.br\/wp-content\/uploads\/2022\/07\/logo_9120.jpg\" \/>\n\t<meta property=\"og:image:width\" content=\"1920\" \/>\n\t<meta property=\"og:image:height\" content=\"1080\" \/>\n\t<meta property=\"og:image:type\" content=\"image\/jpeg\" \/>\n<meta name=\"twitter:card\" content=\"summary_large_image\" \/>\n<meta name=\"twitter:label1\" content=\"Est. reading time\" \/>\n\t<meta name=\"twitter:data1\" content=\"3 minutes\" \/>\n\t<meta name=\"twitter:label2\" content=\"Written by\" \/>\n\t<meta name=\"twitter:data2\" content=\"FotoDoc\" \/>\n<script type=\"application\/ld+json\" class=\"yoast-schema-graph\">{\"@context\":\"https:\\\/\\\/schema.org\",\"@graph\":[{\"@type\":\"WebPage\",\"@id\":\"https:\\\/\\\/fotodoc.com.br\\\/leituras-de-portfolio-2023\\\/\",\"url\":\"https:\\\/\\\/fotodoc.com.br\\\/leituras-de-portfolio-2023\\\/\",\"name\":\"Leituras de Portf\u00f3lio 2023 - FotoDoc\",\"isPartOf\":{\"@id\":\"https:\\\/\\\/fotodoc.com.br\\\/#website\"},\"primaryImageOfPage\":{\"@id\":\"https:\\\/\\\/fotodoc.com.br\\\/leituras-de-portfolio-2023\\\/#primaryimage\"},\"image\":{\"@id\":\"https:\\\/\\\/fotodoc.com.br\\\/leituras-de-portfolio-2023\\\/#primaryimage\"},\"thumbnailUrl\":\"https:\\\/\\\/fotodoc.com.br\\\/wp-content\\\/uploads\\\/2022\\\/07\\\/logo_9120.jpg\",\"datePublished\":\"2023-07-27T11:31:41+00:00\",\"dateModified\":\"2024-02-23T17:42:09+00:00\",\"breadcrumb\":{\"@id\":\"https:\\\/\\\/fotodoc.com.br\\\/leituras-de-portfolio-2023\\\/#breadcrumb\"},\"inLanguage\":\"en-US\",\"potentialAction\":[{\"@type\":\"ReadAction\",\"target\":[\"https:\\\/\\\/fotodoc.com.br\\\/leituras-de-portfolio-2023\\\/\"]}]},{\"@type\":\"ImageObject\",\"inLanguage\":\"en-US\",\"@id\":\"https:\\\/\\\/fotodoc.com.br\\\/leituras-de-portfolio-2023\\\/#primaryimage\",\"url\":\"https:\\\/\\\/fotodoc.com.br\\\/wp-content\\\/uploads\\\/2022\\\/07\\\/logo_9120.jpg\",\"contentUrl\":\"https:\\\/\\\/fotodoc.com.br\\\/wp-content\\\/uploads\\\/2022\\\/07\\\/logo_9120.jpg\",\"width\":1920,\"height\":1080},{\"@type\":\"BreadcrumbList\",\"@id\":\"https:\\\/\\\/fotodoc.com.br\\\/leituras-de-portfolio-2023\\\/#breadcrumb\",\"itemListElement\":[{\"@type\":\"ListItem\",\"position\":1,\"name\":\"In\u00edcio\",\"item\":\"https:\\\/\\\/fotodoc.com.br\\\/en\\\/\"},{\"@type\":\"ListItem\",\"position\":2,\"name\":\"Leituras de Portf\u00f3lio 2023\"}]},{\"@type\":\"WebSite\",\"@id\":\"https:\\\/\\\/fotodoc.com.br\\\/#website\",\"url\":\"https:\\\/\\\/fotodoc.com.br\\\/\",\"name\":\"FotoDoc\",\"description\":\"Festival de Fotografia Documental\",\"publisher\":{\"@id\":\"https:\\\/\\\/fotodoc.com.br\\\/#organization\"},\"potentialAction\":[{\"@type\":\"SearchAction\",\"target\":{\"@type\":\"EntryPoint\",\"urlTemplate\":\"https:\\\/\\\/fotodoc.com.br\\\/?s={search_term_string}\"},\"query-input\":{\"@type\":\"PropertyValueSpecification\",\"valueRequired\":true,\"valueName\":\"search_term_string\"}}],\"inLanguage\":\"en-US\"},{\"@type\":\"Organization\",\"@id\":\"https:\\\/\\\/fotodoc.com.br\\\/#organization\",\"name\":\"Festival Fotodoc\",\"url\":\"https:\\\/\\\/fotodoc.com.br\\\/\",\"logo\":{\"@type\":\"ImageObject\",\"inLanguage\":\"en-US\",\"@id\":\"https:\\\/\\\/fotodoc.com.br\\\/#\\\/schema\\\/logo\\\/image\\\/\",\"url\":\"https:\\\/\\\/fotodoc.com.br\\\/wp-content\\\/uploads\\\/2022\\\/03\\\/FotoDoc-224px.png\",\"contentUrl\":\"https:\\\/\\\/fotodoc.com.br\\\/wp-content\\\/uploads\\\/2022\\\/03\\\/FotoDoc-224px.png\",\"width\":224,\"height\":90,\"caption\":\"Festival Fotodoc\"},\"image\":{\"@id\":\"https:\\\/\\\/fotodoc.com.br\\\/#\\\/schema\\\/logo\\\/image\\\/\"},\"sameAs\":[\"https:\\\/\\\/www.facebook.com\\\/festivalfotodoc\",\"https:\\\/\\\/www.instagram.com\\\/festivalfotodoc\\\/\"]}]}<\/script>\n<!-- \/ Yoast SEO plugin. -->","yoast_head_json":{"title":"Leituras de Portf\u00f3lio 2023 - FotoDoc","robots":{"index":"index","follow":"follow","max-snippet":"max-snippet:-1","max-image-preview":"max-image-preview:large","max-video-preview":"max-video-preview:-1"},"canonical":"https:\/\/fotodoc.com.br\/leituras-de-portfolio-2023\/","og_locale":"en_US","og_type":"article","og_title":"Leituras de Portf\u00f3lio 2023 - FotoDoc","og_description":"[vc_row][vc_column][vc_single_image image=&#8221;3177&#8243; img_size=&#8221;full&#8221; add_caption=&#8221;yes&#8221; alignment=&#8221;center&#8221;][vc_empty_space height=&#8221;20px&#8221;][vc_single_image image=&#8221;1333&#8243; img_size=&#8221;medium&#8221; css=&#8221;.vc_custom_1657150732673{padding-left: 30px !important;}&#8221;][vc_column_text css=&#8221;.vc_custom_1690522093059{padding-right: 30px !important;padding-left: 30px !important;}&#8221;] Festival de Fotografia Documental De 21 a 25 de novembro de 2023 Panamericana Escola de Arte e Design S\u00e3o Paulo (SP) [\/vc_column_text][vc_column_text css=&#8221;.vc_custom_1697900901058{padding-right: 30px !important;padding-left: 30px !important;}&#8221;] LEITURAS DE PORTF\u00d3LIO 2023 As leituras de portf\u00f3lio s\u00e3o avalia\u00e7\u00f5es individuais de [&hellip;]","og_url":"https:\/\/fotodoc.com.br\/leituras-de-portfolio-2023\/","og_site_name":"FotoDoc","article_publisher":"https:\/\/www.facebook.com\/festivalfotodoc","article_modified_time":"2024-02-23T17:42:09+00:00","og_image":[{"width":1920,"height":1080,"url":"https:\/\/fotodoc.com.br\/wp-content\/uploads\/2022\/07\/logo_9120.jpg","type":"image\/jpeg"}],"twitter_card":"summary_large_image","twitter_misc":{"Est. reading time":"3 minutes","Written by":"FotoDoc"},"schema":{"@context":"https:\/\/schema.org","@graph":[{"@type":"WebPage","@id":"https:\/\/fotodoc.com.br\/leituras-de-portfolio-2023\/","url":"https:\/\/fotodoc.com.br\/leituras-de-portfolio-2023\/","name":"Leituras de Portf\u00f3lio 2023 - FotoDoc","isPartOf":{"@id":"https:\/\/fotodoc.com.br\/#website"},"primaryImageOfPage":{"@id":"https:\/\/fotodoc.com.br\/leituras-de-portfolio-2023\/#primaryimage"},"image":{"@id":"https:\/\/fotodoc.com.br\/leituras-de-portfolio-2023\/#primaryimage"},"thumbnailUrl":"https:\/\/fotodoc.com.br\/wp-content\/uploads\/2022\/07\/logo_9120.jpg","datePublished":"2023-07-27T11:31:41+00:00","dateModified":"2024-02-23T17:42:09+00:00","breadcrumb":{"@id":"https:\/\/fotodoc.com.br\/leituras-de-portfolio-2023\/#breadcrumb"},"inLanguage":"en-US","potentialAction":[{"@type":"ReadAction","target":["https:\/\/fotodoc.com.br\/leituras-de-portfolio-2023\/"]}]},{"@type":"ImageObject","inLanguage":"en-US","@id":"https:\/\/fotodoc.com.br\/leituras-de-portfolio-2023\/#primaryimage","url":"https:\/\/fotodoc.com.br\/wp-content\/uploads\/2022\/07\/logo_9120.jpg","contentUrl":"https:\/\/fotodoc.com.br\/wp-content\/uploads\/2022\/07\/logo_9120.jpg","width":1920,"height":1080},{"@type":"BreadcrumbList","@id":"https:\/\/fotodoc.com.br\/leituras-de-portfolio-2023\/#breadcrumb","itemListElement":[{"@type":"ListItem","position":1,"name":"In\u00edcio","item":"https:\/\/fotodoc.com.br\/en\/"},{"@type":"ListItem","position":2,"name":"Leituras de Portf\u00f3lio 2023"}]},{"@type":"WebSite","@id":"https:\/\/fotodoc.com.br\/#website","url":"https:\/\/fotodoc.com.br\/","name":"FotoDoc","description":"Festival de Fotografia Documental","publisher":{"@id":"https:\/\/fotodoc.com.br\/#organization"},"potentialAction":[{"@type":"SearchAction","target":{"@type":"EntryPoint","urlTemplate":"https:\/\/fotodoc.com.br\/?s={search_term_string}"},"query-input":{"@type":"PropertyValueSpecification","valueRequired":true,"valueName":"search_term_string"}}],"inLanguage":"en-US"},{"@type":"Organization","@id":"https:\/\/fotodoc.com.br\/#organization","name":"Festival Fotodoc","url":"https:\/\/fotodoc.com.br\/","logo":{"@type":"ImageObject","inLanguage":"en-US","@id":"https:\/\/fotodoc.com.br\/#\/schema\/logo\/image\/","url":"https:\/\/fotodoc.com.br\/wp-content\/uploads\/2022\/03\/FotoDoc-224px.png","contentUrl":"https:\/\/fotodoc.com.br\/wp-content\/uploads\/2022\/03\/FotoDoc-224px.png","width":224,"height":90,"caption":"Festival Fotodoc"},"image":{"@id":"https:\/\/fotodoc.com.br\/#\/schema\/logo\/image\/"},"sameAs":["https:\/\/www.facebook.com\/festivalfotodoc","https:\/\/www.instagram.com\/festivalfotodoc\/"]}]}},"_links":{"self":[{"href":"https:\/\/fotodoc.com.br\/en\/wp-json\/wp\/v2\/pages\/7875","targetHints":{"allow":["GET"]}}],"collection":[{"href":"https:\/\/fotodoc.com.br\/en\/wp-json\/wp\/v2\/pages"}],"about":[{"href":"https:\/\/fotodoc.com.br\/en\/wp-json\/wp\/v2\/types\/page"}],"author":[{"embeddable":true,"href":"https:\/\/fotodoc.com.br\/en\/wp-json\/wp\/v2\/users\/2"}],"replies":[{"embeddable":true,"href":"https:\/\/fotodoc.com.br\/en\/wp-json\/wp\/v2\/comments?post=7875"}],"version-history":[{"count":15,"href":"https:\/\/fotodoc.com.br\/en\/wp-json\/wp\/v2\/pages\/7875\/revisions"}],"predecessor-version":[{"id":18235,"href":"https:\/\/fotodoc.com.br\/en\/wp-json\/wp\/v2\/pages\/7875\/revisions\/18235"}],"wp:featuredmedia":[{"embeddable":true,"href":"https:\/\/fotodoc.com.br\/en\/wp-json\/wp\/v2\/media\/1322"}],"wp:attachment":[{"href":"https:\/\/fotodoc.com.br\/en\/wp-json\/wp\/v2\/media?parent=7875"}],"wp:term":[{"taxonomy":"author","embeddable":true,"href":"https:\/\/fotodoc.com.br\/en\/wp-json\/wp\/v2\/coauthors?post=7875"}],"curies":[{"name":"wp","href":"https:\/\/api.w.org\/{rel}","templated":true}]}}