{"id":8334,"date":"2023-10-30T16:06:37","date_gmt":"2023-10-30T19:06:37","guid":{"rendered":"https:\/\/fotodoc.com.br\/?page_id=8334"},"modified":"2023-10-30T16:08:39","modified_gmt":"2023-10-30T19:08:39","slug":"inscricao-leitura-de-portfolio-com-paulo-marcos-de-mendonca-lima-fotodoc-2023-23-11","status":"publish","type":"page","link":"https:\/\/fotodoc.com.br\/en\/leituras-de-portfolio-2023\/inscricao-leitura-de-portfolio-com-paulo-marcos-de-mendonca-lima-fotodoc-2023-23-11\/","title":{"rendered":"Inscri\u00e7\u00e3o Leitura de Portf\u00f3lio com Paulo Marcos de Mendon\u00e7a Lima &#8211; FotoDoc 2023 &#8211; 23\/11"},"content":{"rendered":"<div class=\"wpb-content-wrapper\"><p>[vc_row][vc_column][vc_column_text]<\/p>\n<h3><strong>Leitura de Portf\u00f3lio com Paulo Marcos de Mendon\u00e7a Lima<\/strong><\/h3>\n<h4>Data:<br \/>\n<strong>Quinta-feira, 23 de novembro de 2023<\/strong><br \/>\n<strong>De 13h a 15h e de 15h30 a 17h30<\/strong><\/h4>\n<h4><strong>Cada Leitura de Portf\u00f3lio tem dura\u00e7\u00e3o de 20 minutos.<\/strong> As vagas ser\u00e3o preenchidas por ordem de inscri\u00e7\u00e3o, do \u00faltimo hor\u00e1rio para o primeiro.<\/h4>\n<h4><strong>Inscri\u00e7\u00e3o com bolsa integral segundo crit\u00e9rios s\u00f3cio-econ\u00f4micos. <\/strong><\/h4>\n<h4>Para realizar sua inscri\u00e7\u00e3o voc\u00ea deve enviar a <strong>ficha de inscri\u00e7\u00e3o integralmente preenchida<\/strong> acompanhada de um <strong>portf\u00f3lio com 10 a 20 imagens<\/strong> que comprove sua pr\u00e1tica fotogr\u00e1fica. As imagens do portf\u00f3lio deve estar em <strong>formato JPEG com a aresta maior medindo 1920 pixels<\/strong>. Inscri\u00e7\u00f5es incompletas ser\u00e3o descartadas.<\/h4>\n<h4>Ap\u00f3s o envio da sua inscri\u00e7\u00e3o, <strong>aguarde nosso retorno por e-mail para confirmar<\/strong>. A participa\u00e7\u00e3o em Leitura de Portf\u00f3lio com bolsa integral est\u00e1 <strong>restrita a 1 Leitura por pessoa<\/strong>. Em caso de <strong>n\u00e3o comparecimento<\/strong> sem aviso pr\u00e9vio com pelo menos uma semana de anteced\u00eancia para a data da Leitura o participante <strong>n\u00e3o poder\u00e1 pleitear bolsa na pr\u00f3xima edi\u00e7\u00e3o do festival<\/strong>.<\/h4>\n<h4>Qualquer d\u00favida ou quest\u00e3o pode ser encaminhada a qualquer momento para o e-mail <span style=\"color: #0000ff;\"><strong>festival@fotodoc.com.br<\/strong><\/span>.<\/h4>\n<p>[\/vc_column_text][vc_separator][\/vc_column][\/vc_row][vc_row][vc_column][vc_column_text]<\/p>\n<h2>INSTRU\u00c7\u00d5ES PARA ENVIO<\/h2>\n<p>[\/vc_column_text][\/vc_column][\/vc_row][vc_row][vc_column width=&#8221;1\/2&#8243;][vc_column_text]<\/p>\n<h4><strong>1. <a href=\"https:\/\/fotodoc.com.br\/wp-content\/uploads\/2023\/10\/FICHA-DE-INSCRICAO-LEITURA-PAULO-MARCOS-23-11-2023.docx\" target=\"_blank\" rel=\"noopener\">Baixe a ficha de inscri\u00e7\u00e3o clicando neste link ou no bot\u00e3o ao lado<\/a><\/strong> e preencha com as informa\u00e7\u00f5es solicitadas. <strong>Inscri\u00e7\u00f5es sem a ficha de inscri\u00e7\u00e3o ser\u00e3o descartadas<\/strong><\/h4>\n<p>[\/vc_column_text][\/vc_column][vc_column width=&#8221;1\/2&#8243;][vc_empty_space height=&#8221;30px&#8221;][vc_btn title=&#8221;FICHA DE INSCRI\u00c7\u00c3O&#8221; color=&#8221;juicy-pink&#8221; link=&#8221;url:https%3A%2F%2Ffotodoc.com.br%2Fwp-content%2Fuploads%2F2023%2F10%2FFICHA-DE-INSCRICAO-LEITURA-PAULO-MARCOS-23-11-2023.docx|target:_blank&#8221;][\/vc_column][\/vc_row][vc_row][vc_column width=&#8221;1\/2&#8243;][vc_column_text]<\/p>\n<h4>2. Envie a ficha preenchida juntamente com as imagens do portf\u00f3lio via Wetransfer <a href=\"https:\/\/fotodoc.wetransfer.com\/\" target=\"_blank\" rel=\"noopener\"><strong>clicando neste link ou no bot\u00e3o ao lado<\/strong><\/a><\/h4>\n<p>[\/vc_column_text][\/vc_column][vc_column width=&#8221;1\/2&#8243;][vc_empty_space height=&#8221;25px&#8221;][vc_raw_html]JTNDaWZyYW1lJTIwc3JjJTNEJTIyaHR0cHMlM0ElMkYlMkZ3ZS50bCUyRnNlbmQlMkZwdCUyRmZvdG9kb2MlMjIlMjB3aWR0aCUzRCUyMldJRFRIJTIyJTIwaGVpZ2h0JTNEJTIyNTAlMjIlMjBmcmFtZWJvcmRlciUzRCUyMjAlMjIlM0UlM0MlMkZpZnJhbWUlM0U=[\/vc_raw_html][\/vc_column][\/vc_row]<\/p>\n<\/div>","protected":false},"excerpt":{"rendered":"<p>[vc_row][vc_column][vc_column_text] Leitura de Portf\u00f3lio com Paulo Marcos de Mendon\u00e7a Lima Data: Quinta-feira, 23 de novembro de 2023 De 13h a 15h e de 15h30 a 17h30 Cada Leitura de Portf\u00f3lio tem dura\u00e7\u00e3o de 20 minutos. As vagas ser\u00e3o preenchidas por ordem de inscri\u00e7\u00e3o, do \u00faltimo hor\u00e1rio para o primeiro. Inscri\u00e7\u00e3o com bolsa integral segundo crit\u00e9rios [&hellip;]<\/p>\n","protected":false},"author":2,"featured_media":8330,"parent":7875,"menu_order":0,"comment_status":"closed","ping_status":"closed","template":"","meta":{"_acf_changed":false,"jnews_page_loop":{"enable_page_loop":"0","first_title":"Latest Post","second_title":"","header_type":"heading_6","header_background":"","header_text_color":"","layout":"right-sidebar","sidebar":"default-sidebar","second_sidebar":"default-sidebar","sticky_sidebar":"1","module":"3","boxed":"0","boxed_shadow":"0","box_shadow":"0","excerpt_length":"20","content_date":"default","date_custom":"Y\/m\/d","content_pagination":"nav_1","pagination_align":"center","show_navtext":"0","show_pageinfo":"0","post_offset":"0","posts_per_page":"5","include_post":"","exclude_post":"","include_category":"","exclude_category":"","include_author":"","include_tag":"","exclude_tag":"","sort_by":"latest"},"jnews_single_page":{"layout":"no-sidebar","sidebar":"default-sidebar","second_sidebar":"default-sidebar","sticky_sidebar":"1","show_post_featured":"0","show_post_meta":"0","share_position":"hide","share_color":"share-monocrhome"},"jnews_social_meta":{"fb_title":"","fb_description":"","fb_image":"","twitter_title":"","twitter_description":"","twitter_image":""},"footnotes":""},"coauthors":[],"class_list":["post-8334","page","type-page","status-publish","has-post-thumbnail","hentry"],"acf":[],"yoast_head":"<!-- This site is optimized with the Yoast SEO plugin v27.3 - https:\/\/yoast.com\/product\/yoast-seo-wordpress\/ -->\n<title>Inscri\u00e7\u00e3o Leitura de Portf\u00f3lio com Paulo Marcos de Mendon\u00e7a Lima - FotoDoc 2023 - 23\/11 - FotoDoc<\/title>\n<meta name=\"robots\" content=\"index, follow, max-snippet:-1, max-image-preview:large, max-video-preview:-1\" \/>\n<link rel=\"canonical\" href=\"https:\/\/fotodoc.com.br\/leituras-de-portfolio-2023\/inscricao-leitura-de-portfolio-com-paulo-marcos-de-mendonca-lima-fotodoc-2023-23-11\/\" \/>\n<meta property=\"og:locale\" content=\"en_US\" \/>\n<meta property=\"og:type\" content=\"article\" \/>\n<meta property=\"og:title\" content=\"Inscri\u00e7\u00e3o Leitura de Portf\u00f3lio com Paulo Marcos de Mendon\u00e7a Lima - FotoDoc 2023 - 23\/11 - FotoDoc\" \/>\n<meta property=\"og:description\" content=\"[vc_row][vc_column][vc_column_text] Leitura de Portf\u00f3lio com Paulo Marcos de Mendon\u00e7a Lima Data: Quinta-feira, 23 de novembro de 2023 De 13h a 15h e de 15h30 a 17h30 Cada Leitura de Portf\u00f3lio tem dura\u00e7\u00e3o de 20 minutos. As vagas ser\u00e3o preenchidas por ordem de inscri\u00e7\u00e3o, do \u00faltimo hor\u00e1rio para o primeiro. Inscri\u00e7\u00e3o com bolsa integral segundo crit\u00e9rios [&hellip;]\" \/>\n<meta property=\"og:url\" content=\"https:\/\/fotodoc.com.br\/leituras-de-portfolio-2023\/inscricao-leitura-de-portfolio-com-paulo-marcos-de-mendonca-lima-fotodoc-2023-23-11\/\" \/>\n<meta property=\"og:site_name\" content=\"FotoDoc\" \/>\n<meta property=\"article:publisher\" content=\"https:\/\/www.facebook.com\/festivalfotodoc\" \/>\n<meta property=\"article:modified_time\" content=\"2023-10-30T19:08:39+00:00\" \/>\n<meta property=\"og:image\" content=\"https:\/\/fotodoc.com.br\/wp-content\/uploads\/2023\/10\/Paulo-Marcos-por-Nana-01-1-1.jpg\" \/>\n\t<meta property=\"og:image:width\" content=\"512\" \/>\n\t<meta property=\"og:image:height\" content=\"512\" \/>\n\t<meta property=\"og:image:type\" content=\"image\/jpeg\" \/>\n<meta name=\"twitter:card\" content=\"summary_large_image\" \/>\n<meta name=\"twitter:label1\" content=\"Est. reading time\" \/>\n\t<meta name=\"twitter:data1\" content=\"2 minutes\" \/>\n\t<meta name=\"twitter:label2\" content=\"Written by\" \/>\n\t<meta name=\"twitter:data2\" content=\"FotoDoc\" \/>\n<script type=\"application\/ld+json\" class=\"yoast-schema-graph\">{\"@context\":\"https:\\\/\\\/schema.org\",\"@graph\":[{\"@type\":\"WebPage\",\"@id\":\"https:\\\/\\\/fotodoc.com.br\\\/leituras-de-portfolio-2023\\\/inscricao-leitura-de-portfolio-com-paulo-marcos-de-mendonca-lima-fotodoc-2023-23-11\\\/\",\"url\":\"https:\\\/\\\/fotodoc.com.br\\\/leituras-de-portfolio-2023\\\/inscricao-leitura-de-portfolio-com-paulo-marcos-de-mendonca-lima-fotodoc-2023-23-11\\\/\",\"name\":\"Inscri\u00e7\u00e3o Leitura de Portf\u00f3lio com Paulo Marcos de Mendon\u00e7a Lima - FotoDoc 2023 - 23\\\/11 - FotoDoc\",\"isPartOf\":{\"@id\":\"https:\\\/\\\/fotodoc.com.br\\\/#website\"},\"primaryImageOfPage\":{\"@id\":\"https:\\\/\\\/fotodoc.com.br\\\/leituras-de-portfolio-2023\\\/inscricao-leitura-de-portfolio-com-paulo-marcos-de-mendonca-lima-fotodoc-2023-23-11\\\/#primaryimage\"},\"image\":{\"@id\":\"https:\\\/\\\/fotodoc.com.br\\\/leituras-de-portfolio-2023\\\/inscricao-leitura-de-portfolio-com-paulo-marcos-de-mendonca-lima-fotodoc-2023-23-11\\\/#primaryimage\"},\"thumbnailUrl\":\"https:\\\/\\\/fotodoc.com.br\\\/wp-content\\\/uploads\\\/2023\\\/10\\\/Paulo-Marcos-por-Nana-01-1-1.jpg\",\"datePublished\":\"2023-10-30T19:06:37+00:00\",\"dateModified\":\"2023-10-30T19:08:39+00:00\",\"breadcrumb\":{\"@id\":\"https:\\\/\\\/fotodoc.com.br\\\/leituras-de-portfolio-2023\\\/inscricao-leitura-de-portfolio-com-paulo-marcos-de-mendonca-lima-fotodoc-2023-23-11\\\/#breadcrumb\"},\"inLanguage\":\"en-US\",\"potentialAction\":[{\"@type\":\"ReadAction\",\"target\":[\"https:\\\/\\\/fotodoc.com.br\\\/leituras-de-portfolio-2023\\\/inscricao-leitura-de-portfolio-com-paulo-marcos-de-mendonca-lima-fotodoc-2023-23-11\\\/\"]}]},{\"@type\":\"ImageObject\",\"inLanguage\":\"en-US\",\"@id\":\"https:\\\/\\\/fotodoc.com.br\\\/leituras-de-portfolio-2023\\\/inscricao-leitura-de-portfolio-com-paulo-marcos-de-mendonca-lima-fotodoc-2023-23-11\\\/#primaryimage\",\"url\":\"https:\\\/\\\/fotodoc.com.br\\\/wp-content\\\/uploads\\\/2023\\\/10\\\/Paulo-Marcos-por-Nana-01-1-1.jpg\",\"contentUrl\":\"https:\\\/\\\/fotodoc.com.br\\\/wp-content\\\/uploads\\\/2023\\\/10\\\/Paulo-Marcos-por-Nana-01-1-1.jpg\",\"width\":512,\"height\":512},{\"@type\":\"BreadcrumbList\",\"@id\":\"https:\\\/\\\/fotodoc.com.br\\\/leituras-de-portfolio-2023\\\/inscricao-leitura-de-portfolio-com-paulo-marcos-de-mendonca-lima-fotodoc-2023-23-11\\\/#breadcrumb\",\"itemListElement\":[{\"@type\":\"ListItem\",\"position\":1,\"name\":\"In\u00edcio\",\"item\":\"https:\\\/\\\/fotodoc.com.br\\\/en\\\/\"},{\"@type\":\"ListItem\",\"position\":2,\"name\":\"Leituras de Portf\u00f3lio 2023\",\"item\":\"https:\\\/\\\/fotodoc.com.br\\\/leituras-de-portfolio-2023\\\/\"},{\"@type\":\"ListItem\",\"position\":3,\"name\":\"Inscri\u00e7\u00e3o Leitura de Portf\u00f3lio com Paulo Marcos de Mendon\u00e7a Lima &#8211; FotoDoc 2023 &#8211; 23\\\/11\"}]},{\"@type\":\"WebSite\",\"@id\":\"https:\\\/\\\/fotodoc.com.br\\\/#website\",\"url\":\"https:\\\/\\\/fotodoc.com.br\\\/\",\"name\":\"FotoDoc\",\"description\":\"Festival de Fotografia Documental\",\"publisher\":{\"@id\":\"https:\\\/\\\/fotodoc.com.br\\\/#organization\"},\"potentialAction\":[{\"@type\":\"SearchAction\",\"target\":{\"@type\":\"EntryPoint\",\"urlTemplate\":\"https:\\\/\\\/fotodoc.com.br\\\/?s={search_term_string}\"},\"query-input\":{\"@type\":\"PropertyValueSpecification\",\"valueRequired\":true,\"valueName\":\"search_term_string\"}}],\"inLanguage\":\"en-US\"},{\"@type\":\"Organization\",\"@id\":\"https:\\\/\\\/fotodoc.com.br\\\/#organization\",\"name\":\"Festival Fotodoc\",\"url\":\"https:\\\/\\\/fotodoc.com.br\\\/\",\"logo\":{\"@type\":\"ImageObject\",\"inLanguage\":\"en-US\",\"@id\":\"https:\\\/\\\/fotodoc.com.br\\\/#\\\/schema\\\/logo\\\/image\\\/\",\"url\":\"https:\\\/\\\/fotodoc.com.br\\\/wp-content\\\/uploads\\\/2022\\\/03\\\/FotoDoc-224px.png\",\"contentUrl\":\"https:\\\/\\\/fotodoc.com.br\\\/wp-content\\\/uploads\\\/2022\\\/03\\\/FotoDoc-224px.png\",\"width\":224,\"height\":90,\"caption\":\"Festival Fotodoc\"},\"image\":{\"@id\":\"https:\\\/\\\/fotodoc.com.br\\\/#\\\/schema\\\/logo\\\/image\\\/\"},\"sameAs\":[\"https:\\\/\\\/www.facebook.com\\\/festivalfotodoc\",\"https:\\\/\\\/www.instagram.com\\\/festivalfotodoc\\\/\"]}]}<\/script>\n<!-- \/ Yoast SEO plugin. -->","yoast_head_json":{"title":"Inscri\u00e7\u00e3o Leitura de Portf\u00f3lio com Paulo Marcos de Mendon\u00e7a Lima - FotoDoc 2023 - 23\/11 - FotoDoc","robots":{"index":"index","follow":"follow","max-snippet":"max-snippet:-1","max-image-preview":"max-image-preview:large","max-video-preview":"max-video-preview:-1"},"canonical":"https:\/\/fotodoc.com.br\/leituras-de-portfolio-2023\/inscricao-leitura-de-portfolio-com-paulo-marcos-de-mendonca-lima-fotodoc-2023-23-11\/","og_locale":"en_US","og_type":"article","og_title":"Inscri\u00e7\u00e3o Leitura de Portf\u00f3lio com Paulo Marcos de Mendon\u00e7a Lima - FotoDoc 2023 - 23\/11 - FotoDoc","og_description":"[vc_row][vc_column][vc_column_text] Leitura de Portf\u00f3lio com Paulo Marcos de Mendon\u00e7a Lima Data: Quinta-feira, 23 de novembro de 2023 De 13h a 15h e de 15h30 a 17h30 Cada Leitura de Portf\u00f3lio tem dura\u00e7\u00e3o de 20 minutos. As vagas ser\u00e3o preenchidas por ordem de inscri\u00e7\u00e3o, do \u00faltimo hor\u00e1rio para o primeiro. Inscri\u00e7\u00e3o com bolsa integral segundo crit\u00e9rios [&hellip;]","og_url":"https:\/\/fotodoc.com.br\/leituras-de-portfolio-2023\/inscricao-leitura-de-portfolio-com-paulo-marcos-de-mendonca-lima-fotodoc-2023-23-11\/","og_site_name":"FotoDoc","article_publisher":"https:\/\/www.facebook.com\/festivalfotodoc","article_modified_time":"2023-10-30T19:08:39+00:00","og_image":[{"width":512,"height":512,"url":"https:\/\/fotodoc.com.br\/wp-content\/uploads\/2023\/10\/Paulo-Marcos-por-Nana-01-1-1.jpg","type":"image\/jpeg"}],"twitter_card":"summary_large_image","twitter_misc":{"Est. reading time":"2 minutes","Written by":"FotoDoc"},"schema":{"@context":"https:\/\/schema.org","@graph":[{"@type":"WebPage","@id":"https:\/\/fotodoc.com.br\/leituras-de-portfolio-2023\/inscricao-leitura-de-portfolio-com-paulo-marcos-de-mendonca-lima-fotodoc-2023-23-11\/","url":"https:\/\/fotodoc.com.br\/leituras-de-portfolio-2023\/inscricao-leitura-de-portfolio-com-paulo-marcos-de-mendonca-lima-fotodoc-2023-23-11\/","name":"Inscri\u00e7\u00e3o Leitura de Portf\u00f3lio com Paulo Marcos de Mendon\u00e7a Lima - FotoDoc 2023 - 23\/11 - FotoDoc","isPartOf":{"@id":"https:\/\/fotodoc.com.br\/#website"},"primaryImageOfPage":{"@id":"https:\/\/fotodoc.com.br\/leituras-de-portfolio-2023\/inscricao-leitura-de-portfolio-com-paulo-marcos-de-mendonca-lima-fotodoc-2023-23-11\/#primaryimage"},"image":{"@id":"https:\/\/fotodoc.com.br\/leituras-de-portfolio-2023\/inscricao-leitura-de-portfolio-com-paulo-marcos-de-mendonca-lima-fotodoc-2023-23-11\/#primaryimage"},"thumbnailUrl":"https:\/\/fotodoc.com.br\/wp-content\/uploads\/2023\/10\/Paulo-Marcos-por-Nana-01-1-1.jpg","datePublished":"2023-10-30T19:06:37+00:00","dateModified":"2023-10-30T19:08:39+00:00","breadcrumb":{"@id":"https:\/\/fotodoc.com.br\/leituras-de-portfolio-2023\/inscricao-leitura-de-portfolio-com-paulo-marcos-de-mendonca-lima-fotodoc-2023-23-11\/#breadcrumb"},"inLanguage":"en-US","potentialAction":[{"@type":"ReadAction","target":["https:\/\/fotodoc.com.br\/leituras-de-portfolio-2023\/inscricao-leitura-de-portfolio-com-paulo-marcos-de-mendonca-lima-fotodoc-2023-23-11\/"]}]},{"@type":"ImageObject","inLanguage":"en-US","@id":"https:\/\/fotodoc.com.br\/leituras-de-portfolio-2023\/inscricao-leitura-de-portfolio-com-paulo-marcos-de-mendonca-lima-fotodoc-2023-23-11\/#primaryimage","url":"https:\/\/fotodoc.com.br\/wp-content\/uploads\/2023\/10\/Paulo-Marcos-por-Nana-01-1-1.jpg","contentUrl":"https:\/\/fotodoc.com.br\/wp-content\/uploads\/2023\/10\/Paulo-Marcos-por-Nana-01-1-1.jpg","width":512,"height":512},{"@type":"BreadcrumbList","@id":"https:\/\/fotodoc.com.br\/leituras-de-portfolio-2023\/inscricao-leitura-de-portfolio-com-paulo-marcos-de-mendonca-lima-fotodoc-2023-23-11\/#breadcrumb","itemListElement":[{"@type":"ListItem","position":1,"name":"In\u00edcio","item":"https:\/\/fotodoc.com.br\/en\/"},{"@type":"ListItem","position":2,"name":"Leituras de Portf\u00f3lio 2023","item":"https:\/\/fotodoc.com.br\/leituras-de-portfolio-2023\/"},{"@type":"ListItem","position":3,"name":"Inscri\u00e7\u00e3o Leitura de Portf\u00f3lio com Paulo Marcos de Mendon\u00e7a Lima &#8211; FotoDoc 2023 &#8211; 23\/11"}]},{"@type":"WebSite","@id":"https:\/\/fotodoc.com.br\/#website","url":"https:\/\/fotodoc.com.br\/","name":"FotoDoc","description":"Festival de Fotografia Documental","publisher":{"@id":"https:\/\/fotodoc.com.br\/#organization"},"potentialAction":[{"@type":"SearchAction","target":{"@type":"EntryPoint","urlTemplate":"https:\/\/fotodoc.com.br\/?s={search_term_string}"},"query-input":{"@type":"PropertyValueSpecification","valueRequired":true,"valueName":"search_term_string"}}],"inLanguage":"en-US"},{"@type":"Organization","@id":"https:\/\/fotodoc.com.br\/#organization","name":"Festival Fotodoc","url":"https:\/\/fotodoc.com.br\/","logo":{"@type":"ImageObject","inLanguage":"en-US","@id":"https:\/\/fotodoc.com.br\/#\/schema\/logo\/image\/","url":"https:\/\/fotodoc.com.br\/wp-content\/uploads\/2022\/03\/FotoDoc-224px.png","contentUrl":"https:\/\/fotodoc.com.br\/wp-content\/uploads\/2022\/03\/FotoDoc-224px.png","width":224,"height":90,"caption":"Festival Fotodoc"},"image":{"@id":"https:\/\/fotodoc.com.br\/#\/schema\/logo\/image\/"},"sameAs":["https:\/\/www.facebook.com\/festivalfotodoc","https:\/\/www.instagram.com\/festivalfotodoc\/"]}]}},"_links":{"self":[{"href":"https:\/\/fotodoc.com.br\/en\/wp-json\/wp\/v2\/pages\/8334","targetHints":{"allow":["GET"]}}],"collection":[{"href":"https:\/\/fotodoc.com.br\/en\/wp-json\/wp\/v2\/pages"}],"about":[{"href":"https:\/\/fotodoc.com.br\/en\/wp-json\/wp\/v2\/types\/page"}],"author":[{"embeddable":true,"href":"https:\/\/fotodoc.com.br\/en\/wp-json\/wp\/v2\/users\/2"}],"replies":[{"embeddable":true,"href":"https:\/\/fotodoc.com.br\/en\/wp-json\/wp\/v2\/comments?post=8334"}],"version-history":[{"count":3,"href":"https:\/\/fotodoc.com.br\/en\/wp-json\/wp\/v2\/pages\/8334\/revisions"}],"predecessor-version":[{"id":8339,"href":"https:\/\/fotodoc.com.br\/en\/wp-json\/wp\/v2\/pages\/8334\/revisions\/8339"}],"up":[{"embeddable":true,"href":"https:\/\/fotodoc.com.br\/en\/wp-json\/wp\/v2\/pages\/7875"}],"wp:featuredmedia":[{"embeddable":true,"href":"https:\/\/fotodoc.com.br\/en\/wp-json\/wp\/v2\/media\/8330"}],"wp:attachment":[{"href":"https:\/\/fotodoc.com.br\/en\/wp-json\/wp\/v2\/media?parent=8334"}],"wp:term":[{"taxonomy":"author","embeddable":true,"href":"https:\/\/fotodoc.com.br\/en\/wp-json\/wp\/v2\/coauthors?post=8334"}],"curies":[{"name":"wp","href":"https:\/\/api.w.org\/{rel}","templated":true}]}}