{"id":8402,"date":"2023-12-07T17:29:47","date_gmt":"2023-12-07T20:29:47","guid":{"rendered":"https:\/\/fotodoc.com.br\/?page_id=8402"},"modified":"2024-09-13T09:27:47","modified_gmt":"2024-09-13T12:27:47","slug":"regulamento-2024","status":"publish","type":"page","link":"https:\/\/fotodoc.com.br\/en\/premio-2024\/regulamento-2024\/","title":{"rendered":"Regulamento Pr\u00eamio Portf\u00f3lio FotoDoc 2024"},"content":{"rendered":"<div class=\"wpb-content-wrapper\"><p>[vc_row][vc_column][vc_separator][vc_column_text]<\/p>\n<h1><strong>REGULAMENTO PR\u00caMIO PORTF\u00d3LIO FOTODOC 2024<\/strong><\/h1>\n<h2><a href=\"https:\/\/fotodoc.com.br\/premio\/finalistas-2024\/\"><span style=\"color: #ff0000;\"><em>ENCERRADAS AS INSCRI\u00c7\u00d5ES, CLIQUE AQUI PARA CONHECER OS FINALISTAS!<\/em><\/span><\/a><\/h2>\n<p>[\/vc_column_text][vc_column_text]<\/p>\n<h3>Com <strong>inscri\u00e7\u00f5es prorrogadas at\u00e9 16 de junho de 2024<\/strong>, o <strong>PR\u00caMIO PORTF\u00d3LIO FOTODOC<\/strong>\u00a0\u00e9 uma plataforma destinada \u00e0 publica\u00e7\u00e3o do trabalho de fot\u00f3grafos brasileiros e estrangeiros, com premia\u00e7\u00f5es anuais.<\/h3>\n<h3><strong>Para se inscrever, leia com aten\u00e7\u00e3o o Regulamento e escolha a categoria desejada no final da p\u00e1gina.<\/strong><\/h3>\n<h3>1 \u2013 DO OBJETO<\/h3>\n<h4>1.1\u00a0 O proponente deve submeter sua inscri\u00e7\u00e3o obedecendo as regras aqui estabelecidas. Ser\u00e3o aceitos trabalhos fotogr\u00e1ficos em <strong>tr\u00eas categorias, detalhadas abaixo:<\/strong><\/h4>\n<h3><strong>Imagem Destacada <\/strong>\u2013 Imagens que tenham impacto sozinhas e o poder de sintetizar um acontecimento, uma hist\u00f3ria ou uma ideia.<\/h3>\n<h3><strong>Ensaio<\/strong> \u2013 Narrativas visuais que abordem temas ou eventos pontuais, com proposta conceitual concisa.<\/h3>\n<h3><strong>Portf\u00f3lio<\/strong> \u2013 Narrativas visuais resultantes de uma abordagem de longo prazo sobre temas de maior profundidade. <strong>Aten\u00e7\u00e3o:<\/strong> o portf\u00f3lio deve ser preferencialmente composto de imagens de uma mesma s\u00e9rie \/ projeto, caso contenha imagens de mais de uma s\u00e9rie \/ projeto, as mesmas devem estabelecer um di\u00e1logo e uma coer\u00eancia entre si<\/h3>\n<h4>1.2\u00a0 Cada inscri\u00e7\u00e3o na categoria <strong>Imagem Destacada<\/strong> d\u00e1 direito ao envio de <strong>1 <\/strong><strong>at\u00e9 3 imagens<\/strong>, que ser\u00e3o <strong>avaliadas separadamente<\/strong>. <strong>Apenas 1 imagem poder\u00e1 ser selecionada<\/strong> em cada inscri\u00e7\u00e3o. A imagem selecionada ser\u00e1 publicada no site do festival acompanhada de t\u00edtulo e descri\u00e7\u00e3o fornecidos pelo fot\u00f3grafo. Caso o fot\u00f3grafo n\u00e3o forne\u00e7a t\u00edtulo a curadoria ir\u00e1 atribuir um.<\/h4>\n<h4>1.3\u00a0\u00a0 Cada inscri\u00e7\u00e3o na categoria <strong>Ensaio<\/strong> d\u00e1 direito ao envio de um <strong>conjunto coeso de 6 a 8 imagens<\/strong>, que ser\u00e3o <strong>avaliadas, na ordem enviada, como um trabalho \u00fanico<\/strong>. Os ensaios selecionados ser\u00e3o publicados no site do festival na \u00edntegra, acompanhados de t\u00edtulo e descri\u00e7\u00e3o enviados pelo fot\u00f3grafo.<\/h4>\n<h4>1.4\u00a0 Cada inscri\u00e7\u00e3o na categoria <strong>Portf\u00f3lio<\/strong> d\u00e1 direito ao envio de um <strong>conjunto coeso de 10 a 15 imagens<\/strong>, que ser\u00e3o <strong>avaliadas, na ordem enviada, como um trabalho \u00fanico<\/strong>. Os portf\u00f3lios selecionados ser\u00e3o publicados no site do festival na \u00edntegra, acompanhados de t\u00edtulo e descri\u00e7\u00e3o enviados pelo fot\u00f3grafo.<\/h4>\n<h4>1.5\u00a0\u00a0 Cada fot\u00f3grafo poder\u00e1 realizar quantas inscri\u00e7\u00f5es desejar, sem limite de sele\u00e7\u00f5es, e s\u00f3 poder\u00e1 figurar entre os Ganhadores com no m\u00e1ximo um trabalho por categoria.<\/h4>\n<h4>1.6\u00a0\u00a0 S\u00e3o aceitas imagens captadas por dispositivo fotogr\u00e1fico, seja anal\u00f3gico ou digital. Imagens geradas por intelig\u00eancia artificial n\u00e3o s\u00e3o aceitas. O uso de intelig\u00eancia artificial para tratamento e manipula\u00e7\u00e3o das imagens deve ser indicado na ficha de inscri\u00e7\u00e3o.<\/h4>\n<h3>2 \u2013 DA INSCRI\u00c7\u00c3O<\/h3>\n<h3>2.1\u00a0\u00a0\u00a0 Ser\u00e3o aceitas inscri\u00e7\u00f5es a partir <strong>de 8 de dezembro de 2023<\/strong>. O encerramento das inscri\u00e7\u00f5es se dar\u00e1 \u00e0s 23h59 (do hor\u00e1rio oficial do Brasil, Bras\u00edlia GMT -3), do dia <strong>16 de junho de 2024<\/strong>. (11:59 PM \u2013 UTC -3)<\/h3>\n<h4>2.2\u00a0 \u00a0As inscri\u00e7\u00f5es consistem em <strong>ficha de inscri\u00e7\u00e3o preenchida<\/strong> mais arquivos de fotos em formato JPEG com a aresta maior com 1920 pixels. Inscri\u00e7\u00f5es incompletas ou incorretas ser\u00e3o descartadas.<\/h4>\n<h3>2.3\u00a0\u00a0\u00a0 A curadoria do <strong>PR\u00caMIO PORTF\u00d3LIO FOTODOC<\/strong> vai analisar todas as inscri\u00e7\u00f5es que tenham sido enviadas em conformidade com o Regulamento. Os trabalhos selecionados ser\u00e3o publicados no site e no Instagram do festival <strong>mediante o pagamento de uma taxa de R$ 89 para cada inscri\u00e7\u00e3o selecionada<\/strong>, quitados atrav\u00e9s cart\u00e3o de cr\u00e9dito ou transfer\u00eancia banc\u00e1ria em nome de Vertente Edi\u00e7\u00e3o, Impress\u00e3o e Produ\u00e7\u00e3o LTDA, empresa respons\u00e1vel pelo Festival FotoDoc.<\/h3>\n<h4>2.4\u00a0\u00a0 \u00a0Os participantes receber\u00e3o resposta acerca dos trabalhos inscritos via e-mail. Em caso de sele\u00e7\u00e3o, ter\u00e3o at\u00e9 7 dias corridos do momento em que receberem o e-mail para quitar a taxa de R$ 89. <strong>Decorrido o prazo sem o pagamento correspondente, o trabalho ser\u00e1 considerado desclassificado.<\/strong><\/h4>\n<h4>2.5\u00a0\u00a0\u00a0 <strong>A receita ser\u00e1 revertida para remunerar os envolvidos, cobrir custos com o pr\u00eamio e realizar investimentos na sua divulga\u00e7\u00e3o.<\/strong> O Pr\u00eamio Portf\u00f3lio FotoDoc \u00e9 uma iniciativa particular do Festival FotoDoc, <strong>sem qualquer tipo de financiamento via lei de incentivo \u00e0 cultura<\/strong>.<\/h4>\n<h4>2.4\u00a0\u00a0\u00a0 As inscri\u00e7\u00f5es ser\u00e3o feitas \u00fanica e exclusivamente pela internet. <strong>A inscri\u00e7\u00e3o implica na aceita\u00e7\u00e3o dos termos deste regulamento.<\/strong><\/h4>\n<h4>2.5\u00a0\u00a0\u00a0 Os inscritos ou seus representantes legais s\u00e3o os \u00fanicos respons\u00e1veis pela qualidade visual e de conte\u00fado dos arquivos, assim como pelas informa\u00e7\u00f5es enviadas e devem estar cientes de que disso depender\u00e1 a avalia\u00e7\u00e3o dos mesmos.<\/h4>\n<h4>2.6\u00a0\u00a0 Uma vez realizada a inscri\u00e7\u00e3o n\u00e3o poder\u00e3o ser alteradas as imagens enviadas. A equipe do <strong>PR\u00caMIO PORTF\u00d3LIO FOTODOC<\/strong> poder\u00e1 solicitar complemento \u00e0 inscri\u00e7\u00e3o quando for o caso.<\/h4>\n<h3>\u200b3 \u2013 DA SELE\u00c7\u00c3O<\/h3>\n<h3>3.1\u00a0\u00a0 Os trabalhos inscritos no <strong>PR\u00caMIO PORTF\u00d3LIO FOTODOC<\/strong> ser\u00e3o avaliados em fluxo cont\u00ednuo pela curadoria do festival. \u00c0 medida em que forem analisados, os trabalhos selecionados ser\u00e3o publicados no site do Festival FotoDoc ap\u00f3s o recolhimento da taxa de publica\u00e7\u00e3o.<\/h3>\n<h4>3.2\u00a0\u00a0 Terminado o per\u00edodo de inscri\u00e7\u00e3o, a curadoria do festival ir\u00e1 reavaliar todos os trabalhos pr\u00e9-selecionados e indicar\u00e1<strong> 60 finalistas<\/strong>, sendo 9 Portf\u00f3lios, 21 Ensaios e 30 Imagens Destacadas.<\/h4>\n<h4>3.3\u00a0\u00a0 Uma <strong>Comiss\u00e3o Julgadora<\/strong> composta por <strong>5 membros<\/strong>, profissionais reconhecidos no mercado por sua atua\u00e7\u00e3o como fot\u00f3grafos, pesquisadores, jornalistas especializados, galeristas, editores e curadores, ir\u00e1 apontar, dentre os Finalistas, <strong>20 trabalhos ganhadores<\/strong>, sendo 3 Portf\u00f3lios, 7 Ensaios e 10 Imagens Destacadas.<\/h4>\n<h4>3.4\u00a0\u00a0 O J\u00fari tamb\u00e9m apontar\u00e1, dentre os 3 Portf\u00f3lios escolhidos, o ganhador geral, que receber\u00e1 o trof\u00e9u <strong>PR\u00caMIO PORTF\u00d3LIO FOTODOC 2024<\/strong>.<\/h4>\n<h4>3.5\u00a0\u00a0 Os membros da Comiss\u00e3o Julgadora s\u00f3 ser\u00e3o revelados no momento de an\u00fancio do resultado final.<\/h4>\n<h3>4 \u2013 DA PREMIA\u00c7\u00c3O<\/h3>\n<h4>4.1 \u00a0<strong>Os trabalhos selecionados ser\u00e3o publicados no site e compartilhados no Instagram do Festival FotoDoc<\/strong>. Tamb\u00e9m ser\u00e1 publicada uma <strong>p\u00e1gina de perfil do fot\u00f3grafo<\/strong>, onde vai constar biografia resumida enviada no momento da inscri\u00e7\u00e3o, retrato (caso enviado), links para Instagram e Site (caso fornecidos) e trabalhos selecionados no PR\u00caMIO PORTF\u00d3LIO FOTODOC.<\/h4>\n<h4>4.2\u00a0 <strong>Todos os finalistas ser\u00e3o publicados na revista FotoDoc 2024<\/strong>, voltada \u00e0 divulga\u00e7\u00e3o das atividades do festival.<\/h4>\n<h3>4.3\u00a0 Os <strong>trabalhos ganhadores far\u00e3o parte de uma exposi\u00e7\u00e3o de destaque<\/strong> no Festival FotoDoc 2024, programado para ocorrer em novembro na Panamericana Escola de Arte e Design, em S\u00e3o Paulo (SP).<\/h3>\n<h4>4.4\u00a0 Caso resida fora do estado de S\u00e3o Paulo, o ganhador geral receber\u00e1 passagem a\u00e9rea em trecho nacional para participar do festival e receber o trof\u00e9u <strong>PR\u00caMIO PORTF\u00d3LIO FOTODOC 2024<\/strong>.<\/h4>\n<h4>4.5\u00a0 O Resultado Final ser\u00e1 publicado e divulgado amplamente no site e na revista do <strong>Festival FotoDoc 2024<\/strong>.<\/h4>\n<p>[\/vc_column_text][vc_column_text]<\/p>\n<h3>5\u00a0 \u2013\u00a0 DOS DIREITOS AUTORAIS E DE IMAGEM<\/h3>\n<h4>5.1\u00a0\u00a0 Pela ades\u00e3o \u00e0 presente convocat\u00f3ria, os participantes inscritos autorizam os organizadores do <strong>PR\u00caMIO PORTF\u00d3LIO FOTODOC<\/strong> a utilizar as imagens das obras inscritas nos seguintes meios, sem \u00f4nus:<\/h4>\n<h4>&#8211; Site do festival por tempo indeterminado,<\/h4>\n<h4>&#8211; Exposi\u00e7\u00f5es e Proje\u00e7\u00f5es em eventos pr\u00f3prios ou parceiros, a qualquer tempo,<\/h4>\n<h4>&#8211; M\u00eddias Impressas e\/ou Eletr\u00f4nicas, exclusivamente para divulga\u00e7\u00e3o do pr\u00eamio, a qualquer tempo,<\/h4>\n<h4>&#8211; Cat\u00e1logos e demais materiais de divulga\u00e7\u00e3o referentes ao <strong>PR\u00caMIO PORTF\u00d3LIO FOTODOC<\/strong>, a qualquer prazo.<\/h4>\n<h4>&#8211; Ficam os autores cientes da utiliza\u00e7\u00e3o acima prevista no momento da inscri\u00e7\u00e3o.<\/h4>\n<h4><strong>Aten\u00e7\u00e3o: a utiliza\u00e7\u00e3o das fotografias premiadas pelo PR\u00caMIO PORTF\u00d3LIO FOTODOC n\u00e3o implica de nenhuma maneira em perda dos direitos autorais ou morais sobre as mesmas, podendo ser utilizadas em qualquer outro contexto pelos respectivos autores sem qualquer necessidade de pr\u00e9via autoriza\u00e7\u00e3o do festival. <\/strong><\/h4>\n<h4>5.2\u00a0\u00a0\u00a0 Ao se inscrever no <strong>PR\u00caMIO PORTF\u00d3LIO FOTODOC<\/strong>, o participante declara a plena autoria das obras a serem expostas e a inexist\u00eancia de pl\u00e1gio de obras e\/ou projetos inscritos, bem como garante ter a autoriza\u00e7\u00e3o de terceiros que, por ventura, tenham direitos conexos sobre a produ\u00e7\u00e3o art\u00edstica, responsabilizando-se inclusive por eventuais reivindica\u00e7\u00f5es de terceiros quanto ao uso n\u00e3o autorizado.<\/h4>\n<h4>5.3\u00a0\u00a0\u00a0 Fica estabelecido que os direitos de uso de imagem de terceiros ou do conte\u00fado enviado s\u00e3o de inteira responsabilidade do autor.<\/h4>\n<h4>5.4\u00a0\u00a0\u00a0 Os organizadores da premia\u00e7\u00e3o comprometem-se a fazer constar os devidos cr\u00e9ditos, em toda e qualquer veicula\u00e7\u00e3o das obras.<\/h4>\n<h3>\u200b6\u00a0 \u2013\u00a0 DAS DISPOSI\u00c7\u00d5ES FINAIS<\/h3>\n<h3>6.1\u00a0\u00a0\u00a0 As d\u00favidas podem ser encaminhadas a qualquer momento para o e-mail: <a href=\"mailto:festival@fotodoc.com.br\"><strong>festival@fotodoc.com.br<\/strong><\/a><\/h3>\n<h3>6.2\u00a0\u00a0\u00a0 O ato da inscri\u00e7\u00e3o implica em plena concord\u00e2ncia com os termos estabelecidos neste Regulamento e todos os participantes acordam em ter seus trabalhos e seus nomes veiculados em divulga\u00e7\u00f5es relacionadas diretamente ao pr\u00eamio.<\/h3>\n<h4>6.3\u00a0\u00a0\u00a0 As decis\u00f5es do J\u00fari s\u00e3o soberanas e irrecorr\u00edveis.<\/h4>\n<h4>6.4\u00a0\u00a0\u00a0 O <strong>PR\u00caMIO PORTF\u00d3LIO FOTODOC<\/strong> \u00e9 uma convocat\u00f3ria fotogr\u00e1fica internacional de car\u00e1ter exclusivamente cultural realizado pela Vertente Edi\u00e7\u00e3o, Impress\u00e3o e Produ\u00e7\u00e3o LTDA, detentora da marca Festival FotoDoc, sediada em S\u00e3o Paulo (SP), inscrita no CNPJ: 34.862.316\/0001-04.<\/h4>\n<h4>6.5 \u00a0\u00a0\u00a0Fica eleita a comarca de S\u00e3o Paulo \/ SP para dirimir eventuais obje\u00e7\u00f5es a este regulamento ou \u00e0 conduta das partes.<strong>\u00ad<\/strong><\/h4>\n<p>[\/vc_column_text][vc_separator][vc_column_text]<\/p>\n<h2><span style=\"color: #ff0000;\"><strong><em>SELECIONE ABAIXO A CATEGORIA NA QUAL DESEJA SE INSCREVER<\/em><\/strong><\/span><\/h2>\n<p>[\/vc_column_text][vc_row_inner][vc_column_inner width=&#8221;1\/3&#8243;][vc_btn title=&#8221;INSCRI\u00c7\u00c3O CATEGORIA IMAGEM DESTACADA&#8221; color=&#8221;juicy-pink&#8221; align=&#8221;center&#8221; button_block=&#8221;true&#8221;][\/vc_column_inner][vc_column_inner width=&#8221;1\/3&#8243;][vc_btn title=&#8221;INSCRI\u00c7\u00c3O CATEGORIA ENSAIO&#8221; color=&#8221;juicy-pink&#8221; align=&#8221;center&#8221; button_block=&#8221;true&#8221;][\/vc_column_inner][vc_column_inner width=&#8221;1\/3&#8243;][vc_btn title=&#8221;INSCRI\u00c7\u00c3O CATEGORIA PORTF\u00d3LIO&#8221; color=&#8221;juicy-pink&#8221; align=&#8221;center&#8221; button_block=&#8221;true&#8221;][\/vc_column_inner][\/vc_row_inner][\/vc_column][\/vc_row][vc_row][vc_column][\/vc_column][\/vc_row]<\/p>\n<\/div>","protected":false},"excerpt":{"rendered":"<p>[vc_row][vc_column][vc_separator][vc_column_text] REGULAMENTO PR\u00caMIO PORTF\u00d3LIO FOTODOC 2024 ENCERRADAS AS INSCRI\u00c7\u00d5ES, CLIQUE AQUI PARA CONHECER OS FINALISTAS! [\/vc_column_text][vc_column_text] Com inscri\u00e7\u00f5es prorrogadas at\u00e9 16 de junho de 2024, o PR\u00caMIO PORTF\u00d3LIO FOTODOC\u00a0\u00e9 uma plataforma destinada \u00e0 publica\u00e7\u00e3o do trabalho de fot\u00f3grafos brasileiros e estrangeiros, com premia\u00e7\u00f5es anuais. Para se inscrever, leia com aten\u00e7\u00e3o o Regulamento e escolha a [&hellip;]<\/p>\n","protected":false},"author":2,"featured_media":1322,"parent":8389,"menu_order":0,"comment_status":"closed","ping_status":"closed","template":"","meta":{"_acf_changed":false,"jnews_page_loop":{"enable_page_loop":"0","first_title":"Latest Post","second_title":"","header_type":"heading_6","header_background":"","header_text_color":"","layout":"right-sidebar","sidebar":"default-sidebar","second_sidebar":"default-sidebar","sticky_sidebar":"1","module":"3","boxed":"0","boxed_shadow":"0","box_shadow":"0","excerpt_length":"20","content_date":"default","date_custom":"Y\/m\/d","content_pagination":"nav_1","pagination_align":"center","show_navtext":"0","show_pageinfo":"0","post_offset":"0","posts_per_page":"5","include_post":"","exclude_post":"","include_category":"","exclude_category":"","include_author":"","include_tag":"","exclude_tag":"","sort_by":"latest"},"jnews_single_page":{"layout":"no-sidebar","sidebar":"default-sidebar","second_sidebar":"default-sidebar","sticky_sidebar":"1","show_post_featured":"0","show_post_meta":"0","share_position":"hide","share_color":"share-monocrhome"},"jnews_social_meta":{"fb_title":"","fb_description":"","fb_image":"","twitter_title":"","twitter_description":"","twitter_image":""},"footnotes":""},"coauthors":[],"class_list":["post-8402","page","type-page","status-publish","has-post-thumbnail","hentry"],"acf":[],"yoast_head":"<!-- This site is optimized with the Yoast SEO plugin v27.3 - https:\/\/yoast.com\/product\/yoast-seo-wordpress\/ -->\n<title>Regulamento Pr\u00eamio Portf\u00f3lio FotoDoc 2024 - FotoDoc<\/title>\n<meta name=\"robots\" content=\"index, follow, max-snippet:-1, max-image-preview:large, max-video-preview:-1\" \/>\n<link rel=\"canonical\" href=\"https:\/\/fotodoc.com.br\/premio-2024\/regulamento-2024\/\" \/>\n<meta property=\"og:locale\" content=\"en_US\" \/>\n<meta property=\"og:type\" content=\"article\" \/>\n<meta property=\"og:title\" content=\"Regulamento Pr\u00eamio Portf\u00f3lio FotoDoc 2024 - FotoDoc\" \/>\n<meta property=\"og:description\" content=\"[vc_row][vc_column][vc_separator][vc_column_text] REGULAMENTO PR\u00caMIO PORTF\u00d3LIO FOTODOC 2024 ENCERRADAS AS INSCRI\u00c7\u00d5ES, CLIQUE AQUI PARA CONHECER OS FINALISTAS! [\/vc_column_text][vc_column_text] Com inscri\u00e7\u00f5es prorrogadas at\u00e9 16 de junho de 2024, o PR\u00caMIO PORTF\u00d3LIO FOTODOC\u00a0\u00e9 uma plataforma destinada \u00e0 publica\u00e7\u00e3o do trabalho de fot\u00f3grafos brasileiros e estrangeiros, com premia\u00e7\u00f5es anuais. Para se inscrever, leia com aten\u00e7\u00e3o o Regulamento e escolha a [&hellip;]\" \/>\n<meta property=\"og:url\" content=\"https:\/\/fotodoc.com.br\/premio-2024\/regulamento-2024\/\" \/>\n<meta property=\"og:site_name\" content=\"FotoDoc\" \/>\n<meta property=\"article:publisher\" content=\"https:\/\/www.facebook.com\/festivalfotodoc\" \/>\n<meta property=\"article:modified_time\" content=\"2024-09-13T12:27:47+00:00\" \/>\n<meta property=\"og:image\" content=\"https:\/\/fotodoc.com.br\/wp-content\/uploads\/2022\/07\/logo_9120.jpg\" \/>\n\t<meta property=\"og:image:width\" content=\"1920\" \/>\n\t<meta property=\"og:image:height\" content=\"1080\" \/>\n\t<meta property=\"og:image:type\" content=\"image\/jpeg\" \/>\n<meta name=\"twitter:card\" content=\"summary_large_image\" \/>\n<meta name=\"twitter:label1\" content=\"Est. reading time\" \/>\n\t<meta name=\"twitter:data1\" content=\"8 minutes\" \/>\n\t<meta name=\"twitter:label2\" content=\"Written by\" \/>\n\t<meta name=\"twitter:data2\" content=\"FotoDoc\" \/>\n<script type=\"application\/ld+json\" class=\"yoast-schema-graph\">{\"@context\":\"https:\\\/\\\/schema.org\",\"@graph\":[{\"@type\":\"WebPage\",\"@id\":\"https:\\\/\\\/fotodoc.com.br\\\/premio-2024\\\/regulamento-2024\\\/\",\"url\":\"https:\\\/\\\/fotodoc.com.br\\\/premio-2024\\\/regulamento-2024\\\/\",\"name\":\"Regulamento Pr\u00eamio Portf\u00f3lio FotoDoc 2024 - FotoDoc\",\"isPartOf\":{\"@id\":\"https:\\\/\\\/fotodoc.com.br\\\/#website\"},\"primaryImageOfPage\":{\"@id\":\"https:\\\/\\\/fotodoc.com.br\\\/premio-2024\\\/regulamento-2024\\\/#primaryimage\"},\"image\":{\"@id\":\"https:\\\/\\\/fotodoc.com.br\\\/premio-2024\\\/regulamento-2024\\\/#primaryimage\"},\"thumbnailUrl\":\"https:\\\/\\\/fotodoc.com.br\\\/wp-content\\\/uploads\\\/2022\\\/07\\\/logo_9120.jpg\",\"datePublished\":\"2023-12-07T20:29:47+00:00\",\"dateModified\":\"2024-09-13T12:27:47+00:00\",\"breadcrumb\":{\"@id\":\"https:\\\/\\\/fotodoc.com.br\\\/premio-2024\\\/regulamento-2024\\\/#breadcrumb\"},\"inLanguage\":\"en-US\",\"potentialAction\":[{\"@type\":\"ReadAction\",\"target\":[\"https:\\\/\\\/fotodoc.com.br\\\/premio-2024\\\/regulamento-2024\\\/\"]}]},{\"@type\":\"ImageObject\",\"inLanguage\":\"en-US\",\"@id\":\"https:\\\/\\\/fotodoc.com.br\\\/premio-2024\\\/regulamento-2024\\\/#primaryimage\",\"url\":\"https:\\\/\\\/fotodoc.com.br\\\/wp-content\\\/uploads\\\/2022\\\/07\\\/logo_9120.jpg\",\"contentUrl\":\"https:\\\/\\\/fotodoc.com.br\\\/wp-content\\\/uploads\\\/2022\\\/07\\\/logo_9120.jpg\",\"width\":1920,\"height\":1080},{\"@type\":\"BreadcrumbList\",\"@id\":\"https:\\\/\\\/fotodoc.com.br\\\/premio-2024\\\/regulamento-2024\\\/#breadcrumb\",\"itemListElement\":[{\"@type\":\"ListItem\",\"position\":1,\"name\":\"In\u00edcio\",\"item\":\"https:\\\/\\\/fotodoc.com.br\\\/en\\\/\"},{\"@type\":\"ListItem\",\"position\":2,\"name\":\"Pr\u00eamio Portf\u00f3lio FotoDoc 2024\",\"item\":\"https:\\\/\\\/fotodoc.com.br\\\/premio-2024\\\/\"},{\"@type\":\"ListItem\",\"position\":3,\"name\":\"Regulamento Pr\u00eamio Portf\u00f3lio FotoDoc 2024\"}]},{\"@type\":\"WebSite\",\"@id\":\"https:\\\/\\\/fotodoc.com.br\\\/#website\",\"url\":\"https:\\\/\\\/fotodoc.com.br\\\/\",\"name\":\"FotoDoc\",\"description\":\"Festival de Fotografia Documental\",\"publisher\":{\"@id\":\"https:\\\/\\\/fotodoc.com.br\\\/#organization\"},\"potentialAction\":[{\"@type\":\"SearchAction\",\"target\":{\"@type\":\"EntryPoint\",\"urlTemplate\":\"https:\\\/\\\/fotodoc.com.br\\\/?s={search_term_string}\"},\"query-input\":{\"@type\":\"PropertyValueSpecification\",\"valueRequired\":true,\"valueName\":\"search_term_string\"}}],\"inLanguage\":\"en-US\"},{\"@type\":\"Organization\",\"@id\":\"https:\\\/\\\/fotodoc.com.br\\\/#organization\",\"name\":\"Festival Fotodoc\",\"url\":\"https:\\\/\\\/fotodoc.com.br\\\/\",\"logo\":{\"@type\":\"ImageObject\",\"inLanguage\":\"en-US\",\"@id\":\"https:\\\/\\\/fotodoc.com.br\\\/#\\\/schema\\\/logo\\\/image\\\/\",\"url\":\"https:\\\/\\\/fotodoc.com.br\\\/wp-content\\\/uploads\\\/2022\\\/03\\\/FotoDoc-224px.png\",\"contentUrl\":\"https:\\\/\\\/fotodoc.com.br\\\/wp-content\\\/uploads\\\/2022\\\/03\\\/FotoDoc-224px.png\",\"width\":224,\"height\":90,\"caption\":\"Festival Fotodoc\"},\"image\":{\"@id\":\"https:\\\/\\\/fotodoc.com.br\\\/#\\\/schema\\\/logo\\\/image\\\/\"},\"sameAs\":[\"https:\\\/\\\/www.facebook.com\\\/festivalfotodoc\",\"https:\\\/\\\/www.instagram.com\\\/festivalfotodoc\\\/\"]}]}<\/script>\n<!-- \/ Yoast SEO plugin. -->","yoast_head_json":{"title":"Regulamento Pr\u00eamio Portf\u00f3lio FotoDoc 2024 - FotoDoc","robots":{"index":"index","follow":"follow","max-snippet":"max-snippet:-1","max-image-preview":"max-image-preview:large","max-video-preview":"max-video-preview:-1"},"canonical":"https:\/\/fotodoc.com.br\/premio-2024\/regulamento-2024\/","og_locale":"en_US","og_type":"article","og_title":"Regulamento Pr\u00eamio Portf\u00f3lio FotoDoc 2024 - FotoDoc","og_description":"[vc_row][vc_column][vc_separator][vc_column_text] REGULAMENTO PR\u00caMIO PORTF\u00d3LIO FOTODOC 2024 ENCERRADAS AS INSCRI\u00c7\u00d5ES, CLIQUE AQUI PARA CONHECER OS FINALISTAS! [\/vc_column_text][vc_column_text] Com inscri\u00e7\u00f5es prorrogadas at\u00e9 16 de junho de 2024, o PR\u00caMIO PORTF\u00d3LIO FOTODOC\u00a0\u00e9 uma plataforma destinada \u00e0 publica\u00e7\u00e3o do trabalho de fot\u00f3grafos brasileiros e estrangeiros, com premia\u00e7\u00f5es anuais. Para se inscrever, leia com aten\u00e7\u00e3o o Regulamento e escolha a [&hellip;]","og_url":"https:\/\/fotodoc.com.br\/premio-2024\/regulamento-2024\/","og_site_name":"FotoDoc","article_publisher":"https:\/\/www.facebook.com\/festivalfotodoc","article_modified_time":"2024-09-13T12:27:47+00:00","og_image":[{"width":1920,"height":1080,"url":"https:\/\/fotodoc.com.br\/wp-content\/uploads\/2022\/07\/logo_9120.jpg","type":"image\/jpeg"}],"twitter_card":"summary_large_image","twitter_misc":{"Est. reading time":"8 minutes","Written by":"FotoDoc"},"schema":{"@context":"https:\/\/schema.org","@graph":[{"@type":"WebPage","@id":"https:\/\/fotodoc.com.br\/premio-2024\/regulamento-2024\/","url":"https:\/\/fotodoc.com.br\/premio-2024\/regulamento-2024\/","name":"Regulamento Pr\u00eamio Portf\u00f3lio FotoDoc 2024 - FotoDoc","isPartOf":{"@id":"https:\/\/fotodoc.com.br\/#website"},"primaryImageOfPage":{"@id":"https:\/\/fotodoc.com.br\/premio-2024\/regulamento-2024\/#primaryimage"},"image":{"@id":"https:\/\/fotodoc.com.br\/premio-2024\/regulamento-2024\/#primaryimage"},"thumbnailUrl":"https:\/\/fotodoc.com.br\/wp-content\/uploads\/2022\/07\/logo_9120.jpg","datePublished":"2023-12-07T20:29:47+00:00","dateModified":"2024-09-13T12:27:47+00:00","breadcrumb":{"@id":"https:\/\/fotodoc.com.br\/premio-2024\/regulamento-2024\/#breadcrumb"},"inLanguage":"en-US","potentialAction":[{"@type":"ReadAction","target":["https:\/\/fotodoc.com.br\/premio-2024\/regulamento-2024\/"]}]},{"@type":"ImageObject","inLanguage":"en-US","@id":"https:\/\/fotodoc.com.br\/premio-2024\/regulamento-2024\/#primaryimage","url":"https:\/\/fotodoc.com.br\/wp-content\/uploads\/2022\/07\/logo_9120.jpg","contentUrl":"https:\/\/fotodoc.com.br\/wp-content\/uploads\/2022\/07\/logo_9120.jpg","width":1920,"height":1080},{"@type":"BreadcrumbList","@id":"https:\/\/fotodoc.com.br\/premio-2024\/regulamento-2024\/#breadcrumb","itemListElement":[{"@type":"ListItem","position":1,"name":"In\u00edcio","item":"https:\/\/fotodoc.com.br\/en\/"},{"@type":"ListItem","position":2,"name":"Pr\u00eamio Portf\u00f3lio FotoDoc 2024","item":"https:\/\/fotodoc.com.br\/premio-2024\/"},{"@type":"ListItem","position":3,"name":"Regulamento Pr\u00eamio Portf\u00f3lio FotoDoc 2024"}]},{"@type":"WebSite","@id":"https:\/\/fotodoc.com.br\/#website","url":"https:\/\/fotodoc.com.br\/","name":"FotoDoc","description":"Festival de Fotografia Documental","publisher":{"@id":"https:\/\/fotodoc.com.br\/#organization"},"potentialAction":[{"@type":"SearchAction","target":{"@type":"EntryPoint","urlTemplate":"https:\/\/fotodoc.com.br\/?s={search_term_string}"},"query-input":{"@type":"PropertyValueSpecification","valueRequired":true,"valueName":"search_term_string"}}],"inLanguage":"en-US"},{"@type":"Organization","@id":"https:\/\/fotodoc.com.br\/#organization","name":"Festival Fotodoc","url":"https:\/\/fotodoc.com.br\/","logo":{"@type":"ImageObject","inLanguage":"en-US","@id":"https:\/\/fotodoc.com.br\/#\/schema\/logo\/image\/","url":"https:\/\/fotodoc.com.br\/wp-content\/uploads\/2022\/03\/FotoDoc-224px.png","contentUrl":"https:\/\/fotodoc.com.br\/wp-content\/uploads\/2022\/03\/FotoDoc-224px.png","width":224,"height":90,"caption":"Festival Fotodoc"},"image":{"@id":"https:\/\/fotodoc.com.br\/#\/schema\/logo\/image\/"},"sameAs":["https:\/\/www.facebook.com\/festivalfotodoc","https:\/\/www.instagram.com\/festivalfotodoc\/"]}]}},"_links":{"self":[{"href":"https:\/\/fotodoc.com.br\/en\/wp-json\/wp\/v2\/pages\/8402","targetHints":{"allow":["GET"]}}],"collection":[{"href":"https:\/\/fotodoc.com.br\/en\/wp-json\/wp\/v2\/pages"}],"about":[{"href":"https:\/\/fotodoc.com.br\/en\/wp-json\/wp\/v2\/types\/page"}],"author":[{"embeddable":true,"href":"https:\/\/fotodoc.com.br\/en\/wp-json\/wp\/v2\/users\/2"}],"replies":[{"embeddable":true,"href":"https:\/\/fotodoc.com.br\/en\/wp-json\/wp\/v2\/comments?post=8402"}],"version-history":[{"count":16,"href":"https:\/\/fotodoc.com.br\/en\/wp-json\/wp\/v2\/pages\/8402\/revisions"}],"predecessor-version":[{"id":8414,"href":"https:\/\/fotodoc.com.br\/en\/wp-json\/wp\/v2\/pages\/8402\/revisions\/8414"}],"up":[{"embeddable":true,"href":"https:\/\/fotodoc.com.br\/en\/wp-json\/wp\/v2\/pages\/8389"}],"wp:featuredmedia":[{"embeddable":true,"href":"https:\/\/fotodoc.com.br\/en\/wp-json\/wp\/v2\/media\/1322"}],"wp:attachment":[{"href":"https:\/\/fotodoc.com.br\/en\/wp-json\/wp\/v2\/media?parent=8402"}],"wp:term":[{"taxonomy":"author","embeddable":true,"href":"https:\/\/fotodoc.com.br\/en\/wp-json\/wp\/v2\/coauthors?post=8402"}],"curies":[{"name":"wp","href":"https:\/\/api.w.org\/{rel}","templated":true}]}}