{"id":55696,"date":"2025-09-02T11:59:51","date_gmt":"2025-09-02T14:59:51","guid":{"rendered":"https:\/\/fotodoc.com.br\/?post_type=product&#038;p=55696"},"modified":"2025-10-22T11:13:24","modified_gmt":"2025-10-22T14:13:24","slug":"a-jornada-da-fotografia-documental-workshop-com-erico-hiller","status":"publish","type":"product","link":"https:\/\/fotodoc.com.br\/en\/produto\/a-jornada-da-fotografia-documental-workshop-com-erico-hiller\/","title":{"rendered":"A Jornada da Fotografia Documental, Workshop com \u00c9rico Hiller"},"content":{"rendered":"<h3>A Jornada da Fotografia Documental, Workshop com \u00c9rico Hiller<\/h3>\n<h4>O que separa uma boa ideia de um projeto documental completo e publicado? Neste workshop, <strong>\u00c9rico Hiller<\/strong> conduz os participantes pela anatomia completa de um trabalho autoral, desde a centelha inicial da ideia at\u00e9 a materializa\u00e7\u00e3o final em livro. Com uma carreira dedicada a temas urgentes como o aquecimento global e a justi\u00e7a social, Hiller utiliza seus pr\u00f3prios projetos como estudos de caso para ilustrar cada decis\u00e3o criativa e estrat\u00e9gica.<\/h4>\n<h4>Atrav\u00e9s de uma imers\u00e3o em seu m\u00e9todo de trabalho, os participantes entender\u00e3o como se constr\u00f3i uma narrativa visual de f\u00f4lego, como se estrutura uma pesquisa densa e cred\u00edvel, e como se navega pelos desafios pr\u00e1ticos e \u00e9ticos de se documentar realidades complexas. Este workshop \u00e9 um mapa para orientar fot\u00f3grafos que aspiram n\u00e3o apenas a fotografar, mas a contar hist\u00f3rias com profundidade, rigor e consequ\u00eancia.<\/h4>\n<h4>Data:<br \/>\nQuarta, 5 de novembro de 2025<br \/>\ndas 16h \u00e0s 18h30<\/h4>\n<h4>Aten\u00e7\u00e3o: Cancelamentos com menos de uma semana para o in\u00edcio do evento ser\u00e3o reembolsados em 50%<\/h4>\n","protected":false},"excerpt":{"rendered":"<div class=\"wpb_text_column wpb_content_element\">\n<div class=\"wpb_wrapper\">\n<h3>QUARTA-FEIRA, 5 DE NOVEMBRO DE 2025, DAS 16H \u00c0S 18H30<\/h3>\n<h4>O que separa uma boa ideia de um projeto documental completo e publicado? Neste workshop, <strong>\u00c9rico Hiller<\/strong> conduz os participantes pela anatomia completa de um trabalho autoral, desde a centelha inicial da ideia at\u00e9 a materializa\u00e7\u00e3o final em livro. Com uma carreira dedicada a temas urgentes como o aquecimento global e a justi\u00e7a social, Hiller utiliza seus pr\u00f3prios projetos como estudos de caso para ilustrar cada decis\u00e3o criativa e estrat\u00e9gica.<\/h4>\n<h4>Atrav\u00e9s de uma imers\u00e3o em seu m\u00e9todo de trabalho, os participantes entender\u00e3o como se constr\u00f3i uma narrativa visual de f\u00f4lego, como se estrutura uma pesquisa densa e cred\u00edvel, e como se navega pelos desafios pr\u00e1ticos e \u00e9ticos de se documentar realidades complexas. Este workshop \u00e9 um mapa para orientar fot\u00f3grafos que aspiram n\u00e3o apenas a fotografar, mas a contar hist\u00f3rias com profundidade, rigor e consequ\u00eancia.<\/h4>\n<\/div>\n<\/div>\n","protected":false},"featured_media":55591,"template":"","meta":{"_acf_changed":false},"product_brand":[],"product_cat":[399],"product_tag":[403,2743,2744],"class_list":{"0":"post-55696","1":"product","2":"type-product","3":"status-publish","4":"has-post-thumbnail","6":"product_cat-workshops","7":"product_tag-erico-hiller","8":"product_tag-festival-fotodoc-2025","9":"product_tag-workshop-2025","11":"first","12":"outofstock","13":"virtual","14":"purchasable","15":"product-type-simple"},"acf":[],"yoast_head":"<!-- This site is optimized with the Yoast SEO plugin v27.3 - https:\/\/yoast.com\/product\/yoast-seo-wordpress\/ -->\n<title>A Jornada da Fotografia Documental, Workshop com \u00c9rico Hiller - FotoDoc<\/title>\n<meta name=\"robots\" content=\"index, follow, max-snippet:-1, max-image-preview:large, max-video-preview:-1\" \/>\n<link rel=\"canonical\" href=\"https:\/\/fotodoc.com.br\/produto\/a-jornada-da-fotografia-documental-workshop-com-erico-hiller\/\" \/>\n<meta property=\"og:locale\" content=\"en_US\" \/>\n<meta property=\"og:type\" content=\"article\" \/>\n<meta property=\"og:title\" content=\"A Jornada da Fotografia Documental, Workshop com \u00c9rico Hiller - FotoDoc\" \/>\n<meta property=\"og:description\" content=\"QUARTA-FEIRA, 5 DE NOVEMBRO DE 2025, DAS 16H \u00c0S 18H30 O que separa uma boa ideia de um projeto documental completo e publicado? Neste workshop, \u00c9rico Hiller conduz os participantes pela anatomia completa de um trabalho autoral, desde a centelha inicial da ideia at\u00e9 a materializa\u00e7\u00e3o final em livro. Com uma carreira dedicada a temas urgentes como o aquecimento global e a justi\u00e7a social, Hiller utiliza seus pr\u00f3prios projetos como estudos de caso para ilustrar cada decis\u00e3o criativa e estrat\u00e9gica. Atrav\u00e9s de uma imers\u00e3o em seu m\u00e9todo de trabalho, os participantes entender\u00e3o como se constr\u00f3i uma narrativa visual de f\u00f4lego, como se estrutura uma pesquisa densa e cred\u00edvel, e como se navega pelos desafios pr\u00e1ticos e \u00e9ticos de se documentar realidades complexas. Este workshop \u00e9 um mapa para orientar fot\u00f3grafos que aspiram n\u00e3o apenas a fotografar, mas a contar hist\u00f3rias com profundidade, rigor e consequ\u00eancia.\" \/>\n<meta property=\"og:url\" content=\"https:\/\/fotodoc.com.br\/produto\/a-jornada-da-fotografia-documental-workshop-com-erico-hiller\/\" \/>\n<meta property=\"og:site_name\" content=\"FotoDoc\" \/>\n<meta property=\"article:publisher\" content=\"https:\/\/www.facebook.com\/festivalfotodoc\" \/>\n<meta property=\"article:modified_time\" content=\"2025-10-22T14:13:24+00:00\" \/>\n<meta property=\"og:image\" content=\"https:\/\/fotodoc.com.br\/wp-content\/uploads\/2022\/07\/Erico-Hiller-FotoDoc2025-17.jpg\" \/>\n\t<meta property=\"og:image:width\" content=\"1920\" \/>\n\t<meta property=\"og:image:height\" content=\"1439\" \/>\n\t<meta property=\"og:image:type\" content=\"image\/jpeg\" \/>\n<meta name=\"twitter:card\" content=\"summary_large_image\" \/>\n<meta name=\"twitter:label1\" content=\"Est. reading time\" \/>\n\t<meta name=\"twitter:data1\" content=\"2 minutes\" \/>\n\t<meta name=\"twitter:label2\" content=\"Written by\" \/>\n\t<meta name=\"twitter:data2\" content=\"FotoDoc\" \/>\n<script type=\"application\/ld+json\" class=\"yoast-schema-graph\">{\"@context\":\"https:\\\/\\\/schema.org\",\"@graph\":[{\"@type\":\"WebPage\",\"@id\":\"https:\\\/\\\/fotodoc.com.br\\\/produto\\\/a-jornada-da-fotografia-documental-workshop-com-erico-hiller\\\/\",\"url\":\"https:\\\/\\\/fotodoc.com.br\\\/produto\\\/a-jornada-da-fotografia-documental-workshop-com-erico-hiller\\\/\",\"name\":\"A Jornada da Fotografia Documental, Workshop com \u00c9rico Hiller - FotoDoc\",\"isPartOf\":{\"@id\":\"https:\\\/\\\/fotodoc.com.br\\\/#website\"},\"primaryImageOfPage\":{\"@id\":\"https:\\\/\\\/fotodoc.com.br\\\/produto\\\/a-jornada-da-fotografia-documental-workshop-com-erico-hiller\\\/#primaryimage\"},\"image\":{\"@id\":\"https:\\\/\\\/fotodoc.com.br\\\/produto\\\/a-jornada-da-fotografia-documental-workshop-com-erico-hiller\\\/#primaryimage\"},\"thumbnailUrl\":\"https:\\\/\\\/fotodoc.com.br\\\/wp-content\\\/uploads\\\/2022\\\/07\\\/Erico-Hiller-FotoDoc2025-17.jpg\",\"datePublished\":\"2025-09-02T14:59:51+00:00\",\"dateModified\":\"2025-10-22T14:13:24+00:00\",\"breadcrumb\":{\"@id\":\"https:\\\/\\\/fotodoc.com.br\\\/produto\\\/a-jornada-da-fotografia-documental-workshop-com-erico-hiller\\\/#breadcrumb\"},\"inLanguage\":\"en-US\",\"potentialAction\":[{\"@type\":\"ReadAction\",\"target\":[\"https:\\\/\\\/fotodoc.com.br\\\/produto\\\/a-jornada-da-fotografia-documental-workshop-com-erico-hiller\\\/\"]}]},{\"@type\":\"ImageObject\",\"inLanguage\":\"en-US\",\"@id\":\"https:\\\/\\\/fotodoc.com.br\\\/produto\\\/a-jornada-da-fotografia-documental-workshop-com-erico-hiller\\\/#primaryimage\",\"url\":\"https:\\\/\\\/fotodoc.com.br\\\/wp-content\\\/uploads\\\/2022\\\/07\\\/Erico-Hiller-FotoDoc2025-17.jpg\",\"contentUrl\":\"https:\\\/\\\/fotodoc.com.br\\\/wp-content\\\/uploads\\\/2022\\\/07\\\/Erico-Hiller-FotoDoc2025-17.jpg\",\"width\":1920,\"height\":1439,\"caption\":\"Foto: \u00c9rico Hiller\"},{\"@type\":\"BreadcrumbList\",\"@id\":\"https:\\\/\\\/fotodoc.com.br\\\/produto\\\/a-jornada-da-fotografia-documental-workshop-com-erico-hiller\\\/#breadcrumb\",\"itemListElement\":[{\"@type\":\"ListItem\",\"position\":1,\"name\":\"In\u00edcio\",\"item\":\"https:\\\/\\\/fotodoc.com.br\\\/en\\\/\"},{\"@type\":\"ListItem\",\"position\":2,\"name\":\"Produtos\",\"item\":\"https:\\\/\\\/fotodoc.com.br\\\/produtos\\\/\"},{\"@type\":\"ListItem\",\"position\":3,\"name\":\"A Jornada da Fotografia Documental, Workshop com \u00c9rico Hiller\"}]},{\"@type\":\"WebSite\",\"@id\":\"https:\\\/\\\/fotodoc.com.br\\\/#website\",\"url\":\"https:\\\/\\\/fotodoc.com.br\\\/\",\"name\":\"FotoDoc\",\"description\":\"Festival de Fotografia Documental\",\"publisher\":{\"@id\":\"https:\\\/\\\/fotodoc.com.br\\\/#organization\"},\"potentialAction\":[{\"@type\":\"SearchAction\",\"target\":{\"@type\":\"EntryPoint\",\"urlTemplate\":\"https:\\\/\\\/fotodoc.com.br\\\/?s={search_term_string}\"},\"query-input\":{\"@type\":\"PropertyValueSpecification\",\"valueRequired\":true,\"valueName\":\"search_term_string\"}}],\"inLanguage\":\"en-US\"},{\"@type\":\"Organization\",\"@id\":\"https:\\\/\\\/fotodoc.com.br\\\/#organization\",\"name\":\"Festival Fotodoc\",\"url\":\"https:\\\/\\\/fotodoc.com.br\\\/\",\"logo\":{\"@type\":\"ImageObject\",\"inLanguage\":\"en-US\",\"@id\":\"https:\\\/\\\/fotodoc.com.br\\\/#\\\/schema\\\/logo\\\/image\\\/\",\"url\":\"https:\\\/\\\/fotodoc.com.br\\\/wp-content\\\/uploads\\\/2022\\\/03\\\/FotoDoc-224px.png\",\"contentUrl\":\"https:\\\/\\\/fotodoc.com.br\\\/wp-content\\\/uploads\\\/2022\\\/03\\\/FotoDoc-224px.png\",\"width\":224,\"height\":90,\"caption\":\"Festival Fotodoc\"},\"image\":{\"@id\":\"https:\\\/\\\/fotodoc.com.br\\\/#\\\/schema\\\/logo\\\/image\\\/\"},\"sameAs\":[\"https:\\\/\\\/www.facebook.com\\\/festivalfotodoc\",\"https:\\\/\\\/www.instagram.com\\\/festivalfotodoc\\\/\"]}]}<\/script>\n<!-- \/ Yoast SEO plugin. -->","yoast_head_json":{"title":"A Jornada da Fotografia Documental, Workshop com \u00c9rico Hiller - FotoDoc","robots":{"index":"index","follow":"follow","max-snippet":"max-snippet:-1","max-image-preview":"max-image-preview:large","max-video-preview":"max-video-preview:-1"},"canonical":"https:\/\/fotodoc.com.br\/produto\/a-jornada-da-fotografia-documental-workshop-com-erico-hiller\/","og_locale":"en_US","og_type":"article","og_title":"A Jornada da Fotografia Documental, Workshop com \u00c9rico Hiller - FotoDoc","og_description":"QUARTA-FEIRA, 5 DE NOVEMBRO DE 2025, DAS 16H \u00c0S 18H30 O que separa uma boa ideia de um projeto documental completo e publicado? Neste workshop, \u00c9rico Hiller conduz os participantes pela anatomia completa de um trabalho autoral, desde a centelha inicial da ideia at\u00e9 a materializa\u00e7\u00e3o final em livro. Com uma carreira dedicada a temas urgentes como o aquecimento global e a justi\u00e7a social, Hiller utiliza seus pr\u00f3prios projetos como estudos de caso para ilustrar cada decis\u00e3o criativa e estrat\u00e9gica. Atrav\u00e9s de uma imers\u00e3o em seu m\u00e9todo de trabalho, os participantes entender\u00e3o como se constr\u00f3i uma narrativa visual de f\u00f4lego, como se estrutura uma pesquisa densa e cred\u00edvel, e como se navega pelos desafios pr\u00e1ticos e \u00e9ticos de se documentar realidades complexas. Este workshop \u00e9 um mapa para orientar fot\u00f3grafos que aspiram n\u00e3o apenas a fotografar, mas a contar hist\u00f3rias com profundidade, rigor e consequ\u00eancia.","og_url":"https:\/\/fotodoc.com.br\/produto\/a-jornada-da-fotografia-documental-workshop-com-erico-hiller\/","og_site_name":"FotoDoc","article_publisher":"https:\/\/www.facebook.com\/festivalfotodoc","article_modified_time":"2025-10-22T14:13:24+00:00","og_image":[{"width":1920,"height":1439,"url":"https:\/\/fotodoc.com.br\/wp-content\/uploads\/2022\/07\/Erico-Hiller-FotoDoc2025-17.jpg","type":"image\/jpeg"}],"twitter_card":"summary_large_image","twitter_misc":{"Est. reading time":"2 minutes","Written by":"FotoDoc"},"schema":{"@context":"https:\/\/schema.org","@graph":[{"@type":"WebPage","@id":"https:\/\/fotodoc.com.br\/produto\/a-jornada-da-fotografia-documental-workshop-com-erico-hiller\/","url":"https:\/\/fotodoc.com.br\/produto\/a-jornada-da-fotografia-documental-workshop-com-erico-hiller\/","name":"A Jornada da Fotografia Documental, Workshop com \u00c9rico Hiller - FotoDoc","isPartOf":{"@id":"https:\/\/fotodoc.com.br\/#website"},"primaryImageOfPage":{"@id":"https:\/\/fotodoc.com.br\/produto\/a-jornada-da-fotografia-documental-workshop-com-erico-hiller\/#primaryimage"},"image":{"@id":"https:\/\/fotodoc.com.br\/produto\/a-jornada-da-fotografia-documental-workshop-com-erico-hiller\/#primaryimage"},"thumbnailUrl":"https:\/\/fotodoc.com.br\/wp-content\/uploads\/2022\/07\/Erico-Hiller-FotoDoc2025-17.jpg","datePublished":"2025-09-02T14:59:51+00:00","dateModified":"2025-10-22T14:13:24+00:00","breadcrumb":{"@id":"https:\/\/fotodoc.com.br\/produto\/a-jornada-da-fotografia-documental-workshop-com-erico-hiller\/#breadcrumb"},"inLanguage":"en-US","potentialAction":[{"@type":"ReadAction","target":["https:\/\/fotodoc.com.br\/produto\/a-jornada-da-fotografia-documental-workshop-com-erico-hiller\/"]}]},{"@type":"ImageObject","inLanguage":"en-US","@id":"https:\/\/fotodoc.com.br\/produto\/a-jornada-da-fotografia-documental-workshop-com-erico-hiller\/#primaryimage","url":"https:\/\/fotodoc.com.br\/wp-content\/uploads\/2022\/07\/Erico-Hiller-FotoDoc2025-17.jpg","contentUrl":"https:\/\/fotodoc.com.br\/wp-content\/uploads\/2022\/07\/Erico-Hiller-FotoDoc2025-17.jpg","width":1920,"height":1439,"caption":"Foto: \u00c9rico Hiller"},{"@type":"BreadcrumbList","@id":"https:\/\/fotodoc.com.br\/produto\/a-jornada-da-fotografia-documental-workshop-com-erico-hiller\/#breadcrumb","itemListElement":[{"@type":"ListItem","position":1,"name":"In\u00edcio","item":"https:\/\/fotodoc.com.br\/en\/"},{"@type":"ListItem","position":2,"name":"Produtos","item":"https:\/\/fotodoc.com.br\/produtos\/"},{"@type":"ListItem","position":3,"name":"A Jornada da Fotografia Documental, Workshop com \u00c9rico Hiller"}]},{"@type":"WebSite","@id":"https:\/\/fotodoc.com.br\/#website","url":"https:\/\/fotodoc.com.br\/","name":"FotoDoc","description":"Festival de Fotografia Documental","publisher":{"@id":"https:\/\/fotodoc.com.br\/#organization"},"potentialAction":[{"@type":"SearchAction","target":{"@type":"EntryPoint","urlTemplate":"https:\/\/fotodoc.com.br\/?s={search_term_string}"},"query-input":{"@type":"PropertyValueSpecification","valueRequired":true,"valueName":"search_term_string"}}],"inLanguage":"en-US"},{"@type":"Organization","@id":"https:\/\/fotodoc.com.br\/#organization","name":"Festival Fotodoc","url":"https:\/\/fotodoc.com.br\/","logo":{"@type":"ImageObject","inLanguage":"en-US","@id":"https:\/\/fotodoc.com.br\/#\/schema\/logo\/image\/","url":"https:\/\/fotodoc.com.br\/wp-content\/uploads\/2022\/03\/FotoDoc-224px.png","contentUrl":"https:\/\/fotodoc.com.br\/wp-content\/uploads\/2022\/03\/FotoDoc-224px.png","width":224,"height":90,"caption":"Festival Fotodoc"},"image":{"@id":"https:\/\/fotodoc.com.br\/#\/schema\/logo\/image\/"},"sameAs":["https:\/\/www.facebook.com\/festivalfotodoc","https:\/\/www.instagram.com\/festivalfotodoc\/"]}]}},"_links":{"self":[{"href":"https:\/\/fotodoc.com.br\/en\/wp-json\/wp\/v2\/product\/55696","targetHints":{"allow":["GET"]}}],"collection":[{"href":"https:\/\/fotodoc.com.br\/en\/wp-json\/wp\/v2\/product"}],"about":[{"href":"https:\/\/fotodoc.com.br\/en\/wp-json\/wp\/v2\/types\/product"}],"wp:featuredmedia":[{"embeddable":true,"href":"https:\/\/fotodoc.com.br\/en\/wp-json\/wp\/v2\/media\/55591"}],"wp:attachment":[{"href":"https:\/\/fotodoc.com.br\/en\/wp-json\/wp\/v2\/media?parent=55696"}],"wp:term":[{"taxonomy":"product_brand","embeddable":true,"href":"https:\/\/fotodoc.com.br\/en\/wp-json\/wp\/v2\/product_brand?post=55696"},{"taxonomy":"product_cat","embeddable":true,"href":"https:\/\/fotodoc.com.br\/en\/wp-json\/wp\/v2\/product_cat?post=55696"},{"taxonomy":"product_tag","embeddable":true,"href":"https:\/\/fotodoc.com.br\/en\/wp-json\/wp\/v2\/product_tag?post=55696"}],"curies":[{"name":"wp","href":"https:\/\/api.w.org\/{rel}","templated":true}]}}