{"id":55701,"date":"2025-09-02T12:11:02","date_gmt":"2025-09-02T15:11:02","guid":{"rendered":"https:\/\/fotodoc.com.br\/?post_type=product&#038;p=55701"},"modified":"2025-09-02T12:35:56","modified_gmt":"2025-09-02T15:35:56","slug":"o-arquivo-como-materia-prima-processo-criativo-e-colorizacao-em-fotografia-workshop-com-fernando-banzi","status":"publish","type":"product","link":"https:\/\/fotodoc.com.br\/en\/produto\/o-arquivo-como-materia-prima-processo-criativo-e-colorizacao-em-fotografia-workshop-com-fernando-banzi\/","title":{"rendered":"O Arquivo como Mat\u00e9ria-Prima \u2013 Processo Criativo e Coloriza\u00e7\u00e3o em Fotografia, Workshop com Fernando Banzi"},"content":{"rendered":"<h3>O Arquivo como Mat\u00e9ria-Prima \u2013 Processo Criativo e Coloriza\u00e7\u00e3o em Fotografia, Workshop com Fernando Banzi<\/h3>\n<h4>Este workshop oferece uma janela rara para o processo criativo do fot\u00f3grafo <strong>Fernando Banzi<\/strong>, conhecido por seu trabalho autoral de apropria\u00e7\u00e3o e interven\u00e7\u00e3o em imagens de arquivo. Em um formato din\u00e2mico e expositivo, Fernando detalha cada etapa do seu fluxo de trabalho: onde e como busca seus arquivos, os crit\u00e9rios usados para selecionar cada imagem e as t\u00e9cnicas de coloriza\u00e7\u00e3o e interfer\u00eancia (como fotopintura digital e colagem) que aplica para construir narrativas visuais contempor\u00e2neas.<\/h4>\n<h4>Atrav\u00e9s da apresenta\u00e7\u00e3o de casos pr\u00e1ticos de seus pr\u00f3prios projetos e de refer\u00eancias-chave da arte contempor\u00e2nea, os participantes ser\u00e3o conduzidos a repensar o potencial narrativo das fotografias antigas. O foco est\u00e1 na concep\u00e7\u00e3o da ideia e nas escolhas art\u00edsticas que transformam um documento hist\u00f3rico em uma obra de arte carregada de subjetividade e novas interpreta\u00e7\u00f5es cr\u00edticas.<\/h4>\n<h4>Data:<br \/>\nSexta, 7 de novembro de 2025<br \/>\ndas 10h \u00e0s 12h30<\/h4>\n<h4>Aten\u00e7\u00e3o: Cancelamentos com menos de uma semana para o in\u00edcio do evento ser\u00e3o reembolsados em 50%<\/h4>\n","protected":false},"excerpt":{"rendered":"<p class=\"vc_separator wpb_content_element vc_separator_align_center vc_sep_width_100 vc_sep_pos_align_center vc_separator_no_text vc_sep_color_black wpb_content_element wpb_content_element\"><span style=\"color: #212121; font-size: 1.563em; font-family: -apple-system, BlinkMacSystemFont, 'Segoe UI', Roboto, Oxygen-Sans, Ubuntu, Cantarell, 'Helvetica Neue', sans-serif;\">SEXTA-FEIRA, 7 DE NOVEMBRO DE 2025, DAS 10H \u00c0S 12H30<\/span><\/p>\n<div>\n<h4>Este workshop oferece uma janela rara para o processo criativo do fot\u00f3grafo <strong>Fernando Banzi<\/strong>, conhecido por seu trabalho autoral de apropria\u00e7\u00e3o e interven\u00e7\u00e3o em imagens de arquivo. Em um formato din\u00e2mico e expositivo, Fernando detalha cada etapa do seu fluxo de trabalho: onde e como busca seus arquivos, os crit\u00e9rios usados para selecionar cada imagem e as t\u00e9cnicas de coloriza\u00e7\u00e3o e interfer\u00eancia (como fotopintura digital e colagem) que aplica para construir narrativas visuais contempor\u00e2neas.<\/h4>\n<h4>Atrav\u00e9s da apresenta\u00e7\u00e3o de casos pr\u00e1ticos de seus pr\u00f3prios projetos e de refer\u00eancias-chave da arte contempor\u00e2nea, os participantes ser\u00e3o conduzidos a repensar o potencial narrativo das fotografias antigas. O foco est\u00e1 na concep\u00e7\u00e3o da ideia e nas escolhas art\u00edsticas que transformam um documento hist\u00f3rico em uma obra de arte carregada de subjetividade e novas interpreta\u00e7\u00f5es cr\u00edticas.<\/h4>\n<\/div>\n","protected":false},"featured_media":55620,"template":"","meta":{"_acf_changed":false},"product_brand":[],"product_cat":[399],"product_tag":[2745,2743,2744],"class_list":{"0":"post-55701","1":"product","2":"type-product","3":"status-publish","4":"has-post-thumbnail","6":"product_cat-workshops","7":"product_tag-fernando-banzi","8":"product_tag-festival-fotodoc-2025","9":"product_tag-workshop-2025","11":"first","12":"instock","13":"virtual","14":"purchasable","15":"product-type-simple"},"acf":[],"yoast_head":"<!-- This site is optimized with the Yoast SEO plugin v27.3 - https:\/\/yoast.com\/product\/yoast-seo-wordpress\/ -->\n<title>O Arquivo como Mat\u00e9ria-Prima \u2013 Processo Criativo e Coloriza\u00e7\u00e3o em Fotografia, Workshop com Fernando Banzi - FotoDoc<\/title>\n<meta name=\"robots\" content=\"index, follow, max-snippet:-1, max-image-preview:large, max-video-preview:-1\" \/>\n<link rel=\"canonical\" href=\"https:\/\/fotodoc.com.br\/produto\/o-arquivo-como-materia-prima-processo-criativo-e-colorizacao-em-fotografia-workshop-com-fernando-banzi\/\" \/>\n<meta property=\"og:locale\" content=\"en_US\" \/>\n<meta property=\"og:type\" content=\"article\" \/>\n<meta property=\"og:title\" content=\"O Arquivo como Mat\u00e9ria-Prima \u2013 Processo Criativo e Coloriza\u00e7\u00e3o em Fotografia, Workshop com Fernando Banzi - FotoDoc\" \/>\n<meta property=\"og:description\" content=\"SEXTA-FEIRA, 7 DE NOVEMBRO DE 2025, DAS 10H \u00c0S 12H30   Este workshop oferece uma janela rara para o processo criativo do fot\u00f3grafo Fernando Banzi, conhecido por seu trabalho autoral de apropria\u00e7\u00e3o e interven\u00e7\u00e3o em imagens de arquivo. Em um formato din\u00e2mico e expositivo, Fernando detalha cada etapa do seu fluxo de trabalho: onde e como busca seus arquivos, os crit\u00e9rios usados para selecionar cada imagem e as t\u00e9cnicas de coloriza\u00e7\u00e3o e interfer\u00eancia (como fotopintura digital e colagem) que aplica para construir narrativas visuais contempor\u00e2neas. Atrav\u00e9s da apresenta\u00e7\u00e3o de casos pr\u00e1ticos de seus pr\u00f3prios projetos e de refer\u00eancias-chave da arte contempor\u00e2nea, os participantes ser\u00e3o conduzidos a repensar o potencial narrativo das fotografias antigas. O foco est\u00e1 na concep\u00e7\u00e3o da ideia e nas escolhas art\u00edsticas que transformam um documento hist\u00f3rico em uma obra de arte carregada de subjetividade e novas interpreta\u00e7\u00f5es cr\u00edticas.\" \/>\n<meta property=\"og:url\" content=\"https:\/\/fotodoc.com.br\/produto\/o-arquivo-como-materia-prima-processo-criativo-e-colorizacao-em-fotografia-workshop-com-fernando-banzi\/\" \/>\n<meta property=\"og:site_name\" content=\"FotoDoc\" \/>\n<meta property=\"article:publisher\" content=\"https:\/\/www.facebook.com\/festivalfotodoc\" \/>\n<meta property=\"article:modified_time\" content=\"2025-09-02T15:35:56+00:00\" \/>\n<meta property=\"og:image\" content=\"https:\/\/fotodoc.com.br\/wp-content\/uploads\/2025\/09\/capaws-Fernando-Banzi-01_E-1140x1535-1.jpg\" \/>\n\t<meta property=\"og:image:width\" content=\"1920\" \/>\n\t<meta property=\"og:image:height\" content=\"1280\" \/>\n\t<meta property=\"og:image:type\" content=\"image\/jpeg\" \/>\n<meta name=\"twitter:card\" content=\"summary_large_image\" \/>\n<meta name=\"twitter:label1\" content=\"Est. reading time\" \/>\n\t<meta name=\"twitter:data1\" content=\"2 minutes\" \/>\n\t<meta name=\"twitter:label2\" content=\"Written by\" \/>\n\t<meta name=\"twitter:data2\" content=\"FotoDoc\" \/>\n<script type=\"application\/ld+json\" class=\"yoast-schema-graph\">{\"@context\":\"https:\\\/\\\/schema.org\",\"@graph\":[{\"@type\":\"WebPage\",\"@id\":\"https:\\\/\\\/fotodoc.com.br\\\/produto\\\/o-arquivo-como-materia-prima-processo-criativo-e-colorizacao-em-fotografia-workshop-com-fernando-banzi\\\/\",\"url\":\"https:\\\/\\\/fotodoc.com.br\\\/produto\\\/o-arquivo-como-materia-prima-processo-criativo-e-colorizacao-em-fotografia-workshop-com-fernando-banzi\\\/\",\"name\":\"O Arquivo como Mat\u00e9ria-Prima \u2013 Processo Criativo e Coloriza\u00e7\u00e3o em Fotografia, Workshop com Fernando Banzi - FotoDoc\",\"isPartOf\":{\"@id\":\"https:\\\/\\\/fotodoc.com.br\\\/#website\"},\"primaryImageOfPage\":{\"@id\":\"https:\\\/\\\/fotodoc.com.br\\\/produto\\\/o-arquivo-como-materia-prima-processo-criativo-e-colorizacao-em-fotografia-workshop-com-fernando-banzi\\\/#primaryimage\"},\"image\":{\"@id\":\"https:\\\/\\\/fotodoc.com.br\\\/produto\\\/o-arquivo-como-materia-prima-processo-criativo-e-colorizacao-em-fotografia-workshop-com-fernando-banzi\\\/#primaryimage\"},\"thumbnailUrl\":\"https:\\\/\\\/fotodoc.com.br\\\/wp-content\\\/uploads\\\/2025\\\/09\\\/capaws-Fernando-Banzi-01_E-1140x1535-1.jpg\",\"datePublished\":\"2025-09-02T15:11:02+00:00\",\"dateModified\":\"2025-09-02T15:35:56+00:00\",\"breadcrumb\":{\"@id\":\"https:\\\/\\\/fotodoc.com.br\\\/produto\\\/o-arquivo-como-materia-prima-processo-criativo-e-colorizacao-em-fotografia-workshop-com-fernando-banzi\\\/#breadcrumb\"},\"inLanguage\":\"en-US\",\"potentialAction\":[{\"@type\":\"ReadAction\",\"target\":[\"https:\\\/\\\/fotodoc.com.br\\\/produto\\\/o-arquivo-como-materia-prima-processo-criativo-e-colorizacao-em-fotografia-workshop-com-fernando-banzi\\\/\"]}]},{\"@type\":\"ImageObject\",\"inLanguage\":\"en-US\",\"@id\":\"https:\\\/\\\/fotodoc.com.br\\\/produto\\\/o-arquivo-como-materia-prima-processo-criativo-e-colorizacao-em-fotografia-workshop-com-fernando-banzi\\\/#primaryimage\",\"url\":\"https:\\\/\\\/fotodoc.com.br\\\/wp-content\\\/uploads\\\/2025\\\/09\\\/capaws-Fernando-Banzi-01_E-1140x1535-1.jpg\",\"contentUrl\":\"https:\\\/\\\/fotodoc.com.br\\\/wp-content\\\/uploads\\\/2025\\\/09\\\/capaws-Fernando-Banzi-01_E-1140x1535-1.jpg\",\"width\":1920,\"height\":1280},{\"@type\":\"BreadcrumbList\",\"@id\":\"https:\\\/\\\/fotodoc.com.br\\\/produto\\\/o-arquivo-como-materia-prima-processo-criativo-e-colorizacao-em-fotografia-workshop-com-fernando-banzi\\\/#breadcrumb\",\"itemListElement\":[{\"@type\":\"ListItem\",\"position\":1,\"name\":\"In\u00edcio\",\"item\":\"https:\\\/\\\/fotodoc.com.br\\\/en\\\/\"},{\"@type\":\"ListItem\",\"position\":2,\"name\":\"Produtos\",\"item\":\"https:\\\/\\\/fotodoc.com.br\\\/produtos\\\/\"},{\"@type\":\"ListItem\",\"position\":3,\"name\":\"O Arquivo como Mat\u00e9ria-Prima \u2013 Processo Criativo e Coloriza\u00e7\u00e3o em Fotografia, Workshop com Fernando Banzi\"}]},{\"@type\":\"WebSite\",\"@id\":\"https:\\\/\\\/fotodoc.com.br\\\/#website\",\"url\":\"https:\\\/\\\/fotodoc.com.br\\\/\",\"name\":\"FotoDoc\",\"description\":\"Festival de Fotografia Documental\",\"publisher\":{\"@id\":\"https:\\\/\\\/fotodoc.com.br\\\/#organization\"},\"potentialAction\":[{\"@type\":\"SearchAction\",\"target\":{\"@type\":\"EntryPoint\",\"urlTemplate\":\"https:\\\/\\\/fotodoc.com.br\\\/?s={search_term_string}\"},\"query-input\":{\"@type\":\"PropertyValueSpecification\",\"valueRequired\":true,\"valueName\":\"search_term_string\"}}],\"inLanguage\":\"en-US\"},{\"@type\":\"Organization\",\"@id\":\"https:\\\/\\\/fotodoc.com.br\\\/#organization\",\"name\":\"Festival Fotodoc\",\"url\":\"https:\\\/\\\/fotodoc.com.br\\\/\",\"logo\":{\"@type\":\"ImageObject\",\"inLanguage\":\"en-US\",\"@id\":\"https:\\\/\\\/fotodoc.com.br\\\/#\\\/schema\\\/logo\\\/image\\\/\",\"url\":\"https:\\\/\\\/fotodoc.com.br\\\/wp-content\\\/uploads\\\/2022\\\/03\\\/FotoDoc-224px.png\",\"contentUrl\":\"https:\\\/\\\/fotodoc.com.br\\\/wp-content\\\/uploads\\\/2022\\\/03\\\/FotoDoc-224px.png\",\"width\":224,\"height\":90,\"caption\":\"Festival Fotodoc\"},\"image\":{\"@id\":\"https:\\\/\\\/fotodoc.com.br\\\/#\\\/schema\\\/logo\\\/image\\\/\"},\"sameAs\":[\"https:\\\/\\\/www.facebook.com\\\/festivalfotodoc\",\"https:\\\/\\\/www.instagram.com\\\/festivalfotodoc\\\/\"]}]}<\/script>\n<!-- \/ Yoast SEO plugin. -->","yoast_head_json":{"title":"O Arquivo como Mat\u00e9ria-Prima \u2013 Processo Criativo e Coloriza\u00e7\u00e3o em Fotografia, Workshop com Fernando Banzi - FotoDoc","robots":{"index":"index","follow":"follow","max-snippet":"max-snippet:-1","max-image-preview":"max-image-preview:large","max-video-preview":"max-video-preview:-1"},"canonical":"https:\/\/fotodoc.com.br\/produto\/o-arquivo-como-materia-prima-processo-criativo-e-colorizacao-em-fotografia-workshop-com-fernando-banzi\/","og_locale":"en_US","og_type":"article","og_title":"O Arquivo como Mat\u00e9ria-Prima \u2013 Processo Criativo e Coloriza\u00e7\u00e3o em Fotografia, Workshop com Fernando Banzi - FotoDoc","og_description":"SEXTA-FEIRA, 7 DE NOVEMBRO DE 2025, DAS 10H \u00c0S 12H30   Este workshop oferece uma janela rara para o processo criativo do fot\u00f3grafo Fernando Banzi, conhecido por seu trabalho autoral de apropria\u00e7\u00e3o e interven\u00e7\u00e3o em imagens de arquivo. Em um formato din\u00e2mico e expositivo, Fernando detalha cada etapa do seu fluxo de trabalho: onde e como busca seus arquivos, os crit\u00e9rios usados para selecionar cada imagem e as t\u00e9cnicas de coloriza\u00e7\u00e3o e interfer\u00eancia (como fotopintura digital e colagem) que aplica para construir narrativas visuais contempor\u00e2neas. Atrav\u00e9s da apresenta\u00e7\u00e3o de casos pr\u00e1ticos de seus pr\u00f3prios projetos e de refer\u00eancias-chave da arte contempor\u00e2nea, os participantes ser\u00e3o conduzidos a repensar o potencial narrativo das fotografias antigas. O foco est\u00e1 na concep\u00e7\u00e3o da ideia e nas escolhas art\u00edsticas que transformam um documento hist\u00f3rico em uma obra de arte carregada de subjetividade e novas interpreta\u00e7\u00f5es cr\u00edticas.","og_url":"https:\/\/fotodoc.com.br\/produto\/o-arquivo-como-materia-prima-processo-criativo-e-colorizacao-em-fotografia-workshop-com-fernando-banzi\/","og_site_name":"FotoDoc","article_publisher":"https:\/\/www.facebook.com\/festivalfotodoc","article_modified_time":"2025-09-02T15:35:56+00:00","og_image":[{"width":1920,"height":1280,"url":"https:\/\/fotodoc.com.br\/wp-content\/uploads\/2025\/09\/capaws-Fernando-Banzi-01_E-1140x1535-1.jpg","type":"image\/jpeg"}],"twitter_card":"summary_large_image","twitter_misc":{"Est. reading time":"2 minutes","Written by":"FotoDoc"},"schema":{"@context":"https:\/\/schema.org","@graph":[{"@type":"WebPage","@id":"https:\/\/fotodoc.com.br\/produto\/o-arquivo-como-materia-prima-processo-criativo-e-colorizacao-em-fotografia-workshop-com-fernando-banzi\/","url":"https:\/\/fotodoc.com.br\/produto\/o-arquivo-como-materia-prima-processo-criativo-e-colorizacao-em-fotografia-workshop-com-fernando-banzi\/","name":"O Arquivo como Mat\u00e9ria-Prima \u2013 Processo Criativo e Coloriza\u00e7\u00e3o em Fotografia, Workshop com Fernando Banzi - FotoDoc","isPartOf":{"@id":"https:\/\/fotodoc.com.br\/#website"},"primaryImageOfPage":{"@id":"https:\/\/fotodoc.com.br\/produto\/o-arquivo-como-materia-prima-processo-criativo-e-colorizacao-em-fotografia-workshop-com-fernando-banzi\/#primaryimage"},"image":{"@id":"https:\/\/fotodoc.com.br\/produto\/o-arquivo-como-materia-prima-processo-criativo-e-colorizacao-em-fotografia-workshop-com-fernando-banzi\/#primaryimage"},"thumbnailUrl":"https:\/\/fotodoc.com.br\/wp-content\/uploads\/2025\/09\/capaws-Fernando-Banzi-01_E-1140x1535-1.jpg","datePublished":"2025-09-02T15:11:02+00:00","dateModified":"2025-09-02T15:35:56+00:00","breadcrumb":{"@id":"https:\/\/fotodoc.com.br\/produto\/o-arquivo-como-materia-prima-processo-criativo-e-colorizacao-em-fotografia-workshop-com-fernando-banzi\/#breadcrumb"},"inLanguage":"en-US","potentialAction":[{"@type":"ReadAction","target":["https:\/\/fotodoc.com.br\/produto\/o-arquivo-como-materia-prima-processo-criativo-e-colorizacao-em-fotografia-workshop-com-fernando-banzi\/"]}]},{"@type":"ImageObject","inLanguage":"en-US","@id":"https:\/\/fotodoc.com.br\/produto\/o-arquivo-como-materia-prima-processo-criativo-e-colorizacao-em-fotografia-workshop-com-fernando-banzi\/#primaryimage","url":"https:\/\/fotodoc.com.br\/wp-content\/uploads\/2025\/09\/capaws-Fernando-Banzi-01_E-1140x1535-1.jpg","contentUrl":"https:\/\/fotodoc.com.br\/wp-content\/uploads\/2025\/09\/capaws-Fernando-Banzi-01_E-1140x1535-1.jpg","width":1920,"height":1280},{"@type":"BreadcrumbList","@id":"https:\/\/fotodoc.com.br\/produto\/o-arquivo-como-materia-prima-processo-criativo-e-colorizacao-em-fotografia-workshop-com-fernando-banzi\/#breadcrumb","itemListElement":[{"@type":"ListItem","position":1,"name":"In\u00edcio","item":"https:\/\/fotodoc.com.br\/en\/"},{"@type":"ListItem","position":2,"name":"Produtos","item":"https:\/\/fotodoc.com.br\/produtos\/"},{"@type":"ListItem","position":3,"name":"O Arquivo como Mat\u00e9ria-Prima \u2013 Processo Criativo e Coloriza\u00e7\u00e3o em Fotografia, Workshop com Fernando Banzi"}]},{"@type":"WebSite","@id":"https:\/\/fotodoc.com.br\/#website","url":"https:\/\/fotodoc.com.br\/","name":"FotoDoc","description":"Festival de Fotografia Documental","publisher":{"@id":"https:\/\/fotodoc.com.br\/#organization"},"potentialAction":[{"@type":"SearchAction","target":{"@type":"EntryPoint","urlTemplate":"https:\/\/fotodoc.com.br\/?s={search_term_string}"},"query-input":{"@type":"PropertyValueSpecification","valueRequired":true,"valueName":"search_term_string"}}],"inLanguage":"en-US"},{"@type":"Organization","@id":"https:\/\/fotodoc.com.br\/#organization","name":"Festival Fotodoc","url":"https:\/\/fotodoc.com.br\/","logo":{"@type":"ImageObject","inLanguage":"en-US","@id":"https:\/\/fotodoc.com.br\/#\/schema\/logo\/image\/","url":"https:\/\/fotodoc.com.br\/wp-content\/uploads\/2022\/03\/FotoDoc-224px.png","contentUrl":"https:\/\/fotodoc.com.br\/wp-content\/uploads\/2022\/03\/FotoDoc-224px.png","width":224,"height":90,"caption":"Festival Fotodoc"},"image":{"@id":"https:\/\/fotodoc.com.br\/#\/schema\/logo\/image\/"},"sameAs":["https:\/\/www.facebook.com\/festivalfotodoc","https:\/\/www.instagram.com\/festivalfotodoc\/"]}]}},"_links":{"self":[{"href":"https:\/\/fotodoc.com.br\/en\/wp-json\/wp\/v2\/product\/55701","targetHints":{"allow":["GET"]}}],"collection":[{"href":"https:\/\/fotodoc.com.br\/en\/wp-json\/wp\/v2\/product"}],"about":[{"href":"https:\/\/fotodoc.com.br\/en\/wp-json\/wp\/v2\/types\/product"}],"wp:featuredmedia":[{"embeddable":true,"href":"https:\/\/fotodoc.com.br\/en\/wp-json\/wp\/v2\/media\/55620"}],"wp:attachment":[{"href":"https:\/\/fotodoc.com.br\/en\/wp-json\/wp\/v2\/media?parent=55701"}],"wp:term":[{"taxonomy":"product_brand","embeddable":true,"href":"https:\/\/fotodoc.com.br\/en\/wp-json\/wp\/v2\/product_brand?post=55701"},{"taxonomy":"product_cat","embeddable":true,"href":"https:\/\/fotodoc.com.br\/en\/wp-json\/wp\/v2\/product_cat?post=55701"},{"taxonomy":"product_tag","embeddable":true,"href":"https:\/\/fotodoc.com.br\/en\/wp-json\/wp\/v2\/product_tag?post=55701"}],"curies":[{"name":"wp","href":"https:\/\/api.w.org\/{rel}","templated":true}]}}