{"id":55706,"date":"2025-09-02T12:16:51","date_gmt":"2025-09-02T15:16:51","guid":{"rendered":"https:\/\/fotodoc.com.br\/?post_type=product&#038;p=55706"},"modified":"2025-09-02T12:33:24","modified_gmt":"2025-09-02T15:33:24","slug":"a-ficcao-do-real-objetividade-subjetividade-e-a-construcao-de-ensaios-de-retrato-workshop-com-paulo-vitale","status":"publish","type":"product","link":"https:\/\/fotodoc.com.br\/en\/produto\/a-ficcao-do-real-objetividade-subjetividade-e-a-construcao-de-ensaios-de-retrato-workshop-com-paulo-vitale\/","title":{"rendered":"A Fic\u00e7\u00e3o do Real \u2013 Objetividade, Subjetividade e a Constru\u00e7\u00e3o de Ensaios de Retrato, Workshop com Paulo Vitale"},"content":{"rendered":"<h3>A Fic\u00e7\u00e3o do Real \u2013 Objetividade, Subjetividade e a Constru\u00e7\u00e3o de Ensaios de Retrato, Workshop com Paulo Vitale<\/h3>\n<h4>Todo retrato \u00e9 uma fic\u00e7\u00e3o? Neste workshop, o fot\u00f3grafo <strong>Paulo Vitale<\/strong> conduz os participantes por uma investiga\u00e7\u00e3o profunda sobre os limites entre o objetivo e o subjetivo na fotografia de retrato. Partindo da premissa de que toda escolha \u2013 da lente ao \u00e2ngulo \u2013 \u00e9 uma opini\u00e3o, a oficina ir\u00e1 desvendar como construir narrativas sequenciais coerentes e poderosas. Atrav\u00e9s da an\u00e1lise de projetos autorais como \u201cDrags\u201d, \u201cChefs\u201d e \u201cFeito no Brasil\u201d, Paulo far\u00e1 uma engenharia reversa de seus processos, mostrando como elementos como luz, figurino e objetos c\u00eanicos s\u00e3o usados para criar camadas de significado e questionar a no\u00e7\u00e3o de &#8220;verdade&#8221; em um retrato.<\/h4>\n<h4>Os participantes ser\u00e3o convidados a repensar sua pr\u00f3pria pr\u00e1tica, entendendo como desenvolver uma &#8220;unidade lingu\u00edstica&#8221; visual que d\u00ea consist\u00eancia a um ensaio. Mais do que aprender t\u00e9cnicas, este \u00e9 um convite para uma reflex\u00e3o cr\u00edtica sobre o ato de retratar, explorando como a fantasia e a encena\u00e7\u00e3o podem, paradoxalmente, revelar dimens\u00f5es mais profundas e verdadeiras de um personagem.<\/h4>\n<h4>Data:<br \/>\nSexta, 7 de novembro de 2025<br \/>\ndas 10h \u00e0s 12h30<\/h4>\n<h4>Aten\u00e7\u00e3o: Cancelamentos com menos de uma semana para o in\u00edcio do evento ser\u00e3o reembolsados em 50%<\/h4>\n","protected":false},"excerpt":{"rendered":"<h3>SEXTA-FEIRA, 7 DE NOVEMBRO DE 2025, DAS 10H \u00c0S 12H30<\/h3>\n<h4>Todo retrato \u00e9 uma fic\u00e7\u00e3o? Neste workshop, o fot\u00f3grafo <strong>Paulo Vitale<\/strong> conduz os participantes por uma investiga\u00e7\u00e3o profunda sobre os limites entre o objetivo e o subjetivo na fotografia de retrato. Partindo da premissa de que toda escolha \u2013 da lente ao \u00e2ngulo \u2013 \u00e9 uma opini\u00e3o, a oficina ir\u00e1 desvendar como construir narrativas sequenciais coerentes e poderosas. Atrav\u00e9s da an\u00e1lise de projetos autorais como \u201cDrags\u201d, \u201cChefs\u201d e \u201cFeito no Brasil\u201d, Paulo far\u00e1 uma engenharia reversa de seus processos, mostrando como elementos como luz, figurino e objetos c\u00eanicos s\u00e3o usados para criar camadas de significado e questionar a no\u00e7\u00e3o de &#8220;verdade&#8221; em um retrato.<\/h4>\n<h4>Os participantes ser\u00e3o convidados a repensar sua pr\u00f3pria pr\u00e1tica, entendendo como desenvolver uma &#8220;unidade lingu\u00edstica&#8221; visual que d\u00ea consist\u00eancia a um ensaio. Mais do que aprender t\u00e9cnicas, este \u00e9 um convite para uma reflex\u00e3o cr\u00edtica sobre o ato de retratar, explorando como a fantasia e a encena\u00e7\u00e3o podem, paradoxalmente, revelar dimens\u00f5es mais profundas e verdadeiras de um personagem.<\/h4>\n","protected":false},"featured_media":55622,"template":"","meta":{"_acf_changed":false},"product_brand":[],"product_cat":[399],"product_tag":[2743,2746,2744],"class_list":{"0":"post-55706","1":"product","2":"type-product","3":"status-publish","4":"has-post-thumbnail","6":"product_cat-workshops","7":"product_tag-festival-fotodoc-2025","8":"product_tag-paulo-vitale","9":"product_tag-workshop-2025","11":"first","12":"instock","13":"virtual","14":"purchasable","15":"product-type-simple"},"acf":[],"yoast_head":"<!-- This site is optimized with the Yoast SEO plugin v27.3 - https:\/\/yoast.com\/product\/yoast-seo-wordpress\/ -->\n<title>A Fic\u00e7\u00e3o do Real \u2013 Objetividade, Subjetividade e a Constru\u00e7\u00e3o de Ensaios de Retrato, Workshop com Paulo Vitale - FotoDoc<\/title>\n<meta name=\"robots\" content=\"index, follow, max-snippet:-1, max-image-preview:large, max-video-preview:-1\" \/>\n<link rel=\"canonical\" href=\"https:\/\/fotodoc.com.br\/produto\/a-ficcao-do-real-objetividade-subjetividade-e-a-construcao-de-ensaios-de-retrato-workshop-com-paulo-vitale\/\" \/>\n<meta property=\"og:locale\" content=\"en_US\" \/>\n<meta property=\"og:type\" content=\"article\" \/>\n<meta property=\"og:title\" content=\"A Fic\u00e7\u00e3o do Real \u2013 Objetividade, Subjetividade e a Constru\u00e7\u00e3o de Ensaios de Retrato, Workshop com Paulo Vitale - FotoDoc\" \/>\n<meta property=\"og:description\" content=\"SEXTA-FEIRA, 7 DE NOVEMBRO DE 2025, DAS 10H \u00c0S 12H30 Todo retrato \u00e9 uma fic\u00e7\u00e3o? Neste workshop, o fot\u00f3grafo Paulo Vitale conduz os participantes por uma investiga\u00e7\u00e3o profunda sobre os limites entre o objetivo e o subjetivo na fotografia de retrato. Partindo da premissa de que toda escolha \u2013 da lente ao \u00e2ngulo \u2013 \u00e9 uma opini\u00e3o, a oficina ir\u00e1 desvendar como construir narrativas sequenciais coerentes e poderosas. Atrav\u00e9s da an\u00e1lise de projetos autorais como \u201cDrags\u201d, \u201cChefs\u201d e \u201cFeito no Brasil\u201d, Paulo far\u00e1 uma engenharia reversa de seus processos, mostrando como elementos como luz, figurino e objetos c\u00eanicos s\u00e3o usados para criar camadas de significado e questionar a no\u00e7\u00e3o de &quot;verdade&quot; em um retrato. Os participantes ser\u00e3o convidados a repensar sua pr\u00f3pria pr\u00e1tica, entendendo como desenvolver uma &quot;unidade lingu\u00edstica&quot; visual que d\u00ea consist\u00eancia a um ensaio. Mais do que aprender t\u00e9cnicas, este \u00e9 um convite para uma reflex\u00e3o cr\u00edtica sobre o ato de retratar, explorando como a fantasia e a encena\u00e7\u00e3o podem, paradoxalmente, revelar dimens\u00f5es mais profundas e verdadeiras de um personagem.\" \/>\n<meta property=\"og:url\" content=\"https:\/\/fotodoc.com.br\/produto\/a-ficcao-do-real-objetividade-subjetividade-e-a-construcao-de-ensaios-de-retrato-workshop-com-paulo-vitale\/\" \/>\n<meta property=\"og:site_name\" content=\"FotoDoc\" \/>\n<meta property=\"article:publisher\" content=\"https:\/\/www.facebook.com\/festivalfotodoc\" \/>\n<meta property=\"article:modified_time\" content=\"2025-09-02T15:33:24+00:00\" \/>\n<meta property=\"og:image\" content=\"https:\/\/fotodoc.com.br\/wp-content\/uploads\/2025\/09\/capaws-Paulo-Vitale-FotoDoc2025-10.jpg\" \/>\n\t<meta property=\"og:image:width\" content=\"1920\" \/>\n\t<meta property=\"og:image:height\" content=\"1280\" \/>\n\t<meta property=\"og:image:type\" content=\"image\/jpeg\" \/>\n<meta name=\"twitter:card\" content=\"summary_large_image\" \/>\n<meta name=\"twitter:label1\" content=\"Est. reading time\" \/>\n\t<meta name=\"twitter:data1\" content=\"2 minutes\" \/>\n\t<meta name=\"twitter:label2\" content=\"Written by\" \/>\n\t<meta name=\"twitter:data2\" content=\"FotoDoc\" \/>\n<script type=\"application\/ld+json\" class=\"yoast-schema-graph\">{\"@context\":\"https:\\\/\\\/schema.org\",\"@graph\":[{\"@type\":\"WebPage\",\"@id\":\"https:\\\/\\\/fotodoc.com.br\\\/produto\\\/a-ficcao-do-real-objetividade-subjetividade-e-a-construcao-de-ensaios-de-retrato-workshop-com-paulo-vitale\\\/\",\"url\":\"https:\\\/\\\/fotodoc.com.br\\\/produto\\\/a-ficcao-do-real-objetividade-subjetividade-e-a-construcao-de-ensaios-de-retrato-workshop-com-paulo-vitale\\\/\",\"name\":\"A Fic\u00e7\u00e3o do Real \u2013 Objetividade, Subjetividade e a Constru\u00e7\u00e3o de Ensaios de Retrato, Workshop com Paulo Vitale - FotoDoc\",\"isPartOf\":{\"@id\":\"https:\\\/\\\/fotodoc.com.br\\\/#website\"},\"primaryImageOfPage\":{\"@id\":\"https:\\\/\\\/fotodoc.com.br\\\/produto\\\/a-ficcao-do-real-objetividade-subjetividade-e-a-construcao-de-ensaios-de-retrato-workshop-com-paulo-vitale\\\/#primaryimage\"},\"image\":{\"@id\":\"https:\\\/\\\/fotodoc.com.br\\\/produto\\\/a-ficcao-do-real-objetividade-subjetividade-e-a-construcao-de-ensaios-de-retrato-workshop-com-paulo-vitale\\\/#primaryimage\"},\"thumbnailUrl\":\"https:\\\/\\\/fotodoc.com.br\\\/wp-content\\\/uploads\\\/2025\\\/09\\\/capaws-Paulo-Vitale-FotoDoc2025-10.jpg\",\"datePublished\":\"2025-09-02T15:16:51+00:00\",\"dateModified\":\"2025-09-02T15:33:24+00:00\",\"breadcrumb\":{\"@id\":\"https:\\\/\\\/fotodoc.com.br\\\/produto\\\/a-ficcao-do-real-objetividade-subjetividade-e-a-construcao-de-ensaios-de-retrato-workshop-com-paulo-vitale\\\/#breadcrumb\"},\"inLanguage\":\"en-US\",\"potentialAction\":[{\"@type\":\"ReadAction\",\"target\":[\"https:\\\/\\\/fotodoc.com.br\\\/produto\\\/a-ficcao-do-real-objetividade-subjetividade-e-a-construcao-de-ensaios-de-retrato-workshop-com-paulo-vitale\\\/\"]}]},{\"@type\":\"ImageObject\",\"inLanguage\":\"en-US\",\"@id\":\"https:\\\/\\\/fotodoc.com.br\\\/produto\\\/a-ficcao-do-real-objetividade-subjetividade-e-a-construcao-de-ensaios-de-retrato-workshop-com-paulo-vitale\\\/#primaryimage\",\"url\":\"https:\\\/\\\/fotodoc.com.br\\\/wp-content\\\/uploads\\\/2025\\\/09\\\/capaws-Paulo-Vitale-FotoDoc2025-10.jpg\",\"contentUrl\":\"https:\\\/\\\/fotodoc.com.br\\\/wp-content\\\/uploads\\\/2025\\\/09\\\/capaws-Paulo-Vitale-FotoDoc2025-10.jpg\",\"width\":1920,\"height\":1280,\"caption\":\"Paulo Vitale\u00a9All Rights reserved\"},{\"@type\":\"BreadcrumbList\",\"@id\":\"https:\\\/\\\/fotodoc.com.br\\\/produto\\\/a-ficcao-do-real-objetividade-subjetividade-e-a-construcao-de-ensaios-de-retrato-workshop-com-paulo-vitale\\\/#breadcrumb\",\"itemListElement\":[{\"@type\":\"ListItem\",\"position\":1,\"name\":\"In\u00edcio\",\"item\":\"https:\\\/\\\/fotodoc.com.br\\\/en\\\/\"},{\"@type\":\"ListItem\",\"position\":2,\"name\":\"Produtos\",\"item\":\"https:\\\/\\\/fotodoc.com.br\\\/produtos\\\/\"},{\"@type\":\"ListItem\",\"position\":3,\"name\":\"A Fic\u00e7\u00e3o do Real \u2013 Objetividade, Subjetividade e a Constru\u00e7\u00e3o de Ensaios de Retrato, Workshop com Paulo Vitale\"}]},{\"@type\":\"WebSite\",\"@id\":\"https:\\\/\\\/fotodoc.com.br\\\/#website\",\"url\":\"https:\\\/\\\/fotodoc.com.br\\\/\",\"name\":\"FotoDoc\",\"description\":\"Festival de Fotografia Documental\",\"publisher\":{\"@id\":\"https:\\\/\\\/fotodoc.com.br\\\/#organization\"},\"potentialAction\":[{\"@type\":\"SearchAction\",\"target\":{\"@type\":\"EntryPoint\",\"urlTemplate\":\"https:\\\/\\\/fotodoc.com.br\\\/?s={search_term_string}\"},\"query-input\":{\"@type\":\"PropertyValueSpecification\",\"valueRequired\":true,\"valueName\":\"search_term_string\"}}],\"inLanguage\":\"en-US\"},{\"@type\":\"Organization\",\"@id\":\"https:\\\/\\\/fotodoc.com.br\\\/#organization\",\"name\":\"Festival Fotodoc\",\"url\":\"https:\\\/\\\/fotodoc.com.br\\\/\",\"logo\":{\"@type\":\"ImageObject\",\"inLanguage\":\"en-US\",\"@id\":\"https:\\\/\\\/fotodoc.com.br\\\/#\\\/schema\\\/logo\\\/image\\\/\",\"url\":\"https:\\\/\\\/fotodoc.com.br\\\/wp-content\\\/uploads\\\/2022\\\/03\\\/FotoDoc-224px.png\",\"contentUrl\":\"https:\\\/\\\/fotodoc.com.br\\\/wp-content\\\/uploads\\\/2022\\\/03\\\/FotoDoc-224px.png\",\"width\":224,\"height\":90,\"caption\":\"Festival Fotodoc\"},\"image\":{\"@id\":\"https:\\\/\\\/fotodoc.com.br\\\/#\\\/schema\\\/logo\\\/image\\\/\"},\"sameAs\":[\"https:\\\/\\\/www.facebook.com\\\/festivalfotodoc\",\"https:\\\/\\\/www.instagram.com\\\/festivalfotodoc\\\/\"]}]}<\/script>\n<!-- \/ Yoast SEO plugin. -->","yoast_head_json":{"title":"A Fic\u00e7\u00e3o do Real \u2013 Objetividade, Subjetividade e a Constru\u00e7\u00e3o de Ensaios de Retrato, Workshop com Paulo Vitale - FotoDoc","robots":{"index":"index","follow":"follow","max-snippet":"max-snippet:-1","max-image-preview":"max-image-preview:large","max-video-preview":"max-video-preview:-1"},"canonical":"https:\/\/fotodoc.com.br\/produto\/a-ficcao-do-real-objetividade-subjetividade-e-a-construcao-de-ensaios-de-retrato-workshop-com-paulo-vitale\/","og_locale":"en_US","og_type":"article","og_title":"A Fic\u00e7\u00e3o do Real \u2013 Objetividade, Subjetividade e a Constru\u00e7\u00e3o de Ensaios de Retrato, Workshop com Paulo Vitale - FotoDoc","og_description":"SEXTA-FEIRA, 7 DE NOVEMBRO DE 2025, DAS 10H \u00c0S 12H30 Todo retrato \u00e9 uma fic\u00e7\u00e3o? Neste workshop, o fot\u00f3grafo Paulo Vitale conduz os participantes por uma investiga\u00e7\u00e3o profunda sobre os limites entre o objetivo e o subjetivo na fotografia de retrato. Partindo da premissa de que toda escolha \u2013 da lente ao \u00e2ngulo \u2013 \u00e9 uma opini\u00e3o, a oficina ir\u00e1 desvendar como construir narrativas sequenciais coerentes e poderosas. Atrav\u00e9s da an\u00e1lise de projetos autorais como \u201cDrags\u201d, \u201cChefs\u201d e \u201cFeito no Brasil\u201d, Paulo far\u00e1 uma engenharia reversa de seus processos, mostrando como elementos como luz, figurino e objetos c\u00eanicos s\u00e3o usados para criar camadas de significado e questionar a no\u00e7\u00e3o de \"verdade\" em um retrato. Os participantes ser\u00e3o convidados a repensar sua pr\u00f3pria pr\u00e1tica, entendendo como desenvolver uma \"unidade lingu\u00edstica\" visual que d\u00ea consist\u00eancia a um ensaio. Mais do que aprender t\u00e9cnicas, este \u00e9 um convite para uma reflex\u00e3o cr\u00edtica sobre o ato de retratar, explorando como a fantasia e a encena\u00e7\u00e3o podem, paradoxalmente, revelar dimens\u00f5es mais profundas e verdadeiras de um personagem.","og_url":"https:\/\/fotodoc.com.br\/produto\/a-ficcao-do-real-objetividade-subjetividade-e-a-construcao-de-ensaios-de-retrato-workshop-com-paulo-vitale\/","og_site_name":"FotoDoc","article_publisher":"https:\/\/www.facebook.com\/festivalfotodoc","article_modified_time":"2025-09-02T15:33:24+00:00","og_image":[{"width":1920,"height":1280,"url":"https:\/\/fotodoc.com.br\/wp-content\/uploads\/2025\/09\/capaws-Paulo-Vitale-FotoDoc2025-10.jpg","type":"image\/jpeg"}],"twitter_card":"summary_large_image","twitter_misc":{"Est. reading time":"2 minutes","Written by":"FotoDoc"},"schema":{"@context":"https:\/\/schema.org","@graph":[{"@type":"WebPage","@id":"https:\/\/fotodoc.com.br\/produto\/a-ficcao-do-real-objetividade-subjetividade-e-a-construcao-de-ensaios-de-retrato-workshop-com-paulo-vitale\/","url":"https:\/\/fotodoc.com.br\/produto\/a-ficcao-do-real-objetividade-subjetividade-e-a-construcao-de-ensaios-de-retrato-workshop-com-paulo-vitale\/","name":"A Fic\u00e7\u00e3o do Real \u2013 Objetividade, Subjetividade e a Constru\u00e7\u00e3o de Ensaios de Retrato, Workshop com Paulo Vitale - FotoDoc","isPartOf":{"@id":"https:\/\/fotodoc.com.br\/#website"},"primaryImageOfPage":{"@id":"https:\/\/fotodoc.com.br\/produto\/a-ficcao-do-real-objetividade-subjetividade-e-a-construcao-de-ensaios-de-retrato-workshop-com-paulo-vitale\/#primaryimage"},"image":{"@id":"https:\/\/fotodoc.com.br\/produto\/a-ficcao-do-real-objetividade-subjetividade-e-a-construcao-de-ensaios-de-retrato-workshop-com-paulo-vitale\/#primaryimage"},"thumbnailUrl":"https:\/\/fotodoc.com.br\/wp-content\/uploads\/2025\/09\/capaws-Paulo-Vitale-FotoDoc2025-10.jpg","datePublished":"2025-09-02T15:16:51+00:00","dateModified":"2025-09-02T15:33:24+00:00","breadcrumb":{"@id":"https:\/\/fotodoc.com.br\/produto\/a-ficcao-do-real-objetividade-subjetividade-e-a-construcao-de-ensaios-de-retrato-workshop-com-paulo-vitale\/#breadcrumb"},"inLanguage":"en-US","potentialAction":[{"@type":"ReadAction","target":["https:\/\/fotodoc.com.br\/produto\/a-ficcao-do-real-objetividade-subjetividade-e-a-construcao-de-ensaios-de-retrato-workshop-com-paulo-vitale\/"]}]},{"@type":"ImageObject","inLanguage":"en-US","@id":"https:\/\/fotodoc.com.br\/produto\/a-ficcao-do-real-objetividade-subjetividade-e-a-construcao-de-ensaios-de-retrato-workshop-com-paulo-vitale\/#primaryimage","url":"https:\/\/fotodoc.com.br\/wp-content\/uploads\/2025\/09\/capaws-Paulo-Vitale-FotoDoc2025-10.jpg","contentUrl":"https:\/\/fotodoc.com.br\/wp-content\/uploads\/2025\/09\/capaws-Paulo-Vitale-FotoDoc2025-10.jpg","width":1920,"height":1280,"caption":"Paulo Vitale\u00a9All Rights reserved"},{"@type":"BreadcrumbList","@id":"https:\/\/fotodoc.com.br\/produto\/a-ficcao-do-real-objetividade-subjetividade-e-a-construcao-de-ensaios-de-retrato-workshop-com-paulo-vitale\/#breadcrumb","itemListElement":[{"@type":"ListItem","position":1,"name":"In\u00edcio","item":"https:\/\/fotodoc.com.br\/en\/"},{"@type":"ListItem","position":2,"name":"Produtos","item":"https:\/\/fotodoc.com.br\/produtos\/"},{"@type":"ListItem","position":3,"name":"A Fic\u00e7\u00e3o do Real \u2013 Objetividade, Subjetividade e a Constru\u00e7\u00e3o de Ensaios de Retrato, Workshop com Paulo Vitale"}]},{"@type":"WebSite","@id":"https:\/\/fotodoc.com.br\/#website","url":"https:\/\/fotodoc.com.br\/","name":"FotoDoc","description":"Festival de Fotografia Documental","publisher":{"@id":"https:\/\/fotodoc.com.br\/#organization"},"potentialAction":[{"@type":"SearchAction","target":{"@type":"EntryPoint","urlTemplate":"https:\/\/fotodoc.com.br\/?s={search_term_string}"},"query-input":{"@type":"PropertyValueSpecification","valueRequired":true,"valueName":"search_term_string"}}],"inLanguage":"en-US"},{"@type":"Organization","@id":"https:\/\/fotodoc.com.br\/#organization","name":"Festival Fotodoc","url":"https:\/\/fotodoc.com.br\/","logo":{"@type":"ImageObject","inLanguage":"en-US","@id":"https:\/\/fotodoc.com.br\/#\/schema\/logo\/image\/","url":"https:\/\/fotodoc.com.br\/wp-content\/uploads\/2022\/03\/FotoDoc-224px.png","contentUrl":"https:\/\/fotodoc.com.br\/wp-content\/uploads\/2022\/03\/FotoDoc-224px.png","width":224,"height":90,"caption":"Festival Fotodoc"},"image":{"@id":"https:\/\/fotodoc.com.br\/#\/schema\/logo\/image\/"},"sameAs":["https:\/\/www.facebook.com\/festivalfotodoc","https:\/\/www.instagram.com\/festivalfotodoc\/"]}]}},"_links":{"self":[{"href":"https:\/\/fotodoc.com.br\/en\/wp-json\/wp\/v2\/product\/55706","targetHints":{"allow":["GET"]}}],"collection":[{"href":"https:\/\/fotodoc.com.br\/en\/wp-json\/wp\/v2\/product"}],"about":[{"href":"https:\/\/fotodoc.com.br\/en\/wp-json\/wp\/v2\/types\/product"}],"wp:featuredmedia":[{"embeddable":true,"href":"https:\/\/fotodoc.com.br\/en\/wp-json\/wp\/v2\/media\/55622"}],"wp:attachment":[{"href":"https:\/\/fotodoc.com.br\/en\/wp-json\/wp\/v2\/media?parent=55706"}],"wp:term":[{"taxonomy":"product_brand","embeddable":true,"href":"https:\/\/fotodoc.com.br\/en\/wp-json\/wp\/v2\/product_brand?post=55706"},{"taxonomy":"product_cat","embeddable":true,"href":"https:\/\/fotodoc.com.br\/en\/wp-json\/wp\/v2\/product_cat?post=55706"},{"taxonomy":"product_tag","embeddable":true,"href":"https:\/\/fotodoc.com.br\/en\/wp-json\/wp\/v2\/product_tag?post=55706"}],"curies":[{"name":"wp","href":"https:\/\/api.w.org\/{rel}","templated":true}]}}