{"id":55711,"date":"2025-09-02T12:22:32","date_gmt":"2025-09-02T15:22:32","guid":{"rendered":"https:\/\/fotodoc.com.br\/?post_type=product&#038;p=55711"},"modified":"2025-10-24T16:41:17","modified_gmt":"2025-10-24T19:41:17","slug":"a-cidade-como-espelho-fotografia-de-rua-workshop-com-gustavo-minas","status":"publish","type":"product","link":"https:\/\/fotodoc.com.br\/en\/produto\/a-cidade-como-espelho-fotografia-de-rua-workshop-com-gustavo-minas\/","title":{"rendered":"A Cidade Como Espelho \u2013 Fotografia de Rua, Workshop com Gustavo Minas"},"content":{"rendered":"<h3>A Cidade Como Espelho \u2013 Fotografia de Rua, Workshop com Gustavo Minas<\/h3>\n<h4>A fotografia de rua vive uma era dourada, mas como transcender o registro casual e criar imagens com voz pr\u00f3pria? Neste workshop, <strong>Gustavo Minas<\/strong>, refer\u00eancia nacional no g\u00eanero, vai al\u00e9m da t\u00e9cnica para explorar a constru\u00e7\u00e3o de um olhar pessoal e consistente. Ele discute como transformar cenas do cotidiano em narrativas visuais poderosas, que revelam n\u00e3o apenas o que se v\u00ea, mas a singular interpreta\u00e7\u00e3o do fot\u00f3grafo.<\/h4>\n<h4>Os participantes mergulhar\u00e3o em aspectos fundamentais como o uso criativo da luz, a composi\u00e7\u00e3o para al\u00e9m do \u00f3bvio, e a import\u00e2ncia de se alimentar de refer\u00eancias hist\u00f3ricas. Gustavo compartilhar\u00e1 seu processo para editar e sequenciar trabalhos, seja para web ou publica\u00e7\u00f5es impressas, guiando os fot\u00f3grafos na jornada de desenvolver um corpo de trabalho que seja um espelho \u00fanico de sua vis\u00e3o de mundo.<\/h4>\n<h4>Data:<br \/>\nS\u00e1bado, 8 de novembro de 2025<br \/>\ndas 10h \u00e0s 12h30<\/h4>\n<h4>Aten\u00e7\u00e3o: Cancelamentos com menos de uma semana para o in\u00edcio do evento ser\u00e3o reembolsados em 50%<\/h4>\n","protected":false},"excerpt":{"rendered":"<h3>S\u00c1BADO, 8 DE NOVEMBRO DE 2025, DAS 10H \u00c0S 12H30<\/h3>\n<h4>A fotografia de rua vive uma era dourada, mas como transcender o registro casual e criar imagens com voz pr\u00f3pria? Neste workshop, <strong>Gustavo Minas<\/strong>, refer\u00eancia nacional no g\u00eanero, vai al\u00e9m da t\u00e9cnica para explorar a constru\u00e7\u00e3o de um olhar pessoal e consistente. Ele discute como transformar cenas do cotidiano em narrativas visuais poderosas, que revelam n\u00e3o apenas o que se v\u00ea, mas a singular interpreta\u00e7\u00e3o do fot\u00f3grafo.<\/h4>\n<h4>Os participantes mergulhar\u00e3o em aspectos fundamentais como o uso criativo da luz, a composi\u00e7\u00e3o para al\u00e9m do \u00f3bvio, e a import\u00e2ncia de se alimentar de refer\u00eancias hist\u00f3ricas. Gustavo compartilhar\u00e1 seu processo para editar e sequenciar trabalhos, seja para web ou publica\u00e7\u00f5es impressas, guiando os fot\u00f3grafos na jornada de desenvolver um corpo de trabalho que seja um espelho \u00fanico de sua vis\u00e3o de mundo.<\/h4>\n","protected":false},"featured_media":55626,"template":"","meta":{"_acf_changed":false},"product_brand":[],"product_cat":[399],"product_tag":[2743,2748,2744],"class_list":{"0":"post-55711","1":"product","2":"type-product","3":"status-publish","4":"has-post-thumbnail","6":"product_cat-workshops","7":"product_tag-festival-fotodoc-2025","8":"product_tag-gustavo-minas","9":"product_tag-workshop-2025","11":"first","12":"outofstock","13":"virtual","14":"purchasable","15":"product-type-simple"},"acf":[],"yoast_head":"<!-- This site is optimized with the Yoast SEO plugin v27.3 - https:\/\/yoast.com\/product\/yoast-seo-wordpress\/ -->\n<title>A Cidade Como Espelho \u2013 Fotografia de Rua, Workshop com Gustavo Minas - FotoDoc<\/title>\n<meta name=\"robots\" content=\"index, follow, max-snippet:-1, max-image-preview:large, max-video-preview:-1\" \/>\n<link rel=\"canonical\" href=\"https:\/\/fotodoc.com.br\/produto\/a-cidade-como-espelho-fotografia-de-rua-workshop-com-gustavo-minas\/\" \/>\n<meta property=\"og:locale\" content=\"en_US\" \/>\n<meta property=\"og:type\" content=\"article\" \/>\n<meta property=\"og:title\" content=\"A Cidade Como Espelho \u2013 Fotografia de Rua, Workshop com Gustavo Minas - FotoDoc\" \/>\n<meta property=\"og:description\" content=\"S\u00c1BADO, 8 DE NOVEMBRO DE 2025, DAS 10H \u00c0S 12H30 A fotografia de rua vive uma era dourada, mas como transcender o registro casual e criar imagens com voz pr\u00f3pria? Neste workshop, Gustavo Minas, refer\u00eancia nacional no g\u00eanero, vai al\u00e9m da t\u00e9cnica para explorar a constru\u00e7\u00e3o de um olhar pessoal e consistente. Ele discute como transformar cenas do cotidiano em narrativas visuais poderosas, que revelam n\u00e3o apenas o que se v\u00ea, mas a singular interpreta\u00e7\u00e3o do fot\u00f3grafo. Os participantes mergulhar\u00e3o em aspectos fundamentais como o uso criativo da luz, a composi\u00e7\u00e3o para al\u00e9m do \u00f3bvio, e a import\u00e2ncia de se alimentar de refer\u00eancias hist\u00f3ricas. Gustavo compartilhar\u00e1 seu processo para editar e sequenciar trabalhos, seja para web ou publica\u00e7\u00f5es impressas, guiando os fot\u00f3grafos na jornada de desenvolver um corpo de trabalho que seja um espelho \u00fanico de sua vis\u00e3o de mundo.\" \/>\n<meta property=\"og:url\" content=\"https:\/\/fotodoc.com.br\/produto\/a-cidade-como-espelho-fotografia-de-rua-workshop-com-gustavo-minas\/\" \/>\n<meta property=\"og:site_name\" content=\"FotoDoc\" \/>\n<meta property=\"article:publisher\" content=\"https:\/\/www.facebook.com\/festivalfotodoc\" \/>\n<meta property=\"article:modified_time\" content=\"2025-10-24T19:41:17+00:00\" \/>\n<meta property=\"og:image\" content=\"https:\/\/fotodoc.com.br\/wp-content\/uploads\/2025\/09\/capaws-Gustavo-Minas-FotoDoc2025-9.jpg\" \/>\n\t<meta property=\"og:image:width\" content=\"1920\" \/>\n\t<meta property=\"og:image:height\" content=\"1280\" \/>\n\t<meta property=\"og:image:type\" content=\"image\/jpeg\" \/>\n<meta name=\"twitter:card\" content=\"summary_large_image\" \/>\n<meta name=\"twitter:label1\" content=\"Est. reading time\" \/>\n\t<meta name=\"twitter:data1\" content=\"2 minutes\" \/>\n\t<meta name=\"twitter:label2\" content=\"Written by\" \/>\n\t<meta name=\"twitter:data2\" content=\"FotoDoc\" \/>\n<script type=\"application\/ld+json\" class=\"yoast-schema-graph\">{\"@context\":\"https:\\\/\\\/schema.org\",\"@graph\":[{\"@type\":\"WebPage\",\"@id\":\"https:\\\/\\\/fotodoc.com.br\\\/produto\\\/a-cidade-como-espelho-fotografia-de-rua-workshop-com-gustavo-minas\\\/\",\"url\":\"https:\\\/\\\/fotodoc.com.br\\\/produto\\\/a-cidade-como-espelho-fotografia-de-rua-workshop-com-gustavo-minas\\\/\",\"name\":\"A Cidade Como Espelho \u2013 Fotografia de Rua, Workshop com Gustavo Minas - FotoDoc\",\"isPartOf\":{\"@id\":\"https:\\\/\\\/fotodoc.com.br\\\/#website\"},\"primaryImageOfPage\":{\"@id\":\"https:\\\/\\\/fotodoc.com.br\\\/produto\\\/a-cidade-como-espelho-fotografia-de-rua-workshop-com-gustavo-minas\\\/#primaryimage\"},\"image\":{\"@id\":\"https:\\\/\\\/fotodoc.com.br\\\/produto\\\/a-cidade-como-espelho-fotografia-de-rua-workshop-com-gustavo-minas\\\/#primaryimage\"},\"thumbnailUrl\":\"https:\\\/\\\/fotodoc.com.br\\\/wp-content\\\/uploads\\\/2025\\\/09\\\/capaws-Gustavo-Minas-FotoDoc2025-9.jpg\",\"datePublished\":\"2025-09-02T15:22:32+00:00\",\"dateModified\":\"2025-10-24T19:41:17+00:00\",\"breadcrumb\":{\"@id\":\"https:\\\/\\\/fotodoc.com.br\\\/produto\\\/a-cidade-como-espelho-fotografia-de-rua-workshop-com-gustavo-minas\\\/#breadcrumb\"},\"inLanguage\":\"en-US\",\"potentialAction\":[{\"@type\":\"ReadAction\",\"target\":[\"https:\\\/\\\/fotodoc.com.br\\\/produto\\\/a-cidade-como-espelho-fotografia-de-rua-workshop-com-gustavo-minas\\\/\"]}]},{\"@type\":\"ImageObject\",\"inLanguage\":\"en-US\",\"@id\":\"https:\\\/\\\/fotodoc.com.br\\\/produto\\\/a-cidade-como-espelho-fotografia-de-rua-workshop-com-gustavo-minas\\\/#primaryimage\",\"url\":\"https:\\\/\\\/fotodoc.com.br\\\/wp-content\\\/uploads\\\/2025\\\/09\\\/capaws-Gustavo-Minas-FotoDoc2025-9.jpg\",\"contentUrl\":\"https:\\\/\\\/fotodoc.com.br\\\/wp-content\\\/uploads\\\/2025\\\/09\\\/capaws-Gustavo-Minas-FotoDoc2025-9.jpg\",\"width\":1920,\"height\":1280},{\"@type\":\"BreadcrumbList\",\"@id\":\"https:\\\/\\\/fotodoc.com.br\\\/produto\\\/a-cidade-como-espelho-fotografia-de-rua-workshop-com-gustavo-minas\\\/#breadcrumb\",\"itemListElement\":[{\"@type\":\"ListItem\",\"position\":1,\"name\":\"In\u00edcio\",\"item\":\"https:\\\/\\\/fotodoc.com.br\\\/en\\\/\"},{\"@type\":\"ListItem\",\"position\":2,\"name\":\"Produtos\",\"item\":\"https:\\\/\\\/fotodoc.com.br\\\/produtos\\\/\"},{\"@type\":\"ListItem\",\"position\":3,\"name\":\"A Cidade Como Espelho \u2013 Fotografia de Rua, Workshop com Gustavo Minas\"}]},{\"@type\":\"WebSite\",\"@id\":\"https:\\\/\\\/fotodoc.com.br\\\/#website\",\"url\":\"https:\\\/\\\/fotodoc.com.br\\\/\",\"name\":\"FotoDoc\",\"description\":\"Festival de Fotografia Documental\",\"publisher\":{\"@id\":\"https:\\\/\\\/fotodoc.com.br\\\/#organization\"},\"potentialAction\":[{\"@type\":\"SearchAction\",\"target\":{\"@type\":\"EntryPoint\",\"urlTemplate\":\"https:\\\/\\\/fotodoc.com.br\\\/?s={search_term_string}\"},\"query-input\":{\"@type\":\"PropertyValueSpecification\",\"valueRequired\":true,\"valueName\":\"search_term_string\"}}],\"inLanguage\":\"en-US\"},{\"@type\":\"Organization\",\"@id\":\"https:\\\/\\\/fotodoc.com.br\\\/#organization\",\"name\":\"Festival Fotodoc\",\"url\":\"https:\\\/\\\/fotodoc.com.br\\\/\",\"logo\":{\"@type\":\"ImageObject\",\"inLanguage\":\"en-US\",\"@id\":\"https:\\\/\\\/fotodoc.com.br\\\/#\\\/schema\\\/logo\\\/image\\\/\",\"url\":\"https:\\\/\\\/fotodoc.com.br\\\/wp-content\\\/uploads\\\/2022\\\/03\\\/FotoDoc-224px.png\",\"contentUrl\":\"https:\\\/\\\/fotodoc.com.br\\\/wp-content\\\/uploads\\\/2022\\\/03\\\/FotoDoc-224px.png\",\"width\":224,\"height\":90,\"caption\":\"Festival Fotodoc\"},\"image\":{\"@id\":\"https:\\\/\\\/fotodoc.com.br\\\/#\\\/schema\\\/logo\\\/image\\\/\"},\"sameAs\":[\"https:\\\/\\\/www.facebook.com\\\/festivalfotodoc\",\"https:\\\/\\\/www.instagram.com\\\/festivalfotodoc\\\/\"]}]}<\/script>\n<!-- \/ Yoast SEO plugin. -->","yoast_head_json":{"title":"A Cidade Como Espelho \u2013 Fotografia de Rua, Workshop com Gustavo Minas - FotoDoc","robots":{"index":"index","follow":"follow","max-snippet":"max-snippet:-1","max-image-preview":"max-image-preview:large","max-video-preview":"max-video-preview:-1"},"canonical":"https:\/\/fotodoc.com.br\/produto\/a-cidade-como-espelho-fotografia-de-rua-workshop-com-gustavo-minas\/","og_locale":"en_US","og_type":"article","og_title":"A Cidade Como Espelho \u2013 Fotografia de Rua, Workshop com Gustavo Minas - FotoDoc","og_description":"S\u00c1BADO, 8 DE NOVEMBRO DE 2025, DAS 10H \u00c0S 12H30 A fotografia de rua vive uma era dourada, mas como transcender o registro casual e criar imagens com voz pr\u00f3pria? Neste workshop, Gustavo Minas, refer\u00eancia nacional no g\u00eanero, vai al\u00e9m da t\u00e9cnica para explorar a constru\u00e7\u00e3o de um olhar pessoal e consistente. Ele discute como transformar cenas do cotidiano em narrativas visuais poderosas, que revelam n\u00e3o apenas o que se v\u00ea, mas a singular interpreta\u00e7\u00e3o do fot\u00f3grafo. Os participantes mergulhar\u00e3o em aspectos fundamentais como o uso criativo da luz, a composi\u00e7\u00e3o para al\u00e9m do \u00f3bvio, e a import\u00e2ncia de se alimentar de refer\u00eancias hist\u00f3ricas. Gustavo compartilhar\u00e1 seu processo para editar e sequenciar trabalhos, seja para web ou publica\u00e7\u00f5es impressas, guiando os fot\u00f3grafos na jornada de desenvolver um corpo de trabalho que seja um espelho \u00fanico de sua vis\u00e3o de mundo.","og_url":"https:\/\/fotodoc.com.br\/produto\/a-cidade-como-espelho-fotografia-de-rua-workshop-com-gustavo-minas\/","og_site_name":"FotoDoc","article_publisher":"https:\/\/www.facebook.com\/festivalfotodoc","article_modified_time":"2025-10-24T19:41:17+00:00","og_image":[{"width":1920,"height":1280,"url":"https:\/\/fotodoc.com.br\/wp-content\/uploads\/2025\/09\/capaws-Gustavo-Minas-FotoDoc2025-9.jpg","type":"image\/jpeg"}],"twitter_card":"summary_large_image","twitter_misc":{"Est. reading time":"2 minutes","Written by":"FotoDoc"},"schema":{"@context":"https:\/\/schema.org","@graph":[{"@type":"WebPage","@id":"https:\/\/fotodoc.com.br\/produto\/a-cidade-como-espelho-fotografia-de-rua-workshop-com-gustavo-minas\/","url":"https:\/\/fotodoc.com.br\/produto\/a-cidade-como-espelho-fotografia-de-rua-workshop-com-gustavo-minas\/","name":"A Cidade Como Espelho \u2013 Fotografia de Rua, Workshop com Gustavo Minas - FotoDoc","isPartOf":{"@id":"https:\/\/fotodoc.com.br\/#website"},"primaryImageOfPage":{"@id":"https:\/\/fotodoc.com.br\/produto\/a-cidade-como-espelho-fotografia-de-rua-workshop-com-gustavo-minas\/#primaryimage"},"image":{"@id":"https:\/\/fotodoc.com.br\/produto\/a-cidade-como-espelho-fotografia-de-rua-workshop-com-gustavo-minas\/#primaryimage"},"thumbnailUrl":"https:\/\/fotodoc.com.br\/wp-content\/uploads\/2025\/09\/capaws-Gustavo-Minas-FotoDoc2025-9.jpg","datePublished":"2025-09-02T15:22:32+00:00","dateModified":"2025-10-24T19:41:17+00:00","breadcrumb":{"@id":"https:\/\/fotodoc.com.br\/produto\/a-cidade-como-espelho-fotografia-de-rua-workshop-com-gustavo-minas\/#breadcrumb"},"inLanguage":"en-US","potentialAction":[{"@type":"ReadAction","target":["https:\/\/fotodoc.com.br\/produto\/a-cidade-como-espelho-fotografia-de-rua-workshop-com-gustavo-minas\/"]}]},{"@type":"ImageObject","inLanguage":"en-US","@id":"https:\/\/fotodoc.com.br\/produto\/a-cidade-como-espelho-fotografia-de-rua-workshop-com-gustavo-minas\/#primaryimage","url":"https:\/\/fotodoc.com.br\/wp-content\/uploads\/2025\/09\/capaws-Gustavo-Minas-FotoDoc2025-9.jpg","contentUrl":"https:\/\/fotodoc.com.br\/wp-content\/uploads\/2025\/09\/capaws-Gustavo-Minas-FotoDoc2025-9.jpg","width":1920,"height":1280},{"@type":"BreadcrumbList","@id":"https:\/\/fotodoc.com.br\/produto\/a-cidade-como-espelho-fotografia-de-rua-workshop-com-gustavo-minas\/#breadcrumb","itemListElement":[{"@type":"ListItem","position":1,"name":"In\u00edcio","item":"https:\/\/fotodoc.com.br\/en\/"},{"@type":"ListItem","position":2,"name":"Produtos","item":"https:\/\/fotodoc.com.br\/produtos\/"},{"@type":"ListItem","position":3,"name":"A Cidade Como Espelho \u2013 Fotografia de Rua, Workshop com Gustavo Minas"}]},{"@type":"WebSite","@id":"https:\/\/fotodoc.com.br\/#website","url":"https:\/\/fotodoc.com.br\/","name":"FotoDoc","description":"Festival de Fotografia Documental","publisher":{"@id":"https:\/\/fotodoc.com.br\/#organization"},"potentialAction":[{"@type":"SearchAction","target":{"@type":"EntryPoint","urlTemplate":"https:\/\/fotodoc.com.br\/?s={search_term_string}"},"query-input":{"@type":"PropertyValueSpecification","valueRequired":true,"valueName":"search_term_string"}}],"inLanguage":"en-US"},{"@type":"Organization","@id":"https:\/\/fotodoc.com.br\/#organization","name":"Festival Fotodoc","url":"https:\/\/fotodoc.com.br\/","logo":{"@type":"ImageObject","inLanguage":"en-US","@id":"https:\/\/fotodoc.com.br\/#\/schema\/logo\/image\/","url":"https:\/\/fotodoc.com.br\/wp-content\/uploads\/2022\/03\/FotoDoc-224px.png","contentUrl":"https:\/\/fotodoc.com.br\/wp-content\/uploads\/2022\/03\/FotoDoc-224px.png","width":224,"height":90,"caption":"Festival Fotodoc"},"image":{"@id":"https:\/\/fotodoc.com.br\/#\/schema\/logo\/image\/"},"sameAs":["https:\/\/www.facebook.com\/festivalfotodoc","https:\/\/www.instagram.com\/festivalfotodoc\/"]}]}},"_links":{"self":[{"href":"https:\/\/fotodoc.com.br\/en\/wp-json\/wp\/v2\/product\/55711","targetHints":{"allow":["GET"]}}],"collection":[{"href":"https:\/\/fotodoc.com.br\/en\/wp-json\/wp\/v2\/product"}],"about":[{"href":"https:\/\/fotodoc.com.br\/en\/wp-json\/wp\/v2\/types\/product"}],"wp:featuredmedia":[{"embeddable":true,"href":"https:\/\/fotodoc.com.br\/en\/wp-json\/wp\/v2\/media\/55626"}],"wp:attachment":[{"href":"https:\/\/fotodoc.com.br\/en\/wp-json\/wp\/v2\/media?parent=55711"}],"wp:term":[{"taxonomy":"product_brand","embeddable":true,"href":"https:\/\/fotodoc.com.br\/en\/wp-json\/wp\/v2\/product_brand?post=55711"},{"taxonomy":"product_cat","embeddable":true,"href":"https:\/\/fotodoc.com.br\/en\/wp-json\/wp\/v2\/product_cat?post=55711"},{"taxonomy":"product_tag","embeddable":true,"href":"https:\/\/fotodoc.com.br\/en\/wp-json\/wp\/v2\/product_tag?post=55711"}],"curies":[{"name":"wp","href":"https:\/\/api.w.org\/{rel}","templated":true}]}}