{"id":55715,"date":"2025-09-02T12:29:02","date_gmt":"2025-09-02T15:29:02","guid":{"rendered":"https:\/\/fotodoc.com.br\/?post_type=product&#038;p=55715"},"modified":"2025-09-02T12:37:08","modified_gmt":"2025-09-02T15:37:08","slug":"a-paixao-e-a-cumplicidade-no-fotodocumentario-workshop-com-ana-carolina-fernandes","status":"publish","type":"product","link":"https:\/\/fotodoc.com.br\/en\/produto\/a-paixao-e-a-cumplicidade-no-fotodocumentario-workshop-com-ana-carolina-fernandes\/","title":{"rendered":"A Paix\u00e3o e a Cumplicidade no Fotodocument\u00e1rio, Workshop com Ana Carolina Fernandes"},"content":{"rendered":"<h3>A Paix\u00e3o e a Cumplicidade no Fotodocument\u00e1rio, Workshop com Ana Carolina Fernandes<\/h3>\n<h4>A fot\u00f3grafa <strong>Ana Carolina Fernandes<\/strong> compartilha sua trajet\u00f3ria e reflex\u00f5es sobre o processo de cria\u00e7\u00e3o no document\u00e1rio autoral. A partir de sua experi\u00eancia em trabalhos marcantes, como o ensaio Mem de S\u00e1, sobre a vida das travestis, Ana Carolina mostra como o encontro, o timing e a paix\u00e3o pelo tema s\u00e3o elementos decisivos na constru\u00e7\u00e3o de uma narrativa fotogr\u00e1fica.<\/h4>\n<h4>Mais do que a escolha do assunto, o que sustenta um trabalho documental \u00e9 o envolvimento profundo: tempo, entrega e, sobretudo, a cumplicidade entre fot\u00f3grafo e fotografado. No workshop, Ana Carolina prop\u00f5e uma conversa franca sobre os bastidores de sua produ\u00e7\u00e3o, os desafios de transformar fasc\u00ednio em projeto e como essa entrega pode revelar hist\u00f3rias capazes de atravessar o tempo.<\/h4>\n<h4>Data:<br \/>\nS\u00e1bado, 8 de novembro de 2025<br \/>\ndas 10h \u00e0s 12h30<\/h4>\n<h4>Aten\u00e7\u00e3o: Cancelamentos com menos de uma semana para o in\u00edcio do evento ser\u00e3o reembolsados em 50%<\/h4>\n","protected":false},"excerpt":{"rendered":"<h3>S\u00c1BADO, 8 DE NOVEMBRO DE 2025, DAS 10H \u00c0S 12H30<\/h3>\n<h4>A fot\u00f3grafa <strong>Ana Carolina Fernandes<\/strong> compartilha sua trajet\u00f3ria e reflex\u00f5es sobre o processo de cria\u00e7\u00e3o no document\u00e1rio autoral. A partir de sua experi\u00eancia em trabalhos marcantes, como o ensaio Mem de S\u00e1, sobre a vida das travestis, Ana Carolina mostra como o encontro, o timing e a paix\u00e3o pelo tema s\u00e3o elementos decisivos na constru\u00e7\u00e3o de uma narrativa fotogr\u00e1fica.<\/h4>\n<h4>Mais do que a escolha do assunto, o que sustenta um trabalho documental \u00e9 o envolvimento profundo: tempo, entrega e, sobretudo, a cumplicidade entre fot\u00f3grafo e fotografado. No workshop, Ana Carolina prop\u00f5e uma conversa franca sobre os bastidores de sua produ\u00e7\u00e3o, os desafios de transformar fasc\u00ednio em projeto e como essa entrega pode revelar hist\u00f3rias capazes de atravessar o tempo.<\/h4>\n","protected":false},"featured_media":55628,"template":"","meta":{"_acf_changed":false},"product_brand":[],"product_cat":[399],"product_tag":[2749,2743,2744],"class_list":{"0":"post-55715","1":"product","2":"type-product","3":"status-publish","4":"has-post-thumbnail","6":"product_cat-workshops","7":"product_tag-ana-carolina-fernandes","8":"product_tag-festival-fotodoc-2025","9":"product_tag-workshop-2025","11":"first","12":"instock","13":"virtual","14":"purchasable","15":"product-type-simple"},"acf":[],"yoast_head":"<!-- This site is optimized with the Yoast SEO plugin v27.3 - https:\/\/yoast.com\/product\/yoast-seo-wordpress\/ -->\n<title>A Paix\u00e3o e a Cumplicidade no Fotodocument\u00e1rio, Workshop com Ana Carolina Fernandes - FotoDoc<\/title>\n<meta name=\"robots\" content=\"index, follow, max-snippet:-1, max-image-preview:large, max-video-preview:-1\" \/>\n<link rel=\"canonical\" href=\"https:\/\/fotodoc.com.br\/produto\/a-paixao-e-a-cumplicidade-no-fotodocumentario-workshop-com-ana-carolina-fernandes\/\" \/>\n<meta property=\"og:locale\" content=\"en_US\" \/>\n<meta property=\"og:type\" content=\"article\" \/>\n<meta property=\"og:title\" content=\"A Paix\u00e3o e a Cumplicidade no Fotodocument\u00e1rio, Workshop com Ana Carolina Fernandes - FotoDoc\" \/>\n<meta property=\"og:description\" content=\"S\u00c1BADO, 8 DE NOVEMBRO DE 2025, DAS 10H \u00c0S 12H30 A fot\u00f3grafa Ana Carolina Fernandes compartilha sua trajet\u00f3ria e reflex\u00f5es sobre o processo de cria\u00e7\u00e3o no document\u00e1rio autoral. A partir de sua experi\u00eancia em trabalhos marcantes, como o ensaio Mem de S\u00e1, sobre a vida das travestis, Ana Carolina mostra como o encontro, o timing e a paix\u00e3o pelo tema s\u00e3o elementos decisivos na constru\u00e7\u00e3o de uma narrativa fotogr\u00e1fica. Mais do que a escolha do assunto, o que sustenta um trabalho documental \u00e9 o envolvimento profundo: tempo, entrega e, sobretudo, a cumplicidade entre fot\u00f3grafo e fotografado. No workshop, Ana Carolina prop\u00f5e uma conversa franca sobre os bastidores de sua produ\u00e7\u00e3o, os desafios de transformar fasc\u00ednio em projeto e como essa entrega pode revelar hist\u00f3rias capazes de atravessar o tempo.\" \/>\n<meta property=\"og:url\" content=\"https:\/\/fotodoc.com.br\/produto\/a-paixao-e-a-cumplicidade-no-fotodocumentario-workshop-com-ana-carolina-fernandes\/\" \/>\n<meta property=\"og:site_name\" content=\"FotoDoc\" \/>\n<meta property=\"article:publisher\" content=\"https:\/\/www.facebook.com\/festivalfotodoc\" \/>\n<meta property=\"article:modified_time\" content=\"2025-09-02T15:37:08+00:00\" \/>\n<meta property=\"og:image\" content=\"https:\/\/fotodoc.com.br\/wp-content\/uploads\/2025\/09\/capaws-Ana-Carolina-Fernandes-FotoDoc2025-1.jpg\" \/>\n\t<meta property=\"og:image:width\" content=\"1920\" \/>\n\t<meta property=\"og:image:height\" content=\"1280\" \/>\n\t<meta property=\"og:image:type\" content=\"image\/jpeg\" \/>\n<meta name=\"twitter:card\" content=\"summary_large_image\" \/>\n<meta name=\"twitter:label1\" content=\"Est. reading time\" \/>\n\t<meta name=\"twitter:data1\" content=\"2 minutes\" \/>\n\t<meta name=\"twitter:label2\" content=\"Written by\" \/>\n\t<meta name=\"twitter:data2\" content=\"FotoDoc\" \/>\n<script type=\"application\/ld+json\" class=\"yoast-schema-graph\">{\"@context\":\"https:\\\/\\\/schema.org\",\"@graph\":[{\"@type\":\"WebPage\",\"@id\":\"https:\\\/\\\/fotodoc.com.br\\\/produto\\\/a-paixao-e-a-cumplicidade-no-fotodocumentario-workshop-com-ana-carolina-fernandes\\\/\",\"url\":\"https:\\\/\\\/fotodoc.com.br\\\/produto\\\/a-paixao-e-a-cumplicidade-no-fotodocumentario-workshop-com-ana-carolina-fernandes\\\/\",\"name\":\"A Paix\u00e3o e a Cumplicidade no Fotodocument\u00e1rio, Workshop com Ana Carolina Fernandes - FotoDoc\",\"isPartOf\":{\"@id\":\"https:\\\/\\\/fotodoc.com.br\\\/#website\"},\"primaryImageOfPage\":{\"@id\":\"https:\\\/\\\/fotodoc.com.br\\\/produto\\\/a-paixao-e-a-cumplicidade-no-fotodocumentario-workshop-com-ana-carolina-fernandes\\\/#primaryimage\"},\"image\":{\"@id\":\"https:\\\/\\\/fotodoc.com.br\\\/produto\\\/a-paixao-e-a-cumplicidade-no-fotodocumentario-workshop-com-ana-carolina-fernandes\\\/#primaryimage\"},\"thumbnailUrl\":\"https:\\\/\\\/fotodoc.com.br\\\/wp-content\\\/uploads\\\/2025\\\/09\\\/capaws-Ana-Carolina-Fernandes-FotoDoc2025-1.jpg\",\"datePublished\":\"2025-09-02T15:29:02+00:00\",\"dateModified\":\"2025-09-02T15:37:08+00:00\",\"breadcrumb\":{\"@id\":\"https:\\\/\\\/fotodoc.com.br\\\/produto\\\/a-paixao-e-a-cumplicidade-no-fotodocumentario-workshop-com-ana-carolina-fernandes\\\/#breadcrumb\"},\"inLanguage\":\"en-US\",\"potentialAction\":[{\"@type\":\"ReadAction\",\"target\":[\"https:\\\/\\\/fotodoc.com.br\\\/produto\\\/a-paixao-e-a-cumplicidade-no-fotodocumentario-workshop-com-ana-carolina-fernandes\\\/\"]}]},{\"@type\":\"ImageObject\",\"inLanguage\":\"en-US\",\"@id\":\"https:\\\/\\\/fotodoc.com.br\\\/produto\\\/a-paixao-e-a-cumplicidade-no-fotodocumentario-workshop-com-ana-carolina-fernandes\\\/#primaryimage\",\"url\":\"https:\\\/\\\/fotodoc.com.br\\\/wp-content\\\/uploads\\\/2025\\\/09\\\/capaws-Ana-Carolina-Fernandes-FotoDoc2025-1.jpg\",\"contentUrl\":\"https:\\\/\\\/fotodoc.com.br\\\/wp-content\\\/uploads\\\/2025\\\/09\\\/capaws-Ana-Carolina-Fernandes-FotoDoc2025-1.jpg\",\"width\":1920,\"height\":1280},{\"@type\":\"BreadcrumbList\",\"@id\":\"https:\\\/\\\/fotodoc.com.br\\\/produto\\\/a-paixao-e-a-cumplicidade-no-fotodocumentario-workshop-com-ana-carolina-fernandes\\\/#breadcrumb\",\"itemListElement\":[{\"@type\":\"ListItem\",\"position\":1,\"name\":\"In\u00edcio\",\"item\":\"https:\\\/\\\/fotodoc.com.br\\\/en\\\/\"},{\"@type\":\"ListItem\",\"position\":2,\"name\":\"Produtos\",\"item\":\"https:\\\/\\\/fotodoc.com.br\\\/produtos\\\/\"},{\"@type\":\"ListItem\",\"position\":3,\"name\":\"A Paix\u00e3o e a Cumplicidade no Fotodocument\u00e1rio, Workshop com Ana Carolina Fernandes\"}]},{\"@type\":\"WebSite\",\"@id\":\"https:\\\/\\\/fotodoc.com.br\\\/#website\",\"url\":\"https:\\\/\\\/fotodoc.com.br\\\/\",\"name\":\"FotoDoc\",\"description\":\"Festival de Fotografia Documental\",\"publisher\":{\"@id\":\"https:\\\/\\\/fotodoc.com.br\\\/#organization\"},\"potentialAction\":[{\"@type\":\"SearchAction\",\"target\":{\"@type\":\"EntryPoint\",\"urlTemplate\":\"https:\\\/\\\/fotodoc.com.br\\\/?s={search_term_string}\"},\"query-input\":{\"@type\":\"PropertyValueSpecification\",\"valueRequired\":true,\"valueName\":\"search_term_string\"}}],\"inLanguage\":\"en-US\"},{\"@type\":\"Organization\",\"@id\":\"https:\\\/\\\/fotodoc.com.br\\\/#organization\",\"name\":\"Festival Fotodoc\",\"url\":\"https:\\\/\\\/fotodoc.com.br\\\/\",\"logo\":{\"@type\":\"ImageObject\",\"inLanguage\":\"en-US\",\"@id\":\"https:\\\/\\\/fotodoc.com.br\\\/#\\\/schema\\\/logo\\\/image\\\/\",\"url\":\"https:\\\/\\\/fotodoc.com.br\\\/wp-content\\\/uploads\\\/2022\\\/03\\\/FotoDoc-224px.png\",\"contentUrl\":\"https:\\\/\\\/fotodoc.com.br\\\/wp-content\\\/uploads\\\/2022\\\/03\\\/FotoDoc-224px.png\",\"width\":224,\"height\":90,\"caption\":\"Festival Fotodoc\"},\"image\":{\"@id\":\"https:\\\/\\\/fotodoc.com.br\\\/#\\\/schema\\\/logo\\\/image\\\/\"},\"sameAs\":[\"https:\\\/\\\/www.facebook.com\\\/festivalfotodoc\",\"https:\\\/\\\/www.instagram.com\\\/festivalfotodoc\\\/\"]}]}<\/script>\n<!-- \/ Yoast SEO plugin. -->","yoast_head_json":{"title":"A Paix\u00e3o e a Cumplicidade no Fotodocument\u00e1rio, Workshop com Ana Carolina Fernandes - FotoDoc","robots":{"index":"index","follow":"follow","max-snippet":"max-snippet:-1","max-image-preview":"max-image-preview:large","max-video-preview":"max-video-preview:-1"},"canonical":"https:\/\/fotodoc.com.br\/produto\/a-paixao-e-a-cumplicidade-no-fotodocumentario-workshop-com-ana-carolina-fernandes\/","og_locale":"en_US","og_type":"article","og_title":"A Paix\u00e3o e a Cumplicidade no Fotodocument\u00e1rio, Workshop com Ana Carolina Fernandes - FotoDoc","og_description":"S\u00c1BADO, 8 DE NOVEMBRO DE 2025, DAS 10H \u00c0S 12H30 A fot\u00f3grafa Ana Carolina Fernandes compartilha sua trajet\u00f3ria e reflex\u00f5es sobre o processo de cria\u00e7\u00e3o no document\u00e1rio autoral. A partir de sua experi\u00eancia em trabalhos marcantes, como o ensaio Mem de S\u00e1, sobre a vida das travestis, Ana Carolina mostra como o encontro, o timing e a paix\u00e3o pelo tema s\u00e3o elementos decisivos na constru\u00e7\u00e3o de uma narrativa fotogr\u00e1fica. Mais do que a escolha do assunto, o que sustenta um trabalho documental \u00e9 o envolvimento profundo: tempo, entrega e, sobretudo, a cumplicidade entre fot\u00f3grafo e fotografado. No workshop, Ana Carolina prop\u00f5e uma conversa franca sobre os bastidores de sua produ\u00e7\u00e3o, os desafios de transformar fasc\u00ednio em projeto e como essa entrega pode revelar hist\u00f3rias capazes de atravessar o tempo.","og_url":"https:\/\/fotodoc.com.br\/produto\/a-paixao-e-a-cumplicidade-no-fotodocumentario-workshop-com-ana-carolina-fernandes\/","og_site_name":"FotoDoc","article_publisher":"https:\/\/www.facebook.com\/festivalfotodoc","article_modified_time":"2025-09-02T15:37:08+00:00","og_image":[{"width":1920,"height":1280,"url":"https:\/\/fotodoc.com.br\/wp-content\/uploads\/2025\/09\/capaws-Ana-Carolina-Fernandes-FotoDoc2025-1.jpg","type":"image\/jpeg"}],"twitter_card":"summary_large_image","twitter_misc":{"Est. reading time":"2 minutes","Written by":"FotoDoc"},"schema":{"@context":"https:\/\/schema.org","@graph":[{"@type":"WebPage","@id":"https:\/\/fotodoc.com.br\/produto\/a-paixao-e-a-cumplicidade-no-fotodocumentario-workshop-com-ana-carolina-fernandes\/","url":"https:\/\/fotodoc.com.br\/produto\/a-paixao-e-a-cumplicidade-no-fotodocumentario-workshop-com-ana-carolina-fernandes\/","name":"A Paix\u00e3o e a Cumplicidade no Fotodocument\u00e1rio, Workshop com Ana Carolina Fernandes - FotoDoc","isPartOf":{"@id":"https:\/\/fotodoc.com.br\/#website"},"primaryImageOfPage":{"@id":"https:\/\/fotodoc.com.br\/produto\/a-paixao-e-a-cumplicidade-no-fotodocumentario-workshop-com-ana-carolina-fernandes\/#primaryimage"},"image":{"@id":"https:\/\/fotodoc.com.br\/produto\/a-paixao-e-a-cumplicidade-no-fotodocumentario-workshop-com-ana-carolina-fernandes\/#primaryimage"},"thumbnailUrl":"https:\/\/fotodoc.com.br\/wp-content\/uploads\/2025\/09\/capaws-Ana-Carolina-Fernandes-FotoDoc2025-1.jpg","datePublished":"2025-09-02T15:29:02+00:00","dateModified":"2025-09-02T15:37:08+00:00","breadcrumb":{"@id":"https:\/\/fotodoc.com.br\/produto\/a-paixao-e-a-cumplicidade-no-fotodocumentario-workshop-com-ana-carolina-fernandes\/#breadcrumb"},"inLanguage":"en-US","potentialAction":[{"@type":"ReadAction","target":["https:\/\/fotodoc.com.br\/produto\/a-paixao-e-a-cumplicidade-no-fotodocumentario-workshop-com-ana-carolina-fernandes\/"]}]},{"@type":"ImageObject","inLanguage":"en-US","@id":"https:\/\/fotodoc.com.br\/produto\/a-paixao-e-a-cumplicidade-no-fotodocumentario-workshop-com-ana-carolina-fernandes\/#primaryimage","url":"https:\/\/fotodoc.com.br\/wp-content\/uploads\/2025\/09\/capaws-Ana-Carolina-Fernandes-FotoDoc2025-1.jpg","contentUrl":"https:\/\/fotodoc.com.br\/wp-content\/uploads\/2025\/09\/capaws-Ana-Carolina-Fernandes-FotoDoc2025-1.jpg","width":1920,"height":1280},{"@type":"BreadcrumbList","@id":"https:\/\/fotodoc.com.br\/produto\/a-paixao-e-a-cumplicidade-no-fotodocumentario-workshop-com-ana-carolina-fernandes\/#breadcrumb","itemListElement":[{"@type":"ListItem","position":1,"name":"In\u00edcio","item":"https:\/\/fotodoc.com.br\/en\/"},{"@type":"ListItem","position":2,"name":"Produtos","item":"https:\/\/fotodoc.com.br\/produtos\/"},{"@type":"ListItem","position":3,"name":"A Paix\u00e3o e a Cumplicidade no Fotodocument\u00e1rio, Workshop com Ana Carolina Fernandes"}]},{"@type":"WebSite","@id":"https:\/\/fotodoc.com.br\/#website","url":"https:\/\/fotodoc.com.br\/","name":"FotoDoc","description":"Festival de Fotografia Documental","publisher":{"@id":"https:\/\/fotodoc.com.br\/#organization"},"potentialAction":[{"@type":"SearchAction","target":{"@type":"EntryPoint","urlTemplate":"https:\/\/fotodoc.com.br\/?s={search_term_string}"},"query-input":{"@type":"PropertyValueSpecification","valueRequired":true,"valueName":"search_term_string"}}],"inLanguage":"en-US"},{"@type":"Organization","@id":"https:\/\/fotodoc.com.br\/#organization","name":"Festival Fotodoc","url":"https:\/\/fotodoc.com.br\/","logo":{"@type":"ImageObject","inLanguage":"en-US","@id":"https:\/\/fotodoc.com.br\/#\/schema\/logo\/image\/","url":"https:\/\/fotodoc.com.br\/wp-content\/uploads\/2022\/03\/FotoDoc-224px.png","contentUrl":"https:\/\/fotodoc.com.br\/wp-content\/uploads\/2022\/03\/FotoDoc-224px.png","width":224,"height":90,"caption":"Festival Fotodoc"},"image":{"@id":"https:\/\/fotodoc.com.br\/#\/schema\/logo\/image\/"},"sameAs":["https:\/\/www.facebook.com\/festivalfotodoc","https:\/\/www.instagram.com\/festivalfotodoc\/"]}]}},"_links":{"self":[{"href":"https:\/\/fotodoc.com.br\/en\/wp-json\/wp\/v2\/product\/55715","targetHints":{"allow":["GET"]}}],"collection":[{"href":"https:\/\/fotodoc.com.br\/en\/wp-json\/wp\/v2\/product"}],"about":[{"href":"https:\/\/fotodoc.com.br\/en\/wp-json\/wp\/v2\/types\/product"}],"wp:featuredmedia":[{"embeddable":true,"href":"https:\/\/fotodoc.com.br\/en\/wp-json\/wp\/v2\/media\/55628"}],"wp:attachment":[{"href":"https:\/\/fotodoc.com.br\/en\/wp-json\/wp\/v2\/media?parent=55715"}],"wp:term":[{"taxonomy":"product_brand","embeddable":true,"href":"https:\/\/fotodoc.com.br\/en\/wp-json\/wp\/v2\/product_brand?post=55715"},{"taxonomy":"product_cat","embeddable":true,"href":"https:\/\/fotodoc.com.br\/en\/wp-json\/wp\/v2\/product_cat?post=55715"},{"taxonomy":"product_tag","embeddable":true,"href":"https:\/\/fotodoc.com.br\/en\/wp-json\/wp\/v2\/product_tag?post=55715"}],"curies":[{"name":"wp","href":"https:\/\/api.w.org\/{rel}","templated":true}]}}