{"id":55740,"date":"2025-09-02T16:13:09","date_gmt":"2025-09-02T19:13:09","guid":{"rendered":"https:\/\/fotodoc.com.br\/?post_type=product&#038;p=55740"},"modified":"2025-11-05T11:28:56","modified_gmt":"2025-11-05T14:28:56","slug":"leitura-de-portfolio-com-valdemir-cunha-festival-fotodoc-2025-06-11-15h-17h","status":"publish","type":"product","link":"https:\/\/fotodoc.com.br\/en\/produto\/leitura-de-portfolio-com-valdemir-cunha-festival-fotodoc-2025-06-11-15h-17h\/","title":{"rendered":"Leitura de Portf\u00f3lio com Valdemir Cunha &#8211; Festival FotoDoc 2025 &#8211; 06\/11 -15h-17h"},"content":{"rendered":"<h3>Leitura de Portf\u00f3lio com <a href=\"https:\/\/fotodoc.com.br\/convidados\/valdemir-cunha\/\" target=\"_blank\" rel=\"noopener\"><strong>Valdemir Cunha<\/strong><\/a><\/h3>\n<h4>As leituras de portf\u00f3lio s\u00e3o avalia\u00e7\u00f5es individuais de trabalhos de fot\u00f3grafos. Os participantes levam um conjunto de 15 a 30 imagens impressas e apresentam essas imagens em uma mesa a um profissional qualificado para analis\u00e1-las e trazer contribui\u00e7\u00f5es para a evolu\u00e7\u00e3o do trabalho e sua inser\u00e7\u00e3o no mercado. Cada leitura de portf\u00f3lio tem dura\u00e7\u00e3o de 20 minutos.<\/h4>\n<h4>A atividade ocorre apenas de maneira presencial e \u00e9 realizada por curadores, editores e galeristas. A mesa para as Leituras de Portf\u00f3lio estar\u00e1 no espa\u00e7o da Galeria. Ser\u00e3o realizadas 48 Leituras de Portf\u00f3lio, no valor de R$ 80 cada, com bolsa integral para 50% das vagas, a partir de crit\u00e9rios s\u00f3cio-econ\u00f4micos.<\/h4>\n<h4>Data:<br \/>\n<strong>Quinta, 6 de novembro de 2025<\/strong><br \/>\n<strong>das 15h \u00e0s 17h &#8211; cada Leitura tem dura\u00e7\u00e3o de 20 minutos<\/strong><\/h4>\n<h4>As vagas ser\u00e3o preenchidas por ordem de inscri\u00e7\u00e3o, do primeiro hor\u00e1rio para o \u00faltimo. Assim que recebermos sua inscri\u00e7\u00e3o entraremos em contato para confirmar o hor\u00e1rio exato da sua Leitura.<\/h4>\n<h4>Aten\u00e7\u00e3o:<\/h4>\n<h4>Cancelamentos com menos de uma semana para o in\u00edcio do evento ser\u00e3o reembolsados em 50%<\/h4>\n<h4>O participante deve chegar pelo menos 15 minutos antes do seu hor\u00e1rio de leitura<\/h4>\n<h4>Participantes que n\u00e3o se apresentarem no hor\u00e1rio correto e por isso perderem sua Leitura n\u00e3o ser\u00e3o reembolsados<\/h4>\n","protected":false},"excerpt":{"rendered":"<h4><strong>QUINTA. 6 DE NOVEMBRO DE 2025, DAS 15H \u00c0S 17H &#8211; Cada Leitura tem dura\u00e7\u00e3o de 20 minutos<\/strong><\/h4>\n<h4>Leitura de Portf\u00f3lio com <a href=\"https:\/\/fotodoc.com.br\/convidados\/valdemir-cunha\/\" target=\"_blank\" rel=\"noopener\"><strong>Valdemir Cunha<\/strong><\/a><\/h4>\n<h4>As leituras de portf\u00f3lio s\u00e3o avalia\u00e7\u00f5es individuais de trabalhos de fot\u00f3grafos. Os participantes levam um conjunto de 15 a 30 imagens impressas e apresentam essas imagens em uma mesa a um profissional qualificado para analis\u00e1-las e trazer contribui\u00e7\u00f5es para a evolu\u00e7\u00e3o do trabalho e sua inser\u00e7\u00e3o no mercado. Cada leitura de portf\u00f3lio tem dura\u00e7\u00e3o de 20 minutos.<\/h4>\n<h4>A atividade ocorre apenas de maneira presencial e \u00e9 realizada por curadores, editores e galeristas. A mesa para as Leituras de Portf\u00f3lio estar\u00e1 no espa\u00e7o da Galeria. Ser\u00e3o realizadas 48 Leituras de Portf\u00f3lio, no valor de R$ 80 cada, com bolsa integral para 50% das vagas, a partir de crit\u00e9rios s\u00f3cio-econ\u00f4micos.<\/h4>\n<h4>As vagas ser\u00e3o preenchidas por ordem de inscri\u00e7\u00e3o, do primeiro hor\u00e1rio para o \u00faltimo. Assim que recebermos sua inscri\u00e7\u00e3o entraremos em contato para confirmar o hor\u00e1rio exato da sua Leitura.<\/h4>\n<h4>Aten\u00e7\u00e3o:<\/h4>\n<h4>Cancelamentos com menos de uma semana para o in\u00edcio do evento ser\u00e3o reembolsados em 50%<\/h4>\n<h4>O participante deve chegar pelo menos 15 minutos antes do seu hor\u00e1rio de leitura<\/h4>\n<h4>Participantes que n\u00e3o se apresentarem no hor\u00e1rio correto e por isso perderem sua Leitura n\u00e3o ser\u00e3o reembolsados<\/h4>\n","protected":false},"featured_media":8237,"template":"","meta":{"_acf_changed":false},"product_brand":[],"product_cat":[22],"product_tag":[2743,2750,757],"class_list":{"0":"post-55740","1":"product","2":"type-product","3":"status-publish","4":"has-post-thumbnail","6":"product_cat-sem-categoria","7":"product_tag-festival-fotodoc-2025","8":"product_tag-leitura-de-portfolio-2025","9":"product_tag-valdemir-cunha","11":"first","12":"outofstock","13":"virtual","14":"purchasable","15":"product-type-simple"},"acf":[],"yoast_head":"<!-- This site is optimized with the Yoast SEO plugin v27.3 - https:\/\/yoast.com\/product\/yoast-seo-wordpress\/ -->\n<title>Leitura de Portf\u00f3lio com Valdemir Cunha - Festival FotoDoc 2025 - 06\/11 -15h-17h - FotoDoc<\/title>\n<meta name=\"robots\" content=\"index, follow, max-snippet:-1, max-image-preview:large, max-video-preview:-1\" \/>\n<link rel=\"canonical\" href=\"https:\/\/fotodoc.com.br\/produto\/leitura-de-portfolio-com-valdemir-cunha-festival-fotodoc-2025-06-11-15h-17h\/\" \/>\n<meta property=\"og:locale\" content=\"en_US\" \/>\n<meta property=\"og:type\" content=\"article\" \/>\n<meta property=\"og:title\" content=\"Leitura de Portf\u00f3lio com Valdemir Cunha - Festival FotoDoc 2025 - 06\/11 -15h-17h - FotoDoc\" \/>\n<meta property=\"og:description\" content=\"QUINTA. 6 DE NOVEMBRO DE 2025, DAS 15H \u00c0S 17H - Cada Leitura tem dura\u00e7\u00e3o de 20 minutos Leitura de Portf\u00f3lio com Valdemir Cunha As leituras de portf\u00f3lio s\u00e3o avalia\u00e7\u00f5es individuais de trabalhos de fot\u00f3grafos. Os participantes levam um conjunto de 15 a 30 imagens impressas e apresentam essas imagens em uma mesa a um profissional qualificado para analis\u00e1-las e trazer contribui\u00e7\u00f5es para a evolu\u00e7\u00e3o do trabalho e sua inser\u00e7\u00e3o no mercado. Cada leitura de portf\u00f3lio tem dura\u00e7\u00e3o de 20 minutos. A atividade ocorre apenas de maneira presencial e \u00e9 realizada por curadores, editores e galeristas. A mesa para as Leituras de Portf\u00f3lio estar\u00e1 no espa\u00e7o da Galeria. Ser\u00e3o realizadas 48 Leituras de Portf\u00f3lio, no valor de R$ 80 cada, com bolsa integral para 50% das vagas, a partir de crit\u00e9rios s\u00f3cio-econ\u00f4micos. As vagas ser\u00e3o preenchidas por ordem de inscri\u00e7\u00e3o, do primeiro hor\u00e1rio para o \u00faltimo. Assim que recebermos sua inscri\u00e7\u00e3o entraremos em contato para confirmar o hor\u00e1rio exato da sua Leitura. Aten\u00e7\u00e3o: Cancelamentos com menos de uma semana para o in\u00edcio do evento ser\u00e3o reembolsados em 50% O participante deve chegar pelo menos 15 minutos antes do seu hor\u00e1rio de leitura Participantes que n\u00e3o se apresentarem no hor\u00e1rio correto e por isso perderem sua Leitura n\u00e3o ser\u00e3o reembolsados\" \/>\n<meta property=\"og:url\" content=\"https:\/\/fotodoc.com.br\/produto\/leitura-de-portfolio-com-valdemir-cunha-festival-fotodoc-2025-06-11-15h-17h\/\" \/>\n<meta property=\"og:site_name\" content=\"FotoDoc\" \/>\n<meta property=\"article:publisher\" content=\"https:\/\/www.facebook.com\/festivalfotodoc\" \/>\n<meta property=\"article:modified_time\" content=\"2025-11-05T14:28:56+00:00\" \/>\n<meta property=\"og:image\" content=\"https:\/\/fotodoc.com.br\/wp-content\/uploads\/2023\/10\/Valdemir-Cunha-Perfil-IMG_9409.jpg\" \/>\n\t<meta property=\"og:image:width\" content=\"408\" \/>\n\t<meta property=\"og:image:height\" content=\"408\" \/>\n\t<meta property=\"og:image:type\" content=\"image\/jpeg\" \/>\n<meta name=\"twitter:card\" content=\"summary_large_image\" \/>\n<meta name=\"twitter:label1\" content=\"Est. reading time\" \/>\n\t<meta name=\"twitter:data1\" content=\"2 minutes\" \/>\n\t<meta name=\"twitter:label2\" content=\"Written by\" \/>\n\t<meta name=\"twitter:data2\" content=\"FotoDoc\" \/>\n<script type=\"application\/ld+json\" class=\"yoast-schema-graph\">{\"@context\":\"https:\\\/\\\/schema.org\",\"@graph\":[{\"@type\":\"WebPage\",\"@id\":\"https:\\\/\\\/fotodoc.com.br\\\/produto\\\/leitura-de-portfolio-com-valdemir-cunha-festival-fotodoc-2025-06-11-15h-17h\\\/\",\"url\":\"https:\\\/\\\/fotodoc.com.br\\\/produto\\\/leitura-de-portfolio-com-valdemir-cunha-festival-fotodoc-2025-06-11-15h-17h\\\/\",\"name\":\"Leitura de Portf\u00f3lio com Valdemir Cunha - Festival FotoDoc 2025 - 06\\\/11 -15h-17h - FotoDoc\",\"isPartOf\":{\"@id\":\"https:\\\/\\\/fotodoc.com.br\\\/#website\"},\"primaryImageOfPage\":{\"@id\":\"https:\\\/\\\/fotodoc.com.br\\\/produto\\\/leitura-de-portfolio-com-valdemir-cunha-festival-fotodoc-2025-06-11-15h-17h\\\/#primaryimage\"},\"image\":{\"@id\":\"https:\\\/\\\/fotodoc.com.br\\\/produto\\\/leitura-de-portfolio-com-valdemir-cunha-festival-fotodoc-2025-06-11-15h-17h\\\/#primaryimage\"},\"thumbnailUrl\":\"https:\\\/\\\/fotodoc.com.br\\\/wp-content\\\/uploads\\\/2023\\\/10\\\/Valdemir-Cunha-Perfil-IMG_9409.jpg\",\"datePublished\":\"2025-09-02T19:13:09+00:00\",\"dateModified\":\"2025-11-05T14:28:56+00:00\",\"breadcrumb\":{\"@id\":\"https:\\\/\\\/fotodoc.com.br\\\/produto\\\/leitura-de-portfolio-com-valdemir-cunha-festival-fotodoc-2025-06-11-15h-17h\\\/#breadcrumb\"},\"inLanguage\":\"en-US\",\"potentialAction\":[{\"@type\":\"ReadAction\",\"target\":[\"https:\\\/\\\/fotodoc.com.br\\\/produto\\\/leitura-de-portfolio-com-valdemir-cunha-festival-fotodoc-2025-06-11-15h-17h\\\/\"]}]},{\"@type\":\"ImageObject\",\"inLanguage\":\"en-US\",\"@id\":\"https:\\\/\\\/fotodoc.com.br\\\/produto\\\/leitura-de-portfolio-com-valdemir-cunha-festival-fotodoc-2025-06-11-15h-17h\\\/#primaryimage\",\"url\":\"https:\\\/\\\/fotodoc.com.br\\\/wp-content\\\/uploads\\\/2023\\\/10\\\/Valdemir-Cunha-Perfil-IMG_9409.jpg\",\"contentUrl\":\"https:\\\/\\\/fotodoc.com.br\\\/wp-content\\\/uploads\\\/2023\\\/10\\\/Valdemir-Cunha-Perfil-IMG_9409.jpg\",\"width\":408,\"height\":408},{\"@type\":\"BreadcrumbList\",\"@id\":\"https:\\\/\\\/fotodoc.com.br\\\/produto\\\/leitura-de-portfolio-com-valdemir-cunha-festival-fotodoc-2025-06-11-15h-17h\\\/#breadcrumb\",\"itemListElement\":[{\"@type\":\"ListItem\",\"position\":1,\"name\":\"In\u00edcio\",\"item\":\"https:\\\/\\\/fotodoc.com.br\\\/en\\\/\"},{\"@type\":\"ListItem\",\"position\":2,\"name\":\"Produtos\",\"item\":\"https:\\\/\\\/fotodoc.com.br\\\/produtos\\\/\"},{\"@type\":\"ListItem\",\"position\":3,\"name\":\"Leitura de Portf\u00f3lio com Valdemir Cunha &#8211; Festival FotoDoc 2025 &#8211; 06\\\/11 -15h-17h\"}]},{\"@type\":\"WebSite\",\"@id\":\"https:\\\/\\\/fotodoc.com.br\\\/#website\",\"url\":\"https:\\\/\\\/fotodoc.com.br\\\/\",\"name\":\"FotoDoc\",\"description\":\"Festival de Fotografia Documental\",\"publisher\":{\"@id\":\"https:\\\/\\\/fotodoc.com.br\\\/#organization\"},\"potentialAction\":[{\"@type\":\"SearchAction\",\"target\":{\"@type\":\"EntryPoint\",\"urlTemplate\":\"https:\\\/\\\/fotodoc.com.br\\\/?s={search_term_string}\"},\"query-input\":{\"@type\":\"PropertyValueSpecification\",\"valueRequired\":true,\"valueName\":\"search_term_string\"}}],\"inLanguage\":\"en-US\"},{\"@type\":\"Organization\",\"@id\":\"https:\\\/\\\/fotodoc.com.br\\\/#organization\",\"name\":\"Festival Fotodoc\",\"url\":\"https:\\\/\\\/fotodoc.com.br\\\/\",\"logo\":{\"@type\":\"ImageObject\",\"inLanguage\":\"en-US\",\"@id\":\"https:\\\/\\\/fotodoc.com.br\\\/#\\\/schema\\\/logo\\\/image\\\/\",\"url\":\"https:\\\/\\\/fotodoc.com.br\\\/wp-content\\\/uploads\\\/2022\\\/03\\\/FotoDoc-224px.png\",\"contentUrl\":\"https:\\\/\\\/fotodoc.com.br\\\/wp-content\\\/uploads\\\/2022\\\/03\\\/FotoDoc-224px.png\",\"width\":224,\"height\":90,\"caption\":\"Festival Fotodoc\"},\"image\":{\"@id\":\"https:\\\/\\\/fotodoc.com.br\\\/#\\\/schema\\\/logo\\\/image\\\/\"},\"sameAs\":[\"https:\\\/\\\/www.facebook.com\\\/festivalfotodoc\",\"https:\\\/\\\/www.instagram.com\\\/festivalfotodoc\\\/\"]}]}<\/script>\n<!-- \/ Yoast SEO plugin. -->","yoast_head_json":{"title":"Leitura de Portf\u00f3lio com Valdemir Cunha - Festival FotoDoc 2025 - 06\/11 -15h-17h - FotoDoc","robots":{"index":"index","follow":"follow","max-snippet":"max-snippet:-1","max-image-preview":"max-image-preview:large","max-video-preview":"max-video-preview:-1"},"canonical":"https:\/\/fotodoc.com.br\/produto\/leitura-de-portfolio-com-valdemir-cunha-festival-fotodoc-2025-06-11-15h-17h\/","og_locale":"en_US","og_type":"article","og_title":"Leitura de Portf\u00f3lio com Valdemir Cunha - Festival FotoDoc 2025 - 06\/11 -15h-17h - FotoDoc","og_description":"QUINTA. 6 DE NOVEMBRO DE 2025, DAS 15H \u00c0S 17H - Cada Leitura tem dura\u00e7\u00e3o de 20 minutos Leitura de Portf\u00f3lio com Valdemir Cunha As leituras de portf\u00f3lio s\u00e3o avalia\u00e7\u00f5es individuais de trabalhos de fot\u00f3grafos. Os participantes levam um conjunto de 15 a 30 imagens impressas e apresentam essas imagens em uma mesa a um profissional qualificado para analis\u00e1-las e trazer contribui\u00e7\u00f5es para a evolu\u00e7\u00e3o do trabalho e sua inser\u00e7\u00e3o no mercado. Cada leitura de portf\u00f3lio tem dura\u00e7\u00e3o de 20 minutos. A atividade ocorre apenas de maneira presencial e \u00e9 realizada por curadores, editores e galeristas. A mesa para as Leituras de Portf\u00f3lio estar\u00e1 no espa\u00e7o da Galeria. Ser\u00e3o realizadas 48 Leituras de Portf\u00f3lio, no valor de R$ 80 cada, com bolsa integral para 50% das vagas, a partir de crit\u00e9rios s\u00f3cio-econ\u00f4micos. As vagas ser\u00e3o preenchidas por ordem de inscri\u00e7\u00e3o, do primeiro hor\u00e1rio para o \u00faltimo. Assim que recebermos sua inscri\u00e7\u00e3o entraremos em contato para confirmar o hor\u00e1rio exato da sua Leitura. Aten\u00e7\u00e3o: Cancelamentos com menos de uma semana para o in\u00edcio do evento ser\u00e3o reembolsados em 50% O participante deve chegar pelo menos 15 minutos antes do seu hor\u00e1rio de leitura Participantes que n\u00e3o se apresentarem no hor\u00e1rio correto e por isso perderem sua Leitura n\u00e3o ser\u00e3o reembolsados","og_url":"https:\/\/fotodoc.com.br\/produto\/leitura-de-portfolio-com-valdemir-cunha-festival-fotodoc-2025-06-11-15h-17h\/","og_site_name":"FotoDoc","article_publisher":"https:\/\/www.facebook.com\/festivalfotodoc","article_modified_time":"2025-11-05T14:28:56+00:00","og_image":[{"width":408,"height":408,"url":"https:\/\/fotodoc.com.br\/wp-content\/uploads\/2023\/10\/Valdemir-Cunha-Perfil-IMG_9409.jpg","type":"image\/jpeg"}],"twitter_card":"summary_large_image","twitter_misc":{"Est. reading time":"2 minutes","Written by":"FotoDoc"},"schema":{"@context":"https:\/\/schema.org","@graph":[{"@type":"WebPage","@id":"https:\/\/fotodoc.com.br\/produto\/leitura-de-portfolio-com-valdemir-cunha-festival-fotodoc-2025-06-11-15h-17h\/","url":"https:\/\/fotodoc.com.br\/produto\/leitura-de-portfolio-com-valdemir-cunha-festival-fotodoc-2025-06-11-15h-17h\/","name":"Leitura de Portf\u00f3lio com Valdemir Cunha - Festival FotoDoc 2025 - 06\/11 -15h-17h - FotoDoc","isPartOf":{"@id":"https:\/\/fotodoc.com.br\/#website"},"primaryImageOfPage":{"@id":"https:\/\/fotodoc.com.br\/produto\/leitura-de-portfolio-com-valdemir-cunha-festival-fotodoc-2025-06-11-15h-17h\/#primaryimage"},"image":{"@id":"https:\/\/fotodoc.com.br\/produto\/leitura-de-portfolio-com-valdemir-cunha-festival-fotodoc-2025-06-11-15h-17h\/#primaryimage"},"thumbnailUrl":"https:\/\/fotodoc.com.br\/wp-content\/uploads\/2023\/10\/Valdemir-Cunha-Perfil-IMG_9409.jpg","datePublished":"2025-09-02T19:13:09+00:00","dateModified":"2025-11-05T14:28:56+00:00","breadcrumb":{"@id":"https:\/\/fotodoc.com.br\/produto\/leitura-de-portfolio-com-valdemir-cunha-festival-fotodoc-2025-06-11-15h-17h\/#breadcrumb"},"inLanguage":"en-US","potentialAction":[{"@type":"ReadAction","target":["https:\/\/fotodoc.com.br\/produto\/leitura-de-portfolio-com-valdemir-cunha-festival-fotodoc-2025-06-11-15h-17h\/"]}]},{"@type":"ImageObject","inLanguage":"en-US","@id":"https:\/\/fotodoc.com.br\/produto\/leitura-de-portfolio-com-valdemir-cunha-festival-fotodoc-2025-06-11-15h-17h\/#primaryimage","url":"https:\/\/fotodoc.com.br\/wp-content\/uploads\/2023\/10\/Valdemir-Cunha-Perfil-IMG_9409.jpg","contentUrl":"https:\/\/fotodoc.com.br\/wp-content\/uploads\/2023\/10\/Valdemir-Cunha-Perfil-IMG_9409.jpg","width":408,"height":408},{"@type":"BreadcrumbList","@id":"https:\/\/fotodoc.com.br\/produto\/leitura-de-portfolio-com-valdemir-cunha-festival-fotodoc-2025-06-11-15h-17h\/#breadcrumb","itemListElement":[{"@type":"ListItem","position":1,"name":"In\u00edcio","item":"https:\/\/fotodoc.com.br\/en\/"},{"@type":"ListItem","position":2,"name":"Produtos","item":"https:\/\/fotodoc.com.br\/produtos\/"},{"@type":"ListItem","position":3,"name":"Leitura de Portf\u00f3lio com Valdemir Cunha &#8211; Festival FotoDoc 2025 &#8211; 06\/11 -15h-17h"}]},{"@type":"WebSite","@id":"https:\/\/fotodoc.com.br\/#website","url":"https:\/\/fotodoc.com.br\/","name":"FotoDoc","description":"Festival de Fotografia Documental","publisher":{"@id":"https:\/\/fotodoc.com.br\/#organization"},"potentialAction":[{"@type":"SearchAction","target":{"@type":"EntryPoint","urlTemplate":"https:\/\/fotodoc.com.br\/?s={search_term_string}"},"query-input":{"@type":"PropertyValueSpecification","valueRequired":true,"valueName":"search_term_string"}}],"inLanguage":"en-US"},{"@type":"Organization","@id":"https:\/\/fotodoc.com.br\/#organization","name":"Festival Fotodoc","url":"https:\/\/fotodoc.com.br\/","logo":{"@type":"ImageObject","inLanguage":"en-US","@id":"https:\/\/fotodoc.com.br\/#\/schema\/logo\/image\/","url":"https:\/\/fotodoc.com.br\/wp-content\/uploads\/2022\/03\/FotoDoc-224px.png","contentUrl":"https:\/\/fotodoc.com.br\/wp-content\/uploads\/2022\/03\/FotoDoc-224px.png","width":224,"height":90,"caption":"Festival Fotodoc"},"image":{"@id":"https:\/\/fotodoc.com.br\/#\/schema\/logo\/image\/"},"sameAs":["https:\/\/www.facebook.com\/festivalfotodoc","https:\/\/www.instagram.com\/festivalfotodoc\/"]}]}},"_links":{"self":[{"href":"https:\/\/fotodoc.com.br\/en\/wp-json\/wp\/v2\/product\/55740","targetHints":{"allow":["GET"]}}],"collection":[{"href":"https:\/\/fotodoc.com.br\/en\/wp-json\/wp\/v2\/product"}],"about":[{"href":"https:\/\/fotodoc.com.br\/en\/wp-json\/wp\/v2\/types\/product"}],"wp:featuredmedia":[{"embeddable":true,"href":"https:\/\/fotodoc.com.br\/en\/wp-json\/wp\/v2\/media\/8237"}],"wp:attachment":[{"href":"https:\/\/fotodoc.com.br\/en\/wp-json\/wp\/v2\/media?parent=55740"}],"wp:term":[{"taxonomy":"product_brand","embeddable":true,"href":"https:\/\/fotodoc.com.br\/en\/wp-json\/wp\/v2\/product_brand?post=55740"},{"taxonomy":"product_cat","embeddable":true,"href":"https:\/\/fotodoc.com.br\/en\/wp-json\/wp\/v2\/product_cat?post=55740"},{"taxonomy":"product_tag","embeddable":true,"href":"https:\/\/fotodoc.com.br\/en\/wp-json\/wp\/v2\/product_tag?post=55740"}],"curies":[{"name":"wp","href":"https:\/\/api.w.org\/{rel}","templated":true}]}}